{"id":1032,"date":"2024-05-08T09:51:16","date_gmt":"2024-05-08T09:51:16","guid":{"rendered":"https:\/\/vibemco.com\/?post_type=portfolio&#038;p=1032"},"modified":"2024-05-28T17:19:46","modified_gmt":"2024-05-28T14:19:46","slug":"harmonik-filtre-reaktorleri","status":"publish","type":"page","link":"https:\/\/vibemco.com\/tr\/urunler\/enerji\/ag-reaktorler\/harmonik-filtre-reaktorleri\/","title":{"rendered":"Harmonik Filtre Reakt\u00f6r\u00fc"},"content":{"rendered":"<div id='av_section_1'  class='avia-section av-5htpyw-14e7b8c280563a9cbb3cfb996b454537 main_color avia-section-default avia-no-border-styling  avia-builder-el-0  el_before_av_section  avia-builder-el-first  avia-bg-style-scroll container_wrap sidebar_right'  ><div class='container av-section-cont-open' ><main  role=\"main\" itemprop=\"mainContentOfPage\"  class='template-page content  av-content-small alpha units'><div class='post-entry post-entry-type-page post-entry-1032'><div class='entry-content-wrapper clearfix'>\n\n<style type=\"text\/css\" data-created_by=\"avia_inline_auto\" id=\"style-css-av-lvxjzq2j-6cf4726722f93eb5a825670f42b23a40\">\n#top .av-special-heading.av-lvxjzq2j-6cf4726722f93eb5a825670f42b23a40{\npadding-bottom:10px;\nfont-size:72px;\n}\nbody .av-special-heading.av-lvxjzq2j-6cf4726722f93eb5a825670f42b23a40 .av-special-heading-tag .heading-char{\nfont-size:25px;\n}\n#top #wrap_all .av-special-heading.av-lvxjzq2j-6cf4726722f93eb5a825670f42b23a40 .av-special-heading-tag{\nfont-size:72px;\n}\n.av-special-heading.av-lvxjzq2j-6cf4726722f93eb5a825670f42b23a40 .av-subheading{\nfont-size:15px;\n}\n\n@media only screen and (min-width: 480px) and (max-width: 767px){ \n#top #wrap_all .av-special-heading.av-lvxjzq2j-6cf4726722f93eb5a825670f42b23a40 .av-special-heading-tag{\nfont-size:0.8em;\n}\n}\n\n@media only screen and (max-width: 479px){ \n#top #wrap_all .av-special-heading.av-lvxjzq2j-6cf4726722f93eb5a825670f42b23a40 .av-special-heading-tag{\nfont-size:0.8em;\n}\n}\n<\/style>\n<div  class='av-special-heading av-lvxjzq2j-6cf4726722f93eb5a825670f42b23a40 av-special-heading-h1 blockquote modern-quote  avia-builder-el-1  el_before_av_one_half  avia-builder-el-first  av-thin-font av-inherit-size'><h1 class='av-special-heading-tag'  itemprop=\"headline\"  >HARMON\u0130K F\u0130LTRE REAKT\u00d6RLER\u0130<strong>.<\/strong><\/h1><div class=\"special-heading-border\"><div class=\"special-heading-inner-border\"><\/div><\/div><\/div>\n<div  class='flex_column av-48ppgo-f1bddf6d990db0bbaa39f94445b734f4 av_one_half  avia-builder-el-2  el_after_av_heading  el_before_av_one_half  first flex_column_div av-animated-generic left-to-right  '     ><p>\n<style type=\"text\/css\" data-created_by=\"avia_inline_auto\" id=\"style-css-av-lvxn4h40-3298210c63c29e1f3d24cab64a2d489e\">\n#top .hr.hr-invisible.av-lvxn4h40-3298210c63c29e1f3d24cab64a2d489e{\nheight:10px;\n}\n<\/style>\n<div  class='hr av-lvxn4h40-3298210c63c29e1f3d24cab64a2d489e hr-invisible  avia-builder-el-3  el_before_av_textblock  avia-builder-el-first '><span class='hr-inner '><span class=\"hr-inner-style\"><\/span><\/span><\/div><br \/>\n<section  class='av_textblock_section av-lvxk17bu-f8f513ecec67bccdc446ab9e7786960a '   itemscope=\"itemscope\" itemtype=\"https:\/\/schema.org\/CreativeWork\" ><div class='avia_textblock'  itemprop=\"text\" ><blockquote>\n<p>Kondansat\u00f6rlere\u00a0seri\u00a0ba\u011flanarak\u00a0\u00fczerinde\u00a0olu\u015fan\u00a0harmonik\u00a0ak\u0131m ve kay\u0131plar\u0131 azaltarak, \u00a0kondansat\u00f6rlerin \u00f6m\u00fcrlerini uzat\u0131r.\u00a0Bu tip harmonik reakt\u00f6rlerin kullan\u0131lmas\u0131yla sistem \u00fczerinde olu\u015fabilecek olumsuz etkilerin \u00f6n\u00fcne ge\u00e7ilmesi m\u00fcmk\u00fcnd\u00fcr. Vibemco Harmonik reakt\u00f6rleri y\u00fcksek manyetik \u00f6zelliklere sahip \u00f6zel silikon \u00e7elik \u00e7ekirdeklerden \u00fcretilmektedir.<\/p>\n<p>Harmonik reakt\u00f6rler, Rezonans ihtimalinin ortadan kalkmas\u0131 ,Harmonik ak\u0131mlar\u0131n\u0131n art\u0131\u015f\u0131n\u0131n engellenmesi, Kondansat\u00f6rlerin uzun \u00f6m\u00fcrl\u00fc olmas\u0131 , Kontakt\u00f6rlerin uzun \u00f6m\u00fcrl\u00fc olmas\u0131n\u0131 sa\u011flar.<\/p>\n<\/blockquote>\n<\/div><\/section><br \/>\n\n<style type=\"text\/css\" data-created_by=\"avia_inline_auto\" id=\"style-css-av-lvxn4xxq-34bc6106dcf54f4e53a115351c43f4af\">\n#top .hr.hr-invisible.av-lvxn4xxq-34bc6106dcf54f4e53a115351c43f4af{\nheight:25px;\n}\n<\/style>\n<div  class='hr av-lvxn4xxq-34bc6106dcf54f4e53a115351c43f4af hr-invisible  avia-builder-el-5  el_after_av_textblock  el_before_av_textblock '><span class='hr-inner '><span class=\"hr-inner-style\"><\/span><\/span><\/div><br \/>\n<section  class='av_textblock_section av-lvxn2438-8aaccb15240778c932173a1d3e15c475 '   itemscope=\"itemscope\" itemtype=\"https:\/\/schema.org\/CreativeWork\" ><div class='avia_textblock'  itemprop=\"text\" ><p><strong>GENEL \u00d6ZELL\u0130KLER<\/strong><\/p>\n<ul>\n<li>Monofaze veya Trifaze olarak \u00fcretilebilmektedir.<\/li>\n<li>Voltaj: 230V\u2026 480V<\/li>\n<li>\u00c7\u0131k\u0131\u015f V: 1 &#8230; 150 kvar, 50 or 60 Hz<\/li>\n<li>Sapma: 5.67%, 7%, 14%<\/li>\n<li>Y\u00fcksek ge\u00e7irgenlikli demir n\u00fcveli tasar\u0131m<\/li>\n<li>CE i\u015fareti<\/li>\n<li>F-H izolasyon s\u0131n\u0131f\u0131<\/li>\n<\/ul>\n<p><strong>M\u00dc\u015eTER\u0130 AVANTAJLARI<\/strong><\/p>\n<ul>\n<li>\u00c7ok d\u00fc\u015f\u00fck kay\u0131plar<\/li>\n<li>Y\u00fcksek do\u011frusall\u0131k &#8220;\u015fok e\u011frili\u011fini&#8221; \u00f6nler<\/li>\n<li>D\u00fc\u015f\u00fck g\u00fcr\u00fclt\u00fc<\/li>\n<li>Uzun \u00e7al\u0131\u015fma \u00f6mr\u00fc<\/li>\n<li>S\u0131cakl\u0131k korumal\u0131 (NC yard\u0131mc\u0131 kontak)<\/li>\n<\/ul>\n<\/div><\/section><\/p><\/div><div  class='flex_column av-28sjl4-94f34ffd28060761fef92160a66d1c95 av_one_half  avia-builder-el-7  el_after_av_one_half  avia-builder-el-last  flex_column_div av-animated-generic right-to-left  '     ><style type=\"text\/css\" data-created_by=\"avia_inline_auto\" id=\"style-css-av-lvxk08xp-b5669a994a60d77ac1cd5c09d29f58ee\">\n.avia-image-container.av-lvxk08xp-b5669a994a60d77ac1cd5c09d29f58ee img.avia_image{\nbox-shadow:none;\n}\n.avia-image-container.av-lvxk08xp-b5669a994a60d77ac1cd5c09d29f58ee .av-image-caption-overlay-center{\ncolor:#ffffff;\n}\n<\/style>\n<div  class='avia-image-container av-lvxk08xp-b5669a994a60d77ac1cd5c09d29f58ee av-styling- avia-align-center  avia-builder-el-8  avia-builder-el-no-sibling '   itemprop=\"image\" itemscope=\"itemscope\" itemtype=\"https:\/\/schema.org\/ImageObject\" ><div class=\"avia-image-container-inner\"><div class=\"avia-image-overlay-wrap\"><img decoding=\"async\" fetchpriority=\"high\" class='wp-image-905 avia-img-lazy-loading-not-905 avia_image ' src=\"https:\/\/vibemco.com\/tr\/wp-content\/uploads\/2024\/05\/Trifaze-harmonik-filtre.png\" alt='' title='Trifaze harmonik filtre'  height=\"1000\" width=\"1000\"  itemprop=\"thumbnailUrl\" srcset=\"https:\/\/vibemco.com\/tr\/wp-content\/uploads\/2024\/05\/Trifaze-harmonik-filtre.png 1000w, https:\/\/vibemco.com\/tr\/wp-content\/uploads\/2024\/05\/Trifaze-harmonik-filtre-300x300.png 300w, https:\/\/vibemco.com\/tr\/wp-content\/uploads\/2024\/05\/Trifaze-harmonik-filtre-80x80.png 80w, https:\/\/vibemco.com\/tr\/wp-content\/uploads\/2024\/05\/Trifaze-harmonik-filtre-768x768.png 768w, https:\/\/vibemco.com\/tr\/wp-content\/uploads\/2024\/05\/Trifaze-harmonik-filtre-36x36.png 36w, https:\/\/vibemco.com\/tr\/wp-content\/uploads\/2024\/05\/Trifaze-harmonik-filtre-180x180.png 180w, https:\/\/vibemco.com\/tr\/wp-content\/uploads\/2024\/05\/Trifaze-harmonik-filtre-705x705.png 705w\" sizes=\"(max-width: 1000px) 100vw, 1000px\" \/><\/div><\/div><\/div><\/div><\/div><\/div><\/main><!-- close content main element --><\/div><\/div>\n<style type=\"text\/css\" data-created_by=\"avia_inline_auto\" id=\"style-css-av-xdszdk-93750afb86ce7d9d1d5a0e1ad8cc3a87\">\n.avia-section.av-xdszdk-93750afb86ce7d9d1d5a0e1ad8cc3a87{\nbackground-color:#ffffff;\nbackground-image:url(https:\/\/vibemco.com\/tr\/wp-content\/uploads\/2024\/05\/bg.png);\nbackground-repeat:no-repeat;\nbackground-position:50% 50%;\nbackground-attachment:fixed;\n}\n.avia-section.av-xdszdk-93750afb86ce7d9d1d5a0e1ad8cc3a87 .av-section-color-overlay{\nopacity:0.7;\nbackground-color:#0a0a0a;\n}\n<\/style>\n<div id='av_section_2'  class='avia-section av-xdszdk-93750afb86ce7d9d1d5a0e1ad8cc3a87 alternate_color avia-section-huge avia-no-border-styling  avia-builder-el-9  el_after_av_section  avia-builder-el-last  avia-full-stretch avia-bg-style-fixed av-section-color-overlay-active container_wrap sidebar_right'  data-section-bg-repeat='stretch'><div class=\"av-section-color-overlay-wrap\"><div class=\"av-section-color-overlay\"><\/div><div class='container av-section-cont-open' ><div class='template-page content  av-content-small alpha units'><div class='post-entry post-entry-type-page post-entry-1032'><div class='entry-content-wrapper clearfix'>\n\n<style type=\"text\/css\" data-created_by=\"avia_inline_auto\" id=\"style-css-av-lw0df8ud-ec0dff84e54135b23a66e5ae3f90288d\">\n#top .av-special-heading.av-lw0df8ud-ec0dff84e54135b23a66e5ae3f90288d{\npadding-bottom:20px;\nfont-size:50px;\n}\nbody .av-special-heading.av-lw0df8ud-ec0dff84e54135b23a66e5ae3f90288d .av-special-heading-tag .heading-char{\nfont-size:25px;\n}\n#top #wrap_all .av-special-heading.av-lw0df8ud-ec0dff84e54135b23a66e5ae3f90288d .av-special-heading-tag{\nfont-size:50px;\n}\n.av-special-heading.av-lw0df8ud-ec0dff84e54135b23a66e5ae3f90288d .av-subheading{\nfont-size:15px;\n}\n\n@media only screen and (min-width: 480px) and (max-width: 767px){ \n#top #wrap_all .av-special-heading.av-lw0df8ud-ec0dff84e54135b23a66e5ae3f90288d .av-special-heading-tag{\nfont-size:0.8em;\n}\n}\n\n@media only screen and (max-width: 479px){ \n#top #wrap_all .av-special-heading.av-lw0df8ud-ec0dff84e54135b23a66e5ae3f90288d .av-special-heading-tag{\nfont-size:0.8em;\n}\n}\n<\/style>\n<div  class='av-special-heading av-lw0df8ud-ec0dff84e54135b23a66e5ae3f90288d av-special-heading-h1 blockquote modern-quote modern-centered  avia-builder-el-10  el_before_av_one_full  avia-builder-el-first  av-thin-font av-inherit-size'><h1 class='av-special-heading-tag'  itemprop=\"headline\"  >\u00dcr\u00fcn Katalo\u011fumuzu \u0130nceley\u0130n<strong>.<\/strong><\/h1><div class=\"special-heading-border\"><div class=\"special-heading-inner-border\"><\/div><\/div><\/div>\n\n<style type=\"text\/css\" data-created_by=\"avia_inline_auto\" id=\"style-css-av-wo8udk-e1312ec3e67924de3589eea9cd35230a\">\n.flex_column.av-wo8udk-e1312ec3e67924de3589eea9cd35230a{\nborder-radius:0px 0px 0px 0px;\npadding:0px 0px 0px 0px;\n}\n<\/style>\n<div  class='flex_column av-wo8udk-e1312ec3e67924de3589eea9cd35230a av_one_full  avia-builder-el-11  el_after_av_heading  el_before_av_hr  first flex_column_div av-zero-column-padding  '     ><div  class='avia-logo-element-container av-u3jfrs-0df0d3a91975c863d6df54b3a081d57b av-border-deactivate avia-logo-slider avia-content-slider avia-smallarrow-slider avia-content-slider-active noHover avia-content-slider-odd  avia-builder-el-12  avia-builder-el-no-sibling  av-slideshow-ui av-control-default av-nav-arrows-visible av-nav-dots-visible av-no-slider-navigation av-slideshow-autoplay av-loop-endless av-loop-manual-endless avia-content-slider1' data-slideshow-options=\"{&quot;animation&quot;:&quot;slide&quot;,&quot;autoplay&quot;:true,&quot;loop_autoplay&quot;:&quot;endless&quot;,&quot;interval&quot;:2,&quot;loop_manual&quot;:&quot;manual-endless&quot;,&quot;autoplay_stopper&quot;:false,&quot;noNavigation&quot;:false,&quot;bg_slider&quot;:false,&quot;keep_padding&quot;:&quot;&quot;,&quot;hoverpause&quot;:false,&quot;show_slide_delay&quot;:0}\"><div class='avia-smallarrow-slider-heading  no-logo-slider-heading '><div class='new-special-heading'>&nbsp;<\/div><div class='avia-slideshow-arrows avia-slideshow-controls' ><a href='#prev' class='prev-slide ' aria-hidden='true' data-av_icon='\ue87c' data-av_iconfont='entypo-fontello'  tabindex='-1'>Previous<\/a><a href='#next' class='next-slide ' aria-hidden='true' data-av_icon='\ue87d' data-av_iconfont='entypo-fontello'  tabindex='-1'>Next<\/a><\/div><\/div><div class=\"avia-content-slider-inner\"><div class=\"slide-entry-wrap\"><div  class='slide-entry av-tmv348-c609dbcf70e0a47f317b6a578b1d8f45 flex_column no_margin av_one_fifth real-thumbnail post-entry slide-entry-overview slide-loop-1 slide-parity-odd  first'><span class='av-partner-fake-img' style='padding-bottom:100%; background-image:url(https:\/\/vibemco.com\/tr\/wp-content\/uploads\/2024\/05\/Monafaze-Izolasyon-Trafolari-1-300x300.png);'><\/span><\/div><div  class='slide-entry av-rr466w-4d936070525dbae554681cc7e709866a flex_column no_margin av_one_fifth real-thumbnail post-entry slide-entry-overview slide-loop-2 slide-parity-even  '><span class='av-partner-fake-img' style='padding-bottom:100%; background-image:url(https:\/\/vibemco.com\/tr\/wp-content\/uploads\/2024\/05\/Trifaze-harmonik-filtre-300x300.png);'><\/span><\/div><div  class='slide-entry av-2iojy0-0040c88458c088f0a461aae0c2075ff3 flex_column no_margin av_one_fifth real-thumbnail post-entry slide-entry-overview slide-loop-3 slide-parity-odd  '><span class='av-partner-fake-img' style='padding-bottom:100%; background-image:url(https:\/\/vibemco.com\/tr\/wp-content\/uploads\/2024\/05\/Voltage-2-300x300.png);'><\/span><\/div><div  class='slide-entry av-nvzdu0-3b90b596cbc53845d24eca112871f7be flex_column no_margin av_one_fifth real-thumbnail post-entry slide-entry-overview slide-loop-4 slide-parity-even  '><span class='av-partner-fake-img' style='padding-bottom:100%; background-image:url(https:\/\/vibemco.com\/tr\/wp-content\/uploads\/2024\/05\/Trifaze-Izolasyon-Trafosu-300x300.png);'><\/span><\/div><div  class='slide-entry av-m56ky0-abe4f9215708744c46ca64bf1e2d0b6b flex_column no_margin av_one_fifth real-thumbnail post-entry slide-entry-overview slide-loop-5 slide-parity-odd  '><span class='av-partner-fake-img' style='padding-bottom:100%; background-image:url(https:\/\/vibemco.com\/tr\/wp-content\/uploads\/2024\/05\/Voltage-1-300x300.png);'><\/span><\/div><\/div><div class=\"slide-entry-wrap\"><div  class='slide-entry av-kfkfjs-184bbbae656101440202c53484beb2df flex_column no_margin av_one_fifth real-thumbnail post-entry slide-entry-overview slide-loop-6 slide-parity-odd  first'><span class='av-partner-fake-img' style='padding-bottom:100%; background-image:url(https:\/\/vibemco.com\/tr\/wp-content\/uploads\/2024\/05\/MOTOR-SURUCU-300x300.png);'><\/span><\/div><div  class='slide-entry av-jpd57s-c63a7a863d6e92d2ed18af90aa2726f8 flex_column no_margin av_one_fifth real-thumbnail post-entry slide-entry-overview slide-loop-7 slide-parity-even  '><span class='av-partner-fake-img' style='padding-bottom:100%; background-image:url(https:\/\/vibemco.com\/tr\/wp-content\/uploads\/2024\/05\/Regulator-300x300.png);'><\/span><\/div><div  class='slide-entry av-i42lo8-36071dbfc4e377fa234c116ea76ee6c6 flex_column no_margin av_one_fifth real-thumbnail post-entry slide-entry-overview slide-loop-8 slide-parity-odd  '><span class='av-partner-fake-img' style='padding-bottom:100%; background-image:url(https:\/\/vibemco.com\/tr\/wp-content\/uploads\/2024\/05\/REDRESOR-300x300.png);'><\/span><\/div><div  class='slide-entry av-fpqbiw-c734b32364f382a710f438359914c0d5 flex_column no_margin av_one_fifth real-thumbnail post-entry slide-entry-overview slide-loop-9 slide-parity-even  '><span class='av-partner-fake-img' style='padding-bottom:100%; background-image:url(https:\/\/vibemco.com\/tr\/wp-content\/uploads\/2024\/05\/Power-Supply-300x300.png);'><\/span><\/div><div  class='slide-entry av-emmcso-9a464d0dab7b2bf914b78b88234aa540 flex_column no_margin av_one_fifth real-thumbnail post-entry slide-entry-overview slide-loop-10 slide-parity-odd  '><span class='av-partner-fake-img' style='padding-bottom:100%; background-image:url(https:\/\/vibemco.com\/tr\/wp-content\/uploads\/2024\/05\/OTO-TRAFO-300x300.png);'><\/span><\/div><\/div><div class=\"slide-entry-wrap\"><div  class='slide-entry av-cuk43s-3b6c50547bb7bf18c33b2c5c5923bd9c flex_column no_margin av_one_fifth real-thumbnail post-entry slide-entry-overview slide-loop-11 slide-parity-odd  first'><span class='av-partner-fake-img' style='padding-bottom:100%; background-image:url(https:\/\/vibemco.com\/tr\/wp-content\/uploads\/2024\/05\/MEDIKAL-TRAFO-300x300.png);'><\/span><\/div><div  class='slide-entry av-bfxetk-86367adc9f35bbda2072e8fe0787f86c flex_column no_margin av_one_fifth real-thumbnail post-entry slide-entry-overview slide-loop-12 slide-parity-even  '><span class='av-partner-fake-img' style='padding-bottom:100%; background-image:url(https:\/\/vibemco.com\/tr\/wp-content\/uploads\/2024\/05\/Invertor-300x300.png);'><\/span><\/div><div  class='slide-entry av-8xi3go-639557cfcbd4ddd2cfe3611ee566298d flex_column no_margin av_one_fifth real-thumbnail post-entry slide-entry-overview slide-loop-13 slide-parity-odd  '><span class='av-partner-fake-img' style='padding-bottom:100%; background-image:url(https:\/\/vibemco.com\/tr\/wp-content\/uploads\/2024\/05\/HAT-REAKTOR-300x300.png);'><\/span><\/div><div  class='slide-entry av-7kgu2w-fdd6527019142f679f83592792b1ba20 flex_column no_margin av_one_fifth real-thumbnail post-entry slide-entry-overview slide-loop-14 slide-parity-even  '><span class='av-partner-fake-img' style='padding-bottom:100%; background-image:url(https:\/\/vibemco.com\/tr\/wp-content\/uploads\/2024\/05\/Frenleme-Direnci-2-300x300.png);'><\/span><\/div><div  class='slide-entry av-5y9pp4-44cc5cea191b47647809f214b3ce0312 flex_column no_margin av_one_fifth real-thumbnail post-entry slide-entry-overview slide-loop-15 slide-parity-odd post-entry-last '><span class='av-partner-fake-img' style='padding-bottom:100%; background-image:url(https:\/\/vibemco.com\/tr\/wp-content\/uploads\/2024\/05\/AKIM-TRAFO-300x300.png);'><\/span><\/div><\/div><\/div><\/div><\/div>\n<style type=\"text\/css\" data-created_by=\"avia_inline_auto\" id=\"style-css-av-4kt8h4-875d79748429daaee816e478102c83f8\">\n#top .hr.hr-invisible.av-4kt8h4-875d79748429daaee816e478102c83f8{\nheight:50px;\n}\n<\/style>\n<div  class='hr av-4kt8h4-875d79748429daaee816e478102c83f8 hr-invisible  avia-builder-el-13  el_after_av_one_full  el_before_av_button '><span class='hr-inner '><span class=\"hr-inner-style\"><\/span><\/span><\/div>\n<div  class='avia-button-wrap av-2sbk88-1d3a62b25a43073348903baf381dc12c-wrap avia-button-center  avia-builder-el-14  el_after_av_hr  avia-builder-el-last '><a href='https:\/\/vibemco.com\/wp-content\/uploads\/2024\/05\/VIBEMCO-PRODUCT-CATALOGUE-2024-.pdf'  class='avia-button av-2sbk88-1d3a62b25a43073348903baf381dc12c av-download-btn noLightbox avia-icon_select-yes-right-icon avia-size-large avia-position-center av-icon-on-hover avia-color-light' download ><span class='avia_iconbox_title' >Katalo\u011fu \u0130ndir<\/span><span class='avia_button_icon avia_button_icon_right' aria-hidden='true' data-av_icon='\ue879' data-av_iconfont='entypo-fontello'><\/span><\/a><\/div>\n<\/div><\/div><\/div><!-- close content main div --><\/div><\/div><\/div><div id='after_section_2'  class='main_color av_default_container_wrap container_wrap sidebar_right'  ><div class='container av-section-cont-open' ><div class='template-page content  av-content-small alpha units'><div class='post-entry post-entry-type-page post-entry-1032'><div class='entry-content-wrapper clearfix'><\/p>\n","protected":false},"excerpt":{"rendered":"","protected":false},"author":1,"featured_media":905,"parent":1521,"menu_order":0,"comment_status":"closed","ping_status":"closed","template":"","meta":{"footnotes":""},"categories":[31,28,3],"class_list":["post-1032","page","type-page","status-publish","has-post-thumbnail","hentry","category-ag-reaktorler","category-enerji","category-urunler"],"aioseo_notices":[],"_links":{"self":[{"href":"https:\/\/vibemco.com\/tr\/wp-json\/wp\/v2\/pages\/1032","targetHints":{"allow":["GET"]}}],"collection":[{"href":"https:\/\/vibemco.com\/tr\/wp-json\/wp\/v2\/pages"}],"about":[{"href":"https:\/\/vibemco.com\/tr\/wp-json\/wp\/v2\/types\/page"}],"author":[{"embeddable":true,"href":"https:\/\/vibemco.com\/tr\/wp-json\/wp\/v2\/users\/1"}],"replies":[{"embeddable":true,"href":"https:\/\/vibemco.com\/tr\/wp-json\/wp\/v2\/comments?post=1032"}],"version-history":[{"count":8,"href":"https:\/\/vibemco.com\/tr\/wp-json\/wp\/v2\/pages\/1032\/revisions"}],"predecessor-version":[{"id":1524,"href":"https:\/\/vibemco.com\/tr\/wp-json\/wp\/v2\/pages\/1032\/revisions\/1524"}],"up":[{"embeddable":true,"href":"https:\/\/vibemco.com\/tr\/wp-json\/wp\/v2\/pages\/1521"}],"wp:featuredmedia":[{"embeddable":true,"href":"https:\/\/vibemco.com\/tr\/wp-json\/wp\/v2\/media\/905"}],"wp:attachment":[{"href":"https:\/\/vibemco.com\/tr\/wp-json\/wp\/v2\/media?parent=1032"}],"wp:term":[{"taxonomy":"category","embeddable":true,"href":"https:\/\/vibemco.com\/tr\/wp-json\/wp\/v2\/categories?post=1032"}],"curies":[{"name":"wp","href":"https:\/\/api.w.org\/{rel}","templated":true}]}}