{"id":1041,"date":"2024-05-08T10:33:36","date_gmt":"2024-05-08T10:33:36","guid":{"rendered":"https:\/\/vibemco.com\/?post_type=portfolio&#038;p=1041"},"modified":"2024-05-28T17:19:12","modified_gmt":"2024-05-28T14:19:12","slug":"hat-reactor","status":"publish","type":"page","link":"https:\/\/vibemco.com\/tr\/urunler\/enerji\/sont-reaktorler\/hat-reactor\/","title":{"rendered":"Hat Reakt\u00f6rleri"},"content":{"rendered":"<div id='av_section_1'  class='avia-section av-5i2ic1-c30a2c141693a6c47d60c583a7a49e1a main_color avia-section-default avia-no-border-styling  avia-builder-el-0  el_before_av_section  avia-builder-el-first  avia-bg-style-scroll container_wrap sidebar_right'  ><div class='container av-section-cont-open' ><main  role=\"main\" itemprop=\"mainContentOfPage\"  class='template-page content  av-content-small alpha units'><div class='post-entry post-entry-type-page post-entry-1041'><div class='entry-content-wrapper clearfix'>\n\n<style type=\"text\/css\" data-created_by=\"avia_inline_auto\" id=\"style-css-av-lvxoh8ub-67d91731e6abb3210728df11d15d8f13\">\n#top .av-special-heading.av-lvxoh8ub-67d91731e6abb3210728df11d15d8f13{\npadding-bottom:10px;\nfont-size:72px;\n}\nbody .av-special-heading.av-lvxoh8ub-67d91731e6abb3210728df11d15d8f13 .av-special-heading-tag .heading-char{\nfont-size:25px;\n}\n#top #wrap_all .av-special-heading.av-lvxoh8ub-67d91731e6abb3210728df11d15d8f13 .av-special-heading-tag{\nfont-size:72px;\n}\n.av-special-heading.av-lvxoh8ub-67d91731e6abb3210728df11d15d8f13 .av-subheading{\nfont-size:15px;\n}\n\n@media only screen and (min-width: 480px) and (max-width: 767px){ \n#top #wrap_all .av-special-heading.av-lvxoh8ub-67d91731e6abb3210728df11d15d8f13 .av-special-heading-tag{\nfont-size:0.8em;\n}\n}\n\n@media only screen and (max-width: 479px){ \n#top #wrap_all .av-special-heading.av-lvxoh8ub-67d91731e6abb3210728df11d15d8f13 .av-special-heading-tag{\nfont-size:0.8em;\n}\n}\n<\/style>\n<div  class='av-special-heading av-lvxoh8ub-67d91731e6abb3210728df11d15d8f13 av-special-heading-h1 blockquote modern-quote  avia-builder-el-1  el_before_av_one_half  avia-builder-el-first  av-thin-font av-inherit-size'><h1 class='av-special-heading-tag'  itemprop=\"headline\"  >HAT REAKT\u00d6RLER\u0130<strong>.<\/strong><\/h1><div class=\"special-heading-border\"><div class=\"special-heading-inner-border\"><\/div><\/div><\/div>\n<div  class='flex_column av-3tdkxd-77d63efa1298dd7e07f30a143f7f923a av_one_half  avia-builder-el-2  el_after_av_heading  el_before_av_one_half  first flex_column_div av-animated-generic left-to-right  '     ><p>\n<style type=\"text\/css\" data-created_by=\"avia_inline_auto\" id=\"style-css-av-lvxokyif-e4c8f133d8eea88fbbacb4d9191732fe\">\n#top .hr.hr-invisible.av-lvxokyif-e4c8f133d8eea88fbbacb4d9191732fe{\nheight:10px;\n}\n<\/style>\n<div  class='hr av-lvxokyif-e4c8f133d8eea88fbbacb4d9191732fe hr-invisible  avia-builder-el-3  el_before_av_textblock  avia-builder-el-first '><span class='hr-inner '><span class=\"hr-inner-style\"><\/span><\/span><\/div><br \/>\n<section  class='av_textblock_section av-lvxohsmc-b81cf3c15ce90c57614488e908ab4aa9 '   itemscope=\"itemscope\" itemtype=\"https:\/\/schema.org\/CreativeWork\" ><div class='avia_textblock'  itemprop=\"text\" ><blockquote>\n<p>\u015eok Bobini, bir elektrik devresinde do\u011fru ak\u0131m\u0131 (DC) ve d\u00fc\u015f\u00fck frekansl\u0131 alternatif ak\u0131m\u0131 (AC) ge\u00e7irirken y\u00fcksek frekansl\u0131 alternatif ak\u0131mlar\u0131 engellemek i\u00e7in kullan\u0131lan bir ind\u00fckt\u00f6rd\u00fcr.<\/p>\n<p>\u015eok Bobinleri ani dalgalanmalar\u0131, harmonik etkiyi ve bunun sonucunda ortaya \u00e7\u0131kan paraziti \u00f6nler.<\/p>\n<\/blockquote>\n<\/div><\/section><br \/>\n\n<style type=\"text\/css\" data-created_by=\"avia_inline_auto\" id=\"style-css-av-lvxol66z-4523bf5240d426b8f6b1f5d5e47bb27b\">\n#top .hr.hr-invisible.av-lvxol66z-4523bf5240d426b8f6b1f5d5e47bb27b{\nheight:25px;\n}\n<\/style>\n<div  class='hr av-lvxol66z-4523bf5240d426b8f6b1f5d5e47bb27b hr-invisible  avia-builder-el-5  el_after_av_textblock  el_before_av_textblock '><span class='hr-inner '><span class=\"hr-inner-style\"><\/span><\/span><\/div><br \/>\n<section  class='av_textblock_section av-lvxok1si-6ec9020a4e596565a8e720ee76ddbecc '   itemscope=\"itemscope\" itemtype=\"https:\/\/schema.org\/CreativeWork\" ><div class='avia_textblock'  itemprop=\"text\" ><p><strong>Kullan\u0131m Alanlar\u0131 :<\/strong><\/p>\n<ul>\n<li>Kesintisiz g\u00fc\u00e7 kaynaklar\u0131<\/li>\n<li>Ayd\u0131nlatma sistemleri<\/li>\n<li>S\u00fcr\u00fcc\u00fcler<\/li>\n<li>G\u00fc\u00e7 Kayna\u011f\u0131<\/li>\n<li>Redres\u00f6r ve elektronik kompanentler<\/li>\n<\/ul>\n<\/div><\/section><\/p><\/div><div  class='flex_column av-2mrdg1-434a949ec2736fc107426260f9a4aabd av_one_half  avia-builder-el-7  el_after_av_one_half  avia-builder-el-last  flex_column_div av-animated-generic right-to-left  '     ><style type=\"text\/css\" data-created_by=\"avia_inline_auto\" id=\"style-css-av-lvxoi1xu-c98c30a2b5b2b54945613f935abbed7b\">\n.avia-image-container.av-lvxoi1xu-c98c30a2b5b2b54945613f935abbed7b img.avia_image{\nbox-shadow:none;\n}\n.avia-image-container.av-lvxoi1xu-c98c30a2b5b2b54945613f935abbed7b .av-image-caption-overlay-center{\ncolor:#ffffff;\n}\n<\/style>\n<div  class='avia-image-container av-lvxoi1xu-c98c30a2b5b2b54945613f935abbed7b av-styling- avia-align-center  avia-builder-el-8  avia-builder-el-no-sibling '   itemprop=\"image\" itemscope=\"itemscope\" itemtype=\"https:\/\/schema.org\/ImageObject\" ><div class=\"avia-image-container-inner\"><div class=\"avia-image-overlay-wrap\"><img decoding=\"async\" fetchpriority=\"high\" class='wp-image-890 avia-img-lazy-loading-not-890 avia_image ' src=\"https:\/\/vibemco.com\/tr\/wp-content\/uploads\/2024\/05\/HAT-REAKTOR.png\" alt='' title='HAT REAKTOR'  height=\"1000\" width=\"1000\"  itemprop=\"thumbnailUrl\" srcset=\"https:\/\/vibemco.com\/tr\/wp-content\/uploads\/2024\/05\/HAT-REAKTOR.png 1000w, https:\/\/vibemco.com\/tr\/wp-content\/uploads\/2024\/05\/HAT-REAKTOR-300x300.png 300w, https:\/\/vibemco.com\/tr\/wp-content\/uploads\/2024\/05\/HAT-REAKTOR-80x80.png 80w, https:\/\/vibemco.com\/tr\/wp-content\/uploads\/2024\/05\/HAT-REAKTOR-768x768.png 768w, https:\/\/vibemco.com\/tr\/wp-content\/uploads\/2024\/05\/HAT-REAKTOR-36x36.png 36w, https:\/\/vibemco.com\/tr\/wp-content\/uploads\/2024\/05\/HAT-REAKTOR-180x180.png 180w, https:\/\/vibemco.com\/tr\/wp-content\/uploads\/2024\/05\/HAT-REAKTOR-705x705.png 705w\" sizes=\"(max-width: 1000px) 100vw, 1000px\" \/><\/div><\/div><\/div><\/div><\/div><\/div><\/main><!-- close content main element --><\/div><\/div>\n<style type=\"text\/css\" data-created_by=\"avia_inline_auto\" id=\"style-css-av-xhtvfl-5f6326a0ed8fa590826759a2a1721f41\">\n.avia-section.av-xhtvfl-5f6326a0ed8fa590826759a2a1721f41{\nbackground-color:#ffffff;\nbackground-image:url(https:\/\/vibemco.com\/tr\/wp-content\/uploads\/2024\/05\/bg.png);\nbackground-repeat:no-repeat;\nbackground-position:50% 50%;\nbackground-attachment:fixed;\n}\n.avia-section.av-xhtvfl-5f6326a0ed8fa590826759a2a1721f41 .av-section-color-overlay{\nopacity:0.7;\nbackground-color:#0a0a0a;\n}\n<\/style>\n<div id='av_section_2'  class='avia-section av-xhtvfl-5f6326a0ed8fa590826759a2a1721f41 alternate_color avia-section-huge avia-no-border-styling  avia-builder-el-9  el_after_av_section  avia-builder-el-last  avia-full-stretch avia-bg-style-fixed av-section-color-overlay-active container_wrap sidebar_right'  data-section-bg-repeat='stretch'><div class=\"av-section-color-overlay-wrap\"><div class=\"av-section-color-overlay\"><\/div><div class='container av-section-cont-open' ><div class='template-page content  av-content-small alpha units'><div class='post-entry post-entry-type-page post-entry-1041'><div class='entry-content-wrapper clearfix'>\n\n<style type=\"text\/css\" data-created_by=\"avia_inline_auto\" id=\"style-css-av-lw0de7x9-0ce10148e5a457ee3781771f59ddfde3\">\n#top .av-special-heading.av-lw0de7x9-0ce10148e5a457ee3781771f59ddfde3{\npadding-bottom:20px;\nfont-size:50px;\n}\nbody .av-special-heading.av-lw0de7x9-0ce10148e5a457ee3781771f59ddfde3 .av-special-heading-tag .heading-char{\nfont-size:25px;\n}\n#top #wrap_all .av-special-heading.av-lw0de7x9-0ce10148e5a457ee3781771f59ddfde3 .av-special-heading-tag{\nfont-size:50px;\n}\n.av-special-heading.av-lw0de7x9-0ce10148e5a457ee3781771f59ddfde3 .av-subheading{\nfont-size:15px;\n}\n\n@media only screen and (min-width: 480px) and (max-width: 767px){ \n#top #wrap_all .av-special-heading.av-lw0de7x9-0ce10148e5a457ee3781771f59ddfde3 .av-special-heading-tag{\nfont-size:0.8em;\n}\n}\n\n@media only screen and (max-width: 479px){ \n#top #wrap_all .av-special-heading.av-lw0de7x9-0ce10148e5a457ee3781771f59ddfde3 .av-special-heading-tag{\nfont-size:0.8em;\n}\n}\n<\/style>\n<div  class='av-special-heading av-lw0de7x9-0ce10148e5a457ee3781771f59ddfde3 av-special-heading-h1 blockquote modern-quote modern-centered  avia-builder-el-10  el_before_av_one_full  avia-builder-el-first  av-thin-font av-inherit-size'><h1 class='av-special-heading-tag'  itemprop=\"headline\"  >\u00dcr\u00fcn Katalo\u011fumuzu \u0130nceley\u0130n<strong>.<\/strong><\/h1><div class=\"special-heading-border\"><div class=\"special-heading-inner-border\"><\/div><\/div><\/div>\n\n<style type=\"text\/css\" data-created_by=\"avia_inline_auto\" id=\"style-css-av-worx41-e489ff96c5e7a762377142b9629430f2\">\n.flex_column.av-worx41-e489ff96c5e7a762377142b9629430f2{\nborder-radius:0px 0px 0px 0px;\npadding:0px 0px 0px 0px;\n}\n<\/style>\n<div  class='flex_column av-worx41-e489ff96c5e7a762377142b9629430f2 av_one_full  avia-builder-el-11  el_after_av_heading  el_before_av_hr  first flex_column_div av-zero-column-padding  '     ><div  class='avia-logo-element-container av-uhjjxd-eb6434f42a271a82f180b6c527132752 av-border-deactivate avia-logo-slider avia-content-slider avia-smallarrow-slider avia-content-slider-active noHover avia-content-slider-odd  avia-builder-el-12  avia-builder-el-no-sibling  av-slideshow-ui av-control-default av-nav-arrows-visible av-nav-dots-visible av-no-slider-navigation av-slideshow-autoplay av-loop-endless av-loop-manual-endless avia-content-slider1' data-slideshow-options=\"{&quot;animation&quot;:&quot;slide&quot;,&quot;autoplay&quot;:true,&quot;loop_autoplay&quot;:&quot;endless&quot;,&quot;interval&quot;:2,&quot;loop_manual&quot;:&quot;manual-endless&quot;,&quot;autoplay_stopper&quot;:false,&quot;noNavigation&quot;:false,&quot;bg_slider&quot;:false,&quot;keep_padding&quot;:&quot;&quot;,&quot;hoverpause&quot;:false,&quot;show_slide_delay&quot;:0}\"><div class='avia-smallarrow-slider-heading  no-logo-slider-heading '><div class='new-special-heading'>&nbsp;<\/div><div class='avia-slideshow-arrows avia-slideshow-controls' ><a href='#prev' class='prev-slide ' aria-hidden='true' data-av_icon='\ue87c' data-av_iconfont='entypo-fontello'  tabindex='-1'>Previous<\/a><a href='#next' class='next-slide ' aria-hidden='true' data-av_icon='\ue87d' data-av_iconfont='entypo-fontello'  tabindex='-1'>Next<\/a><\/div><\/div><div class=\"avia-content-slider-inner\"><div class=\"slide-entry-wrap\"><div  class='slide-entry av-svsi8x-6a13342ef0e6fe278c75e3f2694a02d9 flex_column no_margin av_one_fifth real-thumbnail post-entry slide-entry-overview slide-loop-1 slide-parity-odd  first'><span class='av-partner-fake-img' style='padding-bottom:100%; background-image:url(https:\/\/vibemco.com\/tr\/wp-content\/uploads\/2024\/05\/Monafaze-Izolasyon-Trafolari-1-300x300.png);'><\/span><\/div><div  class='slide-entry av-qv99m9-cd6152d02bdfff1245d80d5435652933 flex_column no_margin av_one_fifth real-thumbnail post-entry slide-entry-overview slide-loop-2 slide-parity-even  '><span class='av-partner-fake-img' style='padding-bottom:100%; background-image:url(https:\/\/vibemco.com\/tr\/wp-content\/uploads\/2024\/05\/Trifaze-harmonik-filtre-300x300.png);'><\/span><\/div><div  class='slide-entry av-qfn2f5-0f2f1954109453b2c55e0fa59876ca63 flex_column no_margin av_one_fifth real-thumbnail post-entry slide-entry-overview slide-loop-3 slide-parity-odd  '><span class='av-partner-fake-img' style='padding-bottom:100%; background-image:url(https:\/\/vibemco.com\/tr\/wp-content\/uploads\/2024\/05\/Voltage-2-300x300.png);'><\/span><\/div><div  class='slide-entry av-o0wn0h-6daefcce67e707aad6a11ec54d83e99f flex_column no_margin av_one_fifth real-thumbnail post-entry slide-entry-overview slide-loop-4 slide-parity-even  '><span class='av-partner-fake-img' style='padding-bottom:100%; background-image:url(https:\/\/vibemco.com\/tr\/wp-content\/uploads\/2024\/05\/Trifaze-Izolasyon-Trafosu-300x300.png);'><\/span><\/div><div  class='slide-entry av-mnnvkh-83f70e68eda8dc2c8326fbcce93f18db flex_column no_margin av_one_fifth real-thumbnail post-entry slide-entry-overview slide-loop-5 slide-parity-odd  '><span class='av-partner-fake-img' style='padding-bottom:100%; background-image:url(https:\/\/vibemco.com\/tr\/wp-content\/uploads\/2024\/05\/Voltage-1-300x300.png);'><\/span><\/div><\/div><div class=\"slide-entry-wrap\"><div  class='slide-entry av-kt3tup-d9032223724532c2a19c1fb76f90bef1 flex_column no_margin av_one_fifth real-thumbnail post-entry slide-entry-overview slide-loop-6 slide-parity-odd  first'><span class='av-partner-fake-img' style='padding-bottom:100%; background-image:url(https:\/\/vibemco.com\/tr\/wp-content\/uploads\/2024\/05\/MOTOR-SURUCU-300x300.png);'><\/span><\/div><div  class='slide-entry av-j3se9d-3a2758d3734372b9744af65a491d7bf0 flex_column no_margin av_one_fifth real-thumbnail post-entry slide-entry-overview slide-loop-7 slide-parity-even  '><span class='av-partner-fake-img' style='padding-bottom:100%; background-image:url(https:\/\/vibemco.com\/tr\/wp-content\/uploads\/2024\/05\/Regulator-300x300.png);'><\/span><\/div><div  class='slide-entry av-hg4c0h-823d3b404e3b6a0c4ef6f30c2d76f013 flex_column no_margin av_one_fifth real-thumbnail post-entry slide-entry-overview slide-loop-8 slide-parity-odd  '><span class='av-partner-fake-img' style='padding-bottom:100%; background-image:url(https:\/\/vibemco.com\/tr\/wp-content\/uploads\/2024\/05\/REDRESOR-300x300.png);'><\/span><\/div><div  class='slide-entry av-gdf5ox-22a3b1ad2490b57761327cbb98f7f37b flex_column no_margin av_one_fifth real-thumbnail post-entry slide-entry-overview slide-loop-9 slide-parity-even  '><span class='av-partner-fake-img' style='padding-bottom:100%; background-image:url(https:\/\/vibemco.com\/tr\/wp-content\/uploads\/2024\/05\/Power-Supply-300x300.png);'><\/span><\/div><div  class='slide-entry av-ediuoh-6a967af1207799e706ba7e8afd88359f flex_column no_margin av_one_fifth real-thumbnail post-entry slide-entry-overview slide-loop-10 slide-parity-odd  '><span class='av-partner-fake-img' style='padding-bottom:100%; background-image:url(https:\/\/vibemco.com\/tr\/wp-content\/uploads\/2024\/05\/OTO-TRAFO-300x300.png);'><\/span><\/div><\/div><div class=\"slide-entry-wrap\"><div  class='slide-entry av-1berpd-03d73fb4d064c6686ee99c2f00a3cee1 flex_column no_margin av_one_fifth real-thumbnail post-entry slide-entry-overview slide-loop-11 slide-parity-odd  first'><span class='av-partner-fake-img' style='padding-bottom:100%; background-image:url(https:\/\/vibemco.com\/tr\/wp-content\/uploads\/2024\/05\/MEDIKAL-TRAFO-300x300.png);'><\/span><\/div><div  class='slide-entry av-ah3zdd-706f36f97d4a413d371509b63556643a flex_column no_margin av_one_fifth real-thumbnail post-entry slide-entry-overview slide-loop-12 slide-parity-even  '><span class='av-partner-fake-img' style='padding-bottom:100%; background-image:url(https:\/\/vibemco.com\/tr\/wp-content\/uploads\/2024\/05\/Invertor-300x300.png);'><\/span><\/div><div  class='slide-entry av-8l9f9t-10e2ca0b32fb6d538b4b65304ba6ebd6 flex_column no_margin av_one_fifth real-thumbnail post-entry slide-entry-overview slide-loop-13 slide-parity-odd  '><span class='av-partner-fake-img' style='padding-bottom:100%; background-image:url(https:\/\/vibemco.com\/tr\/wp-content\/uploads\/2024\/05\/HAT-REAKTOR-300x300.png);'><\/span><\/div><div  class='slide-entry av-7vxn75-0c34612c6ad9ba611facb93c0657cb3b flex_column no_margin av_one_fifth real-thumbnail post-entry slide-entry-overview slide-loop-14 slide-parity-even  '><span class='av-partner-fake-img' style='padding-bottom:100%; background-image:url(https:\/\/vibemco.com\/tr\/wp-content\/uploads\/2024\/05\/Frenleme-Direnci-2-300x300.png);'><\/span><\/div><div  class='slide-entry av-5rpawh-e64d96d4708feb73ea10097cb66da979 flex_column no_margin av_one_fifth real-thumbnail post-entry slide-entry-overview slide-loop-15 slide-parity-odd post-entry-last '><span class='av-partner-fake-img' style='padding-bottom:100%; background-image:url(https:\/\/vibemco.com\/tr\/wp-content\/uploads\/2024\/05\/AKIM-TRAFO-300x300.png);'><\/span><\/div><\/div><\/div><\/div><\/div>\n<style type=\"text\/css\" data-created_by=\"avia_inline_auto\" id=\"style-css-av-4y2k4h-3b8d313fd3a057c69a6420a9dfb43a85\">\n#top .hr.hr-invisible.av-4y2k4h-3b8d313fd3a057c69a6420a9dfb43a85{\nheight:50px;\n}\n<\/style>\n<div  class='hr av-4y2k4h-3b8d313fd3a057c69a6420a9dfb43a85 hr-invisible  avia-builder-el-13  el_after_av_one_full  el_before_av_button '><span class='hr-inner '><span class=\"hr-inner-style\"><\/span><\/span><\/div>\n<div  class='avia-button-wrap av-2zioxt-b19affd83377563abe5e713f0d8bcfee-wrap avia-button-center  avia-builder-el-14  el_after_av_hr  avia-builder-el-last '><a href='https:\/\/vibemco.com\/wp-content\/uploads\/2024\/05\/VIBEMCO-PRODUCT-CATALOGUE-2024-.pdf'  class='avia-button av-2zioxt-b19affd83377563abe5e713f0d8bcfee av-download-btn noLightbox avia-icon_select-yes-right-icon avia-size-large avia-position-center av-icon-on-hover avia-color-light' download ><span class='avia_iconbox_title' >Katalo\u011fu \u0130ndir<\/span><span class='avia_button_icon avia_button_icon_right' aria-hidden='true' data-av_icon='\ue879' data-av_iconfont='entypo-fontello'><\/span><\/a><\/div>\n<\/div><\/div><\/div><!-- close content main div --><\/div><\/div><\/div><div id='after_section_2'  class='main_color av_default_container_wrap container_wrap sidebar_right'  ><div class='container av-section-cont-open' ><div class='template-page content  av-content-small alpha units'><div class='post-entry post-entry-type-page post-entry-1041'><div class='entry-content-wrapper clearfix'><\/p>\n","protected":false},"excerpt":{"rendered":"","protected":false},"author":1,"featured_media":890,"parent":1526,"menu_order":1,"comment_status":"closed","ping_status":"closed","template":"","meta":{"footnotes":""},"categories":[28,29,3],"class_list":["post-1041","page","type-page","status-publish","has-post-thumbnail","hentry","category-enerji","category-sont-reaktorler","category-urunler"],"aioseo_notices":[],"_links":{"self":[{"href":"https:\/\/vibemco.com\/tr\/wp-json\/wp\/v2\/pages\/1041","targetHints":{"allow":["GET"]}}],"collection":[{"href":"https:\/\/vibemco.com\/tr\/wp-json\/wp\/v2\/pages"}],"about":[{"href":"https:\/\/vibemco.com\/tr\/wp-json\/wp\/v2\/types\/page"}],"author":[{"embeddable":true,"href":"https:\/\/vibemco.com\/tr\/wp-json\/wp\/v2\/users\/1"}],"replies":[{"embeddable":true,"href":"https:\/\/vibemco.com\/tr\/wp-json\/wp\/v2\/comments?post=1041"}],"version-history":[{"count":7,"href":"https:\/\/vibemco.com\/tr\/wp-json\/wp\/v2\/pages\/1041\/revisions"}],"predecessor-version":[{"id":1529,"href":"https:\/\/vibemco.com\/tr\/wp-json\/wp\/v2\/pages\/1041\/revisions\/1529"}],"up":[{"embeddable":true,"href":"https:\/\/vibemco.com\/tr\/wp-json\/wp\/v2\/pages\/1526"}],"wp:featuredmedia":[{"embeddable":true,"href":"https:\/\/vibemco.com\/tr\/wp-json\/wp\/v2\/media\/890"}],"wp:attachment":[{"href":"https:\/\/vibemco.com\/tr\/wp-json\/wp\/v2\/media?parent=1041"}],"wp:term":[{"taxonomy":"category","embeddable":true,"href":"https:\/\/vibemco.com\/tr\/wp-json\/wp\/v2\/categories?post=1041"}],"curies":[{"name":"wp","href":"https:\/\/api.w.org\/{rel}","templated":true}]}}