{"id":1048,"date":"2024-05-08T10:52:35","date_gmt":"2024-05-08T10:52:35","guid":{"rendered":"https:\/\/vibemco.com\/?post_type=portfolio&#038;p=1048"},"modified":"2024-05-30T16:05:45","modified_gmt":"2024-05-30T13:05:45","slug":"ag-kondansatorler","status":"publish","type":"page","link":"https:\/\/vibemco.com\/tr\/urunler\/enerji\/ag-kondansatorler\/","title":{"rendered":"AG Kondansat\u00f6rler"},"content":{"rendered":"<div id='av_section_1'  class='avia-section av-59tnm0-766308d4f72d05f5a0e6ed2ccc3fecb7 main_color avia-section-default avia-no-border-styling  avia-builder-el-0  el_before_av_section  avia-builder-el-first  avia-bg-style-scroll container_wrap sidebar_right'  ><div class='container av-section-cont-open' ><main  role=\"main\" itemprop=\"mainContentOfPage\"  class='template-page content  av-content-small alpha units'><div class='post-entry post-entry-type-page post-entry-1048'><div class='entry-content-wrapper clearfix'>\n\n<style type=\"text\/css\" data-created_by=\"avia_inline_auto\" id=\"style-css-av-lvxp49cs-4e52ddba0662d2aa2b7c784951d3b218\">\n#top .av-special-heading.av-lvxp49cs-4e52ddba0662d2aa2b7c784951d3b218{\npadding-bottom:10px;\nfont-size:72px;\n}\nbody .av-special-heading.av-lvxp49cs-4e52ddba0662d2aa2b7c784951d3b218 .av-special-heading-tag .heading-char{\nfont-size:25px;\n}\n#top #wrap_all .av-special-heading.av-lvxp49cs-4e52ddba0662d2aa2b7c784951d3b218 .av-special-heading-tag{\nfont-size:72px;\n}\n.av-special-heading.av-lvxp49cs-4e52ddba0662d2aa2b7c784951d3b218 .av-subheading{\nfont-size:15px;\n}\n\n@media only screen and (min-width: 480px) and (max-width: 767px){ \n#top #wrap_all .av-special-heading.av-lvxp49cs-4e52ddba0662d2aa2b7c784951d3b218 .av-special-heading-tag{\nfont-size:0.8em;\n}\n}\n\n@media only screen and (max-width: 479px){ \n#top #wrap_all .av-special-heading.av-lvxp49cs-4e52ddba0662d2aa2b7c784951d3b218 .av-special-heading-tag{\nfont-size:0.8em;\n}\n}\n<\/style>\n<div  class='av-special-heading av-lvxp49cs-4e52ddba0662d2aa2b7c784951d3b218 av-special-heading-h1 blockquote modern-quote  avia-builder-el-1  el_before_av_one_half  avia-builder-el-first  av-thin-font av-inherit-size'><h1 class='av-special-heading-tag'  itemprop=\"headline\"  >AG KONDANSAT\u00d6RLER<strong>.<\/strong><\/h1><div class=\"special-heading-border\"><div class=\"special-heading-inner-border\"><\/div><\/div><\/div>\n<div  class='flex_column av-495kgo-ba03159f68bb937c1a77ceda1cb6915d av_one_half  avia-builder-el-2  el_after_av_heading  el_before_av_one_half  first flex_column_div av-animated-generic left-to-right  '     ><p>\n<style type=\"text\/css\" data-created_by=\"avia_inline_auto\" id=\"style-css-av-lvxp6qed-d896e3531551c555fed22bdd16bc74db\">\n#top .hr.hr-invisible.av-lvxp6qed-d896e3531551c555fed22bdd16bc74db{\nheight:10px;\n}\n<\/style>\n<div  class='hr av-lvxp6qed-d896e3531551c555fed22bdd16bc74db hr-invisible  avia-builder-el-3  el_before_av_textblock  avia-builder-el-first '><span class='hr-inner '><span class=\"hr-inner-style\"><\/span><\/span><\/div><br \/>\n<section  class='av_textblock_section av-lvxp5ety-2ba4bb229de58e50a6ad2179fc67ebaf '   itemscope=\"itemscope\" itemtype=\"https:\/\/schema.org\/CreativeWork\" ><div class='avia_textblock'  itemprop=\"text\" ><blockquote>\n<p>Kapasit\u00f6rler yayg\u0131n olarak end\u00fcktif y\u00fckl\u00fc sistemlerde g\u00fc\u00e7 fakt\u00f6r\u00fcn\u00fc iyile\u015ftirmek i\u00e7in kullan\u0131l\u0131r.<\/p>\n<\/blockquote>\n<\/div><\/section><br \/>\n\n<style type=\"text\/css\" data-created_by=\"avia_inline_auto\" id=\"style-css-av-lvxp6zqm-d6422616665fca69f3f9ddd45e54106b\">\n#top .hr.hr-invisible.av-lvxp6zqm-d6422616665fca69f3f9ddd45e54106b{\nheight:25px;\n}\n<\/style>\n<div  class='hr av-lvxp6zqm-d6422616665fca69f3f9ddd45e54106b hr-invisible  avia-builder-el-5  el_after_av_textblock  el_before_av_textblock '><span class='hr-inner '><span class=\"hr-inner-style\"><\/span><\/span><\/div><br \/>\n<section  class='av_textblock_section av-lvxp6da6-94af3fe29cdf6535b1cf4e9bd00c2461 '   itemscope=\"itemscope\" itemtype=\"https:\/\/schema.org\/CreativeWork\" ><div class='avia_textblock'  itemprop=\"text\" ><p><strong>Kullan\u0131m Alanlar\u0131<\/strong><\/p>\n<ul>\n<li>Otomatik g\u00fc\u00e7 fakt\u00f6r\u00fc d\u00fczeltme<\/li>\n<li>Sabit g\u00fc\u00e7 fakt\u00f6r\u00fc d\u00fczeltmesi<\/li>\n<li>Grup g\u00fc\u00e7 fakt\u00f6r\u00fc d\u00fczeltmesi<\/li>\n<li>Harmonik filtre sistemleri<\/li>\n<\/ul>\n<\/div><\/section><\/p><\/div><div  class='flex_column av-3asn54-b4086e86076072ad4b4dd665cf384bdd av_one_half  avia-builder-el-7  el_after_av_one_half  avia-builder-el-last  flex_column_div av-animated-generic right-to-left  '     ><style type=\"text\/css\" data-created_by=\"avia_inline_auto\" id=\"style-css-av-lvxp4hmk-5dee6bc0a0c1dd79d474c7a41dc124be\">\n.avia-image-container.av-lvxp4hmk-5dee6bc0a0c1dd79d474c7a41dc124be img.avia_image{\nbox-shadow:none;\n}\n.avia-image-container.av-lvxp4hmk-5dee6bc0a0c1dd79d474c7a41dc124be .av-image-caption-overlay-center{\ncolor:#ffffff;\n}\n<\/style>\n<div  class='avia-image-container av-lvxp4hmk-5dee6bc0a0c1dd79d474c7a41dc124be av-styling- avia-align-center  avia-builder-el-8  avia-builder-el-no-sibling '   itemprop=\"image\" itemscope=\"itemscope\" itemtype=\"https:\/\/schema.org\/ImageObject\" ><div class=\"avia-image-container-inner\"><div class=\"avia-image-overlay-wrap\"><img decoding=\"async\" fetchpriority=\"high\" class='wp-image-885 avia-img-lazy-loading-not-885 avia_image ' src=\"https:\/\/vibemco.com\/tr\/wp-content\/uploads\/2024\/05\/AG-KONDANSOTER.png\" alt='' title='AG KONDANSOTER'  height=\"1000\" width=\"1000\"  itemprop=\"thumbnailUrl\" srcset=\"https:\/\/vibemco.com\/tr\/wp-content\/uploads\/2024\/05\/AG-KONDANSOTER.png 1000w, https:\/\/vibemco.com\/tr\/wp-content\/uploads\/2024\/05\/AG-KONDANSOTER-300x300.png 300w, https:\/\/vibemco.com\/tr\/wp-content\/uploads\/2024\/05\/AG-KONDANSOTER-80x80.png 80w, https:\/\/vibemco.com\/tr\/wp-content\/uploads\/2024\/05\/AG-KONDANSOTER-768x768.png 768w, https:\/\/vibemco.com\/tr\/wp-content\/uploads\/2024\/05\/AG-KONDANSOTER-36x36.png 36w, https:\/\/vibemco.com\/tr\/wp-content\/uploads\/2024\/05\/AG-KONDANSOTER-180x180.png 180w, https:\/\/vibemco.com\/tr\/wp-content\/uploads\/2024\/05\/AG-KONDANSOTER-705x705.png 705w\" sizes=\"(max-width: 1000px) 100vw, 1000px\" \/><\/div><\/div><\/div><\/div><\/div><\/div><\/main><!-- close content main element --><\/div><\/div>\n<style type=\"text\/css\" data-created_by=\"avia_inline_auto\" id=\"style-css-av-ynqsfc-26ca7d3022adf79278919d1b03370bbf\">\n.avia-section.av-ynqsfc-26ca7d3022adf79278919d1b03370bbf{\nbackground-color:#ffffff;\nbackground-image:url(https:\/\/vibemco.com\/tr\/wp-content\/uploads\/2024\/05\/bg.png);\nbackground-repeat:no-repeat;\nbackground-position:50% 50%;\nbackground-attachment:fixed;\n}\n.avia-section.av-ynqsfc-26ca7d3022adf79278919d1b03370bbf .av-section-color-overlay{\nopacity:0.7;\nbackground-color:#0a0a0a;\n}\n<\/style>\n<div id='av_section_2'  class='avia-section av-ynqsfc-26ca7d3022adf79278919d1b03370bbf alternate_color avia-section-huge avia-no-border-styling  avia-builder-el-9  el_after_av_section  avia-builder-el-last  avia-full-stretch avia-bg-style-fixed av-section-color-overlay-active container_wrap sidebar_right'  data-section-bg-repeat='stretch'><div class=\"av-section-color-overlay-wrap\"><div class=\"av-section-color-overlay\"><\/div><div class='container av-section-cont-open' ><div class='template-page content  av-content-small alpha units'><div class='post-entry post-entry-type-page post-entry-1048'><div class='entry-content-wrapper clearfix'>\n\n<style type=\"text\/css\" data-created_by=\"avia_inline_auto\" id=\"style-css-av-lw0dcngr-888203c5e4aaf62eb869c1a2345ea81c\">\n#top .av-special-heading.av-lw0dcngr-888203c5e4aaf62eb869c1a2345ea81c{\npadding-bottom:20px;\nfont-size:50px;\n}\nbody .av-special-heading.av-lw0dcngr-888203c5e4aaf62eb869c1a2345ea81c .av-special-heading-tag .heading-char{\nfont-size:25px;\n}\n#top #wrap_all .av-special-heading.av-lw0dcngr-888203c5e4aaf62eb869c1a2345ea81c .av-special-heading-tag{\nfont-size:50px;\n}\n.av-special-heading.av-lw0dcngr-888203c5e4aaf62eb869c1a2345ea81c .av-subheading{\nfont-size:15px;\n}\n\n@media only screen and (min-width: 480px) and (max-width: 767px){ \n#top #wrap_all .av-special-heading.av-lw0dcngr-888203c5e4aaf62eb869c1a2345ea81c .av-special-heading-tag{\nfont-size:0.8em;\n}\n}\n\n@media only screen and (max-width: 479px){ \n#top #wrap_all .av-special-heading.av-lw0dcngr-888203c5e4aaf62eb869c1a2345ea81c .av-special-heading-tag{\nfont-size:0.8em;\n}\n}\n<\/style>\n<div  class='av-special-heading av-lw0dcngr-888203c5e4aaf62eb869c1a2345ea81c av-special-heading-h1 blockquote modern-quote modern-centered  avia-builder-el-10  el_before_av_one_full  avia-builder-el-first  av-thin-font av-inherit-size'><h1 class='av-special-heading-tag'  itemprop=\"headline\"  >\u00dcr\u00fcn Katalo\u011fumuzu \u0130nceley\u0130n<strong>.<\/strong><\/h1><div class=\"special-heading-border\"><div class=\"special-heading-inner-border\"><\/div><\/div><\/div>\n\n<style type=\"text\/css\" data-created_by=\"avia_inline_auto\" id=\"style-css-av-vx6h88-10a2418b12dcf141d840bb64f5714807\">\n.flex_column.av-vx6h88-10a2418b12dcf141d840bb64f5714807{\nborder-radius:0px 0px 0px 0px;\npadding:0px 0px 0px 0px;\n}\n<\/style>\n<div  class='flex_column av-vx6h88-10a2418b12dcf141d840bb64f5714807 av_one_full  avia-builder-el-11  el_after_av_heading  el_before_av_hr  first flex_column_div av-zero-column-padding  '     ><div  class='avia-logo-element-container av-v5ztqw-0185e4cfee8ecbbce0e097d4cc788fd0 av-border-deactivate avia-logo-slider avia-content-slider avia-smallarrow-slider avia-content-slider-active noHover avia-content-slider-odd  avia-builder-el-12  avia-builder-el-no-sibling  av-slideshow-ui av-control-default av-nav-arrows-visible av-nav-dots-visible av-no-slider-navigation av-slideshow-autoplay av-loop-endless av-loop-manual-endless avia-content-slider1' data-slideshow-options=\"{&quot;animation&quot;:&quot;slide&quot;,&quot;autoplay&quot;:true,&quot;loop_autoplay&quot;:&quot;endless&quot;,&quot;interval&quot;:2,&quot;loop_manual&quot;:&quot;manual-endless&quot;,&quot;autoplay_stopper&quot;:false,&quot;noNavigation&quot;:false,&quot;bg_slider&quot;:false,&quot;keep_padding&quot;:&quot;&quot;,&quot;hoverpause&quot;:false,&quot;show_slide_delay&quot;:0}\"><div class='avia-smallarrow-slider-heading  no-logo-slider-heading '><div class='new-special-heading'>&nbsp;<\/div><div class='avia-slideshow-arrows avia-slideshow-controls' ><a href='#prev' class='prev-slide ' aria-hidden='true' data-av_icon='\ue87c' data-av_iconfont='entypo-fontello'  tabindex='-1'>Previous<\/a><a href='#next' class='next-slide ' aria-hidden='true' data-av_icon='\ue87d' data-av_iconfont='entypo-fontello'  tabindex='-1'>Next<\/a><\/div><\/div><div class=\"avia-content-slider-inner\"><div class=\"slide-entry-wrap\"><div  class='slide-entry av-2yneeg-56d870fdc8e8bc76c2b46610626d10ce flex_column no_margin av_one_fifth real-thumbnail post-entry slide-entry-overview slide-loop-1 slide-parity-odd  first'><span class='av-partner-fake-img' style='padding-bottom:100%; background-image:url(https:\/\/vibemco.com\/tr\/wp-content\/uploads\/2024\/05\/Monafaze-Izolasyon-Trafolari-1-300x300.png);'><\/span><\/div><div  class='slide-entry av-rxnxuw-7d938efb44ff01e4154f7426b558c1a0 flex_column no_margin av_one_fifth real-thumbnail post-entry slide-entry-overview slide-loop-2 slide-parity-even  '><span class='av-partner-fake-img' style='padding-bottom:100%; background-image:url(https:\/\/vibemco.com\/tr\/wp-content\/uploads\/2024\/05\/Trifaze-harmonik-filtre-300x300.png);'><\/span><\/div><div  class='slide-entry av-q2pqvs-6eda55ca8ef2a5cd0b88b18c177313a3 flex_column no_margin av_one_fifth real-thumbnail post-entry slide-entry-overview slide-loop-3 slide-parity-odd  '><span class='av-partner-fake-img' style='padding-bottom:100%; background-image:url(https:\/\/vibemco.com\/tr\/wp-content\/uploads\/2024\/05\/Voltage-2-300x300.png);'><\/span><\/div><div  class='slide-entry av-o68960-5ebee0c348c5e6fed67f82b0c9711499 flex_column no_margin av_one_fifth real-thumbnail post-entry slide-entry-overview slide-loop-4 slide-parity-even  '><span class='av-partner-fake-img' style='padding-bottom:100%; background-image:url(https:\/\/vibemco.com\/tr\/wp-content\/uploads\/2024\/05\/Trifaze-Izolasyon-Trafosu-300x300.png);'><\/span><\/div><div  class='slide-entry av-mldsbs-eef5ec132275b8ebca9f77487ee25246 flex_column no_margin av_one_fifth real-thumbnail post-entry slide-entry-overview slide-loop-5 slide-parity-odd  '><span class='av-partner-fake-img' style='padding-bottom:100%; background-image:url(https:\/\/vibemco.com\/tr\/wp-content\/uploads\/2024\/05\/Voltage-1-300x300.png);'><\/span><\/div><\/div><div class=\"slide-entry-wrap\"><div  class='slide-entry av-kr8baw-93fb1358619ca37e62854ab45b0bb834 flex_column no_margin av_one_fifth real-thumbnail post-entry slide-entry-overview slide-loop-6 slide-parity-odd  first'><span class='av-partner-fake-img' style='padding-bottom:100%; background-image:url(https:\/\/vibemco.com\/tr\/wp-content\/uploads\/2024\/05\/MOTOR-SURUCU-300x300.png);'><\/span><\/div><div  class='slide-entry av-iisv6w-694d73744851be0c3109c7ea3b049095 flex_column no_margin av_one_fifth real-thumbnail post-entry slide-entry-overview slide-loop-7 slide-parity-even  '><span class='av-partner-fake-img' style='padding-bottom:100%; background-image:url(https:\/\/vibemco.com\/tr\/wp-content\/uploads\/2024\/05\/Regulator-300x300.png);'><\/span><\/div><div  class='slide-entry av-hxvha0-dfec09aa5d3c8ad021b20fb0ff242b56 flex_column no_margin av_one_fifth real-thumbnail post-entry slide-entry-overview slide-loop-8 slide-parity-odd  '><span class='av-partner-fake-img' style='padding-bottom:100%; background-image:url(https:\/\/vibemco.com\/tr\/wp-content\/uploads\/2024\/05\/REDRESOR-300x300.png);'><\/span><\/div><div  class='slide-entry av-g2z014-4b6848037aaf193f69e08450c711fe0e flex_column no_margin av_one_fifth real-thumbnail post-entry slide-entry-overview slide-loop-9 slide-parity-even  '><span class='av-partner-fake-img' style='padding-bottom:100%; background-image:url(https:\/\/vibemco.com\/tr\/wp-content\/uploads\/2024\/05\/Power-Supply-300x300.png);'><\/span><\/div><div  class='slide-entry av-enf2rc-1f46d542725e833b26cc41efb711bf9c flex_column no_margin av_one_fifth real-thumbnail post-entry slide-entry-overview slide-loop-10 slide-parity-odd  '><span class='av-partner-fake-img' style='padding-bottom:100%; background-image:url(https:\/\/vibemco.com\/tr\/wp-content\/uploads\/2024\/05\/OTO-TRAFO-300x300.png);'><\/span><\/div><\/div><div class=\"slide-entry-wrap\"><div  class='slide-entry av-1bhk0o-af0bdcadceb3d8dde1f73d843338aadb flex_column no_margin av_one_fifth real-thumbnail post-entry slide-entry-overview slide-loop-11 slide-parity-odd  first'><span class='av-partner-fake-img' style='padding-bottom:100%; background-image:url(https:\/\/vibemco.com\/tr\/wp-content\/uploads\/2024\/05\/MEDIKAL-TRAFO-300x300.png);'><\/span><\/div><div  class='slide-entry av-b8uzvs-0f6906b1d09f6a97998778b80f06c096 flex_column no_margin av_one_fifth real-thumbnail post-entry slide-entry-overview slide-loop-12 slide-parity-even  '><span class='av-partner-fake-img' style='padding-bottom:100%; background-image:url(https:\/\/vibemco.com\/tr\/wp-content\/uploads\/2024\/05\/Invertor-300x300.png);'><\/span><\/div><div  class='slide-entry av-990mbc-9b625836163f8b3337bbf2d5f7898c12 flex_column no_margin av_one_fifth real-thumbnail post-entry slide-entry-overview slide-loop-13 slide-parity-odd  '><span class='av-partner-fake-img' style='padding-bottom:100%; background-image:url(https:\/\/vibemco.com\/tr\/wp-content\/uploads\/2024\/05\/HAT-REAKTOR-300x300.png);'><\/span><\/div><div  class='slide-entry av-7572fc-63db7c28315b93fec2dcd06b00e12f85 flex_column no_margin av_one_fifth real-thumbnail post-entry slide-entry-overview slide-loop-14 slide-parity-even  '><span class='av-partner-fake-img' style='padding-bottom:100%; background-image:url(https:\/\/vibemco.com\/tr\/wp-content\/uploads\/2024\/05\/Frenleme-Direnci-2-300x300.png);'><\/span><\/div><div  class='slide-entry av-68fsq0-e64a4ccc160ed22a091d34d40ab0e1d8 flex_column no_margin av_one_fifth real-thumbnail post-entry slide-entry-overview slide-loop-15 slide-parity-odd post-entry-last '><span class='av-partner-fake-img' style='padding-bottom:100%; background-image:url(https:\/\/vibemco.com\/tr\/wp-content\/uploads\/2024\/05\/AKIM-TRAFO-300x300.png);'><\/span><\/div><\/div><\/div><\/div><\/div>\n<style type=\"text\/css\" data-created_by=\"avia_inline_auto\" id=\"style-css-av-3iumyg-b26dd109b4537d55937d34e8afa9cd93\">\n#top .hr.hr-invisible.av-3iumyg-b26dd109b4537d55937d34e8afa9cd93{\nheight:50px;\n}\n<\/style>\n<div  class='hr av-3iumyg-b26dd109b4537d55937d34e8afa9cd93 hr-invisible  avia-builder-el-13  el_after_av_one_full  el_before_av_button '><span class='hr-inner '><span class=\"hr-inner-style\"><\/span><\/span><\/div>\n<div  class='avia-button-wrap av-2ob3mg-4803cc0bdf9b7c1a1bb0f5f253eb6315-wrap avia-button-center  avia-builder-el-14  el_after_av_hr  avia-builder-el-last '><a href='https:\/\/vibemco.com\/wp-content\/uploads\/2024\/05\/VIBEMCO-PRODUCT-CATALOGUE-2024-.pdf'  class='avia-button av-2ob3mg-4803cc0bdf9b7c1a1bb0f5f253eb6315 av-download-btn noLightbox avia-icon_select-yes-right-icon avia-size-large avia-position-center av-icon-on-hover avia-color-light' download ><span class='avia_iconbox_title' >Katalo\u011fu \u0130ndir<\/span><span class='avia_button_icon avia_button_icon_right' aria-hidden='true' data-av_icon='\ue879' data-av_iconfont='entypo-fontello'><\/span><\/a><\/div>\n<\/div><\/div><\/div><!-- close content main div --><\/div><\/div><\/div><div id='after_section_2'  class='main_color av_default_container_wrap container_wrap sidebar_right'  ><div class='container av-section-cont-open' ><div class='template-page content  av-content-small alpha units'><div class='post-entry post-entry-type-page post-entry-1048'><div class='entry-content-wrapper clearfix'><\/p>\n","protected":false},"excerpt":{"rendered":"","protected":false},"author":1,"featured_media":885,"parent":1496,"menu_order":10,"comment_status":"closed","ping_status":"closed","template":"","meta":{"footnotes":""},"categories":[28,3],"class_list":["post-1048","page","type-page","status-publish","has-post-thumbnail","hentry","category-enerji","category-urunler"],"aioseo_notices":[],"_links":{"self":[{"href":"https:\/\/vibemco.com\/tr\/wp-json\/wp\/v2\/pages\/1048","targetHints":{"allow":["GET"]}}],"collection":[{"href":"https:\/\/vibemco.com\/tr\/wp-json\/wp\/v2\/pages"}],"about":[{"href":"https:\/\/vibemco.com\/tr\/wp-json\/wp\/v2\/types\/page"}],"author":[{"embeddable":true,"href":"https:\/\/vibemco.com\/tr\/wp-json\/wp\/v2\/users\/1"}],"replies":[{"embeddable":true,"href":"https:\/\/vibemco.com\/tr\/wp-json\/wp\/v2\/comments?post=1048"}],"version-history":[{"count":8,"href":"https:\/\/vibemco.com\/tr\/wp-json\/wp\/v2\/pages\/1048\/revisions"}],"predecessor-version":[{"id":1745,"href":"https:\/\/vibemco.com\/tr\/wp-json\/wp\/v2\/pages\/1048\/revisions\/1745"}],"up":[{"embeddable":true,"href":"https:\/\/vibemco.com\/tr\/wp-json\/wp\/v2\/pages\/1496"}],"wp:featuredmedia":[{"embeddable":true,"href":"https:\/\/vibemco.com\/tr\/wp-json\/wp\/v2\/media\/885"}],"wp:attachment":[{"href":"https:\/\/vibemco.com\/tr\/wp-json\/wp\/v2\/media?parent=1048"}],"wp:term":[{"taxonomy":"category","embeddable":true,"href":"https:\/\/vibemco.com\/tr\/wp-json\/wp\/v2\/categories?post=1048"}],"curies":[{"name":"wp","href":"https:\/\/api.w.org\/{rel}","templated":true}]}}