{"id":1051,"date":"2024-05-08T12:39:26","date_gmt":"2024-05-08T12:39:26","guid":{"rendered":"https:\/\/vibemco.com\/?post_type=portfolio&#038;p=1051"},"modified":"2024-05-30T14:53:36","modified_gmt":"2024-05-30T11:53:36","slug":"trifaze-tam-otomatik-servo-voltaj-regulatoru","status":"publish","type":"page","link":"https:\/\/vibemco.com\/tr\/urunler\/enerji\/voltaj-regulatorleri\/trifaze-tam-otomatik-servo-voltaj-regulatoru\/","title":{"rendered":"Trifaze Tam Otomatik Servo Voltaj Reg\u00fclat\u00f6r\u00fc"},"content":{"rendered":"<div id='av_section_1'  class='avia-section av-66fs4r-eff3dd5f335b36004d615e94113822a8 main_color avia-section-default avia-no-border-styling  avia-builder-el-0  el_before_av_section  avia-builder-el-first  avia-bg-style-scroll container_wrap sidebar_right'  ><div class='container av-section-cont-open' ><main  role=\"main\" itemprop=\"mainContentOfPage\"  class='template-page content  av-content-small alpha units'><div class='post-entry post-entry-type-page post-entry-1051'><div class='entry-content-wrapper clearfix'>\n\n<style type=\"text\/css\" data-created_by=\"avia_inline_auto\" id=\"style-css-av-lvxpejud-da4d43f0b517c2bd582adc462a60875b\">\n#top .av-special-heading.av-lvxpejud-da4d43f0b517c2bd582adc462a60875b{\npadding-bottom:10px;\nfont-size:72px;\n}\nbody .av-special-heading.av-lvxpejud-da4d43f0b517c2bd582adc462a60875b .av-special-heading-tag .heading-char{\nfont-size:25px;\n}\n#top #wrap_all .av-special-heading.av-lvxpejud-da4d43f0b517c2bd582adc462a60875b .av-special-heading-tag{\nfont-size:72px;\n}\n.av-special-heading.av-lvxpejud-da4d43f0b517c2bd582adc462a60875b .av-subheading{\nfont-size:15px;\n}\n\n@media only screen and (min-width: 480px) and (max-width: 767px){ \n#top #wrap_all .av-special-heading.av-lvxpejud-da4d43f0b517c2bd582adc462a60875b .av-special-heading-tag{\nfont-size:0.8em;\n}\n}\n\n@media only screen and (max-width: 479px){ \n#top #wrap_all .av-special-heading.av-lvxpejud-da4d43f0b517c2bd582adc462a60875b .av-special-heading-tag{\nfont-size:0.8em;\n}\n}\n<\/style>\n<div  class='av-special-heading av-lvxpejud-da4d43f0b517c2bd582adc462a60875b av-special-heading-h1 blockquote modern-quote  avia-builder-el-1  el_before_av_one_half  avia-builder-el-first  av-thin-font av-inherit-size'><h1 class='av-special-heading-tag'  itemprop=\"headline\"  >TR\u0130FAZE TAM OTOMAT\u0130K<br \/>\nSERVO VOLTAJ REG\u00dcLAT\u00d6R\u00dc<strong>.<\/strong><\/h1><div class=\"special-heading-border\"><div class=\"special-heading-inner-border\"><\/div><\/div><\/div>\n<div  class='flex_column av-3y21qz-44a39ceca786c2b92c6da1f38a7cf37a av_one_half  avia-builder-el-2  el_after_av_heading  el_before_av_one_half  first flex_column_div av-animated-generic left-to-right  '     ><p>\n<style type=\"text\/css\" data-created_by=\"avia_inline_auto\" id=\"style-css-av-lvxt3xos-15c1e085f4658deff0d14cc8a929bf9f\">\n#top .hr.hr-invisible.av-lvxt3xos-15c1e085f4658deff0d14cc8a929bf9f{\nheight:10px;\n}\n<\/style>\n<div  class='hr av-lvxt3xos-15c1e085f4658deff0d14cc8a929bf9f hr-invisible  avia-builder-el-3  el_before_av_textblock  avia-builder-el-first '><span class='hr-inner '><span class=\"hr-inner-style\"><\/span><\/span><\/div><br \/>\n<section  class='av_textblock_section av-lvxt1e6e-02c6490acbb71457c38050efe16b76e3 '   itemscope=\"itemscope\" itemtype=\"https:\/\/schema.org\/CreativeWork\" ><div class='avia_textblock'  itemprop=\"text\" ><blockquote>\n<p>Voltaj Reg\u00fclat\u00f6rleri, a\u015f\u0131r\u0131 gerilime kar\u015f\u0131 ekipmanlar\u0131, makineleri veya d\u00fc\u015f\u00fck voltaj ve di\u011fer voltaj dalgalanmalar\u0131na kar\u015f\u0131 koruma sa\u011flar.<\/p>\n<\/blockquote>\n<\/div><\/section><br \/>\n\n<style type=\"text\/css\" data-created_by=\"avia_inline_auto\" id=\"style-css-av-lvxt43v0-f25e721a1855d3f34b590066a0cf782e\">\n#top .hr.hr-invisible.av-lvxt43v0-f25e721a1855d3f34b590066a0cf782e{\nheight:25px;\n}\n<\/style>\n<div  class='hr av-lvxt43v0-f25e721a1855d3f34b590066a0cf782e hr-invisible  avia-builder-el-5  el_after_av_textblock  el_before_av_textblock '><span class='hr-inner '><span class=\"hr-inner-style\"><\/span><\/span><\/div><br \/>\n<section  class='av_textblock_section av-lvxt3ami-51aadb0465856883d2d83075934aa810 '   itemscope=\"itemscope\" itemtype=\"https:\/\/schema.org\/CreativeWork\" ><div class='avia_textblock'  itemprop=\"text\" ><p><strong>GENEL \u00d6ZELL\u0130KLER\u00a0<\/strong><\/p>\n<ul>\n<li>\u00dc\u00e7 Faz Giri\u015f\/\u00dc\u00e7 Faz \u00c7\u0131k\u0131\u015f (3000 KVA&#8217;ya kadar)<\/li>\n<li>Do\u011frusal Olmayan y\u00fckler tahriki<\/li>\n<li>1 Faz giri\u015f 1 Faz \u00c7\u0131k\u0131\u015f<\/li>\n<li>Geni\u015f G\u00fc\u00e7 ve voltaj aral\u0131\u011f\u0131<\/li>\n<li>H\u0131zl\u0131 D\u00fczenleme<\/li>\n<li>Mikroi\u015flemci ve ak\u0131ll\u0131 S\u00fcr\u00fcc\u00fc sayesinde Y\u00fcksek G\u00fcvenilirlik<\/li>\n<li>Y\u00fcksek verim<\/li>\n<li>Kutup \u015farj anahtar\u0131 arac\u0131l\u0131\u011f\u0131yla Bypass&#8217;a y\u00fck aktar\u0131m\u0131<\/li>\n<li>A\u015f\u0131r\u0131 ak\u0131m ve a\u015f\u0131r\u0131 y\u00fck korumas\u0131 (\u0130ste\u011fe ba\u011fl\u0131)<\/li>\n<li>Dijital olarak g\u00f6r\u00fcnt\u00fclenen durum, giri\u015f ve \u00e7\u0131k\u0131\u015f \u00f6l\u00e7\u00fcmleri<\/li>\n<\/ul>\n<\/div><\/section><\/p><\/div><div  class='flex_column av-2slf6j-c04c5bb61eb93d90ac9489b9a412bfb1 av_one_half  avia-builder-el-7  el_after_av_one_half  avia-builder-el-last  flex_column_div av-animated-generic right-to-left  '     ><style type=\"text\/css\" data-created_by=\"avia_inline_auto\" id=\"style-css-av-lvxpes44-ba8b38082713daa6205218a95d6f35c2\">\n.avia-image-container.av-lvxpes44-ba8b38082713daa6205218a95d6f35c2 img.avia_image{\nbox-shadow:none;\n}\n.avia-image-container.av-lvxpes44-ba8b38082713daa6205218a95d6f35c2 .av-image-caption-overlay-center{\ncolor:#ffffff;\n}\n<\/style>\n<div  class='avia-image-container av-lvxpes44-ba8b38082713daa6205218a95d6f35c2 av-styling- avia-align-center  avia-builder-el-8  avia-builder-el-no-sibling '   itemprop=\"image\" itemscope=\"itemscope\" itemtype=\"https:\/\/schema.org\/ImageObject\" ><div class=\"avia-image-container-inner\"><div class=\"avia-image-overlay-wrap\"><img decoding=\"async\" fetchpriority=\"high\" class='wp-image-901 avia-img-lazy-loading-not-901 avia_image ' src=\"https:\/\/vibemco.com\/tr\/wp-content\/uploads\/2024\/05\/Voltage-1.png\" alt='' title='Voltage 1'  height=\"1000\" width=\"1000\"  itemprop=\"thumbnailUrl\" srcset=\"https:\/\/vibemco.com\/tr\/wp-content\/uploads\/2024\/05\/Voltage-1.png 1000w, https:\/\/vibemco.com\/tr\/wp-content\/uploads\/2024\/05\/Voltage-1-300x300.png 300w, https:\/\/vibemco.com\/tr\/wp-content\/uploads\/2024\/05\/Voltage-1-80x80.png 80w, https:\/\/vibemco.com\/tr\/wp-content\/uploads\/2024\/05\/Voltage-1-768x768.png 768w, https:\/\/vibemco.com\/tr\/wp-content\/uploads\/2024\/05\/Voltage-1-36x36.png 36w, https:\/\/vibemco.com\/tr\/wp-content\/uploads\/2024\/05\/Voltage-1-180x180.png 180w, https:\/\/vibemco.com\/tr\/wp-content\/uploads\/2024\/05\/Voltage-1-705x705.png 705w\" sizes=\"(max-width: 1000px) 100vw, 1000px\" \/><\/div><\/div><\/div><\/div><\/div><\/div><\/main><!-- close content main element --><\/div><\/div>\n<style type=\"text\/css\" data-created_by=\"avia_inline_auto\" id=\"style-css-av-xbmyqz-1aef9f34418b565d2dc57d2d0e4143d6\">\n.avia-section.av-xbmyqz-1aef9f34418b565d2dc57d2d0e4143d6{\nbackground-color:#ffffff;\nbackground-image:url(https:\/\/vibemco.com\/tr\/wp-content\/uploads\/2024\/05\/bg.png);\nbackground-repeat:no-repeat;\nbackground-position:50% 50%;\nbackground-attachment:fixed;\n}\n.avia-section.av-xbmyqz-1aef9f34418b565d2dc57d2d0e4143d6 .av-section-color-overlay{\nopacity:0.7;\nbackground-color:#0a0a0a;\n}\n<\/style>\n<div id='av_section_2'  class='avia-section av-xbmyqz-1aef9f34418b565d2dc57d2d0e4143d6 alternate_color avia-section-huge avia-no-border-styling  avia-builder-el-9  el_after_av_section  avia-builder-el-last  avia-full-stretch avia-bg-style-fixed av-section-color-overlay-active container_wrap sidebar_right'  data-section-bg-repeat='stretch'><div class=\"av-section-color-overlay-wrap\"><div class=\"av-section-color-overlay\"><\/div><div class='container av-section-cont-open' ><div class='template-page content  av-content-small alpha units'><div class='post-entry post-entry-type-page post-entry-1051'><div class='entry-content-wrapper clearfix'>\n\n<style type=\"text\/css\" data-created_by=\"avia_inline_auto\" id=\"style-css-av-lw0dbh55-52372851830ec4fbe1f69cccfcd383b6\">\n#top .av-special-heading.av-lw0dbh55-52372851830ec4fbe1f69cccfcd383b6{\npadding-bottom:20px;\nfont-size:50px;\n}\nbody .av-special-heading.av-lw0dbh55-52372851830ec4fbe1f69cccfcd383b6 .av-special-heading-tag .heading-char{\nfont-size:25px;\n}\n#top #wrap_all .av-special-heading.av-lw0dbh55-52372851830ec4fbe1f69cccfcd383b6 .av-special-heading-tag{\nfont-size:50px;\n}\n.av-special-heading.av-lw0dbh55-52372851830ec4fbe1f69cccfcd383b6 .av-subheading{\nfont-size:15px;\n}\n\n@media only screen and (min-width: 480px) and (max-width: 767px){ \n#top #wrap_all .av-special-heading.av-lw0dbh55-52372851830ec4fbe1f69cccfcd383b6 .av-special-heading-tag{\nfont-size:0.8em;\n}\n}\n\n@media only screen and (max-width: 479px){ \n#top #wrap_all .av-special-heading.av-lw0dbh55-52372851830ec4fbe1f69cccfcd383b6 .av-special-heading-tag{\nfont-size:0.8em;\n}\n}\n<\/style>\n<div  class='av-special-heading av-lw0dbh55-52372851830ec4fbe1f69cccfcd383b6 av-special-heading-h1 blockquote modern-quote modern-centered  avia-builder-el-10  el_before_av_one_full  avia-builder-el-first  av-thin-font av-inherit-size'><h1 class='av-special-heading-tag'  itemprop=\"headline\"  >\u00dcr\u00fcn Katalo\u011fumuzu \u0130nceley\u0130n<strong>.<\/strong><\/h1><div class=\"special-heading-border\"><div class=\"special-heading-inner-border\"><\/div><\/div><\/div>\n\n<style type=\"text\/css\" data-created_by=\"avia_inline_auto\" id=\"style-css-av-wmc1jf-31a1f812e63954d30b1b9d5e77623b5e\">\n.flex_column.av-wmc1jf-31a1f812e63954d30b1b9d5e77623b5e{\nborder-radius:0px 0px 0px 0px;\npadding:0px 0px 0px 0px;\n}\n<\/style>\n<div  class='flex_column av-wmc1jf-31a1f812e63954d30b1b9d5e77623b5e av_one_full  avia-builder-el-11  el_after_av_heading  el_before_av_hr  first flex_column_div av-zero-column-padding  '     ><div  class='avia-logo-element-container av-31w7nf-3a74192afa90a4ff4f9907782950ac8b av-border-deactivate avia-logo-slider avia-content-slider avia-smallarrow-slider avia-content-slider-active noHover avia-content-slider-odd  avia-builder-el-12  avia-builder-el-no-sibling  av-slideshow-ui av-control-default av-nav-arrows-visible av-nav-dots-visible av-no-slider-navigation av-slideshow-autoplay av-loop-endless av-loop-manual-endless avia-content-slider1' data-slideshow-options=\"{&quot;animation&quot;:&quot;slide&quot;,&quot;autoplay&quot;:true,&quot;loop_autoplay&quot;:&quot;endless&quot;,&quot;interval&quot;:2,&quot;loop_manual&quot;:&quot;manual-endless&quot;,&quot;autoplay_stopper&quot;:false,&quot;noNavigation&quot;:false,&quot;bg_slider&quot;:false,&quot;keep_padding&quot;:&quot;&quot;,&quot;hoverpause&quot;:false,&quot;show_slide_delay&quot;:0}\"><div class='avia-smallarrow-slider-heading  no-logo-slider-heading '><div class='new-special-heading'>&nbsp;<\/div><div class='avia-slideshow-arrows avia-slideshow-controls' ><a href='#prev' class='prev-slide ' aria-hidden='true' data-av_icon='\ue87c' data-av_iconfont='entypo-fontello'  tabindex='-1'>Previous<\/a><a href='#next' class='next-slide ' aria-hidden='true' data-av_icon='\ue87d' data-av_iconfont='entypo-fontello'  tabindex='-1'>Next<\/a><\/div><\/div><div class=\"avia-content-slider-inner\"><div class=\"slide-entry-wrap\"><div  class='slide-entry av-2y31dn-320ba0a6ebec03ad2c3e6cda7abd269a flex_column no_margin av_one_fifth real-thumbnail post-entry slide-entry-overview slide-loop-1 slide-parity-odd  first'><span class='av-partner-fake-img' style='padding-bottom:100%; background-image:url(https:\/\/vibemco.com\/tr\/wp-content\/uploads\/2024\/05\/Monafaze-Izolasyon-Trafolari-1-300x300.png);'><\/span><\/div><div  class='slide-entry av-qzjl6j-cc5a608c8597f80e93283283b1f2a4ea flex_column no_margin av_one_fifth real-thumbnail post-entry slide-entry-overview slide-loop-2 slide-parity-even  '><span class='av-partner-fake-img' style='padding-bottom:100%; background-image:url(https:\/\/vibemco.com\/tr\/wp-content\/uploads\/2024\/05\/Trifaze-harmonik-filtre-300x300.png);'><\/span><\/div><div  class='slide-entry av-pgix63-e3a8af5ddc6c9d61796da2537b21a22b flex_column no_margin av_one_fifth real-thumbnail post-entry slide-entry-overview slide-loop-3 slide-parity-odd  '><span class='av-partner-fake-img' style='padding-bottom:100%; background-image:url(https:\/\/vibemco.com\/tr\/wp-content\/uploads\/2024\/05\/Voltage-2-300x300.png);'><\/span><\/div><div  class='slide-entry av-nr1hiz-f20a1cfb5f386ebfcfaedcb1e43466b5 flex_column no_margin av_one_fifth real-thumbnail post-entry slide-entry-overview slide-loop-4 slide-parity-even  '><span class='av-partner-fake-img' style='padding-bottom:100%; background-image:url(https:\/\/vibemco.com\/tr\/wp-content\/uploads\/2024\/05\/Trifaze-Izolasyon-Trafosu-300x300.png);'><\/span><\/div><div  class='slide-entry av-ls0orv-1bfd533d640c10007de4c77f8eced77b flex_column no_margin av_one_fifth real-thumbnail post-entry slide-entry-overview slide-loop-5 slide-parity-odd  '><span class='av-partner-fake-img' style='padding-bottom:100%; background-image:url(https:\/\/vibemco.com\/tr\/wp-content\/uploads\/2024\/05\/Voltage-1-300x300.png);'><\/span><\/div><\/div><div class=\"slide-entry-wrap\"><div  class='slide-entry av-lgsvqj-c202f6aa4c17e73ef2d6d130535c1cd3 flex_column no_margin av_one_fifth real-thumbnail post-entry slide-entry-overview slide-loop-6 slide-parity-odd  first'><span class='av-partner-fake-img' style='padding-bottom:100%; background-image:url(https:\/\/vibemco.com\/tr\/wp-content\/uploads\/2024\/05\/MOTOR-SURUCU-300x300.png);'><\/span><\/div><div  class='slide-entry av-jjpqp7-a8f89eeed70791bbe6beaacf01f6bff4 flex_column no_margin av_one_fifth real-thumbnail post-entry slide-entry-overview slide-loop-7 slide-parity-even  '><span class='av-partner-fake-img' style='padding-bottom:100%; background-image:url(https:\/\/vibemco.com\/tr\/wp-content\/uploads\/2024\/05\/Regulator-300x300.png);'><\/span><\/div><div  class='slide-entry av-gso2i3-5c9eb98022b13373262992140b070952 flex_column no_margin av_one_fifth real-thumbnail post-entry slide-entry-overview slide-loop-8 slide-parity-odd  '><span class='av-partner-fake-img' style='padding-bottom:100%; background-image:url(https:\/\/vibemco.com\/tr\/wp-content\/uploads\/2024\/05\/REDRESOR-300x300.png);'><\/span><\/div><div  class='slide-entry av-g9izej-3d308864f2afd5f665bfe9553c95d126 flex_column no_margin av_one_fifth real-thumbnail post-entry slide-entry-overview slide-loop-9 slide-parity-even  '><span class='av-partner-fake-img' style='padding-bottom:100%; background-image:url(https:\/\/vibemco.com\/tr\/wp-content\/uploads\/2024\/05\/Power-Supply-300x300.png);'><\/span><\/div><div  class='slide-entry av-eos5qj-1b22ca153337568edb611cde63a2d52b flex_column no_margin av_one_fifth real-thumbnail post-entry slide-entry-overview slide-loop-10 slide-parity-odd  '><span class='av-partner-fake-img' style='padding-bottom:100%; background-image:url(https:\/\/vibemco.com\/tr\/wp-content\/uploads\/2024\/05\/OTO-TRAFO-300x300.png);'><\/span><\/div><\/div><div class=\"slide-entry-wrap\"><div  class='slide-entry av-ciw8dn-dbca0c76a67e3b94d4a4c9030b2ebda3 flex_column no_margin av_one_fifth real-thumbnail post-entry slide-entry-overview slide-loop-11 slide-parity-odd  first'><span class='av-partner-fake-img' style='padding-bottom:100%; background-image:url(https:\/\/vibemco.com\/tr\/wp-content\/uploads\/2024\/05\/MEDIKAL-TRAFO-300x300.png);'><\/span><\/div><div  class='slide-entry av-avmqtn-2f27c971f353fd19277ab9cb5c928663 flex_column no_margin av_one_fifth real-thumbnail post-entry slide-entry-overview slide-loop-12 slide-parity-even  '><span class='av-partner-fake-img' style='padding-bottom:100%; background-image:url(https:\/\/vibemco.com\/tr\/wp-content\/uploads\/2024\/05\/Invertor-300x300.png);'><\/span><\/div><div  class='slide-entry av-9wwyjf-ac00b8af5b214cd6e61a387bd162912e flex_column no_margin av_one_fifth real-thumbnail post-entry slide-entry-overview slide-loop-13 slide-parity-odd  '><span class='av-partner-fake-img' style='padding-bottom:100%; background-image:url(https:\/\/vibemco.com\/tr\/wp-content\/uploads\/2024\/05\/HAT-REAKTOR-300x300.png);'><\/span><\/div><div  class='slide-entry av-6vwx3v-883e40a4aecf564f544971159e4b960f flex_column no_margin av_one_fifth real-thumbnail post-entry slide-entry-overview slide-loop-14 slide-parity-even  '><span class='av-partner-fake-img' style='padding-bottom:100%; background-image:url(https:\/\/vibemco.com\/tr\/wp-content\/uploads\/2024\/05\/Frenleme-Direnci-2-300x300.png);'><\/span><\/div><div  class='slide-entry av-6g97wb-a74c1cdc5d608adffacfdbd009f6fdeb flex_column no_margin av_one_fifth real-thumbnail post-entry slide-entry-overview slide-loop-15 slide-parity-odd post-entry-last '><span class='av-partner-fake-img' style='padding-bottom:100%; background-image:url(https:\/\/vibemco.com\/tr\/wp-content\/uploads\/2024\/05\/AKIM-TRAFO-300x300.png);'><\/span><\/div><\/div><\/div><\/div><\/div>\n<style type=\"text\/css\" data-created_by=\"avia_inline_auto\" id=\"style-css-av-43m8jf-d2bf970c6843deae90b14e28389f33cb\">\n#top .hr.hr-invisible.av-43m8jf-d2bf970c6843deae90b14e28389f33cb{\nheight:50px;\n}\n<\/style>\n<div  class='hr av-43m8jf-d2bf970c6843deae90b14e28389f33cb hr-invisible  avia-builder-el-13  el_after_av_one_full  el_before_av_button '><span class='hr-inner '><span class=\"hr-inner-style\"><\/span><\/span><\/div>\n<div  class='avia-button-wrap av-1xqybv-fbbbda4f34ea32d1cd273144dcc81406-wrap avia-button-center  avia-builder-el-14  el_after_av_hr  avia-builder-el-last '><a href='https:\/\/vibemco.com\/wp-content\/uploads\/2024\/05\/VIBEMCO-PRODUCT-CATALOGUE-2024-.pdf'  class='avia-button av-1xqybv-fbbbda4f34ea32d1cd273144dcc81406 av-download-btn noLightbox avia-icon_select-yes-right-icon avia-size-large avia-position-center av-icon-on-hover avia-color-light' download ><span class='avia_iconbox_title' >Katalo\u011fu \u0130ndir<\/span><span class='avia_button_icon avia_button_icon_right' aria-hidden='true' data-av_icon='\ue879' data-av_iconfont='entypo-fontello'><\/span><\/a><\/div>\n<\/div><\/div><\/div><!-- close content main div --><\/div><\/div><\/div><div id='after_section_2'  class='main_color av_default_container_wrap container_wrap sidebar_right'  ><div class='container av-section-cont-open' ><div class='template-page content  av-content-small alpha units'><div class='post-entry post-entry-type-page post-entry-1051'><div class='entry-content-wrapper clearfix'><\/p>\n","protected":false},"excerpt":{"rendered":"","protected":false},"author":1,"featured_media":901,"parent":1566,"menu_order":0,"comment_status":"closed","ping_status":"closed","template":"","meta":{"footnotes":""},"categories":[28,30,3],"class_list":["post-1051","page","type-page","status-publish","has-post-thumbnail","hentry","category-enerji","category-gerilim-stabilizatorleri","category-urunler"],"aioseo_notices":[],"_links":{"self":[{"href":"https:\/\/vibemco.com\/tr\/wp-json\/wp\/v2\/pages\/1051","targetHints":{"allow":["GET"]}}],"collection":[{"href":"https:\/\/vibemco.com\/tr\/wp-json\/wp\/v2\/pages"}],"about":[{"href":"https:\/\/vibemco.com\/tr\/wp-json\/wp\/v2\/types\/page"}],"author":[{"embeddable":true,"href":"https:\/\/vibemco.com\/tr\/wp-json\/wp\/v2\/users\/1"}],"replies":[{"embeddable":true,"href":"https:\/\/vibemco.com\/tr\/wp-json\/wp\/v2\/comments?post=1051"}],"version-history":[{"count":9,"href":"https:\/\/vibemco.com\/tr\/wp-json\/wp\/v2\/pages\/1051\/revisions"}],"predecessor-version":[{"id":1381,"href":"https:\/\/vibemco.com\/tr\/wp-json\/wp\/v2\/pages\/1051\/revisions\/1381"}],"up":[{"embeddable":true,"href":"https:\/\/vibemco.com\/tr\/wp-json\/wp\/v2\/pages\/1566"}],"wp:featuredmedia":[{"embeddable":true,"href":"https:\/\/vibemco.com\/tr\/wp-json\/wp\/v2\/media\/901"}],"wp:attachment":[{"href":"https:\/\/vibemco.com\/tr\/wp-json\/wp\/v2\/media?parent=1051"}],"wp:term":[{"taxonomy":"category","embeddable":true,"href":"https:\/\/vibemco.com\/tr\/wp-json\/wp\/v2\/categories?post=1051"}],"curies":[{"name":"wp","href":"https:\/\/api.w.org\/{rel}","templated":true}]}}