{"id":1064,"date":"2024-05-08T12:56:24","date_gmt":"2024-05-08T12:56:24","guid":{"rendered":"https:\/\/vibemco.com\/?post_type=portfolio&#038;p=1064"},"modified":"2024-05-28T17:18:48","modified_gmt":"2024-05-28T14:18:48","slug":"redresorler","status":"publish","type":"page","link":"https:\/\/vibemco.com\/tr\/urunler\/enerji\/redresorler\/","title":{"rendered":"Redres\u00f6rler"},"content":{"rendered":"<div id='av_section_1'  class='avia-section av-clegug-941ef7852b7841317450a4bcdedb5bf2 main_color avia-section-default avia-no-border-styling  avia-builder-el-0  el_before_av_section  avia-builder-el-first  avia-bg-style-scroll container_wrap sidebar_right'  ><div class='container av-section-cont-open' ><main  role=\"main\" itemprop=\"mainContentOfPage\"  class='template-page content  av-content-small alpha units'><div class='post-entry post-entry-type-page post-entry-1064'><div class='entry-content-wrapper clearfix'>\n\n<style type=\"text\/css\" data-created_by=\"avia_inline_auto\" id=\"style-css-av-and18o-33af99b9569c83608c19c2d1d8ff44a0\">\n#top .av-special-heading.av-and18o-33af99b9569c83608c19c2d1d8ff44a0{\npadding-bottom:10px;\nfont-size:72px;\n}\nbody .av-special-heading.av-and18o-33af99b9569c83608c19c2d1d8ff44a0 .av-special-heading-tag .heading-char{\nfont-size:25px;\n}\n#top #wrap_all .av-special-heading.av-and18o-33af99b9569c83608c19c2d1d8ff44a0 .av-special-heading-tag{\nfont-size:72px;\n}\n.av-special-heading.av-and18o-33af99b9569c83608c19c2d1d8ff44a0 .av-subheading{\nfont-size:15px;\n}\n\n@media only screen and (min-width: 480px) and (max-width: 767px){ \n#top #wrap_all .av-special-heading.av-and18o-33af99b9569c83608c19c2d1d8ff44a0 .av-special-heading-tag{\nfont-size:0.8em;\n}\n}\n\n@media only screen and (max-width: 479px){ \n#top #wrap_all .av-special-heading.av-and18o-33af99b9569c83608c19c2d1d8ff44a0 .av-special-heading-tag{\nfont-size:0.8em;\n}\n}\n<\/style>\n<div  class='av-special-heading av-and18o-33af99b9569c83608c19c2d1d8ff44a0 av-special-heading-h1 blockquote modern-quote  avia-builder-el-1  el_before_av_one_half  avia-builder-el-first  av-thin-font av-inherit-size'><h1 class='av-special-heading-tag'  itemprop=\"headline\"  >REDRES\u00d6RLER<strong>.<\/strong><\/h1><div class=\"special-heading-border\"><div class=\"special-heading-inner-border\"><\/div><\/div><\/div>\n<div  class='flex_column av-9b2zso-22682031f28a607fc135b59fd38d32bd av_one_half  avia-builder-el-2  el_after_av_heading  el_before_av_one_half  first flex_column_div av-animated-generic left-to-right  '     ><p>\n<style type=\"text\/css\" data-created_by=\"avia_inline_auto\" id=\"style-css-av-lvxtpzq3-2e989d045d431c6f636905287e8d042c\">\n#top .hr.hr-invisible.av-lvxtpzq3-2e989d045d431c6f636905287e8d042c{\nheight:10px;\n}\n<\/style>\n<div  class='hr av-lvxtpzq3-2e989d045d431c6f636905287e8d042c hr-invisible  avia-builder-el-3  el_before_av_textblock  avia-builder-el-first '><span class='hr-inner '><span class=\"hr-inner-style\"><\/span><\/span><\/div><br \/>\n<section  class='av_textblock_section av-7r66dk-964d0c594be5fda256de5581fd5da388 '   itemscope=\"itemscope\" itemtype=\"https:\/\/schema.org\/CreativeWork\" ><div class='avia_textblock'  itemprop=\"text\" ><blockquote>\n<p>Redres\u00f6rler, sal\u0131n\u0131ml\u0131 iki y\u00f6nl\u00fc alternatif ak\u0131m\u0131 (AC) tek y\u00f6nl\u00fc do\u011fru ak\u0131ma (DC) d\u00f6n\u00fc\u015ft\u00fcren bir cihazd\u0131r. Do\u011frultucu ve SMPS, DC sinyallerini elde etmek i\u00e7in kullan\u0131l\u0131r.<\/p>\n<\/blockquote>\n<\/div><\/section><br \/>\n\n<style type=\"text\/css\" data-created_by=\"avia_inline_auto\" id=\"style-css-av-lvxtq4lq-b4b251f3ef69db38e7695a02faa68c7b\">\n#top .hr.hr-invisible.av-lvxtq4lq-b4b251f3ef69db38e7695a02faa68c7b{\nheight:25px;\n}\n<\/style>\n<div  class='hr av-lvxtq4lq-b4b251f3ef69db38e7695a02faa68c7b hr-invisible  avia-builder-el-5  el_after_av_textblock  el_before_av_textblock '><span class='hr-inner '><span class=\"hr-inner-style\"><\/span><\/span><\/div><br \/>\n<section  class='av_textblock_section av-5re5oo-def327aa99e18e37014fbaf3d18eafd6 '   itemscope=\"itemscope\" itemtype=\"https:\/\/schema.org\/CreativeWork\" ><div class='avia_textblock'  itemprop=\"text\" ><p><strong>KULLANIM ALANLARI<\/strong><\/p>\n<ul>\n<li>Rayl\u0131 sistemler<\/li>\n<li>Hidroelektrik g\u00fc\u00e7 fabrikalar\u0131<\/li>\n<li>G\u00fcne\u015f Enerjisi santralleri<\/li>\n<\/ul>\n<\/div><\/section><\/p><\/div><div  class='flex_column av-40ukl4-90b7cacec49c1d4ccdd8f2af0113cccc av_one_half  avia-builder-el-7  el_after_av_one_half  avia-builder-el-last  flex_column_div av-animated-generic right-to-left  '     ><style type=\"text\/css\" data-created_by=\"avia_inline_auto\" id=\"style-css-av-38b9k8-7d37b962d67039f676f5ad8e9a2d953e\">\n.avia-image-container.av-38b9k8-7d37b962d67039f676f5ad8e9a2d953e img.avia_image{\nbox-shadow:none;\n}\n.avia-image-container.av-38b9k8-7d37b962d67039f676f5ad8e9a2d953e .av-image-caption-overlay-center{\ncolor:#ffffff;\n}\n<\/style>\n<div  class='avia-image-container av-38b9k8-7d37b962d67039f676f5ad8e9a2d953e av-styling- avia-align-center  avia-builder-el-8  avia-builder-el-no-sibling '   itemprop=\"image\" itemscope=\"itemscope\" itemtype=\"https:\/\/schema.org\/ImageObject\" ><div class=\"avia-image-container-inner\"><div class=\"avia-image-overlay-wrap\"><img decoding=\"async\" fetchpriority=\"high\" class='wp-image-897 avia-img-lazy-loading-not-897 avia_image ' src=\"https:\/\/vibemco.com\/tr\/wp-content\/uploads\/2024\/05\/REDRESOR.png\" alt='' title='REDRESOR'  height=\"1000\" width=\"1000\"  itemprop=\"thumbnailUrl\" srcset=\"https:\/\/vibemco.com\/tr\/wp-content\/uploads\/2024\/05\/REDRESOR.png 1000w, https:\/\/vibemco.com\/tr\/wp-content\/uploads\/2024\/05\/REDRESOR-300x300.png 300w, https:\/\/vibemco.com\/tr\/wp-content\/uploads\/2024\/05\/REDRESOR-80x80.png 80w, https:\/\/vibemco.com\/tr\/wp-content\/uploads\/2024\/05\/REDRESOR-768x768.png 768w, https:\/\/vibemco.com\/tr\/wp-content\/uploads\/2024\/05\/REDRESOR-36x36.png 36w, https:\/\/vibemco.com\/tr\/wp-content\/uploads\/2024\/05\/REDRESOR-180x180.png 180w, https:\/\/vibemco.com\/tr\/wp-content\/uploads\/2024\/05\/REDRESOR-705x705.png 705w\" sizes=\"(max-width: 1000px) 100vw, 1000px\" \/><\/div><\/div><\/div><\/div><\/div><\/div><\/main><!-- close content main element --><\/div><\/div>\n<style type=\"text\/css\" data-created_by=\"avia_inline_auto\" id=\"style-css-av-y40hg8-6d57caa6b871f04d752d620cd5e44499\">\n.avia-section.av-y40hg8-6d57caa6b871f04d752d620cd5e44499{\nbackground-color:#ffffff;\nbackground-image:url(https:\/\/vibemco.com\/tr\/wp-content\/uploads\/2024\/05\/bg.png);\nbackground-repeat:no-repeat;\nbackground-position:50% 50%;\nbackground-attachment:fixed;\n}\n.avia-section.av-y40hg8-6d57caa6b871f04d752d620cd5e44499 .av-section-color-overlay{\nopacity:0.7;\nbackground-color:#0a0a0a;\n}\n<\/style>\n<div id='av_section_2'  class='avia-section av-y40hg8-6d57caa6b871f04d752d620cd5e44499 alternate_color avia-section-huge avia-no-border-styling  avia-builder-el-9  el_after_av_section  avia-builder-el-last  avia-full-stretch avia-bg-style-fixed av-section-color-overlay-active container_wrap sidebar_right'  data-section-bg-repeat='stretch'><div class=\"av-section-color-overlay-wrap\"><div class=\"av-section-color-overlay\"><\/div><div class='container av-section-cont-open' ><div class='template-page content  av-content-small alpha units'><div class='post-entry post-entry-type-page post-entry-1064'><div class='entry-content-wrapper clearfix'>\n\n<style type=\"text\/css\" data-created_by=\"avia_inline_auto\" id=\"style-css-av-lw0cr9yd-25558bf1a4cffe6a7e869adb42c2426e\">\n#top .av-special-heading.av-lw0cr9yd-25558bf1a4cffe6a7e869adb42c2426e{\npadding-bottom:20px;\nfont-size:50px;\n}\nbody .av-special-heading.av-lw0cr9yd-25558bf1a4cffe6a7e869adb42c2426e .av-special-heading-tag .heading-char{\nfont-size:25px;\n}\n#top #wrap_all .av-special-heading.av-lw0cr9yd-25558bf1a4cffe6a7e869adb42c2426e .av-special-heading-tag{\nfont-size:50px;\n}\n.av-special-heading.av-lw0cr9yd-25558bf1a4cffe6a7e869adb42c2426e .av-subheading{\nfont-size:15px;\n}\n\n@media only screen and (min-width: 480px) and (max-width: 767px){ \n#top #wrap_all .av-special-heading.av-lw0cr9yd-25558bf1a4cffe6a7e869adb42c2426e .av-special-heading-tag{\nfont-size:0.8em;\n}\n}\n\n@media only screen and (max-width: 479px){ \n#top #wrap_all .av-special-heading.av-lw0cr9yd-25558bf1a4cffe6a7e869adb42c2426e .av-special-heading-tag{\nfont-size:0.8em;\n}\n}\n<\/style>\n<div  class='av-special-heading av-lw0cr9yd-25558bf1a4cffe6a7e869adb42c2426e av-special-heading-h1 blockquote modern-quote modern-centered  avia-builder-el-10  el_before_av_one_full  avia-builder-el-first  av-thin-font av-inherit-size'><h1 class='av-special-heading-tag'  itemprop=\"headline\"  >\u00dcr\u00fcn Katalo\u011fumuzu \u0130nceley\u0130n<strong>.<\/strong><\/h1><div class=\"special-heading-border\"><div class=\"special-heading-inner-border\"><\/div><\/div><\/div>\n\n<style type=\"text\/css\" data-created_by=\"avia_inline_auto\" id=\"style-css-av-wht5co-4287cd58d2fbeb5a17b02fa628bfa302\">\n.flex_column.av-wht5co-4287cd58d2fbeb5a17b02fa628bfa302{\nborder-radius:0px 0px 0px 0px;\npadding:0px 0px 0px 0px;\n}\n<\/style>\n<div  class='flex_column av-wht5co-4287cd58d2fbeb5a17b02fa628bfa302 av_one_full  avia-builder-el-11  el_after_av_heading  el_before_av_hr  first flex_column_div av-zero-column-padding  '     ><div  class='avia-logo-element-container av-u3408o-68da38df76e199e6f67d6cf7f26b77ac av-border-deactivate avia-logo-slider avia-content-slider avia-smallarrow-slider avia-content-slider-active noHover avia-content-slider-odd  avia-builder-el-12  avia-builder-el-no-sibling  av-slideshow-ui av-control-default av-nav-arrows-visible av-nav-dots-visible av-no-slider-navigation av-slideshow-autoplay av-loop-endless av-loop-manual-endless avia-content-slider1' data-slideshow-options=\"{&quot;animation&quot;:&quot;slide&quot;,&quot;autoplay&quot;:true,&quot;loop_autoplay&quot;:&quot;endless&quot;,&quot;interval&quot;:2,&quot;loop_manual&quot;:&quot;manual-endless&quot;,&quot;autoplay_stopper&quot;:false,&quot;noNavigation&quot;:false,&quot;bg_slider&quot;:false,&quot;keep_padding&quot;:&quot;&quot;,&quot;hoverpause&quot;:false,&quot;show_slide_delay&quot;:0}\"><div class='avia-smallarrow-slider-heading  no-logo-slider-heading '><div class='new-special-heading'>&nbsp;<\/div><div class='avia-slideshow-arrows avia-slideshow-controls' ><a href='#prev' class='prev-slide ' aria-hidden='true' data-av_icon='\ue87c' data-av_iconfont='entypo-fontello'  tabindex='-1'>Previous<\/a><a href='#next' class='next-slide ' aria-hidden='true' data-av_icon='\ue87d' data-av_iconfont='entypo-fontello'  tabindex='-1'>Next<\/a><\/div><\/div><div class=\"avia-content-slider-inner\"><div class=\"slide-entry-wrap\"><div  class='slide-entry av-sm3ctk-26bd916ef792846e9fc9d6d046dd7250 flex_column no_margin av_one_fifth real-thumbnail post-entry slide-entry-overview slide-loop-1 slide-parity-odd  first'><span class='av-partner-fake-img' style='padding-bottom:100%; background-image:url(https:\/\/vibemco.com\/tr\/wp-content\/uploads\/2024\/05\/Monafaze-Izolasyon-Trafolari-1-300x300.png);'><\/span><\/div><div  class='slide-entry av-qs8dvs-34454de096d3f5d823c7df9bc49703b6 flex_column no_margin av_one_fifth real-thumbnail post-entry slide-entry-overview slide-loop-2 slide-parity-even  '><span class='av-partner-fake-img' style='padding-bottom:100%; background-image:url(https:\/\/vibemco.com\/tr\/wp-content\/uploads\/2024\/05\/Trifaze-harmonik-filtre-300x300.png);'><\/span><\/div><div  class='slide-entry av-2kzxig-6bf4a43f1b7844406825ec4f094b1a17 flex_column no_margin av_one_fifth real-thumbnail post-entry slide-entry-overview slide-loop-3 slide-parity-odd  '><span class='av-partner-fake-img' style='padding-bottom:100%; background-image:url(https:\/\/vibemco.com\/tr\/wp-content\/uploads\/2024\/05\/Voltage-2-300x300.png);'><\/span><\/div><div  class='slide-entry av-oogjq0-a131e58ee24e1b21401a50515a4da63a flex_column no_margin av_one_fifth real-thumbnail post-entry slide-entry-overview slide-loop-4 slide-parity-even  '><span class='av-partner-fake-img' style='padding-bottom:100%; background-image:url(https:\/\/vibemco.com\/tr\/wp-content\/uploads\/2024\/05\/Trifaze-Izolasyon-Trafosu-300x300.png);'><\/span><\/div><div  class='slide-entry av-272te0-566fc0d0c6edca89f24958fa5bf373a4 flex_column no_margin av_one_fifth real-thumbnail post-entry slide-entry-overview slide-loop-5 slide-parity-odd  '><span class='av-partner-fake-img' style='padding-bottom:100%; background-image:url(https:\/\/vibemco.com\/tr\/wp-content\/uploads\/2024\/05\/Voltage-1-300x300.png);'><\/span><\/div><\/div><div class=\"slide-entry-wrap\"><div  class='slide-entry av-24fv6g-5bdb35a5ee81a2d684c11155a1f4094d flex_column no_margin av_one_fifth real-thumbnail post-entry slide-entry-overview slide-loop-6 slide-parity-odd  first'><span class='av-partner-fake-img' style='padding-bottom:100%; background-image:url(https:\/\/vibemco.com\/tr\/wp-content\/uploads\/2024\/05\/MOTOR-SURUCU-300x300.png);'><\/span><\/div><div  class='slide-entry av-jt16bs-9850bd1354901dee8a9f5bf49d038ef4 flex_column no_margin av_one_fifth real-thumbnail post-entry slide-entry-overview slide-loop-7 slide-parity-even  '><span class='av-partner-fake-img' style='padding-bottom:100%; background-image:url(https:\/\/vibemco.com\/tr\/wp-content\/uploads\/2024\/05\/Regulator-300x300.png);'><\/span><\/div><div  class='slide-entry av-gxym2w-a20923379c5bfff63466d751ab7c60ab flex_column no_margin av_one_fifth real-thumbnail post-entry slide-entry-overview slide-loop-8 slide-parity-odd  '><span class='av-partner-fake-img' style='padding-bottom:100%; background-image:url(https:\/\/vibemco.com\/tr\/wp-content\/uploads\/2024\/05\/REDRESOR-300x300.png);'><\/span><\/div><div  class='slide-entry av-ge6dnc-cccb4928671381cd6369be8461ea48c1 flex_column no_margin av_one_fifth real-thumbnail post-entry slide-entry-overview slide-loop-9 slide-parity-even  '><span class='av-partner-fake-img' style='padding-bottom:100%; background-image:url(https:\/\/vibemco.com\/tr\/wp-content\/uploads\/2024\/05\/Power-Supply-300x300.png);'><\/span><\/div><div  class='slide-entry av-etuzjc-23f55b8ac6dc1279f3f802fd63dfbdca flex_column no_margin av_one_fifth real-thumbnail post-entry slide-entry-overview slide-loop-10 slide-parity-odd  '><span class='av-partner-fake-img' style='padding-bottom:100%; background-image:url(https:\/\/vibemco.com\/tr\/wp-content\/uploads\/2024\/05\/OTO-TRAFO-300x300.png);'><\/span><\/div><\/div><div class=\"slide-entry-wrap\"><div  class='slide-entry av-c6of20-4855ec18558db3f65c23f12d4dba1ad7 flex_column no_margin av_one_fifth real-thumbnail post-entry slide-entry-overview slide-loop-11 slide-parity-odd  first'><span class='av-partner-fake-img' style='padding-bottom:100%; background-image:url(https:\/\/vibemco.com\/tr\/wp-content\/uploads\/2024\/05\/MEDIKAL-TRAFO-300x300.png);'><\/span><\/div><div  class='slide-entry av-b9yfnc-8b152fcd23aaaf2401f311b29056f69f flex_column no_margin av_one_fifth real-thumbnail post-entry slide-entry-overview slide-loop-12 slide-parity-even  '><span class='av-partner-fake-img' style='padding-bottom:100%; background-image:url(https:\/\/vibemco.com\/tr\/wp-content\/uploads\/2024\/05\/Invertor-300x300.png);'><\/span><\/div><div  class='slide-entry av-961vqg-2b8b8ac69ef9ba8c66224051dd8729ac flex_column no_margin av_one_fifth real-thumbnail post-entry slide-entry-overview slide-loop-13 slide-parity-odd  '><span class='av-partner-fake-img' style='padding-bottom:100%; background-image:url(https:\/\/vibemco.com\/tr\/wp-content\/uploads\/2024\/05\/HAT-REAKTOR-300x300.png);'><\/span><\/div><div  class='slide-entry av-75fuso-017d3cea51731e87869dbe3081fe14c1 flex_column no_margin av_one_fifth real-thumbnail post-entry slide-entry-overview slide-loop-14 slide-parity-even  '><span class='av-partner-fake-img' style='padding-bottom:100%; background-image:url(https:\/\/vibemco.com\/tr\/wp-content\/uploads\/2024\/05\/Frenleme-Direnci-2-300x300.png);'><\/span><\/div><div  class='slide-entry av-6ht5so-a23b7add1ecab0459d96b31e777b141f flex_column no_margin av_one_fifth real-thumbnail post-entry slide-entry-overview slide-loop-15 slide-parity-odd post-entry-last '><span class='av-partner-fake-img' style='padding-bottom:100%; background-image:url(https:\/\/vibemco.com\/tr\/wp-content\/uploads\/2024\/05\/AKIM-TRAFO-300x300.png);'><\/span><\/div><\/div><\/div><\/div><\/div>\n<style type=\"text\/css\" data-created_by=\"avia_inline_auto\" id=\"style-css-av-3iqs2w-36b6face15d1a07b2ebfdcf32419bde2\">\n#top .hr.hr-invisible.av-3iqs2w-36b6face15d1a07b2ebfdcf32419bde2{\nheight:50px;\n}\n<\/style>\n<div  class='hr av-3iqs2w-36b6face15d1a07b2ebfdcf32419bde2 hr-invisible  avia-builder-el-13  el_after_av_one_full  el_before_av_button '><span class='hr-inner '><span class=\"hr-inner-style\"><\/span><\/span><\/div>\n<div  class='avia-button-wrap av-2casd4-f9d590f055959132959ec7472a638c21-wrap avia-button-center  avia-builder-el-14  el_after_av_hr  avia-builder-el-last '><a href='https:\/\/vibemco.com\/wp-content\/uploads\/2024\/05\/VIBEMCO-PRODUCT-CATALOGUE-2024-.pdf'  class='avia-button av-2casd4-f9d590f055959132959ec7472a638c21 av-download-btn noLightbox avia-icon_select-yes-right-icon avia-size-large avia-position-center av-icon-on-hover avia-color-light' download ><span class='avia_iconbox_title' >Katalo\u011fu \u0130ndir<\/span><span class='avia_button_icon avia_button_icon_right' aria-hidden='true' data-av_icon='\ue879' data-av_iconfont='entypo-fontello'><\/span><\/a><\/div>\n<\/div><\/div><\/div><!-- close content main div --><\/div><\/div><\/div><div id='after_section_2'  class='main_color av_default_container_wrap container_wrap sidebar_right'  ><div class='container av-section-cont-open' ><div class='template-page content  av-content-small alpha units'><div class='post-entry post-entry-type-page post-entry-1064'><div class='entry-content-wrapper clearfix'><\/p>\n","protected":false},"excerpt":{"rendered":"","protected":false},"author":1,"featured_media":897,"parent":1496,"menu_order":7,"comment_status":"closed","ping_status":"closed","template":"","meta":{"footnotes":""},"categories":[28,3],"class_list":["post-1064","page","type-page","status-publish","has-post-thumbnail","hentry","category-enerji","category-urunler"],"aioseo_notices":[],"_links":{"self":[{"href":"https:\/\/vibemco.com\/tr\/wp-json\/wp\/v2\/pages\/1064","targetHints":{"allow":["GET"]}}],"collection":[{"href":"https:\/\/vibemco.com\/tr\/wp-json\/wp\/v2\/pages"}],"about":[{"href":"https:\/\/vibemco.com\/tr\/wp-json\/wp\/v2\/types\/page"}],"author":[{"embeddable":true,"href":"https:\/\/vibemco.com\/tr\/wp-json\/wp\/v2\/users\/1"}],"replies":[{"embeddable":true,"href":"https:\/\/vibemco.com\/tr\/wp-json\/wp\/v2\/comments?post=1064"}],"version-history":[{"count":7,"href":"https:\/\/vibemco.com\/tr\/wp-json\/wp\/v2\/pages\/1064\/revisions"}],"predecessor-version":[{"id":1565,"href":"https:\/\/vibemco.com\/tr\/wp-json\/wp\/v2\/pages\/1064\/revisions\/1565"}],"up":[{"embeddable":true,"href":"https:\/\/vibemco.com\/tr\/wp-json\/wp\/v2\/pages\/1496"}],"wp:featuredmedia":[{"embeddable":true,"href":"https:\/\/vibemco.com\/tr\/wp-json\/wp\/v2\/media\/897"}],"wp:attachment":[{"href":"https:\/\/vibemco.com\/tr\/wp-json\/wp\/v2\/media?parent=1064"}],"wp:term":[{"taxonomy":"category","embeddable":true,"href":"https:\/\/vibemco.com\/tr\/wp-json\/wp\/v2\/categories?post=1064"}],"curies":[{"name":"wp","href":"https:\/\/api.w.org\/{rel}","templated":true}]}}