{"id":1408,"date":"2024-05-20T11:01:22","date_gmt":"2024-05-20T11:01:22","guid":{"rendered":"https:\/\/vibemco.com\/?page_id=1408"},"modified":"2024-05-28T17:20:45","modified_gmt":"2024-05-28T14:20:45","slug":"zemin-kesme-makineleri","status":"publish","type":"page","link":"https:\/\/vibemco.com\/tr\/urunler\/makineler\/zemin-kesme-makineleri\/","title":{"rendered":"Zemin Kesme Makineleri"},"content":{"rendered":"<div  class='flex_column av-20vp8w-d18060e4bb8346fdd378fa00c794f77e av_one_full  avia-builder-el-0  el_before_av_hr  avia-builder-el-first  first flex_column_div  '     ><p>\n<style type=\"text\/css\" data-created_by=\"avia_inline_auto\" id=\"style-css-av-lweybdrd-fac0fd99bf970853ea0ad0dd0fa6c45a\">\n#top .av-special-heading.av-lweybdrd-fac0fd99bf970853ea0ad0dd0fa6c45a{\npadding-bottom:10px;\nfont-size:72px;\n}\nbody .av-special-heading.av-lweybdrd-fac0fd99bf970853ea0ad0dd0fa6c45a .av-special-heading-tag .heading-char{\nfont-size:25px;\n}\n#top #wrap_all .av-special-heading.av-lweybdrd-fac0fd99bf970853ea0ad0dd0fa6c45a .av-special-heading-tag{\nfont-size:72px;\n}\n.av-special-heading.av-lweybdrd-fac0fd99bf970853ea0ad0dd0fa6c45a .av-subheading{\nfont-size:15px;\n}\n\n@media only screen and (min-width: 480px) and (max-width: 767px){ \n#top #wrap_all .av-special-heading.av-lweybdrd-fac0fd99bf970853ea0ad0dd0fa6c45a .av-special-heading-tag{\nfont-size:0.8em;\n}\n}\n\n@media only screen and (max-width: 479px){ \n#top #wrap_all .av-special-heading.av-lweybdrd-fac0fd99bf970853ea0ad0dd0fa6c45a .av-special-heading-tag{\nfont-size:0.8em;\n}\n}\n<\/style>\n<div  class='av-special-heading av-lweybdrd-fac0fd99bf970853ea0ad0dd0fa6c45a av-special-heading-h1 blockquote modern-quote  avia-builder-el-1  el_before_av_hr  avia-builder-el-first  av-thin-font av-inherit-size'><h1 class='av-special-heading-tag'  itemprop=\"headline\"  >Zem\u0130n Kesme Mak\u0130neler\u0130<strong>.<\/strong><\/h1><div class=\"special-heading-border\"><div class=\"special-heading-inner-border\"><\/div><\/div><\/div><br \/>\n\n<style type=\"text\/css\" data-created_by=\"avia_inline_auto\" id=\"style-css-av-lwey4yw7-377ac205d7817e21e6d9f4d19d47c0ce\">\n#top .hr.hr-invisible.av-lwey4yw7-377ac205d7817e21e6d9f4d19d47c0ce{\nheight:20px;\n}\n<\/style>\n<div  class='hr av-lwey4yw7-377ac205d7817e21e6d9f4d19d47c0ce hr-invisible  avia-builder-el-2  el_after_av_heading  el_before_av_textblock '><span class='hr-inner '><span class=\"hr-inner-style\"><\/span><\/span><\/div><br \/>\n<section  class='av_textblock_section av-lwey9v9v-098298601fa7d9d4a05d03a99ae2735e '   itemscope=\"itemscope\" itemtype=\"https:\/\/schema.org\/CreativeWork\" ><div class='avia_textblock'  itemprop=\"text\" ><p>Vibemco Machinery&#8217;nin Asfalt Betonu Derz Kesme Makineleri, y\u00fczeyleri hassas ve verimli bir \u015fekilde haz\u0131rlamak i\u00e7in m\u00fckemmel \u00e7\u00f6z\u00fcmd\u00fcr! Benzinli, dizel ve elektrikli se\u00e7enekleri bulunan bu makineler, \u00e7ok \u00e7e\u015fitli ihtiya\u00e7lara cevap veriyor. Elektrikli modeller \u00e7evre dostudur ve kapal\u0131 alanlar i\u00e7in m\u00fckemmeldir; dizel ve benzinli modeller ise dayan\u0131kl\u0131d\u0131r ve her t\u00fcrl\u00fc ortama uyum sa\u011flayabilir.<\/p>\n<blockquote>\n<p>Manuel, yar\u0131 otomatik veya tam otomatik y\u00fcr\u00fcme sistemleri ve kapal\u0131 veya a\u00e7\u0131k kabinler, tek veya \u00e7ift tarafl\u0131 kesim dahil \u00e7ok y\u00f6nl\u00fc b\u0131\u00e7ak konfig\u00fcrasyonlar\u0131 ile bu makineler her ihtiyac\u0131n\u0131z\u0131 kar\u015f\u0131layacak \u015fekilde tasarlanm\u0131\u015ft\u0131r.<\/p>\n<\/blockquote>\n<\/div><\/section><\/p><\/div>\n<style type=\"text\/css\" data-created_by=\"avia_inline_auto\" id=\"style-css-av-lweybnid-03b2eabd67bb65ba6532b98dc329017d\">\n#top .hr.hr-invisible.av-lweybnid-03b2eabd67bb65ba6532b98dc329017d{\nheight:75px;\n}\n<\/style>\n<div  class='hr av-lweybnid-03b2eabd67bb65ba6532b98dc329017d hr-invisible  avia-builder-el-4  el_after_av_one_full  el_before_av_one_half '><span class='hr-inner '><span class=\"hr-inner-style\"><\/span><\/span><\/div><\/p>\n<div  class='flex_column av-9s8i00-92f9f3f6f82f2a10d1a9bf6645ce0920 av_one_half  avia-builder-el-5  el_after_av_hr  el_before_av_one_half  first flex_column_div  '     ><p>\n<style type=\"text\/css\" data-created_by=\"avia_inline_auto\" id=\"style-css-av-lwepan6u-1c7d9df112dd0bf17cda9296d40b8f7f\">\n#top .av-special-heading.av-lwepan6u-1c7d9df112dd0bf17cda9296d40b8f7f{\npadding-bottom:10px;\n}\nbody .av-special-heading.av-lwepan6u-1c7d9df112dd0bf17cda9296d40b8f7f .av-special-heading-tag .heading-char{\nfont-size:25px;\n}\n.av-special-heading.av-lwepan6u-1c7d9df112dd0bf17cda9296d40b8f7f .av-subheading{\nfont-size:15px;\n}\n<\/style>\n<div  class='av-special-heading av-lwepan6u-1c7d9df112dd0bf17cda9296d40b8f7f av-special-heading-h2 blockquote modern-quote  avia-builder-el-6  el_before_av_hr  avia-builder-el-first '><h2 class='av-special-heading-tag'  itemprop=\"headline\"  >VIBEMCO VB 310D ZEM\u0130N KESME MAK\u0130NES\u0130 (ASFALT VE BETON)<\/h2><div class=\"special-heading-border\"><div class=\"special-heading-inner-border\"><\/div><\/div><\/div><br \/>\n\n<style type=\"text\/css\" data-created_by=\"avia_inline_auto\" id=\"style-css-av-76r0lc-ad98f68273aa64b80eb1590fc8e36f73\">\n#top .hr.hr-invisible.av-76r0lc-ad98f68273aa64b80eb1590fc8e36f73{\nheight:50px;\n}\n<\/style>\n<div  class='hr av-76r0lc-ad98f68273aa64b80eb1590fc8e36f73 hr-invisible  avia-builder-el-7  el_after_av_heading  el_before_av_image '><span class='hr-inner '><span class=\"hr-inner-style\"><\/span><\/span><\/div><br \/>\n\n<style type=\"text\/css\" data-created_by=\"avia_inline_auto\" id=\"style-css-av-lweuvknu-52bdd32b40967f019a2b331b17bf73aa\">\n.avia-image-container.av-lweuvknu-52bdd32b40967f019a2b331b17bf73aa img.avia_image{\nbox-shadow:none;\n}\n.avia-image-container.av-lweuvknu-52bdd32b40967f019a2b331b17bf73aa .av-image-caption-overlay-center{\ncolor:#ffffff;\n}\n<\/style>\n<div  class='avia-image-container av-lweuvknu-52bdd32b40967f019a2b331b17bf73aa av-styling- avia-align-center  avia-builder-el-8  el_after_av_hr  el_before_av_hr '   itemprop=\"image\" itemscope=\"itemscope\" itemtype=\"https:\/\/schema.org\/ImageObject\" ><div class=\"avia-image-container-inner\"><div class=\"avia-image-overlay-wrap\"><img decoding=\"async\" fetchpriority=\"high\" class='wp-image-1411 avia-img-lazy-loading-not-1411 avia_image ' src=\"https:\/\/vibemco.com\/tr\/wp-content\/uploads\/2024\/05\/Vibemco-VB-310D-Asfalt-Beton-Derz-Acma-Makinasi-1.png\" alt='' title='Vibemco-VB-310D-Asfalt-Beton-Derz-Acma-Makinasi'  height=\"333\" width=\"500\"  itemprop=\"thumbnailUrl\" srcset=\"https:\/\/vibemco.com\/tr\/wp-content\/uploads\/2024\/05\/Vibemco-VB-310D-Asfalt-Beton-Derz-Acma-Makinasi-1.png 500w, https:\/\/vibemco.com\/tr\/wp-content\/uploads\/2024\/05\/Vibemco-VB-310D-Asfalt-Beton-Derz-Acma-Makinasi-1-300x200.png 300w\" sizes=\"(max-width: 500px) 100vw, 500px\" \/><\/div><\/div><\/div><br \/>\n\n<style type=\"text\/css\" data-created_by=\"avia_inline_auto\" id=\"style-css-av-lwepea78-78b1938d64dd3093d714c02f42be480e\">\n#top .hr.hr-invisible.av-lwepea78-78b1938d64dd3093d714c02f42be480e{\nheight:50px;\n}\n<\/style>\n<div  class='hr av-lwepea78-78b1938d64dd3093d714c02f42be480e hr-invisible  avia-builder-el-9  el_after_av_image  el_before_av_button '><span class='hr-inner '><span class=\"hr-inner-style\"><\/span><\/span><\/div><br \/>\n<div  class='avia-button-wrap av-lwepirhe-3da6537f9a955001d60360632d008535-wrap avia-button-center  avia-builder-el-10  el_after_av_hr  el_before_av_hr '>\n<style type=\"text\/css\" data-created_by=\"avia_inline_auto\" id=\"style-css-av-lwepirhe-3da6537f9a955001d60360632d008535\">\n#top #wrap_all .avia-button.av-lwepirhe-3da6537f9a955001d60360632d008535:hover{\ncolor:black;\ntransition:all 0.4s ease-in-out;\n}\n<\/style>\n<a href=''  class='avia-button av-lwepirhe-3da6537f9a955001d60360632d008535 av-link-btn avia-icon_select-yes-right-icon avia-size-medium avia-position-center avia-color-theme-color-highlight avia-font-color-theme-color-highlight'  ><span class='avia_iconbox_title' >\u00dcr\u00fcn Detaylar\u0131<\/span><span class='avia_button_icon avia_button_icon_right' aria-hidden='true' data-av_icon='\ue879' data-av_iconfont='entypo-fontello'><\/span><span class='avia_button_background avia-button avia-color-light' ><\/span><\/a><\/div><br \/>\n\n<style type=\"text\/css\" data-created_by=\"avia_inline_auto\" id=\"style-css-av-lweym2u7-1bc9594c07b0f6e7fba90025bbaa52c4\">\n#top .hr.hr-invisible.av-lweym2u7-1bc9594c07b0f6e7fba90025bbaa52c4{\nheight:75px;\n}\n<\/style>\n<div  class='hr av-lweym2u7-1bc9594c07b0f6e7fba90025bbaa52c4 hr-invisible  avia-builder-el-11  el_after_av_button  avia-builder-el-last  av-desktop-hide'><span class='hr-inner '><span class=\"hr-inner-style\"><\/span><\/span><\/div><\/p><\/div>\n<div  class='flex_column av-5y0i74-c9ea15dd528e4f094571f6c0f25e401e av_one_half  avia-builder-el-12  el_after_av_one_half  avia-builder-el-last  flex_column_div  '     ><p>\n<style type=\"text\/css\" data-created_by=\"avia_inline_auto\" id=\"style-css-av-lwepb4k0-56052961138d235d04dbaa83b15eca8f\">\n#top .av-special-heading.av-lwepb4k0-56052961138d235d04dbaa83b15eca8f{\npadding-bottom:10px;\n}\nbody .av-special-heading.av-lwepb4k0-56052961138d235d04dbaa83b15eca8f .av-special-heading-tag .heading-char{\nfont-size:25px;\n}\n.av-special-heading.av-lwepb4k0-56052961138d235d04dbaa83b15eca8f .av-subheading{\nfont-size:15px;\n}\n<\/style>\n<div  class='av-special-heading av-lwepb4k0-56052961138d235d04dbaa83b15eca8f av-special-heading-h2 blockquote modern-quote  avia-builder-el-13  el_before_av_hr  avia-builder-el-first '><h2 class='av-special-heading-tag'  itemprop=\"headline\"  >VIBEMCO VB 313 KESME MAK\u0130NES\u0130<br \/>\n(ASFALT VE BETON)<\/h2><div class=\"special-heading-border\"><div class=\"special-heading-inner-border\"><\/div><\/div><\/div><br \/>\n\n<style type=\"text\/css\" data-created_by=\"avia_inline_auto\" id=\"style-css-av-3rfacg-a1f98c63ea07aee36e4601c50dcb5290\">\n#top .hr.hr-invisible.av-3rfacg-a1f98c63ea07aee36e4601c50dcb5290{\nheight:50px;\n}\n<\/style>\n<div  class='hr av-3rfacg-a1f98c63ea07aee36e4601c50dcb5290 hr-invisible  avia-builder-el-14  el_after_av_heading  el_before_av_image '><span class='hr-inner '><span class=\"hr-inner-style\"><\/span><\/span><\/div><br \/>\n\n<style type=\"text\/css\" data-created_by=\"avia_inline_auto\" id=\"style-css-av-lweuv9nv-a5b4849dc6013d9c6da9f06886886c7f\">\n.avia-image-container.av-lweuv9nv-a5b4849dc6013d9c6da9f06886886c7f img.avia_image{\nbox-shadow:none;\n}\n.avia-image-container.av-lweuv9nv-a5b4849dc6013d9c6da9f06886886c7f .av-image-caption-overlay-center{\ncolor:#ffffff;\n}\n<\/style>\n<div  class='avia-image-container av-lweuv9nv-a5b4849dc6013d9c6da9f06886886c7f av-styling- avia-align-center  avia-builder-el-15  el_after_av_hr  el_before_av_hr '   itemprop=\"image\" itemscope=\"itemscope\" itemtype=\"https:\/\/schema.org\/ImageObject\" ><div class=\"avia-image-container-inner\"><div class=\"avia-image-overlay-wrap\"><img decoding=\"async\" fetchpriority=\"high\" class='wp-image-1410 avia-img-lazy-loading-not-1410 avia_image ' src=\"https:\/\/vibemco.com\/tr\/wp-content\/uploads\/2024\/05\/VIBEMCO-VB-313-KESME-MAKINESI-ASFALT-VE-BETON.png\" alt='' title='VIBEMCO VB 313 KESME MAKI\u0307NESI\u0307 (ASFALT VE BETON)'  height=\"333\" width=\"500\"  itemprop=\"thumbnailUrl\" srcset=\"https:\/\/vibemco.com\/tr\/wp-content\/uploads\/2024\/05\/VIBEMCO-VB-313-KESME-MAKINESI-ASFALT-VE-BETON.png 500w, https:\/\/vibemco.com\/tr\/wp-content\/uploads\/2024\/05\/VIBEMCO-VB-313-KESME-MAKINESI-ASFALT-VE-BETON-300x200.png 300w\" sizes=\"(max-width: 500px) 100vw, 500px\" \/><\/div><\/div><\/div><br \/>\n\n<style type=\"text\/css\" data-created_by=\"avia_inline_auto\" id=\"style-css-av-lwepj0ow-5490fdf826ad6b42644b1d13dfbade08\">\n#top .hr.hr-invisible.av-lwepj0ow-5490fdf826ad6b42644b1d13dfbade08{\nheight:50px;\n}\n<\/style>\n<div  class='hr av-lwepj0ow-5490fdf826ad6b42644b1d13dfbade08 hr-invisible  avia-builder-el-16  el_after_av_image  el_before_av_button '><span class='hr-inner '><span class=\"hr-inner-style\"><\/span><\/span><\/div><br \/>\n<div  class='avia-button-wrap av-29o24w-452dc445c56f5436e2aeb54540329fd3-wrap avia-button-center  avia-builder-el-17  el_after_av_hr  avia-builder-el-last '>\n<style type=\"text\/css\" data-created_by=\"avia_inline_auto\" id=\"style-css-av-29o24w-452dc445c56f5436e2aeb54540329fd3\">\n#top #wrap_all .avia-button.av-29o24w-452dc445c56f5436e2aeb54540329fd3:hover{\ncolor:black;\ntransition:all 0.4s ease-in-out;\n}\n<\/style>\n<a href=''  class='avia-button av-29o24w-452dc445c56f5436e2aeb54540329fd3 av-link-btn avia-icon_select-yes-right-icon avia-size-medium avia-position-center avia-color-theme-color-highlight avia-font-color-theme-color-highlight'  ><span class='avia_iconbox_title' >\u00dcr\u00fcn Detaylar\u0131<\/span><span class='avia_button_icon avia_button_icon_right' aria-hidden='true' data-av_icon='\ue879' data-av_iconfont='entypo-fontello'><\/span><span class='avia_button_background avia-button avia-color-light' ><\/span><\/a><\/div><\/p><\/div>\n","protected":false},"excerpt":{"rendered":"","protected":false},"author":1,"featured_media":0,"parent":1546,"menu_order":0,"comment_status":"closed","ping_status":"closed","template":"","meta":{"footnotes":""},"categories":[34,3],"class_list":["post-1408","page","type-page","status-publish","hentry","category-makineler","category-urunler"],"aioseo_notices":[],"_links":{"self":[{"href":"https:\/\/vibemco.com\/tr\/wp-json\/wp\/v2\/pages\/1408","targetHints":{"allow":["GET"]}}],"collection":[{"href":"https:\/\/vibemco.com\/tr\/wp-json\/wp\/v2\/pages"}],"about":[{"href":"https:\/\/vibemco.com\/tr\/wp-json\/wp\/v2\/types\/page"}],"author":[{"embeddable":true,"href":"https:\/\/vibemco.com\/tr\/wp-json\/wp\/v2\/users\/1"}],"replies":[{"embeddable":true,"href":"https:\/\/vibemco.com\/tr\/wp-json\/wp\/v2\/comments?post=1408"}],"version-history":[{"count":28,"href":"https:\/\/vibemco.com\/tr\/wp-json\/wp\/v2\/pages\/1408\/revisions"}],"predecessor-version":[{"id":1641,"href":"https:\/\/vibemco.com\/tr\/wp-json\/wp\/v2\/pages\/1408\/revisions\/1641"}],"up":[{"embeddable":true,"href":"https:\/\/vibemco.com\/tr\/wp-json\/wp\/v2\/pages\/1546"}],"wp:attachment":[{"href":"https:\/\/vibemco.com\/tr\/wp-json\/wp\/v2\/media?parent=1408"}],"wp:term":[{"taxonomy":"category","embeddable":true,"href":"https:\/\/vibemco.com\/tr\/wp-json\/wp\/v2\/categories?post=1408"}],"curies":[{"name":"wp","href":"https:\/\/api.w.org\/{rel}","templated":true}]}}