{"id":1491,"date":"2024-05-28T15:20:12","date_gmt":"2024-05-28T12:20:12","guid":{"rendered":"https:\/\/vibemco.com\/tr\/?page_id=1491"},"modified":"2024-05-29T10:26:38","modified_gmt":"2024-05-29T07:26:38","slug":"urunler","status":"publish","type":"page","link":"https:\/\/vibemco.com\/tr\/urunler\/","title":{"rendered":"\u00dcr\u00fcnler"},"content":{"rendered":"<div id='av_section_1'  class='avia-section av-av_section-33a9d2291b82d61b6f805bbb74b4477c main_color avia-section-large avia-no-border-styling  avia-builder-el-0  el_before_av_masonry_entries  avia-builder-el-first  avia-bg-style-scroll container_wrap sidebar_right'  ><div class='container av-section-cont-open' ><main  role=\"main\" itemprop=\"mainContentOfPage\"  class='template-page content  av-content-small alpha units'><div class='post-entry post-entry-type-page post-entry-1491'><div class='entry-content-wrapper clearfix'>\n\n<style type=\"text\/css\" data-created_by=\"avia_inline_auto\" id=\"style-css-av-av_heading-d1c9d1201588daea4ef0abd6917358a0\">\n#top .av-special-heading.av-av_heading-d1c9d1201588daea4ef0abd6917358a0{\npadding-bottom:30px;\nfont-size:70px;\n}\nbody .av-special-heading.av-av_heading-d1c9d1201588daea4ef0abd6917358a0 .av-special-heading-tag .heading-char{\nfont-size:25px;\n}\n#top #wrap_all .av-special-heading.av-av_heading-d1c9d1201588daea4ef0abd6917358a0 .av-special-heading-tag{\nfont-size:70px;\n}\n.av-special-heading.av-av_heading-d1c9d1201588daea4ef0abd6917358a0 .av-subheading{\nfont-size:15px;\n}\n\n@media only screen and (min-width: 480px) and (max-width: 767px){ \n#top #wrap_all .av-special-heading.av-av_heading-d1c9d1201588daea4ef0abd6917358a0 .av-special-heading-tag{\nfont-size:0.8em;\n}\n}\n\n@media only screen and (max-width: 479px){ \n#top #wrap_all .av-special-heading.av-av_heading-d1c9d1201588daea4ef0abd6917358a0 .av-special-heading-tag{\nfont-size:0.8em;\n}\n}\n<\/style>\n<div  class='av-special-heading av-av_heading-d1c9d1201588daea4ef0abd6917358a0 av-special-heading-h1 blockquote modern-quote  avia-builder-el-1  el_before_av_one_full  avia-builder-el-first  av-thin-font av-inherit-size'><h1 class='av-special-heading-tag'  itemprop=\"headline\"  >\u00dcR\u00dcNLER\u0130M\u0130Z<strong>.<\/strong><\/h1><div class=\"special-heading-border\"><div class=\"special-heading-inner-border\"><\/div><\/div><\/div>\n\n<style type=\"text\/css\" data-created_by=\"avia_inline_auto\" id=\"style-css-av-av_one_full-068220c8262444be99a83ad265bdcedb\">\n.flex_column.av-av_one_full-068220c8262444be99a83ad265bdcedb{\nborder-radius:0px 0px 0px 0px;\npadding:0px 0px 0px 0px;\n}\n<\/style>\n<div  class='flex_column av-av_one_full-068220c8262444be99a83ad265bdcedb av_one_full  avia-builder-el-2  el_after_av_heading  el_before_av_hr  first flex_column_div av-zero-column-padding  '     ><section  class='av_textblock_section av-av_textblock-7f8506aaef676c283cec0776b38bb511 '   itemscope=\"itemscope\" itemtype=\"https:\/\/schema.org\/CreativeWork\" ><div class='avia_textblock'  itemprop=\"text\" ><blockquote>\n<p>Vibemco Teknoloji, geni\u015f bir \u00fcr\u00fcn ve hizmet yelpazesi i\u00e7eren y\u00fcksek kaliteli Enerji Verimlili\u011fi \u00c7\u00f6z\u00fcmleri \u00fcretmeye kendini adam\u0131\u015ft\u0131r.<\/p>\n<\/blockquote>\n<\/div><\/section><\/div>\n<style type=\"text\/css\" data-created_by=\"avia_inline_auto\" id=\"style-css-av-av_hr-5ca9877b71e9c9b08aa2f47115800ed3\">\n#top .hr.hr-invisible.av-av_hr-5ca9877b71e9c9b08aa2f47115800ed3{\nheight:50px;\n}\n<\/style>\n<div  class='hr av-av_hr-5ca9877b71e9c9b08aa2f47115800ed3 hr-invisible  avia-builder-el-4  el_after_av_one_full  avia-builder-el-last '><span class='hr-inner '><span class=\"hr-inner-style\"><\/span><\/span><\/div>\n\n\n<style type=\"text\/css\" data-created_by=\"avia_inline_auto\" id=\"style-css-av-av_masonry_entries-009931f0582fe08396b798eee12d37c8\">\n#top .av-masonry.av-av_masonry_entries-009931f0582fe08396b798eee12d37c8{\nbackground-color:#191919;\n}\n<\/style>\n<div id='av-masonry-1' class='av-masonry av-av_masonry_entries-009931f0582fe08396b798eee12d37c8 noHover av-fixed-size av-no-gap av-hover-overlay-active av-masonry-animation-active av-masonry-col-5 av-caption-always av-caption-style- av-masonry-entries av-orientation-square ' data-post_id=\"1491\"><div class=\"av-masonry-container isotope av-js-disabled\"><div class='av-masonry-entry isotope-item av-masonry-item-no-image '><\/div><a href=\"https:\/\/vibemco.com\/tr\/urunler\/enerji\/ag-akim-transformatorleri\/\"  id='av-masonry-1-item-575' data-av-masonry-item='575' class='av-masonry-entry isotope-item post-575 page type-page status-publish has-post-thumbnail hentry category-enerji category-urunler  av-masonry-item-with-image' title=\"AKIM TRAFO\"   itemscope=\"itemscope\" itemtype=\"https:\/\/schema.org\/CreativeWork\" ><div class='av-inner-masonry-sizer'><\/div><figure class='av-inner-masonry main_color'><div class=\"av-masonry-outerimage-container\"><div class='av-masonry-image-container' style=\"background-image: url(https:\/\/vibemco.com\/tr\/wp-content\/uploads\/2024\/05\/AKIM-TRAFO.png);\"  title=\"AKIM TRAFO\"  ><\/div><\/div><figcaption class='av-inner-masonry-content site-background'><div class='av-inner-masonry-content-pos'><div class='av-inner-masonry-content-pos-content'><div class='avia-arrow'><\/div><h3 class='av-masonry-entry-title entry-title '  itemprop=\"headline\" >AG Ak\u0131m Transformat\u00f6rleri<\/h3><\/div><\/div><\/figcaption><\/figure><\/a><!--end av-masonry entry--><a href=\"https:\/\/vibemco.com\/tr\/urunler\/enerji\/ag-kondansatorler\/\"  id='av-masonry-1-item-1048' data-av-masonry-item='1048' class='av-masonry-entry isotope-item post-1048 page type-page status-publish has-post-thumbnail hentry category-enerji category-urunler  av-masonry-item-with-image' title=\"AG KONDANSOTER\"   itemscope=\"itemscope\" itemtype=\"https:\/\/schema.org\/CreativeWork\" ><div class='av-inner-masonry-sizer'><\/div><figure class='av-inner-masonry main_color'><div class=\"av-masonry-outerimage-container\"><div class='av-masonry-image-container' style=\"background-image: url(https:\/\/vibemco.com\/tr\/wp-content\/uploads\/2024\/05\/AG-KONDANSOTER.png);\"  title=\"AG KONDANSOTER\"  ><\/div><\/div><figcaption class='av-inner-masonry-content site-background'><div class='av-inner-masonry-content-pos'><div class='av-inner-masonry-content-pos-content'><div class='avia-arrow'><\/div><h3 class='av-masonry-entry-title entry-title '  itemprop=\"headline\" >AG Kondansat\u00f6rler<\/h3><\/div><\/div><\/figcaption><\/figure><\/a><!--end av-masonry entry--><a href=\"https:\/\/vibemco.com\/tr\/urunler\/enerji\/ag-reaktorler\/harmonik-filtre-reaktorleri\/\"  id='av-masonry-1-item-1032' data-av-masonry-item='1032' class='av-masonry-entry isotope-item post-1032 page type-page status-publish has-post-thumbnail hentry category-ag-reaktorler category-enerji category-urunler  av-masonry-item-with-image' title=\"Trifaze harmonik filtre\"   itemscope=\"itemscope\" itemtype=\"https:\/\/schema.org\/CreativeWork\" ><div class='av-inner-masonry-sizer'><\/div><figure class='av-inner-masonry main_color'><div class=\"av-masonry-outerimage-container\"><div class='av-masonry-image-container' style=\"background-image: url(https:\/\/vibemco.com\/tr\/wp-content\/uploads\/2024\/05\/Trifaze-harmonik-filtre.png);\"  title=\"Trifaze harmonik filtre\"  ><\/div><\/div><figcaption class='av-inner-masonry-content site-background'><div class='av-inner-masonry-content-pos'><div class='av-inner-masonry-content-pos-content'><div class='avia-arrow'><\/div><h3 class='av-masonry-entry-title entry-title '  itemprop=\"headline\" >Harmonik Filtre Reakt\u00f6r\u00fc<\/h3><\/div><\/div><\/figcaption><\/figure><\/a><!--end av-masonry entry--><a href=\"https:\/\/vibemco.com\/tr\/urunler\/enerji\/sont-reaktorler\/hat-reactor\/\"  id='av-masonry-1-item-1041' data-av-masonry-item='1041' class='av-masonry-entry isotope-item post-1041 page type-page status-publish has-post-thumbnail hentry category-enerji category-sont-reaktorler category-urunler  av-masonry-item-with-image' title=\"HAT REAKTOR\"   itemscope=\"itemscope\" itemtype=\"https:\/\/schema.org\/CreativeWork\" ><div class='av-inner-masonry-sizer'><\/div><figure class='av-inner-masonry main_color'><div class=\"av-masonry-outerimage-container\"><div class='av-masonry-image-container' style=\"background-image: url(https:\/\/vibemco.com\/tr\/wp-content\/uploads\/2024\/05\/HAT-REAKTOR.png);\"  title=\"HAT REAKTOR\"  ><\/div><\/div><figcaption class='av-inner-masonry-content site-background'><div class='av-inner-masonry-content-pos'><div class='av-inner-masonry-content-pos-content'><div class='avia-arrow'><\/div><h3 class='av-masonry-entry-title entry-title '  itemprop=\"headline\" >Hat Reakt\u00f6rleri<\/h3><\/div><\/div><\/figcaption><\/figure><\/a><!--end av-masonry entry--><a href=\"https:\/\/vibemco.com\/tr\/urunler\/enerji\/invertorler\/\"  id='av-masonry-1-item-1069' data-av-masonry-item='1069' class='av-masonry-entry isotope-item post-1069 page type-page status-publish has-post-thumbnail hentry category-enerji category-urunler  av-masonry-item-with-image' title=\"Invertor\"   itemscope=\"itemscope\" itemtype=\"https:\/\/schema.org\/CreativeWork\" ><div class='av-inner-masonry-sizer'><\/div><figure class='av-inner-masonry main_color'><div class=\"av-masonry-outerimage-container\"><div class='av-masonry-image-container' style=\"background-image: url(https:\/\/vibemco.com\/tr\/wp-content\/uploads\/2024\/05\/Invertor.png);\"  title=\"Invertor\"  ><\/div><\/div><figcaption class='av-inner-masonry-content site-background'><div class='av-inner-masonry-content-pos'><div class='av-inner-masonry-content-pos-content'><div class='avia-arrow'><\/div><h3 class='av-masonry-entry-title entry-title '  itemprop=\"headline\" >Invert\u00f6rler<\/h3><\/div><\/div><\/figcaption><\/figure><\/a><!--end av-masonry entry--><a href=\"https:\/\/vibemco.com\/tr\/urunler\/enerji\/medikal-transformatorler\/\"  id='av-masonry-1-item-576' data-av-masonry-item='576' class='av-masonry-entry isotope-item post-576 page type-page status-publish has-post-thumbnail hentry category-enerji category-urunler  av-masonry-item-with-image' title=\"MEDIKAL TRAFO\"   itemscope=\"itemscope\" itemtype=\"https:\/\/schema.org\/CreativeWork\" ><div class='av-inner-masonry-sizer'><\/div><figure class='av-inner-masonry main_color'><div class=\"av-masonry-outerimage-container\"><div class='av-masonry-image-container' style=\"background-image: url(https:\/\/vibemco.com\/tr\/wp-content\/uploads\/2024\/05\/MEDIKAL-TRAFO.png);\"  title=\"MEDIKAL TRAFO\"  ><\/div><\/div><figcaption class='av-inner-masonry-content site-background'><div class='av-inner-masonry-content-pos'><div class='av-inner-masonry-content-pos-content'><div class='avia-arrow'><\/div><h3 class='av-masonry-entry-title entry-title '  itemprop=\"headline\" >Medikal Transformat\u00f6rler<\/h3><\/div><\/div><\/figcaption><\/figure><\/a><!--end av-masonry entry--><a href=\"https:\/\/vibemco.com\/tr\/urunler\/enerji\/izolasyon-transformatorleri\/monofaze-izolasyon-trafosu\/\"  id='av-masonry-1-item-580' data-av-masonry-item='580' class='av-masonry-entry isotope-item post-580 page type-page status-publish has-post-thumbnail hentry category-enerji category-izolasyon-transformatorleri category-urunler  av-masonry-item-with-image' title=\"Monafaze Izolasyon Trafolari\"   itemscope=\"itemscope\" itemtype=\"https:\/\/schema.org\/CreativeWork\" ><div class='av-inner-masonry-sizer'><\/div><figure class='av-inner-masonry main_color'><div class=\"av-masonry-outerimage-container\"><div class='av-masonry-image-container' style=\"background-image: url(https:\/\/vibemco.com\/tr\/wp-content\/uploads\/2024\/05\/Monafaze-Izolasyon-Trafolari-1.png);\"  title=\"Monafaze Izolasyon Trafolari\"  ><\/div><\/div><figcaption class='av-inner-masonry-content site-background'><div class='av-inner-masonry-content-pos'><div class='av-inner-masonry-content-pos-content'><div class='avia-arrow'><\/div><h3 class='av-masonry-entry-title entry-title '  itemprop=\"headline\" >Monofaze \u0130zolasyon Transformat\u00f6r\u00fc<\/h3><\/div><\/div><\/figcaption><\/figure><\/a><!--end av-masonry entry--><a href=\"https:\/\/vibemco.com\/tr\/urunler\/enerji\/voltaj-regulatorleri\/monofaze-voltaj-regulatoru\/\"  id='av-masonry-1-item-1056' data-av-masonry-item='1056' class='av-masonry-entry isotope-item post-1056 page type-page status-publish has-post-thumbnail hentry category-enerji category-gerilim-stabilizatorleri category-urunler  av-masonry-item-with-image' title=\"Voltage 2\"   itemscope=\"itemscope\" itemtype=\"https:\/\/schema.org\/CreativeWork\" ><div class='av-inner-masonry-sizer'><\/div><figure class='av-inner-masonry main_color'><div class=\"av-masonry-outerimage-container\"><div class='av-masonry-image-container' style=\"background-image: url(https:\/\/vibemco.com\/tr\/wp-content\/uploads\/2024\/05\/Voltage-2.png);\"  title=\"Voltage 2\"  ><\/div><\/div><figcaption class='av-inner-masonry-content site-background'><div class='av-inner-masonry-content-pos'><div class='av-inner-masonry-content-pos-content'><div class='avia-arrow'><\/div><h3 class='av-masonry-entry-title entry-title '  itemprop=\"headline\" >Monofaze Voltaj Reg\u00fclat\u00f6r\u00fc<\/h3><\/div><\/div><\/figcaption><\/figure><\/a><!--end av-masonry entry--><a href=\"https:\/\/vibemco.com\/tr\/urunler\/enerji\/sont-reaktorler\/motor-reaktorleri\/\"  id='av-masonry-1-item-1045' data-av-masonry-item='1045' class='av-masonry-entry isotope-item post-1045 page type-page status-publish has-post-thumbnail hentry category-enerji category-sont-reaktorler category-urunler  av-masonry-item-with-image' title=\"MOTOR SURUCU\"   itemscope=\"itemscope\" itemtype=\"https:\/\/schema.org\/CreativeWork\" ><div class='av-inner-masonry-sizer'><\/div><figure class='av-inner-masonry main_color'><div class=\"av-masonry-outerimage-container\"><div class='av-masonry-image-container' style=\"background-image: url(https:\/\/vibemco.com\/tr\/wp-content\/uploads\/2024\/05\/MOTOR-SURUCU.png);\"  title=\"MOTOR SURUCU\"  ><\/div><\/div><figcaption class='av-inner-masonry-content site-background'><div class='av-inner-masonry-content-pos'><div class='av-inner-masonry-content-pos-content'><div class='avia-arrow'><\/div><h3 class='av-masonry-entry-title entry-title '  itemprop=\"headline\" >Motor Reakt\u00f6rleri<\/h3><\/div><\/div><\/figcaption><\/figure><\/a><!--end av-masonry entry--><a href=\"https:\/\/vibemco.com\/tr\/urunler\/enerji\/oto-transformatorler\/\"  id='av-masonry-1-item-577' data-av-masonry-item='577' class='av-masonry-entry isotope-item post-577 page type-page status-publish has-post-thumbnail hentry category-enerji category-urunler  av-masonry-item-with-image' title=\"OTO TRAFO\"   itemscope=\"itemscope\" itemtype=\"https:\/\/schema.org\/CreativeWork\" ><div class='av-inner-masonry-sizer'><\/div><figure class='av-inner-masonry main_color'><div class=\"av-masonry-outerimage-container\"><div class='av-masonry-image-container' style=\"background-image: url(https:\/\/vibemco.com\/tr\/wp-content\/uploads\/2024\/05\/OTO-TRAFO.png);\"  title=\"OTO TRAFO\"  ><\/div><\/div><figcaption class='av-inner-masonry-content site-background'><div class='av-inner-masonry-content-pos'><div class='av-inner-masonry-content-pos-content'><div class='avia-arrow'><\/div><h3 class='av-masonry-entry-title entry-title '  itemprop=\"headline\" >Oto Transformat\u00f6rler<\/h3><\/div><\/div><\/figcaption><\/figure><\/a><!--end av-masonry entry--><a href=\"https:\/\/vibemco.com\/tr\/urunler\/enerji\/guc-kaynaklari\/power-supply\/\"  id='av-masonry-1-item-1072' data-av-masonry-item='1072' class='av-masonry-entry isotope-item post-1072 page type-page status-publish has-post-thumbnail hentry category-enerji category-guc-kaynaklari category-urunler  av-masonry-item-with-image' title=\"Power Supply\"   itemscope=\"itemscope\" itemtype=\"https:\/\/schema.org\/CreativeWork\" ><div class='av-inner-masonry-sizer'><\/div><figure class='av-inner-masonry main_color'><div class=\"av-masonry-outerimage-container\"><div class='av-masonry-image-container' style=\"background-image: url(https:\/\/vibemco.com\/tr\/wp-content\/uploads\/2024\/05\/Power-Supply.png);\"  title=\"Power Supply\"  ><\/div><\/div><figcaption class='av-inner-masonry-content site-background'><div class='av-inner-masonry-content-pos'><div class='av-inner-masonry-content-pos-content'><div class='avia-arrow'><\/div><h3 class='av-masonry-entry-title entry-title '  itemprop=\"headline\" >Power Supply<\/h3><\/div><\/div><\/figcaption><\/figure><\/a><!--end av-masonry entry--><a href=\"https:\/\/vibemco.com\/tr\/urunler\/enerji\/redresorler\/\"  id='av-masonry-1-item-1064' data-av-masonry-item='1064' class='av-masonry-entry isotope-item post-1064 page type-page status-publish has-post-thumbnail hentry category-enerji category-urunler  av-masonry-item-with-image' title=\"REDRESOR\"   itemscope=\"itemscope\" itemtype=\"https:\/\/schema.org\/CreativeWork\" ><div class='av-inner-masonry-sizer'><\/div><figure class='av-inner-masonry main_color'><div class=\"av-masonry-outerimage-container\"><div class='av-masonry-image-container' style=\"background-image: url(https:\/\/vibemco.com\/tr\/wp-content\/uploads\/2024\/05\/REDRESOR.png);\"  title=\"REDRESOR\"  ><\/div><\/div><figcaption class='av-inner-masonry-content site-background'><div class='av-inner-masonry-content-pos'><div class='av-inner-masonry-content-pos-content'><div class='avia-arrow'><\/div><h3 class='av-masonry-entry-title entry-title '  itemprop=\"headline\" >Redres\u00f6rler<\/h3><\/div><\/div><\/figcaption><\/figure><\/a><!--end av-masonry entry--><a href=\"https:\/\/vibemco.com\/tr\/urunler\/enerji\/voltaj-regulatorleri\/roleli-regulatorler\/\"  id='av-masonry-1-item-1059' data-av-masonry-item='1059' class='av-masonry-entry isotope-item post-1059 page type-page status-publish has-post-thumbnail hentry category-enerji category-gerilim-stabilizatorleri category-urunler  av-masonry-item-with-image' title=\"Regulator\"   itemscope=\"itemscope\" itemtype=\"https:\/\/schema.org\/CreativeWork\" ><div class='av-inner-masonry-sizer'><\/div><figure class='av-inner-masonry main_color'><div class=\"av-masonry-outerimage-container\"><div class='av-masonry-image-container' style=\"background-image: url(https:\/\/vibemco.com\/tr\/wp-content\/uploads\/2024\/05\/Regulator.png);\"  title=\"Regulator\"  ><\/div><\/div><figcaption class='av-inner-masonry-content site-background'><div class='av-inner-masonry-content-pos'><div class='av-inner-masonry-content-pos-content'><div class='avia-arrow'><\/div><h3 class='av-masonry-entry-title entry-title '  itemprop=\"headline\" >R\u00f6leli Reg\u00fclat\u00f6rler<\/h3><\/div><\/div><\/figcaption><\/figure><\/a><!--end av-masonry entry--><a href=\"https:\/\/vibemco.com\/tr\/urunler\/enerji\/sont-reaktorler\/sont-reaktor\/\"  id='av-masonry-1-item-1037' data-av-masonry-item='1037' class='av-masonry-entry isotope-item post-1037 page type-page status-publish has-post-thumbnail hentry category-enerji category-sont-reaktorler category-urunler  av-masonry-item-with-image' title=\"TOROID TRAFO-2\"   itemscope=\"itemscope\" itemtype=\"https:\/\/schema.org\/CreativeWork\" ><div class='av-inner-masonry-sizer'><\/div><figure class='av-inner-masonry main_color'><div class=\"av-masonry-outerimage-container\"><div class='av-masonry-image-container' style=\"background-image: url(https:\/\/vibemco.com\/tr\/wp-content\/uploads\/2024\/05\/TOROID-TRAFO-2.png);\"  title=\"TOROID TRAFO-2\"  ><\/div><\/div><figcaption class='av-inner-masonry-content site-background'><div class='av-inner-masonry-content-pos'><div class='av-inner-masonry-content-pos-content'><div class='avia-arrow'><\/div><h3 class='av-masonry-entry-title entry-title '  itemprop=\"headline\" >\u015e\u00f6nt Reakt\u00f6r<\/h3><\/div><\/div><\/figcaption><\/figure><\/a><!--end av-masonry entry--><a href=\"https:\/\/vibemco.com\/tr\/urunler\/enerji\/izolasyon-transformatorleri\/toroidal-transformator\/\"  id='av-masonry-1-item-578' data-av-masonry-item='578' class='av-masonry-entry isotope-item post-578 page type-page status-publish has-post-thumbnail hentry category-enerji category-izolasyon-transformatorleri category-urunler  av-masonry-item-with-image' title=\"TOROID TRAFO\"   itemscope=\"itemscope\" itemtype=\"https:\/\/schema.org\/CreativeWork\" ><div class='av-inner-masonry-sizer'><\/div><figure class='av-inner-masonry main_color'><div class=\"av-masonry-outerimage-container\"><div class='av-masonry-image-container' style=\"background-image: url(https:\/\/vibemco.com\/tr\/wp-content\/uploads\/2024\/05\/TOROID-TRAFO.png);\"  title=\"TOROID TRAFO\"  ><\/div><\/div><figcaption class='av-inner-masonry-content site-background'><div class='av-inner-masonry-content-pos'><div class='av-inner-masonry-content-pos-content'><div class='avia-arrow'><\/div><h3 class='av-masonry-entry-title entry-title '  itemprop=\"headline\" >Toroidal Transformat\u00f6r<\/h3><\/div><\/div><\/figcaption><\/figure><\/a><!--end av-masonry entry--><a href=\"https:\/\/vibemco.com\/tr\/urunler\/enerji\/izolasyon-transformatorleri\/trifaze-izolasyon-transformatoru\/\"  id='av-masonry-1-item-579' data-av-masonry-item='579' class='av-masonry-entry isotope-item post-579 page type-page status-publish has-post-thumbnail hentry category-enerji category-izolasyon-transformatorleri category-urunler  av-masonry-item-with-image' title=\"Trifaze Izolasyon Trafosu\"   itemscope=\"itemscope\" itemtype=\"https:\/\/schema.org\/CreativeWork\" ><div class='av-inner-masonry-sizer'><\/div><figure class='av-inner-masonry main_color'><div class=\"av-masonry-outerimage-container\"><div class='av-masonry-image-container' style=\"background-image: url(https:\/\/vibemco.com\/tr\/wp-content\/uploads\/2024\/05\/Trifaze-Izolasyon-Trafosu.png);\"  title=\"Trifaze Izolasyon Trafosu\"  ><\/div><\/div><figcaption class='av-inner-masonry-content site-background'><div class='av-inner-masonry-content-pos'><div class='av-inner-masonry-content-pos-content'><div class='avia-arrow'><\/div><h3 class='av-masonry-entry-title entry-title '  itemprop=\"headline\" >Trifaze \u0130zolasyon Transformat\u00f6r\u00fc<\/h3><\/div><\/div><\/figcaption><\/figure><\/a><!--end av-masonry entry--><a href=\"https:\/\/vibemco.com\/tr\/urunler\/enerji\/voltaj-regulatorleri\/trifaze-tam-otomatik-servo-voltaj-regulatoru\/\"  id='av-masonry-1-item-1051' data-av-masonry-item='1051' class='av-masonry-entry isotope-item post-1051 page type-page status-publish has-post-thumbnail hentry category-enerji category-gerilim-stabilizatorleri category-urunler  av-masonry-item-with-image' title=\"Voltage 1\"   itemscope=\"itemscope\" itemtype=\"https:\/\/schema.org\/CreativeWork\" ><div class='av-inner-masonry-sizer'><\/div><figure class='av-inner-masonry main_color'><div class=\"av-masonry-outerimage-container\"><div class='av-masonry-image-container' style=\"background-image: url(https:\/\/vibemco.com\/tr\/wp-content\/uploads\/2024\/05\/Voltage-1.png);\"  title=\"Voltage 1\"  ><\/div><\/div><figcaption class='av-inner-masonry-content site-background'><div class='av-inner-masonry-content-pos'><div class='av-inner-masonry-content-pos-content'><div class='avia-arrow'><\/div><h3 class='av-masonry-entry-title entry-title '  itemprop=\"headline\" >Trifaze Tam Otomatik Servo Voltaj Reg\u00fclat\u00f6r\u00fc<\/h3><\/div><\/div><\/figcaption><\/figure><\/a><!--end av-masonry entry--><a href=\"https:\/\/vibemco.com\/tr\/urunler\/enerji\/guc-kaynaklari\/ups-kesintisiz-guc-kaynaklari\/\"  id='av-masonry-1-item-1076' data-av-masonry-item='1076' class='av-masonry-entry isotope-item post-1076 page type-page status-publish has-post-thumbnail hentry category-enerji category-guc-kaynaklari category-urunler  av-masonry-item-with-image' title=\"60-80 KVA UPS\"   itemscope=\"itemscope\" itemtype=\"https:\/\/schema.org\/CreativeWork\" ><div class='av-inner-masonry-sizer'><\/div><figure class='av-inner-masonry main_color'><div class=\"av-masonry-outerimage-container\"><div class='av-masonry-image-container' style=\"background-image: url(https:\/\/vibemco.com\/tr\/wp-content\/uploads\/2024\/05\/60-80-KVA-UPS.png);\"  title=\"60-80 KVA UPS\"  ><\/div><\/div><figcaption class='av-inner-masonry-content site-background'><div class='av-inner-masonry-content-pos'><div class='av-inner-masonry-content-pos-content'><div class='avia-arrow'><\/div><h3 class='av-masonry-entry-title entry-title '  itemprop=\"headline\" >UPS &#8211; Kesintisiz G\u00fc\u00e7 Kaynaklar\u0131<\/h3><\/div><\/div><\/figcaption><\/figure><\/a><!--end av-masonry entry--><\/div><\/div>\n","protected":false},"excerpt":{"rendered":"","protected":false},"author":2,"featured_media":0,"parent":0,"menu_order":2,"comment_status":"closed","ping_status":"closed","template":"","meta":{"footnotes":""},"categories":[],"class_list":["post-1491","page","type-page","status-publish","hentry"],"aioseo_notices":[],"_links":{"self":[{"href":"https:\/\/vibemco.com\/tr\/wp-json\/wp\/v2\/pages\/1491","targetHints":{"allow":["GET"]}}],"collection":[{"href":"https:\/\/vibemco.com\/tr\/wp-json\/wp\/v2\/pages"}],"about":[{"href":"https:\/\/vibemco.com\/tr\/wp-json\/wp\/v2\/types\/page"}],"author":[{"embeddable":true,"href":"https:\/\/vibemco.com\/tr\/wp-json\/wp\/v2\/users\/2"}],"replies":[{"embeddable":true,"href":"https:\/\/vibemco.com\/tr\/wp-json\/wp\/v2\/comments?post=1491"}],"version-history":[{"count":6,"href":"https:\/\/vibemco.com\/tr\/wp-json\/wp\/v2\/pages\/1491\/revisions"}],"predecessor-version":[{"id":1760,"href":"https:\/\/vibemco.com\/tr\/wp-json\/wp\/v2\/pages\/1491\/revisions\/1760"}],"wp:attachment":[{"href":"https:\/\/vibemco.com\/tr\/wp-json\/wp\/v2\/media?parent=1491"}],"wp:term":[{"taxonomy":"category","embeddable":true,"href":"https:\/\/vibemco.com\/tr\/wp-json\/wp\/v2\/categories?post=1491"}],"curies":[{"name":"wp","href":"https:\/\/api.w.org\/{rel}","templated":true}]}}