{"id":1496,"date":"2024-05-28T15:24:58","date_gmt":"2024-05-28T12:24:58","guid":{"rendered":"https:\/\/vibemco.com\/tr\/?page_id=1496"},"modified":"2024-05-28T17:03:23","modified_gmt":"2024-05-28T14:03:23","slug":"enerji","status":"publish","type":"page","link":"https:\/\/vibemco.com\/tr\/urunler\/enerji\/","title":{"rendered":"Enerji"},"content":{"rendered":"\n<!-- Page-list plugin v.5.9 wordpress.org\/plugins\/page-list\/ -->\n<ul class=\"page-list subpages-page-list \">\n<li class=\"page_item page-item-576\"><a href=\"https:\/\/vibemco.com\/tr\/urunler\/enerji\/medikal-transformatorler\/\">Medikal Transformat\u00f6rler<\/a><\/li>\n<li class=\"page_item page-item-1526 page_item_has_children\"><a href=\"https:\/\/vibemco.com\/tr\/urunler\/enerji\/sont-reaktorler\/\">\u015e\u00f6nt Reakt\u00f6rler<\/a>\n<ul class='children'>\n\t<li class=\"page_item page-item-1037\"><a href=\"https:\/\/vibemco.com\/tr\/urunler\/enerji\/sont-reaktorler\/sont-reaktor\/\">\u015e\u00f6nt Reakt\u00f6r<\/a><\/li>\n\t<li class=\"page_item page-item-1041\"><a href=\"https:\/\/vibemco.com\/tr\/urunler\/enerji\/sont-reaktorler\/hat-reactor\/\">Hat Reakt\u00f6rleri<\/a><\/li>\n\t<li class=\"page_item page-item-1045\"><a href=\"https:\/\/vibemco.com\/tr\/urunler\/enerji\/sont-reaktorler\/motor-reaktorleri\/\">Motor Reakt\u00f6rleri<\/a><\/li>\n<\/ul>\n<\/li>\n<li class=\"page_item page-item-1566 page_item_has_children\"><a href=\"https:\/\/vibemco.com\/tr\/urunler\/enerji\/voltaj-regulatorleri\/\">Voltaj Reg\u00fclat\u00f6rleri<\/a>\n<ul class='children'>\n\t<li class=\"page_item page-item-1051\"><a href=\"https:\/\/vibemco.com\/tr\/urunler\/enerji\/voltaj-regulatorleri\/trifaze-tam-otomatik-servo-voltaj-regulatoru\/\">Trifaze Tam Otomatik Servo Voltaj Reg\u00fclat\u00f6r\u00fc<\/a><\/li>\n\t<li class=\"page_item page-item-1056\"><a href=\"https:\/\/vibemco.com\/tr\/urunler\/enerji\/voltaj-regulatorleri\/monofaze-voltaj-regulatoru\/\">Monofaze Voltaj Reg\u00fclat\u00f6r\u00fc<\/a><\/li>\n\t<li class=\"page_item page-item-1059\"><a href=\"https:\/\/vibemco.com\/tr\/urunler\/enerji\/voltaj-regulatorleri\/roleli-regulatorler\/\">R\u00f6leli Reg\u00fclat\u00f6rler<\/a><\/li>\n<\/ul>\n<\/li>\n<li class=\"page_item page-item-575\"><a href=\"https:\/\/vibemco.com\/tr\/urunler\/enerji\/ag-akim-transformatorleri\/\">AG Ak\u0131m Transformat\u00f6rleri<\/a><\/li>\n<li class=\"page_item page-item-577\"><a href=\"https:\/\/vibemco.com\/tr\/urunler\/enerji\/oto-transformatorler\/\">Oto Transformat\u00f6rler<\/a><\/li>\n<li class=\"page_item page-item-879 page_item_has_children\"><a href=\"https:\/\/vibemco.com\/tr\/urunler\/enerji\/izolasyon-transformatorleri\/\">\u0130zolasyon Transformat\u00f6rleri<\/a>\n<ul class='children'>\n\t<li class=\"page_item page-item-578\"><a href=\"https:\/\/vibemco.com\/tr\/urunler\/enerji\/izolasyon-transformatorleri\/toroidal-transformator\/\">Toroidal Transformat\u00f6r<\/a><\/li>\n\t<li class=\"page_item page-item-579\"><a href=\"https:\/\/vibemco.com\/tr\/urunler\/enerji\/izolasyon-transformatorleri\/trifaze-izolasyon-transformatoru\/\">Trifaze \u0130zolasyon Transformat\u00f6r\u00fc<\/a><\/li>\n\t<li class=\"page_item page-item-580\"><a href=\"https:\/\/vibemco.com\/tr\/urunler\/enerji\/izolasyon-transformatorleri\/monofaze-izolasyon-trafosu\/\">Monofaze \u0130zolasyon Transformat\u00f6r\u00fc<\/a><\/li>\n<\/ul>\n<\/li>\n<li class=\"page_item page-item-1016\"><a href=\"https:\/\/vibemco.com\/tr\/urunler\/enerji\/kutulu-frenleme-direncleri\/\">Kutulu Frenleme Diren\u00e7leri<\/a><\/li>\n<li class=\"page_item page-item-1064\"><a href=\"https:\/\/vibemco.com\/tr\/urunler\/enerji\/redresorler\/\">Redres\u00f6rler<\/a><\/li>\n<li class=\"page_item page-item-1069\"><a href=\"https:\/\/vibemco.com\/tr\/urunler\/enerji\/invertorler\/\">Invert\u00f6rler<\/a><\/li>\n<li class=\"page_item page-item-1521 page_item_has_children\"><a href=\"https:\/\/vibemco.com\/tr\/urunler\/enerji\/ag-reaktorler\/\">AG Reakt\u00f6rler<\/a>\n<ul class='children'>\n\t<li class=\"page_item page-item-1032\"><a href=\"https:\/\/vibemco.com\/tr\/urunler\/enerji\/ag-reaktorler\/harmonik-filtre-reaktorleri\/\">Harmonik Filtre Reakt\u00f6r\u00fc<\/a><\/li>\n<\/ul>\n<\/li>\n<li class=\"page_item page-item-1048\"><a href=\"https:\/\/vibemco.com\/tr\/urunler\/enerji\/ag-kondansatorler\/\">AG Kondansat\u00f6rler<\/a><\/li>\n<li class=\"page_item page-item-1551 page_item_has_children\"><a href=\"https:\/\/vibemco.com\/tr\/urunler\/enerji\/guc-kaynaklari\/\">G\u00fc\u00e7 Kaynaklar\u0131<\/a>\n<ul class='children'>\n\t<li class=\"page_item page-item-1072\"><a href=\"https:\/\/vibemco.com\/tr\/urunler\/enerji\/guc-kaynaklari\/power-supply\/\">Power Supply<\/a><\/li>\n\t<li class=\"page_item page-item-1076\"><a href=\"https:\/\/vibemco.com\/tr\/urunler\/enerji\/guc-kaynaklari\/ups-kesintisiz-guc-kaynaklari\/\">UPS &#8211; Kesintisiz G\u00fc\u00e7 Kaynaklar\u0131<\/a><\/li>\n<\/ul>\n<\/li>\n\n<\/ul>\n","protected":false},"excerpt":{"rendered":"","protected":false},"author":2,"featured_media":0,"parent":1491,"menu_order":0,"comment_status":"closed","ping_status":"closed","template":"","meta":{"footnotes":""},"categories":[],"class_list":["post-1496","page","type-page","status-publish","hentry"],"aioseo_notices":[],"_links":{"self":[{"href":"https:\/\/vibemco.com\/tr\/wp-json\/wp\/v2\/pages\/1496","targetHints":{"allow":["GET"]}}],"collection":[{"href":"https:\/\/vibemco.com\/tr\/wp-json\/wp\/v2\/pages"}],"about":[{"href":"https:\/\/vibemco.com\/tr\/wp-json\/wp\/v2\/types\/page"}],"author":[{"embeddable":true,"href":"https:\/\/vibemco.com\/tr\/wp-json\/wp\/v2\/users\/2"}],"replies":[{"embeddable":true,"href":"https:\/\/vibemco.com\/tr\/wp-json\/wp\/v2\/comments?post=1496"}],"version-history":[{"count":3,"href":"https:\/\/vibemco.com\/tr\/wp-json\/wp\/v2\/pages\/1496\/revisions"}],"predecessor-version":[{"id":1500,"href":"https:\/\/vibemco.com\/tr\/wp-json\/wp\/v2\/pages\/1496\/revisions\/1500"}],"up":[{"embeddable":true,"href":"https:\/\/vibemco.com\/tr\/wp-json\/wp\/v2\/pages\/1491"}],"wp:attachment":[{"href":"https:\/\/vibemco.com\/tr\/wp-json\/wp\/v2\/media?parent=1496"}],"wp:term":[{"taxonomy":"category","embeddable":true,"href":"https:\/\/vibemco.com\/tr\/wp-json\/wp\/v2\/categories?post=1496"}],"curies":[{"name":"wp","href":"https:\/\/api.w.org\/{rel}","templated":true}]}}