{"id":1622,"date":"2024-05-29T13:19:52","date_gmt":"2024-05-29T10:19:52","guid":{"rendered":"https:\/\/vibemco.com\/tr\/?page_id=1622"},"modified":"2024-05-29T13:47:34","modified_gmt":"2024-05-29T10:47:34","slug":"zemin-sikistirma-makineleri","status":"publish","type":"page","link":"https:\/\/vibemco.com\/tr\/urunler\/makineler\/zemin-sikistirma-makineleri\/","title":{"rendered":"Zemin S\u0131k\u0131\u015ft\u0131rma Makineleri"},"content":{"rendered":"<div id='av_section_1'  class='avia-section av-a42tds-f1e648d574e6a8e206263a5251e3dabf main_color avia-section-default avia-no-border-styling  avia-builder-el-0  el_before_av_hr  avia-builder-el-first  avia-bg-style-scroll container_wrap sidebar_right'  ><div class='container av-section-cont-open' ><main  role=\"main\" itemprop=\"mainContentOfPage\"  class='template-page content  av-content-small alpha units'><div class='post-entry post-entry-type-page post-entry-1622'><div class='entry-content-wrapper clearfix'>\n\n<style type=\"text\/css\" data-created_by=\"avia_inline_auto\" id=\"style-css-av-lwrk5661-6de88d63795d243a02fb8461248239f7\">\n#top .av-special-heading.av-lwrk5661-6de88d63795d243a02fb8461248239f7{\npadding-bottom:10px;\nfont-size:72px;\n}\nbody .av-special-heading.av-lwrk5661-6de88d63795d243a02fb8461248239f7 .av-special-heading-tag .heading-char{\nfont-size:25px;\n}\n#top #wrap_all .av-special-heading.av-lwrk5661-6de88d63795d243a02fb8461248239f7 .av-special-heading-tag{\nfont-size:72px;\n}\n.av-special-heading.av-lwrk5661-6de88d63795d243a02fb8461248239f7 .av-subheading{\nfont-size:15px;\n}\n\n@media only screen and (min-width: 480px) and (max-width: 767px){ \n#top #wrap_all .av-special-heading.av-lwrk5661-6de88d63795d243a02fb8461248239f7 .av-special-heading-tag{\nfont-size:0.8em;\n}\n}\n\n@media only screen and (max-width: 479px){ \n#top #wrap_all .av-special-heading.av-lwrk5661-6de88d63795d243a02fb8461248239f7 .av-special-heading-tag{\nfont-size:0.8em;\n}\n}\n<\/style>\n<div  class='av-special-heading av-lwrk5661-6de88d63795d243a02fb8461248239f7 av-special-heading-h1 blockquote modern-quote  avia-builder-el-1  el_before_av_hr  avia-builder-el-first  av-thin-font av-inherit-size'><h1 class='av-special-heading-tag'  itemprop=\"headline\"  >Zem\u0130n S\u0131k\u0131\u015ft\u0131rma Mak\u0130neler\u0130<strong>.<\/strong><\/h1><div class=\"special-heading-border\"><div class=\"special-heading-inner-border\"><\/div><\/div><\/div>\n\n<style type=\"text\/css\" data-created_by=\"avia_inline_auto\" id=\"style-css-av-lwrkbzgs-b5756c64a4af187ecf934937cefb34fe\">\n#top .hr.hr-invisible.av-lwrkbzgs-b5756c64a4af187ecf934937cefb34fe{\nheight:20px;\n}\n<\/style>\n<div  class='hr av-lwrkbzgs-b5756c64a4af187ecf934937cefb34fe hr-invisible  avia-builder-el-2  el_after_av_heading  el_before_av_one_full '><span class='hr-inner '><span class=\"hr-inner-style\"><\/span><\/span><\/div>\n<div  class='flex_column av-8reue8-15eb072fdcd1200b64991b1d23adadb1 av_one_full  avia-builder-el-3  el_after_av_hr  avia-builder-el-last  first flex_column_div av-animated-generic left-to-right  '     ><section  class='av_textblock_section av-7tjpi8-d66807dea5d4e823cc05be8b2b4edd00 '   itemscope=\"itemscope\" itemtype=\"https:\/\/schema.org\/CreativeWork\" ><div class='avia_textblock'  itemprop=\"text\" ><p>Zemin s\u0131k\u0131\u015ft\u0131rma makineleri in\u015faat ve yol projelerinde toprak malzemelerinin yo\u011funlu\u011funu artt\u0131rmak i\u00e7in kullan\u0131lan a\u011f\u0131r ekipmanlard\u0131r. Bu makineler zemini s\u0131k\u0131\u015ft\u0131rarak daha dayan\u0131kl\u0131 ve sa\u011flam bir y\u00fczey olu\u015fturarak yap\u0131lar\u0131n ve yol altyap\u0131lar\u0131n\u0131n temellerinin sa\u011flam ve g\u00fcvenli olmas\u0131n\u0131 sa\u011flar.<\/p>\n<p>Zemin s\u0131k\u0131\u015ft\u0131rma makineleri, farkl\u0131 zemin tiplerine ve proje gereksinimlerine uyacak \u015fekilde \u00e7e\u015fitli tiplerde mevcuttur. \u00d6rne\u011fin, titre\u015fimli silindirler zemini s\u0131k\u0131\u015ft\u0131rmak i\u00e7in titre\u015fimleri kullan\u0131rken, yumu\u015fak silindirler bunu a\u011f\u0131rl\u0131k ve bas\u0131n\u00e7 yoluyla ger\u00e7ekle\u015ftirir. Ayr\u0131ca tokmak gibi daha k\u00fc\u00e7\u00fck ve ta\u015f\u0131nabilir makineler, dar alanlarda veya belirli alanlarda s\u0131k\u0131\u015ft\u0131rma yapmak i\u00e7in idealdir. Bu makineler in\u015faat s\u00fcresini k\u0131salt\u0131p maliyetleri d\u00fc\u015f\u00fcr\u00fcrken, ayn\u0131 zamanda toprak stabilitesini art\u0131rarak uzun \u00f6m\u00fcrl\u00fc ve g\u00fcvenli yap\u0131lar\u0131n in\u015fas\u0131na olanak tan\u0131yor.<\/p>\n<blockquote>\n<p>Uygun zemin s\u0131k\u0131\u015ft\u0131rmas\u0131 ayn\u0131 zamanda binalar\u0131 deprem gibi do\u011fal afetlere kar\u015f\u0131 daha dayan\u0131kl\u0131 hale getirir.<\/p>\n<\/blockquote>\n<\/div><\/section><\/div>\n<\/div><\/div><\/main><!-- close content main element --><\/div><\/div><div id='after_section_1'  class='main_color av_default_container_wrap container_wrap sidebar_right'  ><div class='container av-section-cont-open' ><div class='template-page content  av-content-small alpha units'><div class='post-entry post-entry-type-page post-entry-1622'><div class='entry-content-wrapper clearfix'>\n\n<style type=\"text\/css\" data-created_by=\"avia_inline_auto\" id=\"style-css-av-lwrkennl-7dc9bd269b786b12eb75d96a1547e0f7\">\n#top .hr.hr-invisible.av-lwrkennl-7dc9bd269b786b12eb75d96a1547e0f7{\nheight:50px;\n}\n<\/style>\n<div  class='hr av-lwrkennl-7dc9bd269b786b12eb75d96a1547e0f7 hr-invisible  avia-builder-el-5  el_after_av_section  el_before_av_one_third  avia-builder-el-first '><span class='hr-inner '><span class=\"hr-inner-style\"><\/span><\/span><\/div>\n<div  class='flex_column av-7tdpgg-cf6182aba7ba4bfe283841afb00ac1b5 av_one_third  avia-builder-el-6  el_after_av_hr  el_before_av_one_third  first flex_column_div  '     ><p>\n<style type=\"text\/css\" data-created_by=\"avia_inline_auto\" id=\"style-css-av-lwrkkmxf-075b8d7e69ea33377ebd69de0b8bfd75\">\n#top .av-special-heading.av-lwrkkmxf-075b8d7e69ea33377ebd69de0b8bfd75{\npadding-bottom:10px;\nfont-size:36px;\n}\nbody .av-special-heading.av-lwrkkmxf-075b8d7e69ea33377ebd69de0b8bfd75 .av-special-heading-tag .heading-char{\nfont-size:25px;\n}\n#top #wrap_all .av-special-heading.av-lwrkkmxf-075b8d7e69ea33377ebd69de0b8bfd75 .av-special-heading-tag{\nfont-size:36px;\n}\n.av-special-heading.av-lwrkkmxf-075b8d7e69ea33377ebd69de0b8bfd75 .av-subheading{\nfont-size:15px;\n}\n\n@media only screen and (min-width: 480px) and (max-width: 767px){ \n#top #wrap_all .av-special-heading.av-lwrkkmxf-075b8d7e69ea33377ebd69de0b8bfd75 .av-special-heading-tag{\nfont-size:0.8em;\n}\n}\n\n@media only screen and (max-width: 479px){ \n#top #wrap_all .av-special-heading.av-lwrkkmxf-075b8d7e69ea33377ebd69de0b8bfd75 .av-special-heading-tag{\nfont-size:0.8em;\n}\n}\n<\/style>\n<div  class='av-special-heading av-lwrkkmxf-075b8d7e69ea33377ebd69de0b8bfd75 av-special-heading-h2 blockquote modern-quote  avia-builder-el-7  el_before_av_hr  avia-builder-el-first  av-inherit-size'><h2 class='av-special-heading-tag'  itemprop=\"headline\"  > VIBEMCO VB 160 T\u0130TRE\u015e\u0130ML\u0130 S\u0130L\u0130ND\u0130R<\/h2><div class=\"special-heading-border\"><div class=\"special-heading-inner-border\"><\/div><\/div><\/div><br \/>\n\n<style type=\"text\/css\" data-created_by=\"avia_inline_auto\" id=\"style-css-av-lwrksvgh-c2cb29ac8617e9314d6af5ee7285988d\">\n#top .hr.hr-invisible.av-lwrksvgh-c2cb29ac8617e9314d6af5ee7285988d{\nheight:50px;\n}\n<\/style>\n<div  class='hr av-lwrksvgh-c2cb29ac8617e9314d6af5ee7285988d hr-invisible  avia-builder-el-8  el_after_av_heading  el_before_av_image '><span class='hr-inner '><span class=\"hr-inner-style\"><\/span><\/span><\/div><br \/>\n\n<style type=\"text\/css\" data-created_by=\"avia_inline_auto\" id=\"style-css-av-lwrks7ns-0ebc228a1854dad7d37b3a2a126852f9\">\n.avia-image-container.av-lwrks7ns-0ebc228a1854dad7d37b3a2a126852f9 img.avia_image{\nbox-shadow:none;\n}\n.avia-image-container.av-lwrks7ns-0ebc228a1854dad7d37b3a2a126852f9 .av-image-caption-overlay-center{\ncolor:#ffffff;\n}\n<\/style>\n<div  class='avia-image-container av-lwrks7ns-0ebc228a1854dad7d37b3a2a126852f9 av-styling- avia-align-center  avia-builder-el-9  el_after_av_hr  el_before_av_hr '   itemprop=\"image\" itemscope=\"itemscope\" itemtype=\"https:\/\/schema.org\/ImageObject\" ><div class=\"avia-image-container-inner\"><div class=\"avia-image-overlay-wrap\"><img decoding=\"async\" fetchpriority=\"high\" class='wp-image-1448 avia-img-lazy-loading-not-1448 avia_image ' src=\"https:\/\/vibemco.com\/tr\/wp-content\/uploads\/2024\/05\/VIBEMCO-VB-160-WALK-BEHIND-VIBRATING-ROLLER.png\" alt='' title='VIBEMCO VB 160 WALK BEHIND VIBRATING ROLLER'  height=\"333\" width=\"500\"  itemprop=\"thumbnailUrl\" srcset=\"https:\/\/vibemco.com\/tr\/wp-content\/uploads\/2024\/05\/VIBEMCO-VB-160-WALK-BEHIND-VIBRATING-ROLLER.png 500w, https:\/\/vibemco.com\/tr\/wp-content\/uploads\/2024\/05\/VIBEMCO-VB-160-WALK-BEHIND-VIBRATING-ROLLER-300x200.png 300w\" sizes=\"(max-width: 500px) 100vw, 500px\" \/><\/div><\/div><\/div><br \/>\n\n<style type=\"text\/css\" data-created_by=\"avia_inline_auto\" id=\"style-css-av-lwrkdke9-b98e35c0b3f29e10e8163bd28b8acc09\">\n#top .hr.hr-invisible.av-lwrkdke9-b98e35c0b3f29e10e8163bd28b8acc09{\nheight:50px;\n}\n<\/style>\n<div  class='hr av-lwrkdke9-b98e35c0b3f29e10e8163bd28b8acc09 hr-invisible  avia-builder-el-10  el_after_av_image  el_before_av_button '><span class='hr-inner '><span class=\"hr-inner-style\"><\/span><\/span><\/div><br \/>\n<div  class='avia-button-wrap av-lwrkhevf-eaef354861fa6217d396ba249fd2a151-wrap avia-button-center  avia-builder-el-11  el_after_av_hr  el_before_av_hr '><a href=''  class='avia-button av-lwrkhevf-eaef354861fa6217d396ba249fd2a151 av-link-btn avia-icon_select-yes-left-icon avia-size-medium avia-position-center av-icon-on-hover avia-color-theme-color'  ><span class='avia_button_icon avia_button_icon_left' aria-hidden='true' data-av_icon='\ue879' data-av_iconfont='entypo-fontello'><\/span><span class='avia_iconbox_title' >\u00dcr\u00fcn Detaylar\u0131<\/span><\/a><\/div><br \/>\n\n<style type=\"text\/css\" data-created_by=\"avia_inline_auto\" id=\"style-css-av-lwrpcjcg-da9debf28b037ec898c66a7aac284113\">\n#top .hr.hr-invisible.av-lwrpcjcg-da9debf28b037ec898c66a7aac284113{\nheight:50px;\n}\n<\/style>\n<div  class='hr av-lwrpcjcg-da9debf28b037ec898c66a7aac284113 hr-invisible  avia-builder-el-12  el_after_av_button  avia-builder-el-last  av-desktop-hide'><span class='hr-inner '><span class=\"hr-inner-style\"><\/span><\/span><\/div><\/p><\/div><div  class='flex_column av-71wrly-c2448f4bc4eff27670b7e52306408617 av_one_third  avia-builder-el-13  el_after_av_one_third  el_before_av_one_third  flex_column_div  '     ><p>\n<style type=\"text\/css\" data-created_by=\"avia_inline_auto\" id=\"style-css-av-lwro98yj-5bb012dc18281b571873c49118b05438\">\n#top .av-special-heading.av-lwro98yj-5bb012dc18281b571873c49118b05438{\npadding-bottom:10px;\nfont-size:36px;\n}\nbody .av-special-heading.av-lwro98yj-5bb012dc18281b571873c49118b05438 .av-special-heading-tag .heading-char{\nfont-size:25px;\n}\n#top #wrap_all .av-special-heading.av-lwro98yj-5bb012dc18281b571873c49118b05438 .av-special-heading-tag{\nfont-size:36px;\n}\n.av-special-heading.av-lwro98yj-5bb012dc18281b571873c49118b05438 .av-subheading{\nfont-size:15px;\n}\n\n@media only screen and (min-width: 480px) and (max-width: 767px){ \n#top #wrap_all .av-special-heading.av-lwro98yj-5bb012dc18281b571873c49118b05438 .av-special-heading-tag{\nfont-size:0.8em;\n}\n}\n\n@media only screen and (max-width: 479px){ \n#top #wrap_all .av-special-heading.av-lwro98yj-5bb012dc18281b571873c49118b05438 .av-special-heading-tag{\nfont-size:0.8em;\n}\n}\n<\/style>\n<div  class='av-special-heading av-lwro98yj-5bb012dc18281b571873c49118b05438 av-special-heading-h2 blockquote modern-quote  avia-builder-el-14  el_before_av_hr  avia-builder-el-first  av-inherit-size'><h2 class='av-special-heading-tag'  itemprop=\"headline\"  >VIBEMCO VB 215 ZEM\u0130N SIKI\u015eTIRMA MAK\u0130NES\u0130<\/h2><div class=\"special-heading-border\"><div class=\"special-heading-inner-border\"><\/div><\/div><\/div><br \/>\n\n<style type=\"text\/css\" data-created_by=\"avia_inline_auto\" id=\"style-css-av-5wps9i-7aa370ff7e31ff6c235e544c4d73a74f\">\n#top .hr.hr-invisible.av-5wps9i-7aa370ff7e31ff6c235e544c4d73a74f{\nheight:50px;\n}\n<\/style>\n<div  class='hr av-5wps9i-7aa370ff7e31ff6c235e544c4d73a74f hr-invisible  avia-builder-el-15  el_after_av_heading  el_before_av_image '><span class='hr-inner '><span class=\"hr-inner-style\"><\/span><\/span><\/div><br \/>\n\n<style type=\"text\/css\" data-created_by=\"avia_inline_auto\" id=\"style-css-av-lwroa216-974d721a38a4b0b52dddbd72ed5103f6\">\n.avia-image-container.av-lwroa216-974d721a38a4b0b52dddbd72ed5103f6 img.avia_image{\nbox-shadow:none;\n}\n.avia-image-container.av-lwroa216-974d721a38a4b0b52dddbd72ed5103f6 .av-image-caption-overlay-center{\ncolor:#ffffff;\n}\n<\/style>\n<div  class='avia-image-container av-lwroa216-974d721a38a4b0b52dddbd72ed5103f6 av-styling- avia-align-center  avia-builder-el-16  el_after_av_hr  el_before_av_hr '   itemprop=\"image\" itemscope=\"itemscope\" itemtype=\"https:\/\/schema.org\/ImageObject\" ><div class=\"avia-image-container-inner\"><div class=\"avia-image-overlay-wrap\"><img decoding=\"async\" fetchpriority=\"high\" class='wp-image-1450 avia-img-lazy-loading-not-1450 avia_image ' src=\"https:\/\/vibemco.com\/tr\/wp-content\/uploads\/2024\/05\/VIBEMCO-215-FLOOR-COMPACTION-MACHINE.png\" alt='' title='VIBEMCO 215 FLOOR COMPACTION MACHINE'  height=\"333\" width=\"500\"  itemprop=\"thumbnailUrl\" srcset=\"https:\/\/vibemco.com\/tr\/wp-content\/uploads\/2024\/05\/VIBEMCO-215-FLOOR-COMPACTION-MACHINE.png 500w, https:\/\/vibemco.com\/tr\/wp-content\/uploads\/2024\/05\/VIBEMCO-215-FLOOR-COMPACTION-MACHINE-300x200.png 300w\" sizes=\"(max-width: 500px) 100vw, 500px\" \/><\/div><\/div><\/div><br \/>\n\n<style type=\"text\/css\" data-created_by=\"avia_inline_auto\" id=\"style-css-av-44840m-9a85fa7cf87a27a359610d5581de8efa\">\n#top .hr.hr-invisible.av-44840m-9a85fa7cf87a27a359610d5581de8efa{\nheight:50px;\n}\n<\/style>\n<div  class='hr av-44840m-9a85fa7cf87a27a359610d5581de8efa hr-invisible  avia-builder-el-17  el_after_av_image  el_before_av_button '><span class='hr-inner '><span class=\"hr-inner-style\"><\/span><\/span><\/div><br \/>\n<div  class='avia-button-wrap av-2bipzq-4a667bf95556abdd74e573558333dd30-wrap avia-button-center  avia-builder-el-18  el_after_av_hr  el_before_av_hr '><a href=''  class='avia-button av-2bipzq-4a667bf95556abdd74e573558333dd30 av-link-btn avia-icon_select-yes-left-icon avia-size-medium avia-position-center av-icon-on-hover avia-color-theme-color'  ><span class='avia_button_icon avia_button_icon_left' aria-hidden='true' data-av_icon='\ue879' data-av_iconfont='entypo-fontello'><\/span><span class='avia_iconbox_title' >\u00dcr\u00fcn Detaylar\u0131<\/span><\/a><\/div><br \/>\n\n<style type=\"text\/css\" data-created_by=\"avia_inline_auto\" id=\"style-css-av-lwrpcppo-2a48426ed13191750258213038b33269\">\n#top .hr.hr-invisible.av-lwrpcppo-2a48426ed13191750258213038b33269{\nheight:50px;\n}\n<\/style>\n<div  class='hr av-lwrpcppo-2a48426ed13191750258213038b33269 hr-invisible  avia-builder-el-19  el_after_av_button  avia-builder-el-last  av-desktop-hide'><span class='hr-inner '><span class=\"hr-inner-style\"><\/span><\/span><\/div><\/p><\/div><div  class='flex_column av-kcezk-09f126ab190d5bf7172dd522367d1c14 av_one_third  avia-builder-el-20  el_after_av_one_third  avia-builder-el-last  flex_column_div  '     ><p>\n<style type=\"text\/css\" data-created_by=\"avia_inline_auto\" id=\"style-css-av-lwrkneye-df7a274f5d623706f91bf983ab5fdcfb\">\n#top .av-special-heading.av-lwrkneye-df7a274f5d623706f91bf983ab5fdcfb{\npadding-bottom:10px;\nfont-size:36px;\n}\nbody .av-special-heading.av-lwrkneye-df7a274f5d623706f91bf983ab5fdcfb .av-special-heading-tag .heading-char{\nfont-size:25px;\n}\n#top #wrap_all .av-special-heading.av-lwrkneye-df7a274f5d623706f91bf983ab5fdcfb .av-special-heading-tag{\nfont-size:36px;\n}\n.av-special-heading.av-lwrkneye-df7a274f5d623706f91bf983ab5fdcfb .av-subheading{\nfont-size:15px;\n}\n\n@media only screen and (min-width: 480px) and (max-width: 767px){ \n#top #wrap_all .av-special-heading.av-lwrkneye-df7a274f5d623706f91bf983ab5fdcfb .av-special-heading-tag{\nfont-size:0.8em;\n}\n}\n\n@media only screen and (max-width: 479px){ \n#top #wrap_all .av-special-heading.av-lwrkneye-df7a274f5d623706f91bf983ab5fdcfb .av-special-heading-tag{\nfont-size:0.8em;\n}\n}\n<\/style>\n<div  class='av-special-heading av-lwrkneye-df7a274f5d623706f91bf983ab5fdcfb av-special-heading-h2 blockquote modern-quote  avia-builder-el-21  el_before_av_hr  avia-builder-el-first  av-inherit-size'><h2 class='av-special-heading-tag'  itemprop=\"headline\"  >VIBEMCO 225 ZEM\u0130N SIKI\u015eTIRMA MAK\u0130NES\u0130<\/h2><div class=\"special-heading-border\"><div class=\"special-heading-inner-border\"><\/div><\/div><\/div><br \/>\n\n<style type=\"text\/css\" data-created_by=\"avia_inline_auto\" id=\"style-css-av-lwrkdqey-738042a087b46f6de05a5adaf17456bb\">\n#top .hr.hr-invisible.av-lwrkdqey-738042a087b46f6de05a5adaf17456bb{\nheight:50px;\n}\n<\/style>\n<div  class='hr av-lwrkdqey-738042a087b46f6de05a5adaf17456bb hr-invisible  avia-builder-el-22  el_after_av_heading  el_before_av_image '><span class='hr-inner '><span class=\"hr-inner-style\"><\/span><\/span><\/div><br \/>\n\n<style type=\"text\/css\" data-created_by=\"avia_inline_auto\" id=\"style-css-av-lwrkshcg-bd861932c7a7b4006ad091b96980d286\">\n.avia-image-container.av-lwrkshcg-bd861932c7a7b4006ad091b96980d286 img.avia_image{\nbox-shadow:none;\n}\n.avia-image-container.av-lwrkshcg-bd861932c7a7b4006ad091b96980d286 .av-image-caption-overlay-center{\ncolor:#ffffff;\n}\n<\/style>\n<div  class='avia-image-container av-lwrkshcg-bd861932c7a7b4006ad091b96980d286 av-styling- avia-align-center  avia-builder-el-23  el_after_av_hr  el_before_av_hr '   itemprop=\"image\" itemscope=\"itemscope\" itemtype=\"https:\/\/schema.org\/ImageObject\" ><div class=\"avia-image-container-inner\"><div class=\"avia-image-overlay-wrap\"><img decoding=\"async\" fetchpriority=\"high\" class='wp-image-1449 avia-img-lazy-loading-not-1449 avia_image ' src=\"https:\/\/vibemco.com\/tr\/wp-content\/uploads\/2024\/05\/VIBEMCO-225-FLOOR-COMPACTION-MACHINE.png\" alt='' title='VIBEMCO 225 FLOOR COMPACTION MACHINE'  height=\"333\" width=\"500\"  itemprop=\"thumbnailUrl\" srcset=\"https:\/\/vibemco.com\/tr\/wp-content\/uploads\/2024\/05\/VIBEMCO-225-FLOOR-COMPACTION-MACHINE.png 500w, https:\/\/vibemco.com\/tr\/wp-content\/uploads\/2024\/05\/VIBEMCO-225-FLOOR-COMPACTION-MACHINE-300x200.png 300w\" sizes=\"(max-width: 500px) 100vw, 500px\" \/><\/div><\/div><\/div><br \/>\n\n<style type=\"text\/css\" data-created_by=\"avia_inline_auto\" id=\"style-css-av-3ix09s-5fb7c00cf0bc493cd92b789c022d0a2e\">\n#top .hr.hr-invisible.av-3ix09s-5fb7c00cf0bc493cd92b789c022d0a2e{\nheight:50px;\n}\n<\/style>\n<div  class='hr av-3ix09s-5fb7c00cf0bc493cd92b789c022d0a2e hr-invisible  avia-builder-el-24  el_after_av_image  el_before_av_button '><span class='hr-inner '><span class=\"hr-inner-style\"><\/span><\/span><\/div><br \/>\n<div  class='avia-button-wrap av-adels-94141e29e075bef3dcb0a41f0f6c3b70-wrap avia-button-center  avia-builder-el-25  el_after_av_hr  avia-builder-el-last '><a href=''  class='avia-button av-adels-94141e29e075bef3dcb0a41f0f6c3b70 av-link-btn avia-icon_select-yes-left-icon avia-size-medium avia-position-center av-icon-on-hover avia-color-theme-color'  ><span class='avia_button_icon avia_button_icon_left' aria-hidden='true' data-av_icon='\ue879' data-av_iconfont='entypo-fontello'><\/span><span class='avia_iconbox_title' >\u00dcr\u00fcn Detaylar\u0131<\/span><\/a><\/div><\/p><\/div><\/p>\n","protected":false},"excerpt":{"rendered":"","protected":false},"author":1,"featured_media":0,"parent":1546,"menu_order":1,"comment_status":"closed","ping_status":"closed","template":"","meta":{"footnotes":""},"categories":[34,3],"class_list":["post-1622","page","type-page","status-publish","hentry","category-makineler","category-urunler"],"aioseo_notices":[],"_links":{"self":[{"href":"https:\/\/vibemco.com\/tr\/wp-json\/wp\/v2\/pages\/1622","targetHints":{"allow":["GET"]}}],"collection":[{"href":"https:\/\/vibemco.com\/tr\/wp-json\/wp\/v2\/pages"}],"about":[{"href":"https:\/\/vibemco.com\/tr\/wp-json\/wp\/v2\/types\/page"}],"author":[{"embeddable":true,"href":"https:\/\/vibemco.com\/tr\/wp-json\/wp\/v2\/users\/1"}],"replies":[{"embeddable":true,"href":"https:\/\/vibemco.com\/tr\/wp-json\/wp\/v2\/comments?post=1622"}],"version-history":[{"count":6,"href":"https:\/\/vibemco.com\/tr\/wp-json\/wp\/v2\/pages\/1622\/revisions"}],"predecessor-version":[{"id":1637,"href":"https:\/\/vibemco.com\/tr\/wp-json\/wp\/v2\/pages\/1622\/revisions\/1637"}],"up":[{"embeddable":true,"href":"https:\/\/vibemco.com\/tr\/wp-json\/wp\/v2\/pages\/1546"}],"wp:attachment":[{"href":"https:\/\/vibemco.com\/tr\/wp-json\/wp\/v2\/media?parent=1622"}],"wp:term":[{"taxonomy":"category","embeddable":true,"href":"https:\/\/vibemco.com\/tr\/wp-json\/wp\/v2\/categories?post=1622"}],"curies":[{"name":"wp","href":"https:\/\/api.w.org\/{rel}","templated":true}]}}