{"id":1642,"date":"2024-05-29T15:10:18","date_gmt":"2024-05-29T12:10:18","guid":{"rendered":"https:\/\/vibemco.com\/tr\/?page_id=1642"},"modified":"2024-05-30T11:42:42","modified_gmt":"2024-05-30T08:42:42","slug":"vibemco-vb-313-asfalt-beton-kesim-makinesi","status":"publish","type":"page","link":"https:\/\/vibemco.com\/tr\/urunler\/makineler\/zemin-kesme-makineleri\/vibemco-vb-313-asfalt-beton-kesim-makinesi\/","title":{"rendered":"Vibemco VB 313 Zemin Kesme Makinesi"},"content":{"rendered":"<div id='av_section_1'  class='avia-section av-1dgtoqh-2345b54eb48fca463bbc301d8b696013 main_color avia-section-default avia-no-border-styling  avia-builder-el-0  avia-builder-el-no-sibling  avia-bg-style-scroll container_wrap sidebar_right'  ><div class='container av-section-cont-open' ><main  role=\"main\" itemprop=\"mainContentOfPage\"  class='template-page content  av-content-small alpha units'><div class='post-entry post-entry-type-page post-entry-1642'><div class='entry-content-wrapper clearfix'>\n\n<style type=\"text\/css\" data-created_by=\"avia_inline_auto\" id=\"style-css-av-lwl5zht2-e53ad7f0cd4c8df49777e6ddf2197585\">\n#top .av-special-heading.av-lwl5zht2-e53ad7f0cd4c8df49777e6ddf2197585{\npadding-bottom:10px;\nfont-size:72px;\n}\nbody .av-special-heading.av-lwl5zht2-e53ad7f0cd4c8df49777e6ddf2197585 .av-special-heading-tag .heading-char{\nfont-size:25px;\n}\n#top #wrap_all .av-special-heading.av-lwl5zht2-e53ad7f0cd4c8df49777e6ddf2197585 .av-special-heading-tag{\nfont-size:72px;\n}\n.av-special-heading.av-lwl5zht2-e53ad7f0cd4c8df49777e6ddf2197585 .av-subheading{\nfont-size:15px;\n}\n\n@media only screen and (min-width: 480px) and (max-width: 767px){ \n#top #wrap_all .av-special-heading.av-lwl5zht2-e53ad7f0cd4c8df49777e6ddf2197585 .av-special-heading-tag{\nfont-size:0.8em;\n}\n}\n\n@media only screen and (max-width: 479px){ \n#top #wrap_all .av-special-heading.av-lwl5zht2-e53ad7f0cd4c8df49777e6ddf2197585 .av-special-heading-tag{\nfont-size:0.8em;\n}\n}\n<\/style>\n<div  class='av-special-heading av-lwl5zht2-e53ad7f0cd4c8df49777e6ddf2197585 av-special-heading-h1 blockquote modern-quote  avia-builder-el-1  el_before_av_hr  avia-builder-el-first  av-thin-font av-inherit-size'><h1 class='av-special-heading-tag'  itemprop=\"headline\"  >VIBEMCO VB 313 ZEM\u0130N KESME MAK\u0130NES\u0130<strong>.<\/strong><\/h1><div class=\"special-heading-border\"><div class=\"special-heading-inner-border\"><\/div><\/div><\/div>\n\n<style type=\"text\/css\" data-created_by=\"avia_inline_auto\" id=\"style-css-av-lwru5iyg-2f0d724e2ba7500c527cb3d3933a4c9c\">\n#top .hr.hr-invisible.av-lwru5iyg-2f0d724e2ba7500c527cb3d3933a4c9c{\nheight:30px;\n}\n<\/style>\n<div  class='hr av-lwru5iyg-2f0d724e2ba7500c527cb3d3933a4c9c hr-invisible  avia-builder-el-2  el_after_av_heading  el_before_av_one_half '><span class='hr-inner '><span class=\"hr-inner-style\"><\/span><\/span><\/div>\n<div  class='flex_column av-1awbkh5-8aab8ba5bee8561fc2945789063f0374 av_one_half  avia-builder-el-3  el_after_av_hr  el_before_av_one_half  first flex_column_div av-animated-generic left-to-right  '     ><p><section  class='av_textblock_section av-19orpkp-9462e0891f8e1060e81b3e91bfd1786e '   itemscope=\"itemscope\" itemtype=\"https:\/\/schema.org\/CreativeWork\" ><div class='avia_textblock'  itemprop=\"text\" ><p>Zemin Kesme Makinalar\u0131 (Asfalt &#8211; Beton) mevcut zeminlerde \u00e7e\u015fitli derinliklerdeki derzleri a\u00e7mak ve yama tamiri \u00f6ncesi zemini uygun \u015fekilde haz\u0131rlamak ve kesmek i\u00e7in kullan\u0131l\u0131r. Makinalar tak\u0131lan b\u0131\u00e7aklara g\u00f6re asfalt veya beton kesmeye uygun hale getirilir. Makinalar genel olarak \u00fc\u00e7e ayr\u0131l\u0131r. tipleri: benzinli, dizel ve elektrikli motor se\u00e7enekleri. Elektrikli makineler gaz yaymad\u0131\u011f\u0131ndan kapal\u0131 alanlarda kullan\u0131ma uygundur. Dizel ve benzinli makineler her t\u00fcrl\u00fc a\u00e7\u0131k ve kapal\u0131 alanda \u00e7al\u0131\u015fabilmektedir. Kullan\u0131c\u0131lar\u0131n yak\u0131t ikmal kaynaklar\u0131n\u0131n se\u00e7iminde \u00f6nemli bir kriterdir. Bu makineler manuel, yar\u0131 otomatik ve tam otomatik y\u00fcr\u00fcme sistemleri, b\u0131\u00e7ak indirme ve kald\u0131rma sistemleri, kapal\u0131 kabin, a\u00e7\u0131k kabin ve ihtiyaca g\u00f6re tek tarafl\u0131 ve \u00e7ift tarafl\u0131 kesme se\u00e7eneklerine sahiptir. kullan\u0131c\u0131 talebine.<\/p>\n<\/div><\/section><br \/>\n\n<style type=\"text\/css\" data-created_by=\"avia_inline_auto\" id=\"style-css-av-lwnim2oe-6ba4e8278b4c837bd07f44add092c92d\">\n#top .hr.hr-invisible.av-lwnim2oe-6ba4e8278b4c837bd07f44add092c92d{\nheight:20px;\n}\n<\/style>\n<div  class='hr av-lwnim2oe-6ba4e8278b4c837bd07f44add092c92d hr-invisible  avia-builder-el-5  el_after_av_textblock  el_before_av_textblock '><span class='hr-inner '><span class=\"hr-inner-style\"><\/span><\/span><\/div><br \/>\n\n<style type=\"text\/css\" data-created_by=\"avia_inline_auto\" id=\"style-css-av-1wso5l-4021e784392b89433176ca8e684e5579\">\n#top .av_textblock_section.av-1wso5l-4021e784392b89433176ca8e684e5579 .avia_textblock{\nfont-size:24px;\n}\n<\/style>\n<section  class='av_textblock_section av-1wso5l-4021e784392b89433176ca8e684e5579 '   itemscope=\"itemscope\" itemtype=\"https:\/\/schema.org\/CreativeWork\" ><div class='avia_textblock'  itemprop=\"text\" ><p><strong>Teknik \u00d6zellikler<\/strong><\/p>\n<\/div><\/section><br \/>\n\n<style type=\"text\/css\" data-created_by=\"avia_inline_auto\" id=\"style-css-av-lwsbx2j6-60cdbb24feed2df45e246a0ea2970cda\">\n#top .hr.hr-invisible.av-lwsbx2j6-60cdbb24feed2df45e246a0ea2970cda{\nheight:10px;\n}\n<\/style>\n<div  class='hr av-lwsbx2j6-60cdbb24feed2df45e246a0ea2970cda hr-invisible  avia-builder-el-7  el_after_av_textblock  el_before_av_textblock '><span class='hr-inner '><span class=\"hr-inner-style\"><\/span><\/span><\/div><br \/>\n<section  class='av_textblock_section av-lwsc0f28-56735562d3b2e633b01a71ddba4db074 '   itemscope=\"itemscope\" itemtype=\"https:\/\/schema.org\/CreativeWork\" ><div class='avia_textblock'  itemprop=\"text\" ><p><strong>Marka<\/strong>\u00a0 \u200b\u200b\u2013\u00a0 V\u0130BEMCO<\/p>\n<p><strong>Modeli<\/strong> \u2013 VB 313<\/p>\n<p><strong>Ta\u015f\u0131ma Boyutlar\u0131<\/strong> \u2013 615x920x1040 mm<\/p>\n<p><strong>Ta\u015f\u0131ma A\u011f\u0131rl\u0131\u011f\u0131<\/strong>\u00a0 \u2013\u00a0 106 kg<\/p>\n<p><strong>Motor Markas\u0131<\/strong>\u00a0 \u2013\u00a0 LONCIN<\/p>\n<p><strong>Motor Modeli<\/strong>\u00a0 \u2013\u00a0 G390<\/p>\n<p><strong>Motor A\u011f\u0131rl\u0131\u011f\u0131<\/strong>\u00a0 \u2013\u00a0 31 kg<\/p>\n<p><strong>Motor \u00c7al\u0131\u015ft\u0131rma Y\u00f6ntemi<\/strong>\u00a0 \u2013\u00a0 \u0130pli<\/p>\n<p><strong>Motor Tipi<\/strong>\u00a0 \u2013\u00a0 Hava So\u011futmal\u0131<\/p>\n<p><strong>Silindir Say\u0131s\u0131<\/strong>\u00a0 \u2013\u00a0 Tek Silindir<\/p>\n<p><strong>Motor Yak\u0131t\u0131<\/strong>\u00a0 \u2013\u00a0 Benzin<\/p>\n<p><strong>G\u00fc\u00e7<\/strong>\u00a0 \u2013\u00a0 13 hp<\/p>\n<p><strong>Tank<\/strong>\u00a0 \u2013\u00a0 6,5 lt<\/p>\n<p><strong>Yak\u0131t T\u00fcketimi<\/strong>\u00a0 \u2013\u00a0 3,20 lt\/saat<\/p>\n<p><strong>Yak\u0131t Tank\u0131<\/strong>\u00a0 \u2013\u00a0 1,1 lt<\/p>\n<p><strong>Su Deposu<\/strong> \u2013 40 lt<\/p>\n<p><strong>Kesme \u00d6zellikleri<\/strong>\u00a0 \u2013\u00a0 Suyla<\/p>\n<p><strong>B\u0131\u00e7ak \u00c7aplar\u0131<\/strong>\u00a0 \u2013\u00a0 300-500 mm<\/p>\n<p><strong>Maksimum Kesme<\/strong>\u00a0 \u2013\u00a0 200 mm<\/p>\n<p><strong>Derinlik<\/strong>\u00a0\u00a0\u2013\u00a0 Manuel<\/p>\n<p><strong>\u0130leri\u00a0<\/strong> \u2013\u00a0 Mekanik<\/p>\n<p><strong>B\u0131\u00e7ak Dald\u0131rma Sistemi<\/strong>\u00a0 \u2013\u00a0 Mevcut<\/p>\n<p><strong>B\u0131\u00e7ak Derinli\u011fi G\u00f6stergesi<\/strong>\u00a0 \u2013\u00a0 Mevcut<\/p>\n<p><strong>B\u0131\u00e7ak \u0130ndirme G\u00fcvenli\u011fi<\/strong>\u00a0 \u2013\u00a0 Mevcut<\/p>\n<p><strong>Kald\u0131rma Kancas\u0131<\/strong>\u00a0 \u2013\u00a0 Mevcut<\/p>\n<p><strong>Toz ve \u00c7amur \u00d6nleme<\/strong>\u00a0 \u2013\u00a0 Mevcut<\/p>\n<p><strong>Sistem Ara\u00e7 Seti B\u0131\u00e7ak Kilidi<\/strong>\u00a0 \u2013\u00a0 Mevcut<\/p>\n<\/div><\/section><\/p><\/div><div  class='flex_column av-2run2h-af984deeb80b0316ddf2a225dbff8bec av_one_half  avia-builder-el-9  el_after_av_one_half  avia-builder-el-last  flex_column_div av-animated-generic right-to-left  '     ><style type=\"text\/css\" data-created_by=\"avia_inline_auto\" id=\"style-css-av-lwl5zxst-0751b0a78dfec361fec78b52375dcd60\">\n.avia-image-container.av-lwl5zxst-0751b0a78dfec361fec78b52375dcd60 img.avia_image{\nbox-shadow:none;\n}\n.avia-image-container.av-lwl5zxst-0751b0a78dfec361fec78b52375dcd60 .av-image-caption-overlay-center{\ncolor:#ffffff;\n}\n<\/style>\n<div  class='avia-image-container av-lwl5zxst-0751b0a78dfec361fec78b52375dcd60 av-styling- avia-align-center  avia-builder-el-10  avia-builder-el-no-sibling '   itemprop=\"image\" itemscope=\"itemscope\" itemtype=\"https:\/\/schema.org\/ImageObject\" ><div class=\"avia-image-container-inner\"><div class=\"avia-image-overlay-wrap\"><img decoding=\"async\" fetchpriority=\"high\" class='wp-image-1410 avia-img-lazy-loading-not-1410 avia_image ' src=\"https:\/\/vibemco.com\/tr\/wp-content\/uploads\/2024\/05\/VIBEMCO-VB-313-KESME-MAKINESI-ASFALT-VE-BETON.png\" alt='' title='VIBEMCO VB 313 KESME MAKI\u0307NESI\u0307 (ASFALT VE BETON)'  height=\"333\" width=\"500\"  itemprop=\"thumbnailUrl\" srcset=\"https:\/\/vibemco.com\/tr\/wp-content\/uploads\/2024\/05\/VIBEMCO-VB-313-KESME-MAKINESI-ASFALT-VE-BETON.png 500w, https:\/\/vibemco.com\/tr\/wp-content\/uploads\/2024\/05\/VIBEMCO-VB-313-KESME-MAKINESI-ASFALT-VE-BETON-300x200.png 300w\" sizes=\"(max-width: 500px) 100vw, 500px\" \/><\/div><\/div><\/div><\/div><\/div><\/div><\/main><!-- close content main element --><\/div><\/div><div id='after_section_1'  class='main_color av_default_container_wrap container_wrap sidebar_right'  ><div class='container av-section-cont-open' ><div class='template-page content  av-content-small alpha units'><div class='post-entry post-entry-type-page post-entry-1642'><div class='entry-content-wrapper clearfix'>\n","protected":false},"excerpt":{"rendered":"","protected":false},"author":1,"featured_media":1643,"parent":1408,"menu_order":1,"comment_status":"closed","ping_status":"closed","template":"","meta":{"footnotes":""},"categories":[],"class_list":["post-1642","page","type-page","status-publish","has-post-thumbnail","hentry"],"aioseo_notices":[],"_links":{"self":[{"href":"https:\/\/vibemco.com\/tr\/wp-json\/wp\/v2\/pages\/1642","targetHints":{"allow":["GET"]}}],"collection":[{"href":"https:\/\/vibemco.com\/tr\/wp-json\/wp\/v2\/pages"}],"about":[{"href":"https:\/\/vibemco.com\/tr\/wp-json\/wp\/v2\/types\/page"}],"author":[{"embeddable":true,"href":"https:\/\/vibemco.com\/tr\/wp-json\/wp\/v2\/users\/1"}],"replies":[{"embeddable":true,"href":"https:\/\/vibemco.com\/tr\/wp-json\/wp\/v2\/comments?post=1642"}],"version-history":[{"count":8,"href":"https:\/\/vibemco.com\/tr\/wp-json\/wp\/v2\/pages\/1642\/revisions"}],"predecessor-version":[{"id":1710,"href":"https:\/\/vibemco.com\/tr\/wp-json\/wp\/v2\/pages\/1642\/revisions\/1710"}],"up":[{"embeddable":true,"href":"https:\/\/vibemco.com\/tr\/wp-json\/wp\/v2\/pages\/1408"}],"wp:featuredmedia":[{"embeddable":true,"href":"https:\/\/vibemco.com\/tr\/wp-json\/wp\/v2\/media\/1643"}],"wp:attachment":[{"href":"https:\/\/vibemco.com\/tr\/wp-json\/wp\/v2\/media?parent=1642"}],"wp:term":[{"taxonomy":"category","embeddable":true,"href":"https:\/\/vibemco.com\/tr\/wp-json\/wp\/v2\/categories?post=1642"}],"curies":[{"name":"wp","href":"https:\/\/api.w.org\/{rel}","templated":true}]}}