{"id":1644,"date":"2024-05-29T14:56:37","date_gmt":"2024-05-29T11:56:37","guid":{"rendered":"https:\/\/vibemco.com\/tr\/?page_id=1644"},"modified":"2024-05-30T15:17:52","modified_gmt":"2024-05-30T12:17:52","slug":"vibemco-vb-160-elle-kumandali-vibrasyonlu-silindir","status":"publish","type":"page","link":"https:\/\/vibemco.com\/tr\/urunler\/makineler\/zemin-sikistirma-makineleri\/vibemco-vb-160-elle-kumandali-vibrasyonlu-silindir\/","title":{"rendered":"Vibemco VB 160 Elle Kumandal\u0131 Vibrasyonlu Silindir"},"content":{"rendered":"<div id='av_section_1'  class='avia-section av-55f9un-14c4dc12bb5f068402c6e3d354d35922 main_color avia-section-default avia-no-border-styling  avia-builder-el-0  avia-builder-el-no-sibling  avia-bg-style-scroll container_wrap sidebar_right'  ><div class='container av-section-cont-open' ><main  role=\"main\" itemprop=\"mainContentOfPage\"  class='template-page content  av-content-small alpha units'><div class='post-entry post-entry-type-page post-entry-1644'><div class='entry-content-wrapper clearfix'>\n\n<style type=\"text\/css\" data-created_by=\"avia_inline_auto\" id=\"style-css-av-lwni8cqe-65f4a103708aca90249ef3a3fed54416\">\n#top .av-special-heading.av-lwni8cqe-65f4a103708aca90249ef3a3fed54416{\npadding-bottom:10px;\nfont-size:72px;\n}\nbody .av-special-heading.av-lwni8cqe-65f4a103708aca90249ef3a3fed54416 .av-special-heading-tag .heading-char{\nfont-size:25px;\n}\n#top #wrap_all .av-special-heading.av-lwni8cqe-65f4a103708aca90249ef3a3fed54416 .av-special-heading-tag{\nfont-size:72px;\n}\n.av-special-heading.av-lwni8cqe-65f4a103708aca90249ef3a3fed54416 .av-subheading{\nfont-size:15px;\n}\n\n@media only screen and (min-width: 480px) and (max-width: 767px){ \n#top #wrap_all .av-special-heading.av-lwni8cqe-65f4a103708aca90249ef3a3fed54416 .av-special-heading-tag{\nfont-size:0.8em;\n}\n}\n\n@media only screen and (max-width: 479px){ \n#top #wrap_all .av-special-heading.av-lwni8cqe-65f4a103708aca90249ef3a3fed54416 .av-special-heading-tag{\nfont-size:0.8em;\n}\n}\n<\/style>\n<div  class='av-special-heading av-lwni8cqe-65f4a103708aca90249ef3a3fed54416 av-special-heading-h1 blockquote modern-quote  avia-builder-el-1  el_before_av_hr  avia-builder-el-first  av-thin-font av-inherit-size'><h1 class='av-special-heading-tag'  itemprop=\"headline\"  >VIBEMCO VB 160 ELLE KUMANDALI V\u0130BRASYONLU S\u0130L\u0130ND\u0130R<strong>.<\/strong><\/h1><div class=\"special-heading-border\"><div class=\"special-heading-inner-border\"><\/div><\/div><\/div>\n\n<style type=\"text\/css\" data-created_by=\"avia_inline_auto\" id=\"style-css-av-2s1prg-3c1a3a9f57f80f042c0a4667b2b58d23\">\n#top .hr.hr-invisible.av-2s1prg-3c1a3a9f57f80f042c0a4667b2b58d23{\nheight:20px;\n}\n<\/style>\n<div  class='hr av-2s1prg-3c1a3a9f57f80f042c0a4667b2b58d23 hr-invisible  avia-builder-el-2  el_after_av_heading  el_before_av_one_half '><span class='hr-inner '><span class=\"hr-inner-style\"><\/span><\/span><\/div>\n<div  class='flex_column av-hagm7-edf80dee6810308cf911e9ebd7b862f4 av_one_half  avia-builder-el-3  el_after_av_hr  el_before_av_one_half  first flex_column_div av-animated-generic left-to-right  '     ><section  class='av_textblock_section av-lwni7syr-9cca76aad5f82f8de10d4eaa72b02caf '   itemscope=\"itemscope\" itemtype=\"https:\/\/schema.org\/CreativeWork\" ><div class='avia_textblock'  itemprop=\"text\" ><blockquote>\n<p>Elle Kumandal\u0131 Vibrasyonlu Silindirler, asfalt, kum, \u00e7ak\u0131l ve toprak gibi \u00e7e\u015fitli malzemeleri verimli bir \u015fekilde s\u0131k\u0131\u015ft\u0131rma yetenekleriyle tan\u0131nan, in\u015faat sekt\u00f6r\u00fcn\u00fcn vazge\u00e7ilmez ara\u00e7lar\u0131d\u0131r. Bu makineler, asfaltlama \u00f6ncesinde ve sonras\u0131nda p\u00fcr\u00fczs\u00fcz, sa\u011flam ve bo\u015fluksuz bir y\u00fczey olu\u015fturulmas\u0131n\u0131 sa\u011flayarak hassas bas\u0131n\u00e7 uygulamak i\u00e7in titre\u015fimli tamburlar kullan\u0131r. Esas olarak asfalt yama, bord\u00fcr ve oluk kurulumlar\u0131 ve peyzaj projelerinden \u00f6nce y\u00fczeylerin haz\u0131rlanmas\u0131nda kullan\u0131lan bu silindirler, dizel motorlarla \u00e7al\u0131\u015ft\u0131r\u0131l\u0131r ve hem a\u00e7\u0131k hem de kapal\u0131 ortamlarda \u00e7al\u0131\u015fma i\u00e7in \u00e7ok y\u00f6nl\u00fcl\u00fck sunar.<\/p>\n<\/blockquote>\n<\/div><\/section><br \/>\n\n<style type=\"text\/css\" data-created_by=\"avia_inline_auto\" id=\"style-css-av-lwnindmq-0ff19b39e695bdcd83ed4b3b87dd5c6b\">\n#top .hr.hr-invisible.av-lwnindmq-0ff19b39e695bdcd83ed4b3b87dd5c6b{\nheight:20px;\n}\n<\/style>\n<div  class='hr av-lwnindmq-0ff19b39e695bdcd83ed4b3b87dd5c6b hr-invisible  avia-builder-el-5  el_after_av_textblock  el_before_av_textblock '><span class='hr-inner '><span class=\"hr-inner-style\"><\/span><\/span><\/div><br \/>\n\n<style type=\"text\/css\" data-created_by=\"avia_inline_auto\" id=\"style-css-av-186grhr-fbe5156e7b2e49cec952639186deed1c\">\n#top .av_textblock_section.av-186grhr-fbe5156e7b2e49cec952639186deed1c .avia_textblock{\nfont-size:24px;\n}\n<\/style>\n<section  class='av_textblock_section av-186grhr-fbe5156e7b2e49cec952639186deed1c '   itemscope=\"itemscope\" itemtype=\"https:\/\/schema.org\/CreativeWork\" ><div class='avia_textblock'  itemprop=\"text\" ><p><strong>Teknik \u00d6zellikler<\/strong><\/p>\n<\/div><\/section><br \/>\n\n<style type=\"text\/css\" data-created_by=\"avia_inline_auto\" id=\"style-css-av-lwsa8tlu-ab81005a4c88fc24f0de97ba4e56240f\">\n#top .hr.hr-invisible.av-lwsa8tlu-ab81005a4c88fc24f0de97ba4e56240f{\nheight:10px;\n}\n<\/style>\n<div  class='hr av-lwsa8tlu-ab81005a4c88fc24f0de97ba4e56240f hr-invisible  avia-builder-el-7  el_after_av_textblock  el_before_av_textblock '><span class='hr-inner '><span class=\"hr-inner-style\"><\/span><\/span><\/div><br \/>\n<section  class='av_textblock_section av-lwsaliuy-0c0f15d2a0f7a7849d91823dad1e0428 '   itemscope=\"itemscope\" itemtype=\"https:\/\/schema.org\/CreativeWork\" ><div class='avia_textblock'  itemprop=\"text\" ><p><strong>Marka<\/strong>\u00a0 \u200b\u200b\u2013\u00a0 V\u0130BEMCO<br \/>\n<strong>Modeli<\/strong>\u00a0 \u2013\u00a0 VB 160<br \/>\n<strong>Ta\u015f\u0131ma Boyutlar\u0131<\/strong> \u2013 800x1210x1850 mm<br \/>\n<strong>Ta\u015f\u0131ma A\u011f\u0131rl\u0131\u011f\u0131<\/strong> &#8211; 594 kg<br \/>\n<strong>Motor Markas\u0131<\/strong>\u00a0 \u2013\u00a0 ANTOR<br \/>\n<strong>Motor Modeli<\/strong> \u2013 AD320<br \/>\n<strong>Motor \u00c7al\u0131\u015ft\u0131rma Y\u00f6ntemi<\/strong>\u00a0 \u2013\u00a0 \u0130pli, Motor Mar\u015f\u0131 (\u0130ste\u011fe Ba\u011fl\u0131)<br \/>\n<strong>Motor Tipi<\/strong>\u00a0 \u2013\u00a0 Hava So\u011futmal\u0131<br \/>\n<strong>Silindir Say\u0131s\u0131<\/strong>\u00a0 \u2013\u00a0 Tek Silindir<br \/>\n<strong>Motor Yak\u0131t\u0131<\/strong>\u00a0 \u2013\u00a0 Dizel<br \/>\n<strong>G\u00fc\u00e7<\/strong>\u00a0 \u2013\u00a0 6,8 hp<br \/>\n<strong>Tank<\/strong> \u2013 5,5 lt<br \/>\n<strong>Yak\u0131t T\u00fcketimi<\/strong>\u00a0 \u2013\u00a0 1,7 lt\/ Saat<br \/>\n<strong>Yak\u0131t Tank\u0131<\/strong>\u00a0 \u2013\u00a0 4,3 lt<br \/>\n<strong>Motor Ya\u011f\u0131 Kapasitesi<\/strong>\u00a0 &#8211;\u00a0 1,1 lt<br \/>\n<strong>Ya\u011f Tank\u0131<\/strong>\u00a0 &#8211;\u00a0 32 lt<br \/>\n<strong>Su Deposu<\/strong> \u2013 44 lt<br \/>\n<strong>Tambur \u00c7ap\u0131<\/strong> &#8211; 400 mm<br \/>\n<strong>Tambur Et Kal\u0131nl\u0131\u011f\u0131<\/strong> &#8211; 600 mm<br \/>\n<strong>Merkezka\u00e7 Kuvveti<\/strong> &#8211; 20 kN<br \/>\n<strong>Titre\u015fim Frekans\u0131<\/strong> &#8211; 55 Hz<br \/>\n<strong>H\u0131z (\u0130leri-Geri)<\/strong>\u00a0 &#8211;\u00a0 2,7 km\/saat<br \/>\n<strong>T\u0131rmanma kabiliyeti<\/strong> &#8211;\u00a0 %40<br \/>\n<strong>S\u0131k\u0131\u015ft\u0131rma Derinli\u011fi (Zemin-Asfalt)<\/strong>\u00a0 &#8211;\u00a0 200-120 mm<br \/>\n<strong>Gaz &#8211; Durdurma<\/strong>\u00a0 &#8211;\u00a0 Mevcut<\/p>\n<\/div><\/section><\/p><\/div><div  class='flex_column av-37t9sv-959755daed46ec087f41ee52c600bdde av_one_half  avia-builder-el-9  el_after_av_one_half  avia-builder-el-last  flex_column_div av-animated-generic right-to-left  '     ><style type=\"text\/css\" data-created_by=\"avia_inline_auto\" id=\"style-css-av-lwni8spy-fc91eec611220a0fa254c906244f5999\">\n.avia-image-container.av-lwni8spy-fc91eec611220a0fa254c906244f5999 img.avia_image{\nbox-shadow:none;\n}\n.avia-image-container.av-lwni8spy-fc91eec611220a0fa254c906244f5999 .av-image-caption-overlay-center{\ncolor:#ffffff;\n}\n<\/style>\n<div  class='avia-image-container av-lwni8spy-fc91eec611220a0fa254c906244f5999 av-styling- avia-align-center  avia-builder-el-10  avia-builder-el-no-sibling '   itemprop=\"image\" itemscope=\"itemscope\" itemtype=\"https:\/\/schema.org\/ImageObject\" ><div class=\"avia-image-container-inner\"><div class=\"avia-image-overlay-wrap\"><img decoding=\"async\" fetchpriority=\"high\" class='avia-img-lazy-loading-not- avia_image ' src=\"https:\/\/vibemco.com\/wp-content\/uploads\/2024\/05\/VIBEMCO-VB-160-WALK-BEHIND-VIBRATING-ROLLER.png\" alt='' title=''   itemprop=\"thumbnailUrl\"  \/><\/div><\/div><\/div><\/div><\/div><\/div><\/main><!-- close content main element --><\/div><\/div><div id='after_section_1'  class='main_color av_default_container_wrap container_wrap sidebar_right'  ><div class='container av-section-cont-open' ><div class='template-page content  av-content-small alpha units'><div class='post-entry post-entry-type-page post-entry-1644'><div class='entry-content-wrapper clearfix'>\n","protected":false},"excerpt":{"rendered":"","protected":false},"author":1,"featured_media":1645,"parent":1622,"menu_order":0,"comment_status":"closed","ping_status":"closed","template":"","meta":{"footnotes":""},"categories":[],"class_list":["post-1644","page","type-page","status-publish","has-post-thumbnail","hentry"],"aioseo_notices":[],"_links":{"self":[{"href":"https:\/\/vibemco.com\/tr\/wp-json\/wp\/v2\/pages\/1644","targetHints":{"allow":["GET"]}}],"collection":[{"href":"https:\/\/vibemco.com\/tr\/wp-json\/wp\/v2\/pages"}],"about":[{"href":"https:\/\/vibemco.com\/tr\/wp-json\/wp\/v2\/types\/page"}],"author":[{"embeddable":true,"href":"https:\/\/vibemco.com\/tr\/wp-json\/wp\/v2\/users\/1"}],"replies":[{"embeddable":true,"href":"https:\/\/vibemco.com\/tr\/wp-json\/wp\/v2\/comments?post=1644"}],"version-history":[{"count":9,"href":"https:\/\/vibemco.com\/tr\/wp-json\/wp\/v2\/pages\/1644\/revisions"}],"predecessor-version":[{"id":1738,"href":"https:\/\/vibemco.com\/tr\/wp-json\/wp\/v2\/pages\/1644\/revisions\/1738"}],"up":[{"embeddable":true,"href":"https:\/\/vibemco.com\/tr\/wp-json\/wp\/v2\/pages\/1622"}],"wp:featuredmedia":[{"embeddable":true,"href":"https:\/\/vibemco.com\/tr\/wp-json\/wp\/v2\/media\/1645"}],"wp:attachment":[{"href":"https:\/\/vibemco.com\/tr\/wp-json\/wp\/v2\/media?parent=1644"}],"wp:term":[{"taxonomy":"category","embeddable":true,"href":"https:\/\/vibemco.com\/tr\/wp-json\/wp\/v2\/categories?post=1644"}],"curies":[{"name":"wp","href":"https:\/\/api.w.org\/{rel}","templated":true}]}}