{"id":1647,"date":"2024-05-29T14:56:46","date_gmt":"2024-05-29T11:56:46","guid":{"rendered":"https:\/\/vibemco.com\/tr\/?page_id=1647"},"modified":"2024-05-30T21:50:39","modified_gmt":"2024-05-30T18:50:39","slug":"vibemco-215-vibrasyonlu-kompaktor","status":"publish","type":"page","link":"https:\/\/vibemco.com\/tr\/urunler\/makineler\/zemin-sikistirma-makineleri\/vibemco-215-vibrasyonlu-kompaktor\/","title":{"rendered":"Vibemco 215 Vibrasyonlu Kompakt\u00f6r"},"content":{"rendered":"<div id='av_section_1'  class='avia-section av-5198mn-95f516661d17b2462acef1f12fa7a419 main_color avia-section-default avia-no-border-styling  avia-builder-el-0  avia-builder-el-no-sibling  avia-bg-style-scroll container_wrap sidebar_right'  ><div class='container av-section-cont-open' ><main  role=\"main\" itemprop=\"mainContentOfPage\"  class='template-page content  av-content-small alpha units'><div class='post-entry post-entry-type-page post-entry-1647'><div class='entry-content-wrapper clearfix'>\n\n<style type=\"text\/css\" data-created_by=\"avia_inline_auto\" id=\"style-css-av-lwnizmkl-acd930d200dc5e6b2994f704b7a60acd\">\n#top .av-special-heading.av-lwnizmkl-acd930d200dc5e6b2994f704b7a60acd{\npadding-bottom:10px;\nfont-size:72px;\n}\nbody .av-special-heading.av-lwnizmkl-acd930d200dc5e6b2994f704b7a60acd .av-special-heading-tag .heading-char{\nfont-size:25px;\n}\n#top #wrap_all .av-special-heading.av-lwnizmkl-acd930d200dc5e6b2994f704b7a60acd .av-special-heading-tag{\nfont-size:72px;\n}\n.av-special-heading.av-lwnizmkl-acd930d200dc5e6b2994f704b7a60acd .av-subheading{\nfont-size:15px;\n}\n\n@media only screen and (min-width: 480px) and (max-width: 767px){ \n#top #wrap_all .av-special-heading.av-lwnizmkl-acd930d200dc5e6b2994f704b7a60acd .av-special-heading-tag{\nfont-size:0.8em;\n}\n}\n\n@media only screen and (max-width: 479px){ \n#top #wrap_all .av-special-heading.av-lwnizmkl-acd930d200dc5e6b2994f704b7a60acd .av-special-heading-tag{\nfont-size:0.8em;\n}\n}\n<\/style>\n<div  class='av-special-heading av-lwnizmkl-acd930d200dc5e6b2994f704b7a60acd av-special-heading-h1 blockquote modern-quote  avia-builder-el-1  el_before_av_one_half  avia-builder-el-first  av-thin-font av-inherit-size'><h1 class='av-special-heading-tag'  itemprop=\"headline\"  >VIBEMCO 215<br \/>\nV\u0130BRASYONLU KOMPAKT\u00d6R<strong>.<\/strong><\/h1><div class=\"special-heading-border\"><div class=\"special-heading-inner-border\"><\/div><\/div><\/div>\n<div  class='flex_column av-1cxfdv3-a34d837b58c99c62dae0532e3f75f1e6 av_one_half  avia-builder-el-2  el_after_av_heading  el_before_av_one_half  first flex_column_div av-animated-generic left-to-right  '     ><section  class='av_textblock_section av-1arp8u7-b33c6fe22159b91bbf83fbe7659c8d3b '   itemscope=\"itemscope\" itemtype=\"https:\/\/schema.org\/CreativeWork\" ><div class='avia_textblock'  itemprop=\"text\" ><blockquote>\n<p>Kompakt\u00f6rler asfalt, bord\u00fcr d\u00f6\u015feme levhalar\u0131 gibi malzemeleri d\u00f6\u015femeden veya peyzaj projelerine ba\u015flamadan \u00f6nce kusursuz, sa\u011flam bir y\u00fczey elde etmek i\u00e7in nihai \u00e7\u00f6z\u00fcmd\u00fcr. Titre\u015fimli tablalar\u0131yla bu makineler, kum, \u00e7ak\u0131l ve toprak gibi malzemeleri s\u0131k\u0131\u015ft\u0131rmak i\u00e7in tam olarak do\u011fru bas\u0131nc\u0131 uygulayarak sa\u011flam, bo\u015fluksuz bir temel sa\u011flar. Benzinli ve dizel motor se\u00e7eneklerinin mevcut olmas\u0131 sayesinde, bu motorlar\u0131n inan\u0131lmaz derecede \u00e7ok y\u00f6nl\u00fc oldu\u011funu, a\u00e7\u0131k veya kapal\u0131 her ortamda \u00e7al\u0131\u015fabildi\u011fini g\u00f6receksiniz. Yak\u0131t tedarikinin se\u00e7imi \u00e7ok \u00f6nemlidir ve bu makineler ihtiyac\u0131n\u0131z olan esnekli\u011fi sunar. \u00d6zel gereksinimlerinizi kar\u015f\u0131lamak \u00fczere tasarlanan kompakt\u00f6rler, tek y\u00f6nl\u00fc modellerden iki y\u00f6nl\u00fc modellere ve a\u00e7\u0131k kabin tasar\u0131mlar\u0131ndan kapal\u0131 kabin tasar\u0131mlar\u0131na kadar \u00e7e\u015fitli konfig\u00fcrasyonlara sahiptir. Bu ki\u015fiselle\u015ftirme, ihtiya\u00e7lar\u0131n\u0131za g\u00f6re uyarlanm\u0131\u015f m\u00fckemmel makineyi alman\u0131z\u0131 sa\u011flar. Bug\u00fcn bir kompakt\u00f6re yat\u0131r\u0131m yap\u0131n ve projenizin temelindeki d\u00f6n\u00fc\u015f\u00fcme tan\u0131k olun!<\/p>\n<\/blockquote>\n<\/div><\/section><br \/>\n\n<style type=\"text\/css\" data-created_by=\"avia_inline_auto\" id=\"style-css-av-lwniz7ay-4acacf5132ca335c5eb6256b713640bf\">\n#top .hr.hr-invisible.av-lwniz7ay-4acacf5132ca335c5eb6256b713640bf{\nheight:20px;\n}\n<\/style>\n<div  class='hr av-lwniz7ay-4acacf5132ca335c5eb6256b713640bf hr-invisible  avia-builder-el-4  el_after_av_textblock  el_before_av_textblock '><span class='hr-inner '><span class=\"hr-inner-style\"><\/span><\/span><\/div><br \/>\n<section  class='av_textblock_section av-19by8xr-d7e779190af5e4c5d58444b9bd2cffbb '   itemscope=\"itemscope\" itemtype=\"https:\/\/schema.org\/CreativeWork\" ><div class='avia_textblock'  itemprop=\"text\" ><p><strong>Teknik \u00d6zellikler<\/strong><\/p>\n<\/div><\/section><br \/>\n\n<style type=\"text\/css\" data-created_by=\"avia_inline_auto\" id=\"style-css-av-lwsamkux-5793fafbed825b17081d71c5bd57e49c\">\n#top .hr.hr-invisible.av-lwsamkux-5793fafbed825b17081d71c5bd57e49c{\nheight:10px;\n}\n<\/style>\n<div  class='hr av-lwsamkux-5793fafbed825b17081d71c5bd57e49c hr-invisible  avia-builder-el-6  el_after_av_textblock  el_before_av_textblock '><span class='hr-inner '><span class=\"hr-inner-style\"><\/span><\/span><\/div><br \/>\n<section  class='av_textblock_section av-lwsbff6a-d8ce364ee1db67382a597fc0d1a51bdd '   itemscope=\"itemscope\" itemtype=\"https:\/\/schema.org\/CreativeWork\" ><div class='avia_textblock'  itemprop=\"text\" ><p><strong>Marka<\/strong> \u200b\u200b\u2013 V\u0130BEMCO<br \/>\n<strong>Modeli<\/strong> \u2013 VB 215<br \/>\n<strong>Ta\u015f\u0131ma Boyutlar\u0131<\/strong> \u2013 450x770x630 mm<br \/>\n<strong>Ta\u015f\u0131ma A\u011f\u0131rl\u0131\u011f\u0131<\/strong> &#8211; 95 kg<br \/>\n<strong>Motor \u00c7al\u0131\u015ft\u0131rma Y\u00f6ntemi<\/strong> \u2013 \u0130pli<br \/>\n<strong>Motor Tipi<\/strong> \u2013 Hava So\u011futmal\u0131<br \/>\n<strong>Silindir Say\u0131s\u0131<\/strong> \u2013 Tek Silindir<br \/>\n<strong>Motor Yak\u0131t\u0131<\/strong> \u2013 Benzin<br \/>\n<strong>G\u00fc\u00e7<\/strong> \u2013 5,5 hp<br \/>\n<strong>Yak\u0131t T\u00fcketimi<\/strong> \u2013 1,3 lt\/ Saat<br \/>\n<strong>Yak\u0131t Tank\u0131<\/strong> \u2013 3,6 lt<br \/>\n<strong>Ya\u011f Tank\u0131<\/strong> &#8211; 0,6 lt<br \/>\n<strong>Plaka Boyutlar\u0131<\/strong> &#8211; 450&#215;600 mm<br \/>\n<strong>Y\u00f6n<\/strong> &#8211; Tek Y\u00f6n<br \/>\n<strong>H\u0131z<\/strong> &#8211; 40 m\/dk<br \/>\n<strong>Merkezka\u00e7 Kuvveti<\/strong> &#8211; 15 kN<br \/>\n<strong>S\u0131k\u0131\u015ft\u0131rma G\u00fcc\u00fc<\/strong> &#8211; 5500<br \/>\n<strong>(VPM)<\/strong> &#8211; 30 Derece<br \/>\n<strong>T\u0131rmanma Kolayl\u0131\u011f\u0131<\/strong> &#8211; A\u00e7\u0131k<br \/>\n<strong>Tip Vaka T\u00fcr\u00fc<\/strong> &#8211; Mevcut<br \/>\n<strong>Kol Katlama Sistemi<\/strong> &#8211; Mevcut<br \/>\n<strong>Takoz Sistemi<\/strong> &#8211; Mevcut<br \/>\n<strong>Ta\u015f\u0131ma Tekerle\u011fi<\/strong> &#8211; Mevcut<br \/>\n<strong>Su Deposu<\/strong> &#8211; 10 lt<\/p>\n<\/div><\/section><\/p><\/div><div  class='flex_column av-346qqn-5debe0c8775a9aea72e983ac482200c5 av_one_half  avia-builder-el-8  el_after_av_one_half  avia-builder-el-last  flex_column_div av-animated-generic right-to-left  '     ><style type=\"text\/css\" data-created_by=\"avia_inline_auto\" id=\"style-css-av-lwnizx4b-78656a5750e22e9984a3ce71fd3c5191\">\n.avia-image-container.av-lwnizx4b-78656a5750e22e9984a3ce71fd3c5191 img.avia_image{\nbox-shadow:none;\n}\n.avia-image-container.av-lwnizx4b-78656a5750e22e9984a3ce71fd3c5191 .av-image-caption-overlay-center{\ncolor:#ffffff;\n}\n<\/style>\n<div  class='avia-image-container av-lwnizx4b-78656a5750e22e9984a3ce71fd3c5191 av-styling- avia-align-center  avia-builder-el-9  avia-builder-el-no-sibling '   itemprop=\"image\" itemscope=\"itemscope\" itemtype=\"https:\/\/schema.org\/ImageObject\" ><div class=\"avia-image-container-inner\"><div class=\"avia-image-overlay-wrap\"><img decoding=\"async\" fetchpriority=\"high\" class='avia-img-lazy-loading-not- avia_image ' src=\"https:\/\/vibemco.com\/wp-content\/uploads\/2024\/05\/VIBEMCO-215-FLOOR-COMPACTION-MACHINE.png\" alt='' title=''   itemprop=\"thumbnailUrl\"  \/><\/div><\/div><\/div><\/div><\/div><\/div><\/main><!-- close content main element --><\/div><\/div><div id='after_section_1'  class='main_color av_default_container_wrap container_wrap sidebar_right'  ><div class='container av-section-cont-open' ><div class='template-page content  av-content-small alpha units'><div class='post-entry post-entry-type-page post-entry-1647'><div class='entry-content-wrapper clearfix'>\n","protected":false},"excerpt":{"rendered":"","protected":false},"author":1,"featured_media":1648,"parent":1622,"menu_order":1,"comment_status":"closed","ping_status":"closed","template":"","meta":{"footnotes":""},"categories":[],"class_list":["post-1647","page","type-page","status-publish","has-post-thumbnail","hentry"],"aioseo_notices":[],"_links":{"self":[{"href":"https:\/\/vibemco.com\/tr\/wp-json\/wp\/v2\/pages\/1647","targetHints":{"allow":["GET"]}}],"collection":[{"href":"https:\/\/vibemco.com\/tr\/wp-json\/wp\/v2\/pages"}],"about":[{"href":"https:\/\/vibemco.com\/tr\/wp-json\/wp\/v2\/types\/page"}],"author":[{"embeddable":true,"href":"https:\/\/vibemco.com\/tr\/wp-json\/wp\/v2\/users\/1"}],"replies":[{"embeddable":true,"href":"https:\/\/vibemco.com\/tr\/wp-json\/wp\/v2\/comments?post=1647"}],"version-history":[{"count":8,"href":"https:\/\/vibemco.com\/tr\/wp-json\/wp\/v2\/pages\/1647\/revisions"}],"predecessor-version":[{"id":1758,"href":"https:\/\/vibemco.com\/tr\/wp-json\/wp\/v2\/pages\/1647\/revisions\/1758"}],"up":[{"embeddable":true,"href":"https:\/\/vibemco.com\/tr\/wp-json\/wp\/v2\/pages\/1622"}],"wp:featuredmedia":[{"embeddable":true,"href":"https:\/\/vibemco.com\/tr\/wp-json\/wp\/v2\/media\/1648"}],"wp:attachment":[{"href":"https:\/\/vibemco.com\/tr\/wp-json\/wp\/v2\/media?parent=1647"}],"wp:term":[{"taxonomy":"category","embeddable":true,"href":"https:\/\/vibemco.com\/tr\/wp-json\/wp\/v2\/categories?post=1647"}],"curies":[{"name":"wp","href":"https:\/\/api.w.org\/{rel}","templated":true}]}}