{"id":1650,"date":"2024-05-29T14:56:48","date_gmt":"2024-05-29T11:56:48","guid":{"rendered":"https:\/\/vibemco.com\/tr\/?page_id=1650"},"modified":"2024-05-30T15:20:40","modified_gmt":"2024-05-30T12:20:40","slug":"vibemco-vb-225-vibrasyonlu-kompaktor","status":"publish","type":"page","link":"https:\/\/vibemco.com\/tr\/urunler\/makineler\/zemin-sikistirma-makineleri\/vibemco-vb-225-vibrasyonlu-kompaktor\/","title":{"rendered":"Vibemco VB 225 Vibrasyonlu Kompakt\u00f6r"},"content":{"rendered":"<div id='av_section_1'  class='avia-section av-1d337tn-40039990a20e575d582c89d29f63aa12 main_color avia-section-default avia-no-border-styling  avia-builder-el-0  avia-builder-el-no-sibling  avia-bg-style-scroll container_wrap sidebar_right'  ><div class='container av-section-cont-open' ><main  role=\"main\" itemprop=\"mainContentOfPage\"  class='template-page content  av-content-small alpha units'><div class='post-entry post-entry-type-page post-entry-1650'><div class='entry-content-wrapper clearfix'>\n\n<style type=\"text\/css\" data-created_by=\"avia_inline_auto\" id=\"style-css-av-lwniu5kk-65ad29e7ef06e3f8ca8fb92bb4255559\">\n#top .av-special-heading.av-lwniu5kk-65ad29e7ef06e3f8ca8fb92bb4255559{\npadding-bottom:10px;\nfont-size:72px;\n}\nbody .av-special-heading.av-lwniu5kk-65ad29e7ef06e3f8ca8fb92bb4255559 .av-special-heading-tag .heading-char{\nfont-size:25px;\n}\n#top #wrap_all .av-special-heading.av-lwniu5kk-65ad29e7ef06e3f8ca8fb92bb4255559 .av-special-heading-tag{\nfont-size:72px;\n}\n.av-special-heading.av-lwniu5kk-65ad29e7ef06e3f8ca8fb92bb4255559 .av-subheading{\nfont-size:15px;\n}\n\n@media only screen and (min-width: 480px) and (max-width: 767px){ \n#top #wrap_all .av-special-heading.av-lwniu5kk-65ad29e7ef06e3f8ca8fb92bb4255559 .av-special-heading-tag{\nfont-size:0.8em;\n}\n}\n\n@media only screen and (max-width: 479px){ \n#top #wrap_all .av-special-heading.av-lwniu5kk-65ad29e7ef06e3f8ca8fb92bb4255559 .av-special-heading-tag{\nfont-size:0.8em;\n}\n}\n<\/style>\n<div  class='av-special-heading av-lwniu5kk-65ad29e7ef06e3f8ca8fb92bb4255559 av-special-heading-h1 blockquote modern-quote  avia-builder-el-1  el_before_av_one_half  avia-builder-el-first  av-thin-font av-inherit-size'><h1 class='av-special-heading-tag'  itemprop=\"headline\"  >VIBEMCO VB 225 V\u0130BRASYONLU KOMPAKT\u00d6R<strong>.<\/strong><\/h1><div class=\"special-heading-border\"><div class=\"special-heading-inner-border\"><\/div><\/div><\/div>\n<div  class='flex_column av-1bg4vi3-59b71658a8068315a960994fb597cd97 av_one_half  avia-builder-el-2  el_after_av_heading  el_before_av_one_half  first flex_column_div av-animated-generic left-to-right  '     ><section  class='av_textblock_section av-lwniv7h9-93190aee1e5380f601d88154c9662c58 '   itemscope=\"itemscope\" itemtype=\"https:\/\/schema.org\/CreativeWork\" ><div class='avia_textblock'  itemprop=\"text\" ><blockquote>\n<p>Kompakt\u00f6rler, kum, \u00e7ak\u0131l ve toprak gibi kompakt malzemelere bas\u0131n\u00e7 uygulamak i\u00e7in titre\u015fimli plakalar kullan\u0131r ve asfaltlamadan \u00f6nce sa\u011flam, p\u00fcr\u00fczs\u00fcz bir y\u00fczey olu\u015fturur. Asfalt ve bord\u00fcr d\u00f6\u015femelerinin yan\u0131 s\u0131ra peyzaj projelerinden \u00f6nce y\u00fczeylerin haz\u0131rlanmas\u0131 i\u00e7in gereklidirler. Benzinli ve dizel se\u00e7enekleri bulunan bu makineler, \u00e7e\u015fitli ortamlarda \u00e7al\u0131\u015fabilmektedir. Kullan\u0131c\u0131lar\u0131n yak\u0131t besleme tercihleri \u200b\u200bdo\u011fru makinenin se\u00e7iminde \u00e7ok \u00f6nemlidir.<\/p>\n<p>Kompakt\u00f6rler, kullan\u0131c\u0131 tercihlerine g\u00f6re tek y\u00f6nl\u00fc veya \u00e7ift y\u00f6nl\u00fc modellerin yan\u0131 s\u0131ra a\u00e7\u0131k veya kapal\u0131 kabin tasar\u0131mlar\u0131na g\u00f6re \u00f6zelle\u015ftirilebilir.<\/p>\n<\/blockquote>\n<\/div><\/section><br \/>\n\n<style type=\"text\/css\" data-created_by=\"avia_inline_auto\" id=\"style-css-av-lwniw7jg-50a82061d8504cd60b964e51d2f89802\">\n#top .hr.hr-invisible.av-lwniw7jg-50a82061d8504cd60b964e51d2f89802{\nheight:20px;\n}\n<\/style>\n<div  class='hr av-lwniw7jg-50a82061d8504cd60b964e51d2f89802 hr-invisible  avia-builder-el-4  el_after_av_textblock  el_before_av_textblock '><span class='hr-inner '><span class=\"hr-inner-style\"><\/span><\/span><\/div><br \/>\n\n<style type=\"text\/css\" data-created_by=\"avia_inline_auto\" id=\"style-css-av-18zhfiz-46c57e27b0c6626c1bb7d9ac0a55d1da\">\n#top .av_textblock_section.av-18zhfiz-46c57e27b0c6626c1bb7d9ac0a55d1da .avia_textblock{\nfont-size:24px;\n}\n<\/style>\n<section  class='av_textblock_section av-18zhfiz-46c57e27b0c6626c1bb7d9ac0a55d1da '   itemscope=\"itemscope\" itemtype=\"https:\/\/schema.org\/CreativeWork\" ><div class='avia_textblock'  itemprop=\"text\" ><p><strong>Teknik \u00d6zellikler<\/strong><\/p>\n<\/div><\/section><br \/>\n\n<style type=\"text\/css\" data-created_by=\"avia_inline_auto\" id=\"style-css-av-lwsbhb2j-3849a3495735edd065d5cd54feb2b9ff\">\n#top .hr.hr-invisible.av-lwsbhb2j-3849a3495735edd065d5cd54feb2b9ff{\nheight:10px;\n}\n<\/style>\n<div  class='hr av-lwsbhb2j-3849a3495735edd065d5cd54feb2b9ff hr-invisible  avia-builder-el-6  el_after_av_textblock  el_before_av_textblock '><span class='hr-inner '><span class=\"hr-inner-style\"><\/span><\/span><\/div><br \/>\n<section  class='av_textblock_section av-lwsbkyd7-c4735600141a109ed07478458dfa7669 '   itemscope=\"itemscope\" itemtype=\"https:\/\/schema.org\/CreativeWork\" ><div class='avia_textblock'  itemprop=\"text\" ><p><strong>Marka<\/strong> \u200b\u200b\u2013 V\u0130BEMCO<br \/>\n<strong>Modeli<\/strong> \u2013 VB 225<br \/>\n<strong>Ta\u015f\u0131ma Boyutlar\u0131<\/strong> \u2013 500x770x630 mm<br \/>\n<strong>Ta\u015f\u0131ma A\u011f\u0131rl\u0131\u011f\u0131<\/strong> &#8211; 105 kg<br \/>\n<strong>Motor \u00c7al\u0131\u015ft\u0131rma Y\u00f6ntemi<\/strong> \u2013 \u0130pli<br \/>\n<strong>Motor Tipi<\/strong> \u2013 Hava So\u011futmal\u0131<br \/>\n<strong>Silindir Say\u0131s\u0131<\/strong> \u2013 Tek Silindir<br \/>\n<strong>Motor Yak\u0131t\u0131<\/strong> \u2013 Benzin<br \/>\n<strong>G\u00fc\u00e7<\/strong> \u2013 6,5 hp<br \/>\n<strong>Yak\u0131t T\u00fcketimi<\/strong> \u2013 1,5 lt\/ Saat<br \/>\n<strong>Yak\u0131t Tank\u0131<\/strong> \u2013 3,6 lt<br \/>\n<strong>Ya\u011f Tank\u0131<\/strong> &#8211; 0,6 lt<br \/>\n<strong>Plaka Boyutlar\u0131<\/strong> &#8211; 500&#215;600 mm<br \/>\n<strong>Y\u00f6n<\/strong> &#8211; Tek Y\u00f6n<br \/>\n<strong>H\u0131z<\/strong> &#8211; 40 m\/dk<br \/>\n<strong>Merkezka\u00e7 Kuvveti<\/strong> &#8211; 25 kN<br \/>\n<strong>S\u0131k\u0131\u015ft\u0131rma G\u00fcc\u00fc<\/strong> &#8211; 5500<br \/>\n<strong>(VPM)<\/strong> &#8211; 30 Derece<br \/>\n<strong>T\u0131rmanma Kolayl\u0131\u011f\u0131<\/strong> &#8211; A\u00e7\u0131k<br \/>\n<strong>Tip Vaka T\u00fcr\u00fc<\/strong> &#8211; Mevcut<br \/>\n<strong>Kol Katlama Sistemi<\/strong> &#8211; Mevcut<br \/>\n<strong>Takoz Sistemi<\/strong> &#8211; Mevcut<br \/>\n<strong>Ta\u015f\u0131ma Tekerle\u011fi<\/strong> &#8211; Mevcut<br \/>\n<strong>Su Deposu<\/strong> &#8211; 10 lt<\/p>\n<\/div><\/section><\/p><\/div><div  class='flex_column av-2et8xn-5054f7ada4df706f147f761b0b8e526a av_one_half  avia-builder-el-8  el_after_av_one_half  avia-builder-el-last  flex_column_div av-animated-generic right-to-left  '     ><style type=\"text\/css\" data-created_by=\"avia_inline_auto\" id=\"style-css-av-lwnius1d-fe269267346af1f6b3130e74a6e33633\">\n.avia-image-container.av-lwnius1d-fe269267346af1f6b3130e74a6e33633 img.avia_image{\nbox-shadow:none;\n}\n.avia-image-container.av-lwnius1d-fe269267346af1f6b3130e74a6e33633 .av-image-caption-overlay-center{\ncolor:#ffffff;\n}\n<\/style>\n<div  class='avia-image-container av-lwnius1d-fe269267346af1f6b3130e74a6e33633 av-styling- avia-align-center  avia-builder-el-9  avia-builder-el-no-sibling '   itemprop=\"image\" itemscope=\"itemscope\" itemtype=\"https:\/\/schema.org\/ImageObject\" ><div class=\"avia-image-container-inner\"><div class=\"avia-image-overlay-wrap\"><img decoding=\"async\" fetchpriority=\"high\" class='avia-img-lazy-loading-not- avia_image ' src=\"https:\/\/vibemco.com\/wp-content\/uploads\/2024\/05\/VIBEMCO-225-FLOOR-COMPACTION-MACHINE.png\" alt='' title=''   itemprop=\"thumbnailUrl\"  \/><\/div><\/div><\/div><\/div><\/div><\/div><\/main><!-- close content main element --><\/div><\/div><div id='after_section_1'  class='main_color av_default_container_wrap container_wrap sidebar_right'  ><div class='container av-section-cont-open' ><div class='template-page content  av-content-small alpha units'><div class='post-entry post-entry-type-page post-entry-1650'><div class='entry-content-wrapper clearfix'>\n","protected":false},"excerpt":{"rendered":"","protected":false},"author":1,"featured_media":1651,"parent":1622,"menu_order":2,"comment_status":"closed","ping_status":"closed","template":"","meta":{"footnotes":""},"categories":[],"class_list":["post-1650","page","type-page","status-publish","has-post-thumbnail","hentry"],"aioseo_notices":[],"_links":{"self":[{"href":"https:\/\/vibemco.com\/tr\/wp-json\/wp\/v2\/pages\/1650","targetHints":{"allow":["GET"]}}],"collection":[{"href":"https:\/\/vibemco.com\/tr\/wp-json\/wp\/v2\/pages"}],"about":[{"href":"https:\/\/vibemco.com\/tr\/wp-json\/wp\/v2\/types\/page"}],"author":[{"embeddable":true,"href":"https:\/\/vibemco.com\/tr\/wp-json\/wp\/v2\/users\/1"}],"replies":[{"embeddable":true,"href":"https:\/\/vibemco.com\/tr\/wp-json\/wp\/v2\/comments?post=1650"}],"version-history":[{"count":8,"href":"https:\/\/vibemco.com\/tr\/wp-json\/wp\/v2\/pages\/1650\/revisions"}],"predecessor-version":[{"id":1742,"href":"https:\/\/vibemco.com\/tr\/wp-json\/wp\/v2\/pages\/1650\/revisions\/1742"}],"up":[{"embeddable":true,"href":"https:\/\/vibemco.com\/tr\/wp-json\/wp\/v2\/pages\/1622"}],"wp:featuredmedia":[{"embeddable":true,"href":"https:\/\/vibemco.com\/tr\/wp-json\/wp\/v2\/media\/1651"}],"wp:attachment":[{"href":"https:\/\/vibemco.com\/tr\/wp-json\/wp\/v2\/media?parent=1650"}],"wp:term":[{"taxonomy":"category","embeddable":true,"href":"https:\/\/vibemco.com\/tr\/wp-json\/wp\/v2\/categories?post=1650"}],"curies":[{"name":"wp","href":"https:\/\/api.w.org\/{rel}","templated":true}]}}