{"id":513,"date":"2016-05-11T13:48:44","date_gmt":"2016-05-11T13:48:44","guid":{"rendered":"http:\/\/wpoffice\/enfold-fitness\/?page_id=513"},"modified":"2024-05-29T10:22:37","modified_gmt":"2024-05-29T07:22:37","slug":"bize-ulasin","status":"publish","type":"page","link":"https:\/\/vibemco.com\/tr\/bize-ulasin\/","title":{"rendered":"Bize Ula\u015f\u0131n"},"content":{"rendered":"<div id='av_section_1'  class='avia-section av-4ddvuh-fa26475e7beb338e6ed34ff1e451c930 main_color avia-section-large avia-no-border-styling  avia-builder-el-0  el_before_av_section  avia-builder-el-first  avia-bg-style-scroll container_wrap sidebar_right'  ><div class='container av-section-cont-open' ><main  role=\"main\" itemprop=\"mainContentOfPage\"  class='template-page content  av-content-small alpha units'><div class='post-entry post-entry-type-page post-entry-513'><div class='entry-content-wrapper clearfix'>\n\n<style type=\"text\/css\" data-created_by=\"avia_inline_auto\" id=\"style-css-av-45inux-c6fac828ef7f470fc9871317711d35a4\">\n#top .av-special-heading.av-45inux-c6fac828ef7f470fc9871317711d35a4{\npadding-bottom:30px;\nfont-size:72px;\n}\nbody .av-special-heading.av-45inux-c6fac828ef7f470fc9871317711d35a4 .av-special-heading-tag .heading-char{\nfont-size:25px;\n}\n#top #wrap_all .av-special-heading.av-45inux-c6fac828ef7f470fc9871317711d35a4 .av-special-heading-tag{\nfont-size:72px;\n}\n.av-special-heading.av-45inux-c6fac828ef7f470fc9871317711d35a4 .av-subheading{\nfont-size:15px;\n}\n\n@media only screen and (max-width: 479px){ \n#top #wrap_all .av-special-heading.av-45inux-c6fac828ef7f470fc9871317711d35a4 .av-special-heading-tag{\nfont-size:32px;\n}\n}\n\n@media only screen and (min-width: 480px) and (max-width: 767px){ \n#top #wrap_all .av-special-heading.av-45inux-c6fac828ef7f470fc9871317711d35a4 .av-special-heading-tag{\nfont-size:0.8em;\n}\n}\n<\/style>\n<div  class='av-special-heading av-45inux-c6fac828ef7f470fc9871317711d35a4 av-special-heading-h1 blockquote modern-quote  avia-builder-el-1  el_before_av_two_third  avia-builder-el-first  av-thin-font av-inherit-size'><h1 class='av-special-heading-tag'  itemprop=\"headline\"  >B\u0130ze Ula\u015f\u0131n<strong>.<\/strong><\/h1><div class=\"special-heading-border\"><div class=\"special-heading-inner-border\"><\/div><\/div><\/div>\n\n<style type=\"text\/css\" data-created_by=\"avia_inline_auto\" id=\"style-css-av-3osqvl-4c49f2973fa9e66dd5b1b41659b5ba72\">\n.flex_column.av-3osqvl-4c49f2973fa9e66dd5b1b41659b5ba72{\nborder-radius:0px 0px 0px 0px;\npadding:0px 0px 0px 0px;\n}\n<\/style>\n<div  class='flex_column av-3osqvl-4c49f2973fa9e66dd5b1b41659b5ba72 av_two_third  avia-builder-el-2  el_after_av_heading  el_before_av_one_third  first flex_column_div av-zero-column-padding  '     ><\/div>\n<style type=\"text\/css\" data-created_by=\"avia_inline_auto\" id=\"style-css-av-3zytex-ddaf6e83223ae5530442d181c86b890d\">\n.flex_column.av-3zytex-ddaf6e83223ae5530442d181c86b890d{\nborder-radius:0px 0px 0px 0px;\npadding:0px 0px 0px 0px;\n}\n<\/style>\n<div  class='flex_column av-3zytex-ddaf6e83223ae5530442d181c86b890d av_one_third  avia-builder-el-4  el_after_av_two_third  avia-builder-el-last  flex_column_div av-zero-column-padding  '     ><p><section  class='av_textblock_section av-3i5f4x-eae5397ad4eedec96d8a9d8e526b421b '   itemscope=\"itemscope\" itemtype=\"https:\/\/schema.org\/CreativeWork\" ><div class='avia_textblock'  itemprop=\"text\" ><p><strong>Adres<\/strong><\/p>\n<p>Saray Mah. Dr.Adnan B\u00fcy\u00fckdeniz Cd. No:4<br \/>\nAkkom Office Park 2. Blok Cessas Plaza K:10, 34768,<br \/>\nUmraniye\/\u0130stanbul, T\u00dcRK\u0130YE<\/p>\n<\/div><\/section><br \/>\n<div  class='hr av-bhf41-021bf1f5c209d58d39ae22c6792021a6 hr-default  avia-builder-el-6  el_after_av_textblock  el_before_av_textblock '><span class='hr-inner '><span class=\"hr-inner-style\"><\/span><\/span><\/div><br \/>\n<section  class='av_textblock_section av-lvo36ulb-7a06cbac8412765291e7884781144d1a '   itemscope=\"itemscope\" itemtype=\"https:\/\/schema.org\/CreativeWork\" ><div class='avia_textblock'  itemprop=\"text\" ><p><strong>Bize Ula\u015f\u0131n<\/strong><\/p>\n<p>Telefon: +90 216 687 0333<\/p>\n<p>Mobil Telefon: +90 532 632 29 66<\/p>\n<p>Fax: +90 216 629 94 06<\/p>\n<p>Mail: <a href=\"mailto:info@vibemco.com\">info@vibemco.com<\/a><\/p>\n<\/div><\/section><\/p><\/div><\/div><\/div><\/main><!-- close content main element --><\/div><\/div>\n<style type=\"text\/css\" data-created_by=\"avia_inline_auto\" id=\"style-css-av-33w721-0851633c819b69e28f7cc987c77ed5be\">\n.avia-section.av-33w721-0851633c819b69e28f7cc987c77ed5be{\nbackground-repeat:no-repeat;\nbackground-image:url(https:\/\/vibemco.com\/tr\/wp-content\/uploads\/2024\/05\/bg.png);\nbackground-position:50% 50%;\nbackground-attachment:fixed;\n}\n.avia-section.av-33w721-0851633c819b69e28f7cc987c77ed5be .av-section-color-overlay{\nopacity:0.8;\nbackground-color:#000000;\n}\n<\/style>\n<div id='av_section_2'  class='avia-section av-33w721-0851633c819b69e28f7cc987c77ed5be alternate_color avia-section-huge avia-no-border-styling  avia-builder-el-8  el_after_av_section  avia-builder-el-last  avia-full-stretch avia-bg-style-fixed av-section-color-overlay-active container_wrap sidebar_right'  data-section-bg-repeat='stretch'><div class=\"av-section-color-overlay-wrap\"><div class=\"av-section-color-overlay\"><\/div><div class='container av-section-cont-open' ><div class='template-page content  av-content-small alpha units'><div class='post-entry post-entry-type-page post-entry-513'><div class='entry-content-wrapper clearfix'>\n\n<style type=\"text\/css\" data-created_by=\"avia_inline_auto\" id=\"style-css-av-2xeyg9-78bb896f654878549226f916116559fd\">\n.flex_column.av-2xeyg9-78bb896f654878549226f916116559fd{\nborder-radius:0px 0px 0px 0px;\npadding:0px 0px 0px 0px;\n}\n<\/style>\n<div  class='flex_column av-2xeyg9-78bb896f654878549226f916116559fd av_one_full  avia-builder-el-9  avia-builder-el-no-sibling  first flex_column_div av-zero-column-padding  '     ><p>\n<style type=\"text\/css\" data-created_by=\"avia_inline_auto\" id=\"style-css-av-2shnqh-2f147302972473be81130c82d8b8b026\">\n#top .av-special-heading.av-2shnqh-2f147302972473be81130c82d8b8b026{\npadding-bottom:20px;\nfont-size:50px;\n}\nbody .av-special-heading.av-2shnqh-2f147302972473be81130c82d8b8b026 .av-special-heading-tag .heading-char{\nfont-size:25px;\n}\n#top #wrap_all .av-special-heading.av-2shnqh-2f147302972473be81130c82d8b8b026 .av-special-heading-tag{\nfont-size:50px;\n}\n.av-special-heading.av-2shnqh-2f147302972473be81130c82d8b8b026 .av-subheading{\nfont-size:15px;\n}\n\n@media only screen and (min-width: 480px) and (max-width: 767px){ \n#top #wrap_all .av-special-heading.av-2shnqh-2f147302972473be81130c82d8b8b026 .av-special-heading-tag{\nfont-size:0.8em;\n}\n}\n\n@media only screen and (max-width: 479px){ \n#top #wrap_all .av-special-heading.av-2shnqh-2f147302972473be81130c82d8b8b026 .av-special-heading-tag{\nfont-size:0.8em;\n}\n}\n<\/style>\n<div  class='av-special-heading av-2shnqh-2f147302972473be81130c82d8b8b026 av-special-heading-h1 blockquote modern-quote modern-centered  avia-builder-el-10  el_before_av_contact  avia-builder-el-first  av-thin-font av-inherit-size'><h1 class='av-special-heading-tag'  itemprop=\"headline\"  >\u0130leti\u015fime Ge\u00e7in<strong>.<\/strong><\/h1><div class=\"special-heading-border\"><div class=\"special-heading-inner-border\"><\/div><\/div><\/div><br \/>\n<form action=\"https:\/\/vibemco.com\/tr\/bize-ulasin\/\" method=\"post\" data-fields-with-error=\"Found errors in the following field(s):\" class=\"avia_ajax_form av-form-labels-hidden   avia-builder-el-11  el_after_av_heading  avia-builder-el-last  av-custom-form-color av-light-form \" data-avia-form-id=\"1\" data-avia-redirect='' ><fieldset><p class='  first_form  form_element form_element_half' id='element_avia_1_1'><label for=\"avia_1_1\">Ad Soyad <abbr class=\"required\" title=\"required\">*<\/abbr><\/label> <input name=\"avia_1_1\" class=\"text_input is_empty\" type=\"text\" id=\"avia_1_1\" value=\"\"  placeholder='Ad Soyad*'\/><\/p><p class='  form_element form_element_half' id='element_avia_2_1'><label for=\"avia_2_1\">E-Mail <abbr class=\"required\" title=\"required\">*<\/abbr><\/label> <input name=\"avia_2_1\" class=\"text_input is_email\" type=\"text\" id=\"avia_2_1\" value=\"\"  placeholder='E-Mail*'\/><\/p><p class='  first_form  form_element form_fullwidth' id='element_avia_3_1'><label for=\"avia_3_1\">Konu <abbr class=\"required\" title=\"required\">*<\/abbr><\/label> <input name=\"avia_3_1\" class=\"text_input is_empty\" type=\"text\" id=\"avia_3_1\" value=\"\"  placeholder='Konu*'\/><\/p><p class='  first_form  form_element form_fullwidth av-last-visible-form-element' id='element_avia_4_1'><label for=\"avia_4_1\" class=\"textare_label hidden textare_label_avia_4_1\">Mesaj\u0131n\u0131z <abbr class=\"required\" title=\"required\">*<\/abbr><\/label><textarea  placeholder='Mesaj\u0131n\u0131z*' name=\"avia_4_1\" class=\"text_area is_empty\" cols=\"40\" rows=\"7\" id=\"avia_4_1\" ><\/textarea><\/p><p class=\"hidden\"><input type=\"text\" name=\"avia_5_1\" class=\"hidden \" id=\"avia_5_1\" value=\"\" \/><\/p><p class=\"form_element \"><input type=\"hidden\" value=\"1\" name=\"avia_generated_form1\" \/><input type=\"submit\" value=\"G\u00f6nder\" class=\"button\"  data-sending-label=\"Sending\"\/><\/p><\/fieldset><\/form><div id=\"ajaxresponse_1\" class=\"ajaxresponse ajaxresponse_1 hidden\"><\/div><\/p><\/div>\n<\/div><\/div><\/div><!-- close content main div --><\/div><\/div><\/div><div id='after_section_2'  class='main_color av_default_container_wrap container_wrap sidebar_right'  ><div class='container av-section-cont-open' ><div class='template-page content  av-content-small alpha units'><div class='post-entry post-entry-type-page post-entry-513'><div class='entry-content-wrapper clearfix'><\/p>\n","protected":false},"excerpt":{"rendered":"","protected":false},"author":1,"featured_media":0,"parent":0,"menu_order":6,"comment_status":"closed","ping_status":"closed","template":"","meta":{"footnotes":""},"categories":[],"class_list":["post-513","page","type-page","status-publish","hentry"],"aioseo_notices":[],"_links":{"self":[{"href":"https:\/\/vibemco.com\/tr\/wp-json\/wp\/v2\/pages\/513","targetHints":{"allow":["GET"]}}],"collection":[{"href":"https:\/\/vibemco.com\/tr\/wp-json\/wp\/v2\/pages"}],"about":[{"href":"https:\/\/vibemco.com\/tr\/wp-json\/wp\/v2\/types\/page"}],"author":[{"embeddable":true,"href":"https:\/\/vibemco.com\/tr\/wp-json\/wp\/v2\/users\/1"}],"replies":[{"embeddable":true,"href":"https:\/\/vibemco.com\/tr\/wp-json\/wp\/v2\/comments?post=513"}],"version-history":[{"count":10,"href":"https:\/\/vibemco.com\/tr\/wp-json\/wp\/v2\/pages\/513\/revisions"}],"predecessor-version":[{"id":1603,"href":"https:\/\/vibemco.com\/tr\/wp-json\/wp\/v2\/pages\/513\/revisions\/1603"}],"wp:attachment":[{"href":"https:\/\/vibemco.com\/tr\/wp-json\/wp\/v2\/media?parent=513"}],"wp:term":[{"taxonomy":"category","embeddable":true,"href":"https:\/\/vibemco.com\/tr\/wp-json\/wp\/v2\/categories?post=513"}],"curies":[{"name":"wp","href":"https:\/\/api.w.org\/{rel}","templated":true}]}}