{"id":515,"date":"2016-05-11T13:49:10","date_gmt":"2016-05-11T13:49:10","guid":{"rendered":"http:\/\/wpoffice\/enfold-fitness\/?page_id=515"},"modified":"2024-05-30T21:52:22","modified_gmt":"2024-05-30T18:52:22","slug":"hakkimizda","status":"publish","type":"page","link":"https:\/\/vibemco.com\/tr\/hakkimizda\/","title":{"rendered":"Hakk\u0131m\u0131zda"},"content":{"rendered":"\n<style type=\"text\/css\" data-created_by=\"avia_inline_auto\" id=\"style-css-av-4xl6pv-63fdd2c29ea899d095389b7d261b710a\">\n.avia-section.av-4xl6pv-63fdd2c29ea899d095389b7d261b710a{\nbackground-color:#ffffff;\nbackground-image:unset;\n}\n<\/style>\n<div id='av_section_1'  class='avia-section av-4xl6pv-63fdd2c29ea899d095389b7d261b710a main_color avia-section-large avia-no-border-styling  avia-builder-el-0  el_before_av_masonry_gallery  avia-builder-el-first  avia-bg-style-scroll container_wrap sidebar_right'  ><div class='container av-section-cont-open' ><main  role=\"main\" itemprop=\"mainContentOfPage\"  class='template-page content  av-content-small alpha units'><div class='post-entry post-entry-type-page post-entry-515'><div class='entry-content-wrapper clearfix'>\n\n<style type=\"text\/css\" data-created_by=\"avia_inline_auto\" id=\"style-css-av-4rfzr7-1c6006e523bd01de4340f46a43cfb959\">\n#top .av-special-heading.av-4rfzr7-1c6006e523bd01de4340f46a43cfb959{\npadding-bottom:30px;\nfont-size:70px;\n}\nbody .av-special-heading.av-4rfzr7-1c6006e523bd01de4340f46a43cfb959 .av-special-heading-tag .heading-char{\nfont-size:25px;\n}\n#top #wrap_all .av-special-heading.av-4rfzr7-1c6006e523bd01de4340f46a43cfb959 .av-special-heading-tag{\nfont-size:70px;\n}\n.av-special-heading.av-4rfzr7-1c6006e523bd01de4340f46a43cfb959 .av-subheading{\nfont-size:15px;\n}\n\n@media only screen and (min-width: 480px) and (max-width: 767px){ \n#top #wrap_all .av-special-heading.av-4rfzr7-1c6006e523bd01de4340f46a43cfb959 .av-special-heading-tag{\nfont-size:0.8em;\n}\n}\n\n@media only screen and (max-width: 479px){ \n#top #wrap_all .av-special-heading.av-4rfzr7-1c6006e523bd01de4340f46a43cfb959 .av-special-heading-tag{\nfont-size:0.8em;\n}\n}\n<\/style>\n<div  class='av-special-heading av-4rfzr7-1c6006e523bd01de4340f46a43cfb959 av-special-heading-h1 blockquote modern-quote  avia-builder-el-1  el_before_av_one_full  avia-builder-el-first  av-thin-font av-inherit-size'><h1 class='av-special-heading-tag'  itemprop=\"headline\"  >Hakk\u0131m\u0131zda<strong>.<\/strong><\/h1><div class=\"special-heading-border\"><div class=\"special-heading-inner-border\"><\/div><\/div><\/div>\n\n<style type=\"text\/css\" data-created_by=\"avia_inline_auto\" id=\"style-css-av-4jarff-38720f6ecccfcb1df76a61f756c8eb30\">\n.flex_column.av-4jarff-38720f6ecccfcb1df76a61f756c8eb30{\nborder-radius:0px 0px 0px 0px;\npadding:0px 0px 0px 0px;\nbackground-color:#ffffff;\n}\n<\/style>\n<div  class='flex_column av-4jarff-38720f6ecccfcb1df76a61f756c8eb30 av_one_full  avia-builder-el-2  el_after_av_heading  avia-builder-el-last  first flex_column_div av-zero-column-padding  '     ><section  class='av_textblock_section av-4dndo3-d675b510dd7630051176c254c8244118 '   itemscope=\"itemscope\" itemtype=\"https:\/\/schema.org\/CreativeWork\" ><div class='avia_textblock'  itemprop=\"text\" ><p>Vibemco Teknoloji, geni\u015f bir \u00fcr\u00fcn ve hizmet yelpazesi i\u00e7eren y\u00fcksek kaliteli Enerji Verimlili\u011fi \u00c7\u00f6z\u00fcmleri \u00fcretmeye kendini adam\u0131\u015ft\u0131r. \u00dclkemizin enerji verimlili\u011fi sekt\u00f6r\u00fcnde faaliyet g\u00f6steren \u00f6nc\u00fc firmas\u0131 olarak, m\u00fc\u015fterilerimizin talep etti\u011fi ileri d\u00fczeyde \u00e7\u00f6z\u00fcmleri bulmak i\u00e7in s\u00fcrekli geli\u015fim ve ara\u015ft\u0131rma i\u00e7erisindeyiz. M\u00fc\u015fterilerimizin beklentilerini kar\u015f\u0131lamak ve hatta a\u015fmak i\u00e7in en yeni teknolojileri ve yenilikleri takip ediyoruz.<\/p>\n<blockquote>\n<p>Bug\u00fcn\u00a0<strong>in\u015faat, otomasyon, ayd\u0131nlatma, askeriye, denizcilik, rayl\u0131 sistemler, kald\u0131rma sanayi<\/strong>\u00a0gibi farkl\u0131 i\u015f alanlar\u0131ndaki bir\u00e7ok firman\u0131n \u00e7\u00f6z\u00fcm orta\u011f\u0131 olman\u0131n gururunu ya\u015f\u0131yoruz.<\/p>\n<\/blockquote>\n<\/div><\/section><\/div>\n<style type=\"text\/css\" data-created_by=\"avia_inline_auto\" id=\"style-css-av-37qed7-14265db6a0c00524929f0d93c69b5969\">\n#top .av-masonry.av-37qed7-14265db6a0c00524929f0d93c69b5969{\nbackground-color:#191919;\n}\n<\/style>\n<div id='av-masonry-1' class='av-masonry av-37qed7-14265db6a0c00524929f0d93c69b5969 noHover av-flex-size av-1px-gap av-hover-overlay-active av-masonry-animation-active av-masonry-col-5 av-caption-always av-caption-style- av-masonry-gallery ' data-post_id=\"515\"><div class=\"av-masonry-container isotope av-js-disabled\"><div class='av-masonry-entry isotope-item av-masonry-item-no-image '><\/div><a href=\"https:\/\/vibemco.com\/tr\/wp-content\/uploads\/2024\/05\/otomasyon-1030x579.jpeg\" data-srcset=\"https:\/\/vibemco.com\/tr\/wp-content\/uploads\/2024\/05\/otomasyon-1030x579.jpeg 1030w, https:\/\/vibemco.com\/tr\/wp-content\/uploads\/2024\/05\/otomasyon-300x169.jpeg 300w, https:\/\/vibemco.com\/tr\/wp-content\/uploads\/2024\/05\/otomasyon-768x432.jpeg 768w, https:\/\/vibemco.com\/tr\/wp-content\/uploads\/2024\/05\/otomasyon-1536x864.jpeg 1536w, https:\/\/vibemco.com\/tr\/wp-content\/uploads\/2024\/05\/otomasyon-1500x844.jpeg 1500w, https:\/\/vibemco.com\/tr\/wp-content\/uploads\/2024\/05\/otomasyon-705x397.jpeg 705w, https:\/\/vibemco.com\/tr\/wp-content\/uploads\/2024\/05\/otomasyon.jpeg 1920w\" data-sizes=\"(max-width: 1030px) 100vw, 1030px\"  aria-label=\"image otomasyon\"  id='av-masonry-1-item-831' data-av-masonry-item='831' class='av-masonry-entry isotope-item post-831 attachment type-attachment status-inherit hentry  av-masonry-item-with-image' title=\"otomasyon\" alt=\"\"    itemprop=\"thumbnailUrl\" ><div class='av-inner-masonry-sizer'><\/div><figure class='av-inner-masonry main_color'><div class=\"av-masonry-outerimage-container\"><div class='av-masonry-image-container'   ><img decoding=\"async\" width=\"495\" height=\"400\" fetchpriority=\"high\" class=\"wp-image-831 avia-img-lazy-loading-not-831\"  src=\"https:\/\/vibemco.com\/tr\/wp-content\/uploads\/2024\/05\/otomasyon-495x400.jpeg\" title=\"otomasyon\" alt=\"\" srcset=\"https:\/\/vibemco.com\/tr\/wp-content\/uploads\/2024\/05\/otomasyon-495x400.jpeg 495w, https:\/\/vibemco.com\/tr\/wp-content\/uploads\/2024\/05\/otomasyon-845x684.jpeg 845w\" sizes=\"(max-width: 495px) 100vw, 495px\" \/><\/div><\/div><\/figure><\/a><!--end av-masonry entry--><a href=\"https:\/\/vibemco.com\/tr\/wp-content\/uploads\/2024\/05\/denizcilik-1030x579.webp\" data-srcset=\"https:\/\/vibemco.com\/tr\/wp-content\/uploads\/2024\/05\/denizcilik-1030x579.webp 1030w, https:\/\/vibemco.com\/tr\/wp-content\/uploads\/2024\/05\/denizcilik-300x169.webp 300w, https:\/\/vibemco.com\/tr\/wp-content\/uploads\/2024\/05\/denizcilik-768x432.webp 768w, https:\/\/vibemco.com\/tr\/wp-content\/uploads\/2024\/05\/denizcilik-1536x864.webp 1536w, https:\/\/vibemco.com\/tr\/wp-content\/uploads\/2024\/05\/denizcilik-2048x1152.webp 2048w, https:\/\/vibemco.com\/tr\/wp-content\/uploads\/2024\/05\/denizcilik-1500x844.webp 1500w, https:\/\/vibemco.com\/tr\/wp-content\/uploads\/2024\/05\/denizcilik-705x397.webp 705w\" data-sizes=\"(max-width: 1030px) 100vw, 1030px\"  aria-label=\"image denizcilik\"  id='av-masonry-1-item-832' data-av-masonry-item='832' class='av-masonry-entry isotope-item post-832 attachment type-attachment status-inherit hentry  av-masonry-item-with-image' title=\"denizcilik\" alt=\"\"    itemprop=\"thumbnailUrl\" ><div class='av-inner-masonry-sizer'><\/div><figure class='av-inner-masonry main_color'><div class=\"av-masonry-outerimage-container\"><div class='av-masonry-image-container'   ><img decoding=\"async\" width=\"495\" height=\"400\" fetchpriority=\"high\" class=\"wp-image-832 avia-img-lazy-loading-not-832\"  src=\"https:\/\/vibemco.com\/tr\/wp-content\/uploads\/2024\/05\/denizcilik-495x400.webp\" title=\"denizcilik\" alt=\"\" srcset=\"https:\/\/vibemco.com\/tr\/wp-content\/uploads\/2024\/05\/denizcilik-495x400.webp 495w, https:\/\/vibemco.com\/tr\/wp-content\/uploads\/2024\/05\/denizcilik-845x684.webp 845w\" sizes=\"(max-width: 495px) 100vw, 495px\" \/><\/div><\/div><\/figure><\/a><!--end av-masonry entry--><a href=\"https:\/\/vibemco.com\/tr\/wp-content\/uploads\/2024\/05\/insaat-1030x688.jpg\" data-srcset=\"https:\/\/vibemco.com\/tr\/wp-content\/uploads\/2024\/05\/insaat-1030x688.jpg 1030w, https:\/\/vibemco.com\/tr\/wp-content\/uploads\/2024\/05\/insaat-300x200.jpg 300w, https:\/\/vibemco.com\/tr\/wp-content\/uploads\/2024\/05\/insaat-768x513.jpg 768w, https:\/\/vibemco.com\/tr\/wp-content\/uploads\/2024\/05\/insaat-1536x1025.jpg 1536w, https:\/\/vibemco.com\/tr\/wp-content\/uploads\/2024\/05\/insaat-2048x1367.jpg 2048w, https:\/\/vibemco.com\/tr\/wp-content\/uploads\/2024\/05\/insaat-1500x1001.jpg 1500w, https:\/\/vibemco.com\/tr\/wp-content\/uploads\/2024\/05\/insaat-705x471.jpg 705w\" data-sizes=\"(max-width: 1030px) 100vw, 1030px\"  aria-label=\"image insaat\"  id='av-masonry-1-item-833' data-av-masonry-item='833' class='av-masonry-entry isotope-item post-833 attachment type-attachment status-inherit hentry  av-masonry-item-with-image' title=\"insaat\" alt=\"\"    itemprop=\"thumbnailUrl\" ><div class='av-inner-masonry-sizer'><\/div><figure class='av-inner-masonry main_color'><div class=\"av-masonry-outerimage-container\"><div class='av-masonry-image-container'   ><img decoding=\"async\" width=\"495\" height=\"400\" fetchpriority=\"high\" class=\"wp-image-833 avia-img-lazy-loading-not-833\"  src=\"https:\/\/vibemco.com\/tr\/wp-content\/uploads\/2024\/05\/insaat-495x400.jpg\" title=\"insaat\" alt=\"\" srcset=\"https:\/\/vibemco.com\/tr\/wp-content\/uploads\/2024\/05\/insaat-495x400.jpg 495w, https:\/\/vibemco.com\/tr\/wp-content\/uploads\/2024\/05\/insaat-845x684.jpg 845w\" sizes=\"(max-width: 495px) 100vw, 495px\" \/><\/div><\/div><\/figure><\/a><!--end av-masonry entry--><a href=\"https:\/\/vibemco.com\/tr\/wp-content\/uploads\/2016\/05\/aydinlatma-1030x688-1.webp\" data-srcset=\"https:\/\/vibemco.com\/tr\/wp-content\/uploads\/2016\/05\/aydinlatma-1030x688-1.webp 1030w, https:\/\/vibemco.com\/tr\/wp-content\/uploads\/2016\/05\/aydinlatma-1030x688-1-300x200.webp 300w, https:\/\/vibemco.com\/tr\/wp-content\/uploads\/2016\/05\/aydinlatma-1030x688-1-768x513.webp 768w, https:\/\/vibemco.com\/tr\/wp-content\/uploads\/2016\/05\/aydinlatma-1030x688-1-705x471.webp 705w\" data-sizes=\"(max-width: 1030px) 100vw, 1030px\"  aria-label=\"image aydinlatma-1030&#215;688\"  id='av-masonry-1-item-849' data-av-masonry-item='849' class='av-masonry-entry isotope-item post-849 attachment type-attachment status-inherit hentry  av-masonry-item-with-image' title=\"aydinlatma-1030&#215;688\" alt=\"\"    itemprop=\"thumbnailUrl\" ><div class='av-inner-masonry-sizer'><\/div><figure class='av-inner-masonry main_color'><div class=\"av-masonry-outerimage-container\"><div class='av-masonry-image-container'   ><img decoding=\"async\" width=\"495\" height=\"400\" fetchpriority=\"high\" class=\"wp-image-849 avia-img-lazy-loading-not-849\"  src=\"https:\/\/vibemco.com\/tr\/wp-content\/uploads\/2016\/05\/aydinlatma-1030x688-1-495x400.webp\" title=\"aydinlatma-1030&#215;688\" alt=\"\" srcset=\"https:\/\/vibemco.com\/tr\/wp-content\/uploads\/2016\/05\/aydinlatma-1030x688-1-495x400.webp 495w, https:\/\/vibemco.com\/tr\/wp-content\/uploads\/2016\/05\/aydinlatma-1030x688-1-845x684.webp 845w\" sizes=\"(max-width: 495px) 100vw, 495px\" \/><\/div><\/div><\/figure><\/a><!--end av-masonry entry--><a href=\"https:\/\/vibemco.com\/tr\/wp-content\/uploads\/2024\/05\/raylisistem-1030x412.jpeg\" data-srcset=\"https:\/\/vibemco.com\/tr\/wp-content\/uploads\/2024\/05\/raylisistem-1030x412.jpeg 1030w, https:\/\/vibemco.com\/tr\/wp-content\/uploads\/2024\/05\/raylisistem-300x120.jpeg 300w, https:\/\/vibemco.com\/tr\/wp-content\/uploads\/2024\/05\/raylisistem-768x307.jpeg 768w, https:\/\/vibemco.com\/tr\/wp-content\/uploads\/2024\/05\/raylisistem-1536x614.jpeg 1536w, https:\/\/vibemco.com\/tr\/wp-content\/uploads\/2024\/05\/raylisistem-2048x819.jpeg 2048w, https:\/\/vibemco.com\/tr\/wp-content\/uploads\/2024\/05\/raylisistem-1500x600.jpeg 1500w, https:\/\/vibemco.com\/tr\/wp-content\/uploads\/2024\/05\/raylisistem-705x282.jpeg 705w\" data-sizes=\"(max-width: 1030px) 100vw, 1030px\"  aria-label=\"image raylisistem\"  id='av-masonry-1-item-830' data-av-masonry-item='830' class='av-masonry-entry isotope-item post-830 attachment type-attachment status-inherit hentry  av-masonry-item-with-image' title=\"raylisistem\" alt=\"\"    itemprop=\"thumbnailUrl\" ><div class='av-inner-masonry-sizer'><\/div><figure class='av-inner-masonry main_color'><div class=\"av-masonry-outerimage-container\"><div class='av-masonry-image-container'   ><img decoding=\"async\" width=\"495\" height=\"400\" fetchpriority=\"high\" class=\"wp-image-830 avia-img-lazy-loading-not-830\"  src=\"https:\/\/vibemco.com\/tr\/wp-content\/uploads\/2024\/05\/raylisistem-495x400.jpeg\" title=\"raylisistem\" alt=\"\" srcset=\"https:\/\/vibemco.com\/tr\/wp-content\/uploads\/2024\/05\/raylisistem-495x400.jpeg 495w, https:\/\/vibemco.com\/tr\/wp-content\/uploads\/2024\/05\/raylisistem-845x684.jpeg 845w\" sizes=\"(max-width: 495px) 100vw, 495px\" \/><\/div><\/div><\/figure><\/a><!--end av-masonry entry--><\/div><\/div><\/p>\n\n<style type=\"text\/css\" data-created_by=\"avia_inline_auto\" id=\"style-css-av-37b8ub-5a3a24a9bef7cfd02701fc3e0e2a9eb3\">\n.avia-section.av-37b8ub-5a3a24a9bef7cfd02701fc3e0e2a9eb3{\nbackground-color:#ffffff;\nbackground-image:url(https:\/\/vibemco.com\/tr\/wp-content\/uploads\/2024\/05\/bg.png);\nbackground-repeat:no-repeat;\nbackground-position:50% 50%;\nbackground-attachment:fixed;\n}\n.avia-section.av-37b8ub-5a3a24a9bef7cfd02701fc3e0e2a9eb3 .av-section-color-overlay{\nopacity:0.7;\nbackground-color:#0a0a0a;\n}\n<\/style>\n<div id='av_section_2'  class='avia-section av-37b8ub-5a3a24a9bef7cfd02701fc3e0e2a9eb3 alternate_color avia-section-huge avia-no-border-styling  avia-builder-el-5  el_after_av_masonry_gallery  avia-builder-el-last  avia-full-stretch avia-bg-style-fixed av-section-color-overlay-active container_wrap sidebar_right'  data-section-bg-repeat='stretch'><div class=\"av-section-color-overlay-wrap\"><div class=\"av-section-color-overlay\"><\/div><div class='container av-section-cont-open' ><div class='template-page content  av-content-small alpha units'><div class='post-entry post-entry-type-page post-entry-515'><div class='entry-content-wrapper clearfix'>\n\n<style type=\"text\/css\" data-created_by=\"avia_inline_auto\" id=\"style-css-av-lvz4vnpl-779fed7627293b13938a4f0b285690b2\">\n#top .av-special-heading.av-lvz4vnpl-779fed7627293b13938a4f0b285690b2{\npadding-bottom:20px;\nfont-size:50px;\n}\nbody .av-special-heading.av-lvz4vnpl-779fed7627293b13938a4f0b285690b2 .av-special-heading-tag .heading-char{\nfont-size:25px;\n}\n#top #wrap_all .av-special-heading.av-lvz4vnpl-779fed7627293b13938a4f0b285690b2 .av-special-heading-tag{\nfont-size:50px;\n}\n.av-special-heading.av-lvz4vnpl-779fed7627293b13938a4f0b285690b2 .av-subheading{\nfont-size:15px;\n}\n\n@media only screen and (min-width: 480px) and (max-width: 767px){ \n#top #wrap_all .av-special-heading.av-lvz4vnpl-779fed7627293b13938a4f0b285690b2 .av-special-heading-tag{\nfont-size:0.8em;\n}\n}\n\n@media only screen and (max-width: 479px){ \n#top #wrap_all .av-special-heading.av-lvz4vnpl-779fed7627293b13938a4f0b285690b2 .av-special-heading-tag{\nfont-size:0.8em;\n}\n}\n<\/style>\n<div  class='av-special-heading av-lvz4vnpl-779fed7627293b13938a4f0b285690b2 av-special-heading-h1 blockquote modern-quote modern-centered  avia-builder-el-6  el_before_av_one_full  avia-builder-el-first  av-thin-font av-inherit-size'><h1 class='av-special-heading-tag'  itemprop=\"headline\"  >\u00dcr\u00fcn Katalo\u011fumuzu \u0130nceleyin<strong>.<\/strong><\/h1><div class=\"special-heading-border\"><div class=\"special-heading-inner-border\"><\/div><\/div><\/div>\n\n<style type=\"text\/css\" data-created_by=\"avia_inline_auto\" id=\"style-css-av-b850b-2316b94a698f97b4cd80a706197cd5bc\">\n.flex_column.av-b850b-2316b94a698f97b4cd80a706197cd5bc{\nborder-radius:0px 0px 0px 0px;\npadding:0px 0px 0px 0px;\n}\n<\/style>\n<div  class='flex_column av-b850b-2316b94a698f97b4cd80a706197cd5bc av_one_full  avia-builder-el-7  el_after_av_heading  el_before_av_hr  first flex_column_div av-zero-column-padding  '     ><div  class='avia-logo-element-container av-2xyycz-32ef390b537bd893a3972e7e0cfaf3fc av-border-deactivate avia-logo-slider avia-content-slider avia-smallarrow-slider avia-content-slider-active noHover avia-content-slider-odd  avia-builder-el-8  avia-builder-el-no-sibling  av-slideshow-ui av-control-default av-nav-arrows-visible av-nav-dots-visible av-no-slider-navigation av-slideshow-autoplay av-loop-endless av-loop-manual-endless avia-content-slider1' data-slideshow-options=\"{&quot;animation&quot;:&quot;slide&quot;,&quot;autoplay&quot;:true,&quot;loop_autoplay&quot;:&quot;endless&quot;,&quot;interval&quot;:2,&quot;loop_manual&quot;:&quot;manual-endless&quot;,&quot;autoplay_stopper&quot;:false,&quot;noNavigation&quot;:false,&quot;bg_slider&quot;:false,&quot;keep_padding&quot;:&quot;&quot;,&quot;hoverpause&quot;:false,&quot;show_slide_delay&quot;:0}\"><div class='avia-smallarrow-slider-heading  no-logo-slider-heading '><div class='new-special-heading'>&nbsp;<\/div><div class='avia-slideshow-arrows avia-slideshow-controls' ><a href='#prev' class='prev-slide ' aria-hidden='true' data-av_icon='\ue87c' data-av_iconfont='entypo-fontello'  tabindex='-1'>Previous<\/a><a href='#next' class='next-slide ' aria-hidden='true' data-av_icon='\ue87d' data-av_iconfont='entypo-fontello'  tabindex='-1'>Next<\/a><\/div><\/div><div class=\"avia-content-slider-inner\"><div class=\"slide-entry-wrap\"><div  class='slide-entry av-2sge7n-99f1a54b1a658c2053d39e810123910d flex_column no_margin av_one_fifth real-thumbnail post-entry slide-entry-overview slide-loop-1 slide-parity-odd  first'><span class='av-partner-fake-img' style='padding-bottom:100%; background-image:url(https:\/\/vibemco.com\/tr\/wp-content\/uploads\/2024\/05\/Monafaze-Izolasyon-Trafolari-1-300x300.png);'><\/span><\/div><div  class='slide-entry av-2j5zmr-fc3cce052dd8fa93b38144a679b4ec50 flex_column no_margin av_one_fifth real-thumbnail post-entry slide-entry-overview slide-loop-2 slide-parity-even  '><span class='av-partner-fake-img' style='padding-bottom:100%; background-image:url(https:\/\/vibemco.com\/tr\/wp-content\/uploads\/2024\/05\/Trifaze-harmonik-filtre-300x300.png);'><\/span><\/div><div  class='slide-entry av-2c32xn-db0270863dbd0bccc9f757d0f01c6596 flex_column no_margin av_one_fifth real-thumbnail post-entry slide-entry-overview slide-loop-3 slide-parity-odd  '><span class='av-partner-fake-img' style='padding-bottom:100%; background-image:url(https:\/\/vibemco.com\/tr\/wp-content\/uploads\/2024\/05\/Voltage-2-300x300.png);'><\/span><\/div><div  class='slide-entry av-26qi2b-b1c33119738cd2c9d2a7a6ac90c8f429 flex_column no_margin av_one_fifth real-thumbnail post-entry slide-entry-overview slide-loop-4 slide-parity-even  '><span class='av-partner-fake-img' style='padding-bottom:100%; background-image:url(https:\/\/vibemco.com\/tr\/wp-content\/uploads\/2024\/05\/Trifaze-Izolasyon-Trafosu-300x300.png);'><\/span><\/div><div  class='slide-entry av-23f5rn-7bbb8acb5e151f988e5a868ba955bdbf flex_column no_margin av_one_fifth real-thumbnail post-entry slide-entry-overview slide-loop-5 slide-parity-odd  '><span class='av-partner-fake-img' style='padding-bottom:100%; background-image:url(https:\/\/vibemco.com\/tr\/wp-content\/uploads\/2024\/05\/Voltage-1-300x300.png);'><\/span><\/div><\/div><div class=\"slide-entry-wrap\"><div  class='slide-entry av-1wtlar-3be42431ca93b84f9629a6b2f2b685e1 flex_column no_margin av_one_fifth real-thumbnail post-entry slide-entry-overview slide-loop-6 slide-parity-odd  first'><span class='av-partner-fake-img' style='padding-bottom:100%; background-image:url(https:\/\/vibemco.com\/tr\/wp-content\/uploads\/2024\/05\/MOTOR-SURUCU-300x300.png);'><\/span><\/div><div  class='slide-entry av-1q8703-5f5b9db68d9f5a13e9e9717e61159f19 flex_column no_margin av_one_fifth real-thumbnail post-entry slide-entry-overview slide-loop-7 slide-parity-even  '><span class='av-partner-fake-img' style='padding-bottom:100%; background-image:url(https:\/\/vibemco.com\/tr\/wp-content\/uploads\/2024\/05\/Regulator-300x300.png);'><\/span><\/div><div  class='slide-entry av-1k7v6z-a0dbec30c6e4ef2b1aec778e6182f99f flex_column no_margin av_one_fifth real-thumbnail post-entry slide-entry-overview slide-loop-8 slide-parity-odd  '><span class='av-partner-fake-img' style='padding-bottom:100%; background-image:url(https:\/\/vibemco.com\/tr\/wp-content\/uploads\/2024\/05\/REDRESOR-300x300.png);'><\/span><\/div><div  class='slide-entry av-1e847v-0731955c2f565c14d1f08bd4bfc3800f flex_column no_margin av_one_fifth real-thumbnail post-entry slide-entry-overview slide-loop-9 slide-parity-even  '><span class='av-partner-fake-img' style='padding-bottom:100%; background-image:url(https:\/\/vibemco.com\/tr\/wp-content\/uploads\/2024\/05\/Power-Supply-300x300.png);'><\/span><\/div><div  class='slide-entry av-1bdatv-3982bd12bf0ef8b56a3e84a29beefc80 flex_column no_margin av_one_fifth real-thumbnail post-entry slide-entry-overview slide-loop-10 slide-parity-odd  '><span class='av-partner-fake-img' style='padding-bottom:100%; background-image:url(https:\/\/vibemco.com\/tr\/wp-content\/uploads\/2024\/05\/OTO-TRAFO-300x300.png);'><\/span><\/div><\/div><div class=\"slide-entry-wrap\"><div  class='slide-entry av-15mpbv-22ca4a362866accb23e3ede2c95ac21a flex_column no_margin av_one_fifth real-thumbnail post-entry slide-entry-overview slide-loop-11 slide-parity-odd  first'><span class='av-partner-fake-img' style='padding-bottom:100%; background-image:url(https:\/\/vibemco.com\/tr\/wp-content\/uploads\/2024\/05\/MEDIKAL-TRAFO-300x300.png);'><\/span><\/div><div  class='slide-entry av-ws46z-756f426824783ab5ad631a204821f957 flex_column no_margin av_one_fifth real-thumbnail post-entry slide-entry-overview slide-loop-12 slide-parity-even  '><span class='av-partner-fake-img' style='padding-bottom:100%; background-image:url(https:\/\/vibemco.com\/tr\/wp-content\/uploads\/2024\/05\/Invertor-300x300.png);'><\/span><\/div><div  class='slide-entry av-qbub7-23364ef00419312f706fabee8fefc34c flex_column no_margin av_one_fifth real-thumbnail post-entry slide-entry-overview slide-loop-13 slide-parity-odd  '><span class='av-partner-fake-img' style='padding-bottom:100%; background-image:url(https:\/\/vibemco.com\/tr\/wp-content\/uploads\/2024\/05\/HAT-REAKTOR-300x300.png);'><\/span><\/div><div  class='slide-entry av-jurvn-106aaca8c195bd1132c678c794672064 flex_column no_margin av_one_fifth real-thumbnail post-entry slide-entry-overview slide-loop-14 slide-parity-even  '><span class='av-partner-fake-img' style='padding-bottom:100%; background-image:url(https:\/\/vibemco.com\/tr\/wp-content\/uploads\/2024\/05\/Frenleme-Direnci-2-300x300.png);'><\/span><\/div><div  class='slide-entry av-dzwtv-47eb3ffb2209c7f947f14adc0e727046 flex_column no_margin av_one_fifth real-thumbnail post-entry slide-entry-overview slide-loop-15 slide-parity-odd post-entry-last '><span class='av-partner-fake-img' style='padding-bottom:100%; background-image:url(https:\/\/vibemco.com\/tr\/wp-content\/uploads\/2024\/05\/AKIM-TRAFO-300x300.png);'><\/span><\/div><\/div><\/div><\/div><\/div>\n<style type=\"text\/css\" data-created_by=\"avia_inline_auto\" id=\"style-css-av-89qrf-32dae4e6a9725e5f4483bcd8a39f60fa\">\n#top .hr.hr-invisible.av-89qrf-32dae4e6a9725e5f4483bcd8a39f60fa{\nheight:50px;\n}\n<\/style>\n<div  class='hr av-89qrf-32dae4e6a9725e5f4483bcd8a39f60fa hr-invisible  avia-builder-el-9  el_after_av_one_full  el_before_av_button '><span class='hr-inner '><span class=\"hr-inner-style\"><\/span><\/span><\/div>\n<div  class='avia-button-wrap av-lvz4w0tg-1f9e131f47915d269aac2f32c19592c1-wrap avia-button-center  avia-builder-el-10  el_after_av_hr  avia-builder-el-last '><a href='https:\/\/vibemco.com\/wp-content\/uploads\/2024\/05\/VIBEMCO-PRODUCT-CATALOGUE-2024-.pdf'  class='avia-button av-lvz4w0tg-1f9e131f47915d269aac2f32c19592c1 av-download-btn noLightbox avia-icon_select-yes-right-icon avia-size-large avia-position-center av-icon-on-hover avia-color-light' download ><span class='avia_iconbox_title' >Katalo\u011fu \u0130ndir<\/span><span class='avia_button_icon avia_button_icon_right' aria-hidden='true' data-av_icon='\ue879' data-av_iconfont='entypo-fontello'><\/span><\/a><\/div>\n<\/div><\/div><\/main><!-- close content main element --><\/div><\/div><\/div><div id='after_section_2'  class='main_color av_default_container_wrap container_wrap sidebar_right'  ><div class='container av-section-cont-open' ><div class='template-page content  av-content-small alpha units'><div class='post-entry post-entry-type-page post-entry-515'><div class='entry-content-wrapper clearfix'>\n","protected":false},"excerpt":{"rendered":"","protected":false},"author":1,"featured_media":0,"parent":0,"menu_order":1,"comment_status":"closed","ping_status":"closed","template":"","meta":{"footnotes":""},"categories":[],"class_list":["post-515","page","type-page","status-publish","hentry"],"aioseo_notices":[],"_links":{"self":[{"href":"https:\/\/vibemco.com\/tr\/wp-json\/wp\/v2\/pages\/515","targetHints":{"allow":["GET"]}}],"collection":[{"href":"https:\/\/vibemco.com\/tr\/wp-json\/wp\/v2\/pages"}],"about":[{"href":"https:\/\/vibemco.com\/tr\/wp-json\/wp\/v2\/types\/page"}],"author":[{"embeddable":true,"href":"https:\/\/vibemco.com\/tr\/wp-json\/wp\/v2\/users\/1"}],"replies":[{"embeddable":true,"href":"https:\/\/vibemco.com\/tr\/wp-json\/wp\/v2\/comments?post=515"}],"version-history":[{"count":29,"href":"https:\/\/vibemco.com\/tr\/wp-json\/wp\/v2\/pages\/515\/revisions"}],"predecessor-version":[{"id":1352,"href":"https:\/\/vibemco.com\/tr\/wp-json\/wp\/v2\/pages\/515\/revisions\/1352"}],"wp:attachment":[{"href":"https:\/\/vibemco.com\/tr\/wp-json\/wp\/v2\/media?parent=515"}],"wp:term":[{"taxonomy":"category","embeddable":true,"href":"https:\/\/vibemco.com\/tr\/wp-json\/wp\/v2\/categories?post=515"}],"curies":[{"name":"wp","href":"https:\/\/api.w.org\/{rel}","templated":true}]}}