{"id":577,"date":"2016-05-12T12:57:48","date_gmt":"2016-05-12T12:57:48","guid":{"rendered":"http:\/\/test.kriesi.at\/enfold-gym\/?post_type=portfolio&#038;p=577"},"modified":"2024-05-28T17:18:48","modified_gmt":"2024-05-28T14:18:48","slug":"oto-transformatorler","status":"publish","type":"page","link":"https:\/\/vibemco.com\/tr\/urunler\/enerji\/oto-transformatorler\/","title":{"rendered":"Oto Transformat\u00f6rler"},"content":{"rendered":"<div id='av_section_1'  class='avia-section av-no5wx-6ba8fb93653345532726ddeade8c40f5 main_color avia-section-default avia-no-border-styling  avia-builder-el-0  el_before_av_section  avia-builder-el-first  avia-bg-style-scroll container_wrap sidebar_right'  ><div class='container av-section-cont-open' ><main  role=\"main\" itemprop=\"mainContentOfPage\"  class='template-page content  av-content-small alpha units'><div class='post-entry post-entry-type-page post-entry-577'><div class='entry-content-wrapper clearfix'>\n\n<style type=\"text\/css\" data-created_by=\"avia_inline_auto\" id=\"style-css-av-lvxehoxz-e3d170d4a916ef4ccb97992c67485486\">\n#top .av-special-heading.av-lvxehoxz-e3d170d4a916ef4ccb97992c67485486{\npadding-bottom:10px;\nfont-size:72px;\n}\nbody .av-special-heading.av-lvxehoxz-e3d170d4a916ef4ccb97992c67485486 .av-special-heading-tag .heading-char{\nfont-size:25px;\n}\n#top #wrap_all .av-special-heading.av-lvxehoxz-e3d170d4a916ef4ccb97992c67485486 .av-special-heading-tag{\nfont-size:72px;\n}\n.av-special-heading.av-lvxehoxz-e3d170d4a916ef4ccb97992c67485486 .av-subheading{\nfont-size:15px;\n}\n\n@media only screen and (min-width: 480px) and (max-width: 767px){ \n#top #wrap_all .av-special-heading.av-lvxehoxz-e3d170d4a916ef4ccb97992c67485486 .av-special-heading-tag{\nfont-size:0.8em;\n}\n}\n\n@media only screen and (max-width: 479px){ \n#top #wrap_all .av-special-heading.av-lvxehoxz-e3d170d4a916ef4ccb97992c67485486 .av-special-heading-tag{\nfont-size:0.8em;\n}\n}\n<\/style>\n<div  class='av-special-heading av-lvxehoxz-e3d170d4a916ef4ccb97992c67485486 av-special-heading-h1 blockquote modern-quote  avia-builder-el-1  el_before_av_one_half  avia-builder-el-first  av-thin-font av-inherit-size'><h1 class='av-special-heading-tag'  itemprop=\"headline\"  >OTO TRANSFORMAT\u00d6RLER<strong>.<\/strong><\/h1><div class=\"special-heading-border\"><div class=\"special-heading-inner-border\"><\/div><\/div><\/div>\n<div  class='flex_column av-ctkyh-bc75e8dbe03d20e2f5fd27fd8796301e av_one_half  avia-builder-el-2  el_after_av_heading  el_before_av_one_half  first flex_column_div av-animated-generic left-to-right  '     ><p>\n<style type=\"text\/css\" data-created_by=\"avia_inline_auto\" id=\"style-css-av-lvxelnaq-726702b070170128827d00cf741a604a\">\n#top .hr.hr-invisible.av-lvxelnaq-726702b070170128827d00cf741a604a{\nheight:10px;\n}\n<\/style>\n<div  class='hr av-lvxelnaq-726702b070170128827d00cf741a604a hr-invisible  avia-builder-el-3  el_before_av_textblock  avia-builder-el-first '><span class='hr-inner '><span class=\"hr-inner-style\"><\/span><\/span><\/div><br \/>\n<section  class='av_textblock_section av-lvxeid8m-e29d37331c48ccda3873839aee2d1e6c '   itemscope=\"itemscope\" itemtype=\"https:\/\/schema.org\/CreativeWork\" ><div class='avia_textblock'  itemprop=\"text\" ><blockquote>\n<p>Oto transformat\u00f6rler, Ba\u011f\u0131ms\u0131z Ekipmanlar\u0131n Gerilim Ayarlamalar\u0131nda kullan\u0131l\u0131r.<\/p>\n<p>Bu tip transformat\u00f6rler ticari ve end\u00fcstriyel makinelerde gerilim ayar\u0131 i\u00e7in en iyi \u00e7\u00f6z\u00fcmlerden biridir.<\/p>\n<p>Oto transformat\u00f6rler, bir binan\u0131n servis voltaj\u0131nda \u200b\u200bart\u0131\u015f veya d\u00fc\u015f\u00fc\u015f gerektiren motorlara ve kompres\u00f6rlere, torna tezg\u00e2hlar\u0131na, CNC makinelerine ve di\u011fer end\u00fcstriyel ekipmanlara uygun voltaj\u0131 sa\u011flaman\u0131n etkili ve d\u00fc\u015f\u00fck maliyetli yoludur.<\/p>\n<\/blockquote>\n<\/div><\/section><br \/>\n\n<style type=\"text\/css\" data-created_by=\"avia_inline_auto\" id=\"style-css-av-lvxelt01-b0e9627ab4253e753d9bc231cce91a75\">\n#top .hr.hr-invisible.av-lvxelt01-b0e9627ab4253e753d9bc231cce91a75{\nheight:25px;\n}\n<\/style>\n<div  class='hr av-lvxelt01-b0e9627ab4253e753d9bc231cce91a75 hr-invisible  avia-builder-el-5  el_after_av_textblock  el_before_av_textblock '><span class='hr-inner '><span class=\"hr-inner-style\"><\/span><\/span><\/div><br \/>\n<section  class='av_textblock_section av-lvxeld5x-2160ea675a60418d62d47c2a0c5a5084 '   itemscope=\"itemscope\" itemtype=\"https:\/\/schema.org\/CreativeWork\" ><div class='avia_textblock'  itemprop=\"text\" ><p><strong>Genel \u00d6zellikler :<\/strong><\/p>\n<ul>\n<li>Y\u00fcksek manyetik ge\u00e7irgenlikli demir n\u00fcve<\/li>\n<li>Y\u00fcksek kalite bak\u0131r veya al\u00fcminyum sarg\u0131<\/li>\n<li>M\u00fckemmel yal\u0131t\u0131m<\/li>\n<li>D\u00fc\u015f\u00fck kay\u0131p, y\u00fcksek verim<\/li>\n<li>Vakum vernikleme<\/li>\n<li>CE i\u015faretli ve EN 61558-2-13\u2019in istenilen her t\u00fcrl\u00fc alt standartlar\u0131 ile uyumlu<\/li>\n<\/ul>\n<p><strong>UYGULAMALAR<\/strong><\/p>\n<ul>\n<li>Motor kalk\u0131\u015flar\u0131<\/li>\n<li>Voltaj Reg\u00fclasyonu<\/li>\n<li>Enerji verimlili\u011fi sa\u011flayan devreler<\/li>\n<\/ul>\n<\/div><\/section><\/p><\/div><div  class='flex_column av-85o7d-34cfa22bf0b10d376b1bed82569a1a99 av_one_half  avia-builder-el-7  el_after_av_one_half  avia-builder-el-last  flex_column_div av-animated-generic right-to-left  '     ><style type=\"text\/css\" data-created_by=\"avia_inline_auto\" id=\"style-css-av-lvxeoiz4-59e043bc3197466b1a0ccbb5ccfa3c5f\">\n.avia-image-container.av-lvxeoiz4-59e043bc3197466b1a0ccbb5ccfa3c5f img.avia_image{\nbox-shadow:none;\n}\n.avia-image-container.av-lvxeoiz4-59e043bc3197466b1a0ccbb5ccfa3c5f .av-image-caption-overlay-center{\ncolor:#ffffff;\n}\n<\/style>\n<div  class='avia-image-container av-lvxeoiz4-59e043bc3197466b1a0ccbb5ccfa3c5f av-styling- avia-align-center  avia-builder-el-8  avia-builder-el-no-sibling '   itemprop=\"image\" itemscope=\"itemscope\" itemtype=\"https:\/\/schema.org\/ImageObject\" ><div class=\"avia-image-container-inner\"><div class=\"avia-image-overlay-wrap\"><img decoding=\"async\" fetchpriority=\"high\" class='wp-image-895 avia-img-lazy-loading-not-895 avia_image ' src=\"https:\/\/vibemco.com\/tr\/wp-content\/uploads\/2024\/05\/OTO-TRAFO.png\" alt='' title='OTO TRAFO'  height=\"1000\" width=\"1000\"  itemprop=\"thumbnailUrl\" srcset=\"https:\/\/vibemco.com\/tr\/wp-content\/uploads\/2024\/05\/OTO-TRAFO.png 1000w, https:\/\/vibemco.com\/tr\/wp-content\/uploads\/2024\/05\/OTO-TRAFO-300x300.png 300w, https:\/\/vibemco.com\/tr\/wp-content\/uploads\/2024\/05\/OTO-TRAFO-80x80.png 80w, https:\/\/vibemco.com\/tr\/wp-content\/uploads\/2024\/05\/OTO-TRAFO-768x768.png 768w, https:\/\/vibemco.com\/tr\/wp-content\/uploads\/2024\/05\/OTO-TRAFO-36x36.png 36w, https:\/\/vibemco.com\/tr\/wp-content\/uploads\/2024\/05\/OTO-TRAFO-180x180.png 180w, https:\/\/vibemco.com\/tr\/wp-content\/uploads\/2024\/05\/OTO-TRAFO-705x705.png 705w\" sizes=\"(max-width: 1000px) 100vw, 1000px\" \/><\/div><\/div><\/div><\/div><\/div><\/div><\/main><!-- close content main element --><\/div><\/div>\n<style type=\"text\/css\" data-created_by=\"avia_inline_auto\" id=\"style-css-av-3fpwq1-a223fefe9b13eb4545e2748966701214\">\n.avia-section.av-3fpwq1-a223fefe9b13eb4545e2748966701214{\nbackground-color:#ffffff;\nbackground-image:url(https:\/\/vibemco.com\/tr\/wp-content\/uploads\/2024\/05\/bg.png);\nbackground-repeat:no-repeat;\nbackground-position:50% 50%;\nbackground-attachment:fixed;\n}\n.avia-section.av-3fpwq1-a223fefe9b13eb4545e2748966701214 .av-section-color-overlay{\nopacity:0.7;\nbackground-color:#0a0a0a;\n}\n<\/style>\n<div id='av_section_2'  class='avia-section av-3fpwq1-a223fefe9b13eb4545e2748966701214 alternate_color avia-section-huge avia-no-border-styling  avia-builder-el-9  el_after_av_section  avia-builder-el-last  avia-full-stretch avia-bg-style-fixed av-section-color-overlay-active container_wrap sidebar_right'  data-section-bg-repeat='stretch'><div class=\"av-section-color-overlay-wrap\"><div class=\"av-section-color-overlay\"><\/div><div class='container av-section-cont-open' ><div class='template-page content  av-content-small alpha units'><div class='post-entry post-entry-type-page post-entry-577'><div class='entry-content-wrapper clearfix'>\n\n<style type=\"text\/css\" data-created_by=\"avia_inline_auto\" id=\"style-css-av-lw0dhhtz-07255fffa69a7d2033c2b916cdba64b7\">\n#top .av-special-heading.av-lw0dhhtz-07255fffa69a7d2033c2b916cdba64b7{\npadding-bottom:20px;\nfont-size:50px;\n}\nbody .av-special-heading.av-lw0dhhtz-07255fffa69a7d2033c2b916cdba64b7 .av-special-heading-tag .heading-char{\nfont-size:25px;\n}\n#top #wrap_all .av-special-heading.av-lw0dhhtz-07255fffa69a7d2033c2b916cdba64b7 .av-special-heading-tag{\nfont-size:50px;\n}\n.av-special-heading.av-lw0dhhtz-07255fffa69a7d2033c2b916cdba64b7 .av-subheading{\nfont-size:15px;\n}\n\n@media only screen and (min-width: 480px) and (max-width: 767px){ \n#top #wrap_all .av-special-heading.av-lw0dhhtz-07255fffa69a7d2033c2b916cdba64b7 .av-special-heading-tag{\nfont-size:0.8em;\n}\n}\n\n@media only screen and (max-width: 479px){ \n#top #wrap_all .av-special-heading.av-lw0dhhtz-07255fffa69a7d2033c2b916cdba64b7 .av-special-heading-tag{\nfont-size:0.8em;\n}\n}\n<\/style>\n<div  class='av-special-heading av-lw0dhhtz-07255fffa69a7d2033c2b916cdba64b7 av-special-heading-h1 blockquote modern-quote modern-centered  avia-builder-el-10  el_before_av_one_full  avia-builder-el-first  av-thin-font av-inherit-size'><h1 class='av-special-heading-tag'  itemprop=\"headline\"  >\u00dcr\u00fcn Katalo\u011fumuzu \u0130nceley\u0130n<strong>.<\/strong><\/h1><div class=\"special-heading-border\"><div class=\"special-heading-inner-border\"><\/div><\/div><\/div>\n\n<style type=\"text\/css\" data-created_by=\"avia_inline_auto\" id=\"style-css-av-39z51t-10da326e9f1db0f4e3affe181e1daa91\">\n.flex_column.av-39z51t-10da326e9f1db0f4e3affe181e1daa91{\nborder-radius:0px 0px 0px 0px;\npadding:0px 0px 0px 0px;\n}\n<\/style>\n<div  class='flex_column av-39z51t-10da326e9f1db0f4e3affe181e1daa91 av_one_full  avia-builder-el-11  el_after_av_heading  el_before_av_hr  first flex_column_div av-zero-column-padding  '     ><div  class='avia-logo-element-container av-32dh75-b6c572a384e902ecad2c933f7511d927 av-border-deactivate avia-logo-slider avia-content-slider avia-smallarrow-slider avia-content-slider-active noHover avia-content-slider-odd  avia-builder-el-12  avia-builder-el-no-sibling  av-slideshow-ui av-control-default av-nav-arrows-visible av-nav-dots-visible av-no-slider-navigation av-slideshow-autoplay av-loop-endless av-loop-manual-endless avia-content-slider1' data-slideshow-options=\"{&quot;animation&quot;:&quot;slide&quot;,&quot;autoplay&quot;:true,&quot;loop_autoplay&quot;:&quot;endless&quot;,&quot;interval&quot;:2,&quot;loop_manual&quot;:&quot;manual-endless&quot;,&quot;autoplay_stopper&quot;:false,&quot;noNavigation&quot;:false,&quot;bg_slider&quot;:false,&quot;keep_padding&quot;:&quot;&quot;,&quot;hoverpause&quot;:false,&quot;show_slide_delay&quot;:0}\"><div class='avia-smallarrow-slider-heading  no-logo-slider-heading '><div class='new-special-heading'>&nbsp;<\/div><div class='avia-slideshow-arrows avia-slideshow-controls' ><a href='#prev' class='prev-slide ' aria-hidden='true' data-av_icon='\ue87c' data-av_iconfont='entypo-fontello'  tabindex='-1'>Previous<\/a><a href='#next' class='next-slide ' aria-hidden='true' data-av_icon='\ue87d' data-av_iconfont='entypo-fontello'  tabindex='-1'>Next<\/a><\/div><\/div><div class=\"avia-content-slider-inner\"><div class=\"slide-entry-wrap\"><div  class='slide-entry av-2xf34p-0fd72223bbf8e191a1cbe6d97b160941 flex_column no_margin av_one_fifth real-thumbnail post-entry slide-entry-overview slide-loop-1 slide-parity-odd  first'><span class='av-partner-fake-img' style='padding-bottom:100%; background-image:url(https:\/\/vibemco.com\/tr\/wp-content\/uploads\/2024\/05\/Monafaze-Izolasyon-Trafolari-1-300x300.png);'><\/span><\/div><div  class='slide-entry av-10cbd-5aabbd2cf1b65cec898dfe61dd6e22dc flex_column no_margin av_one_fifth real-thumbnail post-entry slide-entry-overview slide-loop-2 slide-parity-even  '><span class='av-partner-fake-img' style='padding-bottom:100%; background-image:url(https:\/\/vibemco.com\/tr\/wp-content\/uploads\/2024\/05\/Trifaze-harmonik-filtre-300x300.png);'><\/span><\/div><div  class='slide-entry av-2krlr5-d99e6053a21a12019a8c2401af9b61eb flex_column no_margin av_one_fifth real-thumbnail post-entry slide-entry-overview slide-loop-3 slide-parity-odd  '><span class='av-partner-fake-img' style='padding-bottom:100%; background-image:url(https:\/\/vibemco.com\/tr\/wp-content\/uploads\/2024\/05\/Voltage-2-300x300.png);'><\/span><\/div><div  class='slide-entry av-2dls49-169d571aede78ce520b7132248de40af flex_column no_margin av_one_fifth real-thumbnail post-entry slide-entry-overview slide-loop-4 slide-parity-even  '><span class='av-partner-fake-img' style='padding-bottom:100%; background-image:url(https:\/\/vibemco.com\/tr\/wp-content\/uploads\/2024\/05\/Trifaze-Izolasyon-Trafosu-300x300.png);'><\/span><\/div><div  class='slide-entry av-27zx55-8cb9f0e1a0d1846017d8b8e446874126 flex_column no_margin av_one_fifth real-thumbnail post-entry slide-entry-overview slide-loop-5 slide-parity-odd  '><span class='av-partner-fake-img' style='padding-bottom:100%; background-image:url(https:\/\/vibemco.com\/tr\/wp-content\/uploads\/2024\/05\/Voltage-1-300x300.png);'><\/span><\/div><\/div><div class=\"slide-entry-wrap\"><div  class='slide-entry av-210tsh-a20bab677cda030ff3e36e07b7e17c62 flex_column no_margin av_one_fifth real-thumbnail post-entry slide-entry-overview slide-loop-6 slide-parity-odd  first'><span class='av-partner-fake-img' style='padding-bottom:100%; background-image:url(https:\/\/vibemco.com\/tr\/wp-content\/uploads\/2024\/05\/MOTOR-SURUCU-300x300.png);'><\/span><\/div><div  class='slide-entry av-1uwaqx-885a8864a46e76e999c0c7dccf5688a4 flex_column no_margin av_one_fifth real-thumbnail post-entry slide-entry-overview slide-loop-7 slide-parity-even  '><span class='av-partner-fake-img' style='padding-bottom:100%; background-image:url(https:\/\/vibemco.com\/tr\/wp-content\/uploads\/2024\/05\/Regulator-300x300.png);'><\/span><\/div><div  class='slide-entry av-1rxgap-abfeff135b1acf28cee26629d8d88880 flex_column no_margin av_one_fifth real-thumbnail post-entry slide-entry-overview slide-loop-8 slide-parity-odd  '><span class='av-partner-fake-img' style='padding-bottom:100%; background-image:url(https:\/\/vibemco.com\/tr\/wp-content\/uploads\/2024\/05\/REDRESOR-300x300.png);'><\/span><\/div><div  class='slide-entry av-1l2ot5-fca68ce3ff6b3a845a151b27c1e837b0 flex_column no_margin av_one_fifth real-thumbnail post-entry slide-entry-overview slide-loop-9 slide-parity-even  '><span class='av-partner-fake-img' style='padding-bottom:100%; background-image:url(https:\/\/vibemco.com\/tr\/wp-content\/uploads\/2024\/05\/Power-Supply-300x300.png);'><\/span><\/div><div  class='slide-entry av-1dwl55-74a244c582f2d0a44e0e56e3c60b052b flex_column no_margin av_one_fifth real-thumbnail post-entry slide-entry-overview slide-loop-10 slide-parity-odd  '><span class='av-partner-fake-img' style='padding-bottom:100%; background-image:url(https:\/\/vibemco.com\/tr\/wp-content\/uploads\/2024\/05\/OTO-TRAFO-300x300.png);'><\/span><\/div><\/div><div class=\"slide-entry-wrap\"><div  class='slide-entry av-16k1zt-5cf612cbc7b8fcb68c9eda9f4c082806 flex_column no_margin av_one_fifth real-thumbnail post-entry slide-entry-overview slide-loop-11 slide-parity-odd  first'><span class='av-partner-fake-img' style='padding-bottom:100%; background-image:url(https:\/\/vibemco.com\/tr\/wp-content\/uploads\/2024\/05\/MEDIKAL-TRAFO-300x300.png);'><\/span><\/div><div  class='slide-entry av-1416e1-73ef8c59fa01afe61890c75403ded5cd flex_column no_margin av_one_fifth real-thumbnail post-entry slide-entry-overview slide-loop-12 slide-parity-even  '><span class='av-partner-fake-img' style='padding-bottom:100%; background-image:url(https:\/\/vibemco.com\/tr\/wp-content\/uploads\/2024\/05\/Invertor-300x300.png);'><\/span><\/div><div  class='slide-entry av-zftgh-38a93b48bab32fe678bc249432663320 flex_column no_margin av_one_fifth real-thumbnail post-entry slide-entry-overview slide-loop-13 slide-parity-odd  '><span class='av-partner-fake-img' style='padding-bottom:100%; background-image:url(https:\/\/vibemco.com\/tr\/wp-content\/uploads\/2024\/05\/HAT-REAKTOR-300x300.png);'><\/span><\/div><div  class='slide-entry av-2r7fl-2a1bbd098aa03b4aaece3bd43722c212 flex_column no_margin av_one_fifth real-thumbnail post-entry slide-entry-overview slide-loop-14 slide-parity-even  '><span class='av-partner-fake-img' style='padding-bottom:100%; background-image:url(https:\/\/vibemco.com\/tr\/wp-content\/uploads\/2024\/05\/Frenleme-Direnci-2-300x300.png);'><\/span><\/div><div  class='slide-entry av-mgaft-ae80480f0e33f224b3e12133704ffc07 flex_column no_margin av_one_fifth real-thumbnail post-entry slide-entry-overview slide-loop-15 slide-parity-odd post-entry-last '><span class='av-partner-fake-img' style='padding-bottom:100%; background-image:url(https:\/\/vibemco.com\/tr\/wp-content\/uploads\/2024\/05\/AKIM-TRAFO-300x300.png);'><\/span><\/div><\/div><\/div><\/div><\/div>\n<style type=\"text\/css\" data-created_by=\"avia_inline_auto\" id=\"style-css-av-cuyc9-c22846cb414f6952d416f671b88de489\">\n#top .hr.hr-invisible.av-cuyc9-c22846cb414f6952d416f671b88de489{\nheight:50px;\n}\n<\/style>\n<div  class='hr av-cuyc9-c22846cb414f6952d416f671b88de489 hr-invisible  avia-builder-el-13  el_after_av_one_full  el_before_av_button '><span class='hr-inner '><span class=\"hr-inner-style\"><\/span><\/span><\/div>\n<div  class='avia-button-wrap av-axnqp-470419845da7529d56130367700627e4-wrap avia-button-center  avia-builder-el-14  el_after_av_hr  avia-builder-el-last '><a href='https:\/\/vibemco.com\/wp-content\/uploads\/2024\/05\/VIBEMCO-PRODUCT-CATALOGUE-2024-.pdf'  class='avia-button av-axnqp-470419845da7529d56130367700627e4 av-download-btn noLightbox avia-icon_select-yes-right-icon avia-size-large avia-position-center av-icon-on-hover avia-color-light' download ><span class='avia_iconbox_title' >Katalo\u011fu \u0130ndir<\/span><span class='avia_button_icon avia_button_icon_right' aria-hidden='true' data-av_icon='\ue879' data-av_iconfont='entypo-fontello'><\/span><\/a><\/div>\n<\/div><\/div><\/div><!-- close content main div --><\/div><\/div><\/div><div id='after_section_2'  class='main_color av_default_container_wrap container_wrap sidebar_right'  ><div class='container av-section-cont-open' ><div class='template-page content  av-content-small alpha units'><div class='post-entry post-entry-type-page post-entry-577'><div class='entry-content-wrapper clearfix'><\/p>\n","protected":false},"excerpt":{"rendered":"<p>Aenean massa. Cum sociis natoque penatibus et magnis dis parturient montes, nascetur ridi.<\/p>\n","protected":false},"author":1,"featured_media":895,"parent":1496,"menu_order":4,"comment_status":"closed","ping_status":"closed","template":"","meta":{"footnotes":""},"categories":[28,3],"class_list":["post-577","page","type-page","status-publish","has-post-thumbnail","hentry","category-enerji","category-urunler"],"aioseo_notices":[],"_links":{"self":[{"href":"https:\/\/vibemco.com\/tr\/wp-json\/wp\/v2\/pages\/577","targetHints":{"allow":["GET"]}}],"collection":[{"href":"https:\/\/vibemco.com\/tr\/wp-json\/wp\/v2\/pages"}],"about":[{"href":"https:\/\/vibemco.com\/tr\/wp-json\/wp\/v2\/types\/page"}],"author":[{"embeddable":true,"href":"https:\/\/vibemco.com\/tr\/wp-json\/wp\/v2\/users\/1"}],"replies":[{"embeddable":true,"href":"https:\/\/vibemco.com\/tr\/wp-json\/wp\/v2\/comments?post=577"}],"version-history":[{"count":5,"href":"https:\/\/vibemco.com\/tr\/wp-json\/wp\/v2\/pages\/577\/revisions"}],"predecessor-version":[{"id":1288,"href":"https:\/\/vibemco.com\/tr\/wp-json\/wp\/v2\/pages\/577\/revisions\/1288"}],"up":[{"embeddable":true,"href":"https:\/\/vibemco.com\/tr\/wp-json\/wp\/v2\/pages\/1496"}],"wp:featuredmedia":[{"embeddable":true,"href":"https:\/\/vibemco.com\/tr\/wp-json\/wp\/v2\/media\/895"}],"wp:attachment":[{"href":"https:\/\/vibemco.com\/tr\/wp-json\/wp\/v2\/media?parent=577"}],"wp:term":[{"taxonomy":"category","embeddable":true,"href":"https:\/\/vibemco.com\/tr\/wp-json\/wp\/v2\/categories?post=577"}],"curies":[{"name":"wp","href":"https:\/\/api.w.org\/{rel}","templated":true}]}}