{"id":578,"date":"2016-05-12T12:58:26","date_gmt":"2016-05-12T12:58:26","guid":{"rendered":"http:\/\/test.kriesi.at\/enfold-gym\/?post_type=portfolio&#038;p=578"},"modified":"2024-05-28T17:20:25","modified_gmt":"2024-05-28T14:20:25","slug":"toroidal-transformator","status":"publish","type":"page","link":"https:\/\/vibemco.com\/tr\/urunler\/enerji\/izolasyon-transformatorleri\/toroidal-transformator\/","title":{"rendered":"Toroidal Transformat\u00f6r"},"content":{"rendered":"<div id='av_section_1'  class='avia-section av-naaoq-0c771295f416f167517381219c68a26a main_color avia-section-default avia-no-border-styling  avia-builder-el-0  el_before_av_section  avia-builder-el-first  avia-bg-style-scroll container_wrap sidebar_right'  ><div class='container av-section-cont-open' ><main  role=\"main\" itemprop=\"mainContentOfPage\"  class='template-page content  av-content-small alpha units'><div class='post-entry post-entry-type-page post-entry-578'><div class='entry-content-wrapper clearfix'>\n\n<style type=\"text\/css\" data-created_by=\"avia_inline_auto\" id=\"style-css-av-lvwwsxdk-3e0e76e60191ba18c899945c7f84378a\">\n#top .av-special-heading.av-lvwwsxdk-3e0e76e60191ba18c899945c7f84378a{\npadding-bottom:10px;\nfont-size:72px;\n}\nbody .av-special-heading.av-lvwwsxdk-3e0e76e60191ba18c899945c7f84378a .av-special-heading-tag .heading-char{\nfont-size:25px;\n}\n#top #wrap_all .av-special-heading.av-lvwwsxdk-3e0e76e60191ba18c899945c7f84378a .av-special-heading-tag{\nfont-size:72px;\n}\n.av-special-heading.av-lvwwsxdk-3e0e76e60191ba18c899945c7f84378a .av-subheading{\nfont-size:15px;\n}\n\n@media only screen and (min-width: 480px) and (max-width: 767px){ \n#top #wrap_all .av-special-heading.av-lvwwsxdk-3e0e76e60191ba18c899945c7f84378a .av-special-heading-tag{\nfont-size:0.8em;\n}\n}\n\n@media only screen and (max-width: 479px){ \n#top #wrap_all .av-special-heading.av-lvwwsxdk-3e0e76e60191ba18c899945c7f84378a .av-special-heading-tag{\nfont-size:0.8em;\n}\n}\n<\/style>\n<div  class='av-special-heading av-lvwwsxdk-3e0e76e60191ba18c899945c7f84378a av-special-heading-h1 blockquote modern-quote  avia-builder-el-1  el_before_av_one_half  avia-builder-el-first  av-thin-font av-inherit-size'><h1 class='av-special-heading-tag'  itemprop=\"headline\"  >TOROIDAL TRANSFORMAT\u00d6R<strong>.<\/strong><\/h1><div class=\"special-heading-border\"><div class=\"special-heading-inner-border\"><\/div><\/div><\/div>\n<div  class='flex_column av-hnme2-ffc133d905a7b5b45852f0743bcdd73f av_one_half  avia-builder-el-2  el_after_av_heading  el_before_av_one_half  first flex_column_div av-animated-generic left-to-right  '     ><p>\n<style type=\"text\/css\" data-created_by=\"avia_inline_auto\" id=\"style-css-av-lvwx0n7y-54993341f81f4fd0df3c75b005f1722c\">\n#top .hr.hr-invisible.av-lvwx0n7y-54993341f81f4fd0df3c75b005f1722c{\nheight:10px;\n}\n<\/style>\n<div  class='hr av-lvwx0n7y-54993341f81f4fd0df3c75b005f1722c hr-invisible  avia-builder-el-3  el_before_av_textblock  avia-builder-el-first '><span class='hr-inner '><span class=\"hr-inner-style\"><\/span><\/span><\/div><br \/>\n<section  class='av_textblock_section av-lvwwuk7n-a076b078fec1861639708988f8568e00 '   itemscope=\"itemscope\" itemtype=\"https:\/\/schema.org\/CreativeWork\" ><div class='avia_textblock'  itemprop=\"text\" ><blockquote>\n<p>Toroidal transformat\u00f6rler, elektronik uygulamalarda voltaj\u0131 d\u00fc\u015f\u00fcrme \/ y\u00fckseltme arac\u0131 olarak s\u0131kl\u0131kla kullan\u0131l\u0131r. Cihazlar ayr\u0131ca elektronik ekipman\u0131 ka\u00e7ak voltaj kaynaklar\u0131ndan yal\u0131tmak i\u00e7in de kullan\u0131labilir.<\/p>\n<p><em>EN 61558 \u2013 2, CE&#8217;ye uygun \u00fcretim<\/em><\/p>\n<\/blockquote>\n<\/div><\/section><br \/>\n\n<style type=\"text\/css\" data-created_by=\"avia_inline_auto\" id=\"style-css-av-lvwwuvni-dc28e21a26c950739f69bb233435beaa\">\n#top .hr.hr-invisible.av-lvwwuvni-dc28e21a26c950739f69bb233435beaa{\nheight:25px;\n}\n<\/style>\n<div  class='hr av-lvwwuvni-dc28e21a26c950739f69bb233435beaa hr-invisible  avia-builder-el-5  el_after_av_textblock  el_before_av_textblock '><span class='hr-inner '><span class=\"hr-inner-style\"><\/span><\/span><\/div><br \/>\n<section  class='av_textblock_section av-lvwwyw9s-ee7af86d81be0c2d0bfe7cbffee5d3a0 '   itemscope=\"itemscope\" itemtype=\"https:\/\/schema.org\/CreativeWork\" ><div class='avia_textblock'  itemprop=\"text\" ><p><strong>GENEL \u00d6ZELL\u0130KLER<\/strong><\/p>\n<ul>\n<li>Koruma S\u0131n\u0131f\u0131: A\u00e7\u0131k Tip \/ IP00<\/li>\n<li>Giri\u015f Voltaj\u0131: Talep Edilen Dizayna uygun olarak \u00f6nerilecektir<\/li>\n<li>\u00c7\u0131k\u0131\u015f Voltaj\u0131 : Talep Edilen Dizayna uygun olarak \u00f6nerilecektir<\/li>\n<li>Frekans : 50 Hz \/ 60 Hz<\/li>\n<li>Termal S\u0131n\u0131f: Ta40\u00ba C\/B<\/li>\n<\/ul>\n<p><strong>UYGULAMALAR<\/strong><\/p>\n<ul>\n<li>Bilgisayar g\u00fc\u00e7 kaynaklar\u0131<\/li>\n<li>Radyo vericileri<\/li>\n<li>Elektromanyetik Giri\u015fime (EMI) duyarl\u0131 devreler<\/li>\n<li>Elektrik enerjisinin aktar\u0131lmas\u0131n\u0131 veya d\u00f6n\u00fc\u015ft\u00fcr\u00fclmesini gerektiren herhangi bir uygulama<\/li>\n<\/ul>\n<\/div><\/section><\/p><\/div><div  class='flex_column av-7we3m-ce27550b66e0eb6761856c0630a28687 av_one_half  avia-builder-el-7  el_after_av_one_half  avia-builder-el-last  flex_column_div av-animated-generic right-to-left  '     ><style type=\"text\/css\" data-created_by=\"avia_inline_auto\" id=\"style-css-av-lvwwtajl-2b4c7ab192b48eb49232df231a80108d\">\n.avia-image-container.av-lvwwtajl-2b4c7ab192b48eb49232df231a80108d img.avia_image{\nbox-shadow:none;\n}\n.avia-image-container.av-lvwwtajl-2b4c7ab192b48eb49232df231a80108d .av-image-caption-overlay-center{\ncolor:#ffffff;\n}\n<\/style>\n<div  class='avia-image-container av-lvwwtajl-2b4c7ab192b48eb49232df231a80108d av-styling- avia-align-center  avia-builder-el-8  avia-builder-el-no-sibling '   itemprop=\"image\" itemscope=\"itemscope\" itemtype=\"https:\/\/schema.org\/ImageObject\" ><div class=\"avia-image-container-inner\"><div class=\"avia-image-overlay-wrap\"><img decoding=\"async\" fetchpriority=\"high\" class='wp-image-900 avia-img-lazy-loading-not-900 avia_image ' src=\"https:\/\/vibemco.com\/tr\/wp-content\/uploads\/2024\/05\/TOROID-TRAFO.png\" alt='' title='TOROID TRAFO'  height=\"1000\" width=\"1000\"  itemprop=\"thumbnailUrl\" srcset=\"https:\/\/vibemco.com\/tr\/wp-content\/uploads\/2024\/05\/TOROID-TRAFO.png 1000w, https:\/\/vibemco.com\/tr\/wp-content\/uploads\/2024\/05\/TOROID-TRAFO-300x300.png 300w, https:\/\/vibemco.com\/tr\/wp-content\/uploads\/2024\/05\/TOROID-TRAFO-80x80.png 80w, https:\/\/vibemco.com\/tr\/wp-content\/uploads\/2024\/05\/TOROID-TRAFO-768x768.png 768w, https:\/\/vibemco.com\/tr\/wp-content\/uploads\/2024\/05\/TOROID-TRAFO-36x36.png 36w, https:\/\/vibemco.com\/tr\/wp-content\/uploads\/2024\/05\/TOROID-TRAFO-180x180.png 180w, https:\/\/vibemco.com\/tr\/wp-content\/uploads\/2024\/05\/TOROID-TRAFO-705x705.png 705w\" sizes=\"(max-width: 1000px) 100vw, 1000px\" \/><\/div><\/div><\/div><\/div><\/div><\/div><\/main><!-- close content main element --><\/div><\/div>\n<style type=\"text\/css\" data-created_by=\"avia_inline_auto\" id=\"style-css-av-c1gm2-4f4d034d992c38ae812ed22f35004199\">\n.avia-section.av-c1gm2-4f4d034d992c38ae812ed22f35004199{\nbackground-color:#ffffff;\nbackground-image:url(https:\/\/vibemco.com\/tr\/wp-content\/uploads\/2024\/05\/bg.png);\nbackground-repeat:no-repeat;\nbackground-position:50% 50%;\nbackground-attachment:fixed;\n}\n.avia-section.av-c1gm2-4f4d034d992c38ae812ed22f35004199 .av-section-color-overlay{\nopacity:0.7;\nbackground-color:#0a0a0a;\n}\n<\/style>\n<div id='av_section_2'  class='avia-section av-c1gm2-4f4d034d992c38ae812ed22f35004199 alternate_color avia-section-huge avia-no-border-styling  avia-builder-el-9  el_after_av_section  avia-builder-el-last  avia-full-stretch avia-bg-style-fixed av-section-color-overlay-active container_wrap sidebar_right'  data-section-bg-repeat='stretch'><div class=\"av-section-color-overlay-wrap\"><div class=\"av-section-color-overlay\"><\/div><div class='container av-section-cont-open' ><div class='template-page content  av-content-small alpha units'><div class='post-entry post-entry-type-page post-entry-578'><div class='entry-content-wrapper clearfix'>\n\n<style type=\"text\/css\" data-created_by=\"avia_inline_auto\" id=\"style-css-av-lw0dgwyt-b2ea1306acb37c63f8bf80f1d5f9126c\">\n#top .av-special-heading.av-lw0dgwyt-b2ea1306acb37c63f8bf80f1d5f9126c{\npadding-bottom:20px;\nfont-size:50px;\n}\nbody .av-special-heading.av-lw0dgwyt-b2ea1306acb37c63f8bf80f1d5f9126c .av-special-heading-tag .heading-char{\nfont-size:25px;\n}\n#top #wrap_all .av-special-heading.av-lw0dgwyt-b2ea1306acb37c63f8bf80f1d5f9126c .av-special-heading-tag{\nfont-size:50px;\n}\n.av-special-heading.av-lw0dgwyt-b2ea1306acb37c63f8bf80f1d5f9126c .av-subheading{\nfont-size:15px;\n}\n\n@media only screen and (min-width: 480px) and (max-width: 767px){ \n#top #wrap_all .av-special-heading.av-lw0dgwyt-b2ea1306acb37c63f8bf80f1d5f9126c .av-special-heading-tag{\nfont-size:0.8em;\n}\n}\n\n@media only screen and (max-width: 479px){ \n#top #wrap_all .av-special-heading.av-lw0dgwyt-b2ea1306acb37c63f8bf80f1d5f9126c .av-special-heading-tag{\nfont-size:0.8em;\n}\n}\n<\/style>\n<div  class='av-special-heading av-lw0dgwyt-b2ea1306acb37c63f8bf80f1d5f9126c av-special-heading-h1 blockquote modern-quote modern-centered  avia-builder-el-10  el_before_av_one_full  avia-builder-el-first  av-thin-font av-inherit-size'><h1 class='av-special-heading-tag'  itemprop=\"headline\"  >\u00dcr\u00fcn Katalo\u011fumuzu \u0130nceley\u0130n<strong>.<\/strong><\/h1><div class=\"special-heading-border\"><div class=\"special-heading-inner-border\"><\/div><\/div><\/div>\n\n<style type=\"text\/css\" data-created_by=\"avia_inline_auto\" id=\"style-css-av-37wc5e-0862cbc7248d35ad26eba4eca74b5401\">\n.flex_column.av-37wc5e-0862cbc7248d35ad26eba4eca74b5401{\nborder-radius:0px 0px 0px 0px;\npadding:0px 0px 0px 0px;\n}\n<\/style>\n<div  class='flex_column av-37wc5e-0862cbc7248d35ad26eba4eca74b5401 av_one_full  avia-builder-el-11  el_after_av_heading  el_before_av_hr  first flex_column_div av-zero-column-padding  '     ><div  class='avia-logo-element-container av-31a95u-c0605492bd14cc602592dcfe834f15ff av-border-deactivate avia-logo-slider avia-content-slider avia-smallarrow-slider avia-content-slider-active noHover avia-content-slider-odd  avia-builder-el-12  avia-builder-el-no-sibling  av-slideshow-ui av-control-default av-nav-arrows-visible av-nav-dots-visible av-no-slider-navigation av-slideshow-autoplay av-loop-endless av-loop-manual-endless avia-content-slider1' data-slideshow-options=\"{&quot;animation&quot;:&quot;slide&quot;,&quot;autoplay&quot;:true,&quot;loop_autoplay&quot;:&quot;endless&quot;,&quot;interval&quot;:2,&quot;loop_manual&quot;:&quot;manual-endless&quot;,&quot;autoplay_stopper&quot;:false,&quot;noNavigation&quot;:false,&quot;bg_slider&quot;:false,&quot;keep_padding&quot;:&quot;&quot;,&quot;hoverpause&quot;:false,&quot;show_slide_delay&quot;:0}\"><div class='avia-smallarrow-slider-heading  no-logo-slider-heading '><div class='new-special-heading'>&nbsp;<\/div><div class='avia-slideshow-arrows avia-slideshow-controls' ><a href='#prev' class='prev-slide ' aria-hidden='true' data-av_icon='\ue87c' data-av_iconfont='entypo-fontello'  tabindex='-1'>Previous<\/a><a href='#next' class='next-slide ' aria-hidden='true' data-av_icon='\ue87d' data-av_iconfont='entypo-fontello'  tabindex='-1'>Next<\/a><\/div><\/div><div class=\"avia-content-slider-inner\"><div class=\"slide-entry-wrap\"><div  class='slide-entry av-2yqvt6-8d0721bff4db1fdba13602aedb6b1a2d flex_column no_margin av_one_fifth real-thumbnail post-entry slide-entry-overview slide-loop-1 slide-parity-odd  first'><span class='av-partner-fake-img' style='padding-bottom:100%; background-image:url(https:\/\/vibemco.com\/tr\/wp-content\/uploads\/2024\/05\/Monafaze-Izolasyon-Trafolari-1-300x300.png);'><\/span><\/div><div  class='slide-entry av-2oqdey-cddeb7a446889d9249611f5d6f372ed2 flex_column no_margin av_one_fifth real-thumbnail post-entry slide-entry-overview slide-loop-2 slide-parity-even  '><span class='av-partner-fake-img' style='padding-bottom:100%; background-image:url(https:\/\/vibemco.com\/tr\/wp-content\/uploads\/2024\/05\/Trifaze-harmonik-filtre-300x300.png);'><\/span><\/div><div  class='slide-entry av-2mjyvu-21e6e3b4ff3f72b9794fdf2733326e57 flex_column no_margin av_one_fifth real-thumbnail post-entry slide-entry-overview slide-loop-3 slide-parity-odd  '><span class='av-partner-fake-img' style='padding-bottom:100%; background-image:url(https:\/\/vibemco.com\/tr\/wp-content\/uploads\/2024\/05\/Voltage-2-300x300.png);'><\/span><\/div><div  class='slide-entry av-2f8w7e-cdb1ab38822b598048dc9366db4a54b6 flex_column no_margin av_one_fifth real-thumbnail post-entry slide-entry-overview slide-loop-4 slide-parity-even  '><span class='av-partner-fake-img' style='padding-bottom:100%; background-image:url(https:\/\/vibemco.com\/tr\/wp-content\/uploads\/2024\/05\/Trifaze-Izolasyon-Trafosu-300x300.png);'><\/span><\/div><div  class='slide-entry av-28h7tu-ef3eccb021109c9e2b46a9068127e733 flex_column no_margin av_one_fifth real-thumbnail post-entry slide-entry-overview slide-loop-5 slide-parity-odd  '><span class='av-partner-fake-img' style='padding-bottom:100%; background-image:url(https:\/\/vibemco.com\/tr\/wp-content\/uploads\/2024\/05\/Voltage-1-300x300.png);'><\/span><\/div><\/div><div class=\"slide-entry-wrap\"><div  class='slide-entry av-225un6-f000859f68815e6c62c404a9ca049ffd flex_column no_margin av_one_fifth real-thumbnail post-entry slide-entry-overview slide-loop-6 slide-parity-odd  first'><span class='av-partner-fake-img' style='padding-bottom:100%; background-image:url(https:\/\/vibemco.com\/tr\/wp-content\/uploads\/2024\/05\/MOTOR-SURUCU-300x300.png);'><\/span><\/div><div  class='slide-entry av-o26q-aaca1ed08a2bd4d7ca06238b3937f0fe flex_column no_margin av_one_fifth real-thumbnail post-entry slide-entry-overview slide-loop-7 slide-parity-even  '><span class='av-partner-fake-img' style='padding-bottom:100%; background-image:url(https:\/\/vibemco.com\/tr\/wp-content\/uploads\/2024\/05\/Regulator-300x300.png);'><\/span><\/div><div  class='slide-entry av-1syjy2-796a29e68335dfadc567ecb5cf33f12e flex_column no_margin av_one_fifth real-thumbnail post-entry slide-entry-overview slide-loop-8 slide-parity-odd  '><span class='av-partner-fake-img' style='padding-bottom:100%; background-image:url(https:\/\/vibemco.com\/tr\/wp-content\/uploads\/2024\/05\/REDRESOR-300x300.png);'><\/span><\/div><div  class='slide-entry av-1ipele-d8973e4902f5510474ebb275e4fa7c7a flex_column no_margin av_one_fifth real-thumbnail post-entry slide-entry-overview slide-loop-9 slide-parity-even  '><span class='av-partner-fake-img' style='padding-bottom:100%; background-image:url(https:\/\/vibemco.com\/tr\/wp-content\/uploads\/2024\/05\/Power-Supply-300x300.png);'><\/span><\/div><div  class='slide-entry av-1gddwi-a06e825cce5b9e9caf41e49c64fc0a1b flex_column no_margin av_one_fifth real-thumbnail post-entry slide-entry-overview slide-loop-10 slide-parity-odd  '><span class='av-partner-fake-img' style='padding-bottom:100%; background-image:url(https:\/\/vibemco.com\/tr\/wp-content\/uploads\/2024\/05\/OTO-TRAFO-300x300.png);'><\/span><\/div><\/div><div class=\"slide-entry-wrap\"><div  class='slide-entry av-17ank2-45a36d388f6904f7e1dec87687a2ea30 flex_column no_margin av_one_fifth real-thumbnail post-entry slide-entry-overview slide-loop-11 slide-parity-odd  first'><span class='av-partner-fake-img' style='padding-bottom:100%; background-image:url(https:\/\/vibemco.com\/tr\/wp-content\/uploads\/2024\/05\/MEDIKAL-TRAFO-300x300.png);'><\/span><\/div><div  class='slide-entry av-15kv0q-f2df5f42e247b38cb773f3557855e9a6 flex_column no_margin av_one_fifth real-thumbnail post-entry slide-entry-overview slide-loop-12 slide-parity-even  '><span class='av-partner-fake-img' style='padding-bottom:100%; background-image:url(https:\/\/vibemco.com\/tr\/wp-content\/uploads\/2024\/05\/Invertor-300x300.png);'><\/span><\/div><div  class='slide-entry av-ys07e-40a4cd5d18176ebfcd8cb4454a29cf19 flex_column no_margin av_one_fifth real-thumbnail post-entry slide-entry-overview slide-loop-13 slide-parity-odd  '><span class='av-partner-fake-img' style='padding-bottom:100%; background-image:url(https:\/\/vibemco.com\/tr\/wp-content\/uploads\/2024\/05\/HAT-REAKTOR-300x300.png);'><\/span><\/div><div  class='slide-entry av-pqlp6-55d1e03f9d14f5abce5c85c289ace746 flex_column no_margin av_one_fifth real-thumbnail post-entry slide-entry-overview slide-loop-14 slide-parity-even  '><span class='av-partner-fake-img' style='padding-bottom:100%; background-image:url(https:\/\/vibemco.com\/tr\/wp-content\/uploads\/2024\/05\/Frenleme-Direnci-2-300x300.png);'><\/span><\/div><div  class='slide-entry av-iqo96-eef5e79503fa10b44d9312262cf0a491 flex_column no_margin av_one_fifth real-thumbnail post-entry slide-entry-overview slide-loop-15 slide-parity-odd post-entry-last '><span class='av-partner-fake-img' style='padding-bottom:100%; background-image:url(https:\/\/vibemco.com\/tr\/wp-content\/uploads\/2024\/05\/AKIM-TRAFO-300x300.png);'><\/span><\/div><\/div><\/div><\/div><\/div>\n<style type=\"text\/css\" data-created_by=\"avia_inline_auto\" id=\"style-css-av-h16iq-b014c2f00fa2dd2f103438bf2516f92d\">\n#top .hr.hr-invisible.av-h16iq-b014c2f00fa2dd2f103438bf2516f92d{\nheight:50px;\n}\n<\/style>\n<div  class='hr av-h16iq-b014c2f00fa2dd2f103438bf2516f92d hr-invisible  avia-builder-el-13  el_after_av_one_full  el_before_av_button '><span class='hr-inner '><span class=\"hr-inner-style\"><\/span><\/span><\/div>\n<div  class='avia-button-wrap av-allbu-e66ae87f5b7316982b2a15cb25b7fe39-wrap avia-button-center  avia-builder-el-14  el_after_av_hr  avia-builder-el-last '><a href='https:\/\/vibemco.com\/wp-content\/uploads\/2024\/05\/VIBEMCO-PRODUCT-CATALOGUE-2024-.pdf'  class='avia-button av-allbu-e66ae87f5b7316982b2a15cb25b7fe39 av-download-btn noLightbox avia-icon_select-yes-right-icon avia-size-large avia-position-center av-icon-on-hover avia-color-light' download ><span class='avia_iconbox_title' >Katalo\u011fu \u0130ndir<\/span><span class='avia_button_icon avia_button_icon_right' aria-hidden='true' data-av_icon='\ue879' data-av_iconfont='entypo-fontello'><\/span><\/a><\/div>\n<\/div><\/div><\/div><!-- close content main div --><\/div><\/div><\/div><div id='after_section_2'  class='main_color av_default_container_wrap container_wrap sidebar_right'  ><div class='container av-section-cont-open' ><div class='template-page content  av-content-small alpha units'><div class='post-entry post-entry-type-page post-entry-578'><div class='entry-content-wrapper clearfix'><\/p>\n","protected":false},"excerpt":{"rendered":"<p>Donec pede justo, fringilla vel, aliquet nec, vulputate eget, arcu. In enim justo, rhoncus.<\/p>\n","protected":false},"author":1,"featured_media":900,"parent":879,"menu_order":0,"comment_status":"closed","ping_status":"closed","template":"","meta":{"footnotes":""},"categories":[28,33,3],"class_list":["post-578","page","type-page","status-publish","has-post-thumbnail","hentry","category-enerji","category-izolasyon-transformatorleri","category-urunler"],"aioseo_notices":[],"_links":{"self":[{"href":"https:\/\/vibemco.com\/tr\/wp-json\/wp\/v2\/pages\/578","targetHints":{"allow":["GET"]}}],"collection":[{"href":"https:\/\/vibemco.com\/tr\/wp-json\/wp\/v2\/pages"}],"about":[{"href":"https:\/\/vibemco.com\/tr\/wp-json\/wp\/v2\/types\/page"}],"author":[{"embeddable":true,"href":"https:\/\/vibemco.com\/tr\/wp-json\/wp\/v2\/users\/1"}],"replies":[{"embeddable":true,"href":"https:\/\/vibemco.com\/tr\/wp-json\/wp\/v2\/comments?post=578"}],"version-history":[{"count":10,"href":"https:\/\/vibemco.com\/tr\/wp-json\/wp\/v2\/pages\/578\/revisions"}],"predecessor-version":[{"id":1504,"href":"https:\/\/vibemco.com\/tr\/wp-json\/wp\/v2\/pages\/578\/revisions\/1504"}],"up":[{"embeddable":true,"href":"https:\/\/vibemco.com\/tr\/wp-json\/wp\/v2\/pages\/879"}],"wp:featuredmedia":[{"embeddable":true,"href":"https:\/\/vibemco.com\/tr\/wp-json\/wp\/v2\/media\/900"}],"wp:attachment":[{"href":"https:\/\/vibemco.com\/tr\/wp-json\/wp\/v2\/media?parent=578"}],"wp:term":[{"taxonomy":"category","embeddable":true,"href":"https:\/\/vibemco.com\/tr\/wp-json\/wp\/v2\/categories?post=578"}],"curies":[{"name":"wp","href":"https:\/\/api.w.org\/{rel}","templated":true}]}}