{"id":579,"date":"2016-05-12T12:59:28","date_gmt":"2016-05-12T12:59:28","guid":{"rendered":"http:\/\/test.kriesi.at\/enfold-gym\/?post_type=portfolio&#038;p=579"},"modified":"2024-05-31T12:44:09","modified_gmt":"2024-05-31T09:44:09","slug":"trifaze-izolasyon-transformatoru","status":"publish","type":"page","link":"https:\/\/vibemco.com\/tr\/urunler\/enerji\/izolasyon-transformatorleri\/trifaze-izolasyon-transformatoru\/","title":{"rendered":"Trifaze \u0130zolasyon Transformat\u00f6r\u00fc"},"content":{"rendered":"<div id='av_section_1'  class='avia-section av-l34dn-e0fa8fa28d2e56e123b84f94ba095f3a main_color avia-section-default avia-no-border-styling  avia-builder-el-0  el_before_av_section  avia-builder-el-first  avia-bg-style-scroll container_wrap sidebar_right'  ><div class='container av-section-cont-open' ><main  role=\"main\" itemprop=\"mainContentOfPage\"  class='template-page content  av-content-small alpha units'><div class='post-entry post-entry-type-page post-entry-579'><div class='entry-content-wrapper clearfix'>\n\n<style type=\"text\/css\" data-created_by=\"avia_inline_auto\" id=\"style-css-av-lvwwfm56-9281f4578d1fe3a751e4634f8c658664\">\n#top .av-special-heading.av-lvwwfm56-9281f4578d1fe3a751e4634f8c658664{\npadding-bottom:10px;\nfont-size:72px;\n}\nbody .av-special-heading.av-lvwwfm56-9281f4578d1fe3a751e4634f8c658664 .av-special-heading-tag .heading-char{\nfont-size:25px;\n}\n#top #wrap_all .av-special-heading.av-lvwwfm56-9281f4578d1fe3a751e4634f8c658664 .av-special-heading-tag{\nfont-size:72px;\n}\n.av-special-heading.av-lvwwfm56-9281f4578d1fe3a751e4634f8c658664 .av-subheading{\nfont-size:15px;\n}\n\n@media only screen and (min-width: 480px) and (max-width: 767px){ \n#top #wrap_all .av-special-heading.av-lvwwfm56-9281f4578d1fe3a751e4634f8c658664 .av-special-heading-tag{\nfont-size:0.8em;\n}\n}\n\n@media only screen and (max-width: 479px){ \n#top #wrap_all .av-special-heading.av-lvwwfm56-9281f4578d1fe3a751e4634f8c658664 .av-special-heading-tag{\nfont-size:0.8em;\n}\n}\n<\/style>\n<div  class='av-special-heading av-lvwwfm56-9281f4578d1fe3a751e4634f8c658664 av-special-heading-h1 blockquote modern-quote  avia-builder-el-1  el_before_av_one_half  avia-builder-el-first  av-thin-font av-inherit-size'><h1 class='av-special-heading-tag'  itemprop=\"headline\"  >Trifaze \u0130zolasyon Transformat\u00f6r\u00fc<strong>.<\/strong><\/h1><div class=\"special-heading-border\"><div class=\"special-heading-inner-border\"><\/div><\/div><\/div>\n<div  class='flex_column av-1b24b-c59d78edb04a4cc8ffa3bf74506c1d98 av_one_half  avia-builder-el-2  el_after_av_heading  el_before_av_one_half  first flex_column_div av-animated-generic left-to-right  '     ><section  class='av_textblock_section av-lvwwbct5-77a54d2f6fa56302fae6986069b4a23f '   itemscope=\"itemscope\" itemtype=\"https:\/\/schema.org\/CreativeWork\" ><div class='avia_textblock'  itemprop=\"text\" ><blockquote>\n<p>Vibemco Trifaze \u0130zolasyon Transformat\u00f6rleri \u015eebeke elektri\u011finin izolasyonunda kullan\u0131l\u0131r. Trifaze transformat\u00f6rler tercih edilir B\u00fcy\u00fck enerji ve g\u00fc\u00e7 da\u011f\u0131t\u0131mlar\u0131 i\u00e7in. Bu, en y\u00fcksek seviyelerin sa\u011flanmas\u0131na yard\u0131mc\u0131 olur. Temizli\u011fi sa\u011flayarak emniyet ve g\u00fcvenilirli\u011fi, herhangi bir m\u00fcdahale olmadan tutarl\u0131 g\u00fc\u00e7 veya voltajda dalgalanma.<br \/>\n<em>EN-60742, CE&#8217;ye uygun \u00fcretim<\/em><\/p>\n<\/blockquote>\n<\/div><\/section><br \/>\n\n<style type=\"text\/css\" data-created_by=\"avia_inline_auto\" id=\"style-css-av-avikz-675f2823ed7a6acb7adbe48863c189d1\">\n#top .hr.hr-invisible.av-avikz-675f2823ed7a6acb7adbe48863c189d1{\nheight:25px;\n}\n<\/style>\n<div  class='hr av-avikz-675f2823ed7a6acb7adbe48863c189d1 hr-invisible  avia-builder-el-4  el_after_av_textblock  el_before_av_textblock '><span class='hr-inner '><span class=\"hr-inner-style\"><\/span><\/span><\/div><br \/>\n<section  class='av_textblock_section av-lvwweouu-795a7b53e2623ebd230a24c210b74641 '   itemscope=\"itemscope\" itemtype=\"https:\/\/schema.org\/CreativeWork\" ><div class='avia_textblock'  itemprop=\"text\" ><p><strong>Genel \u00d6zellikler :<\/strong><\/p>\n<ul>\n<li>ISO9001 standard\u0131na g\u00f6re \u00fcretim<\/li>\n<li>Koruma s\u0131n\u0131f\u0131 A\u00e7\u0131k Tip \/ IP 00<\/li>\n<li>Giri\u015f gerilimi 200V &#8211; 600V<\/li>\n<li>\u00c7\u0131k\u0131\u015f voltaj\u0131 42V &#8211; 600V<\/li>\n<li>B \/ F izolasyon s\u0131n\u0131f\u0131<\/li>\n<li>Frekans 50 Hz \/ 60 Hz<\/li>\n<\/ul>\n<p><strong>UYGULAMALAR<\/strong><\/p>\n<ul>\n<li>Ayd\u0131nlatma<\/li>\n<li>Otomasyon<\/li>\n<li>Demir \u00e7elik<\/li>\n<li>Makine<\/li>\n<li>Robotik<\/li>\n<li>Denizcilik<\/li>\n<li>Asans\u00f6r<\/li>\n<\/ul>\n<\/div><\/section><\/p><\/div><div  class='flex_column av-9r8qj-7e8f8b17172c62a1c9e741dc6927b1a6 av_one_half  avia-builder-el-6  el_after_av_one_half  avia-builder-el-last  flex_column_div av-animated-generic right-to-left  '     ><style type=\"text\/css\" data-created_by=\"avia_inline_auto\" id=\"style-css-av-lvwwa1yz-98e1f974ada2002486f702393fd04841\">\n.avia-image-container.av-lvwwa1yz-98e1f974ada2002486f702393fd04841 img.avia_image{\nbox-shadow:none;\n}\n.avia-image-container.av-lvwwa1yz-98e1f974ada2002486f702393fd04841 .av-image-caption-overlay-center{\ncolor:#ffffff;\n}\n<\/style>\n<div  class='avia-image-container av-lvwwa1yz-98e1f974ada2002486f702393fd04841 av-styling- avia-align-center  avia-builder-el-7  avia-builder-el-no-sibling '   itemprop=\"image\" itemscope=\"itemscope\" itemtype=\"https:\/\/schema.org\/ImageObject\" ><div class=\"avia-image-container-inner\"><div class=\"avia-image-overlay-wrap\"><img decoding=\"async\" fetchpriority=\"high\" class='wp-image-903 avia-img-lazy-loading-not-903 avia_image ' src=\"https:\/\/vibemco.com\/tr\/wp-content\/uploads\/2024\/05\/Trifaze-Izolasyon-Trafosu.png\" alt='' title='Trifaze Izolasyon Trafosu'  height=\"1000\" width=\"1000\"  itemprop=\"thumbnailUrl\" srcset=\"https:\/\/vibemco.com\/tr\/wp-content\/uploads\/2024\/05\/Trifaze-Izolasyon-Trafosu.png 1000w, https:\/\/vibemco.com\/tr\/wp-content\/uploads\/2024\/05\/Trifaze-Izolasyon-Trafosu-300x300.png 300w, https:\/\/vibemco.com\/tr\/wp-content\/uploads\/2024\/05\/Trifaze-Izolasyon-Trafosu-80x80.png 80w, https:\/\/vibemco.com\/tr\/wp-content\/uploads\/2024\/05\/Trifaze-Izolasyon-Trafosu-768x768.png 768w, https:\/\/vibemco.com\/tr\/wp-content\/uploads\/2024\/05\/Trifaze-Izolasyon-Trafosu-36x36.png 36w, https:\/\/vibemco.com\/tr\/wp-content\/uploads\/2024\/05\/Trifaze-Izolasyon-Trafosu-180x180.png 180w, https:\/\/vibemco.com\/tr\/wp-content\/uploads\/2024\/05\/Trifaze-Izolasyon-Trafosu-705x705.png 705w\" sizes=\"(max-width: 1000px) 100vw, 1000px\" \/><\/div><\/div><\/div><\/div><\/div><\/div><\/main><!-- close content main element --><\/div><\/div>\n<style type=\"text\/css\" data-created_by=\"avia_inline_auto\" id=\"style-css-av-3g3ioz-f9f34a16ee9455975eb3049d089b8b92\">\n.avia-section.av-3g3ioz-f9f34a16ee9455975eb3049d089b8b92{\nbackground-color:#ffffff;\nbackground-image:url(https:\/\/vibemco.com\/tr\/wp-content\/uploads\/2024\/05\/bg.png);\nbackground-repeat:no-repeat;\nbackground-position:50% 50%;\nbackground-attachment:fixed;\n}\n.avia-section.av-3g3ioz-f9f34a16ee9455975eb3049d089b8b92 .av-section-color-overlay{\nopacity:0.7;\nbackground-color:#0a0a0a;\n}\n<\/style>\n<div id='av_section_2'  class='avia-section av-3g3ioz-f9f34a16ee9455975eb3049d089b8b92 alternate_color avia-section-huge avia-no-border-styling  avia-builder-el-8  el_after_av_section  avia-builder-el-last  avia-full-stretch avia-bg-style-fixed av-section-color-overlay-active container_wrap sidebar_right'  data-section-bg-repeat='stretch'><div class=\"av-section-color-overlay-wrap\"><div class=\"av-section-color-overlay\"><\/div><div class='container av-section-cont-open' ><div class='template-page content  av-content-small alpha units'><div class='post-entry post-entry-type-page post-entry-579'><div class='entry-content-wrapper clearfix'>\n\n<style type=\"text\/css\" data-created_by=\"avia_inline_auto\" id=\"style-css-av-lw0dgjgk-5ff79611c39e7c46c1b143e50b8b600c\">\n#top .av-special-heading.av-lw0dgjgk-5ff79611c39e7c46c1b143e50b8b600c{\npadding-bottom:20px;\nfont-size:50px;\n}\nbody .av-special-heading.av-lw0dgjgk-5ff79611c39e7c46c1b143e50b8b600c .av-special-heading-tag .heading-char{\nfont-size:25px;\n}\n#top #wrap_all .av-special-heading.av-lw0dgjgk-5ff79611c39e7c46c1b143e50b8b600c .av-special-heading-tag{\nfont-size:50px;\n}\n.av-special-heading.av-lw0dgjgk-5ff79611c39e7c46c1b143e50b8b600c .av-subheading{\nfont-size:15px;\n}\n\n@media only screen and (min-width: 480px) and (max-width: 767px){ \n#top #wrap_all .av-special-heading.av-lw0dgjgk-5ff79611c39e7c46c1b143e50b8b600c .av-special-heading-tag{\nfont-size:0.8em;\n}\n}\n\n@media only screen and (max-width: 479px){ \n#top #wrap_all .av-special-heading.av-lw0dgjgk-5ff79611c39e7c46c1b143e50b8b600c .av-special-heading-tag{\nfont-size:0.8em;\n}\n}\n<\/style>\n<div  class='av-special-heading av-lw0dgjgk-5ff79611c39e7c46c1b143e50b8b600c av-special-heading-h1 blockquote modern-quote modern-centered  avia-builder-el-9  el_before_av_one_full  avia-builder-el-first  av-thin-font av-inherit-size'><h1 class='av-special-heading-tag'  itemprop=\"headline\"  >\u00dcr\u00fcn Katalo\u011fumuzu \u0130nceley\u0130n<strong>.<\/strong><\/h1><div class=\"special-heading-border\"><div class=\"special-heading-inner-border\"><\/div><\/div><\/div>\n\n<style type=\"text\/css\" data-created_by=\"avia_inline_auto\" id=\"style-css-av-3729l7-9446e49d97e96d8ac4bf2ed357d4d4d7\">\n.flex_column.av-3729l7-9446e49d97e96d8ac4bf2ed357d4d4d7{\nborder-radius:0px 0px 0px 0px;\npadding:0px 0px 0px 0px;\n}\n<\/style>\n<div  class='flex_column av-3729l7-9446e49d97e96d8ac4bf2ed357d4d4d7 av_one_full  avia-builder-el-10  el_after_av_heading  el_before_av_hr  first flex_column_div av-zero-column-padding  '     ><div  class='avia-logo-element-container av-33egzn-982e9d04c4717397428c752f81bcd2b6 av-border-deactivate avia-logo-slider avia-content-slider avia-smallarrow-slider avia-content-slider-active noHover avia-content-slider-odd  avia-builder-el-11  avia-builder-el-no-sibling  av-slideshow-ui av-control-default av-nav-arrows-visible av-nav-dots-visible av-no-slider-navigation av-slideshow-autoplay av-loop-endless av-loop-manual-endless avia-content-slider1' data-slideshow-options=\"{&quot;animation&quot;:&quot;slide&quot;,&quot;autoplay&quot;:true,&quot;loop_autoplay&quot;:&quot;endless&quot;,&quot;interval&quot;:2,&quot;loop_manual&quot;:&quot;manual-endless&quot;,&quot;autoplay_stopper&quot;:false,&quot;noNavigation&quot;:false,&quot;bg_slider&quot;:false,&quot;keep_padding&quot;:&quot;&quot;,&quot;hoverpause&quot;:false,&quot;show_slide_delay&quot;:0}\"><div class='avia-smallarrow-slider-heading  no-logo-slider-heading '><div class='new-special-heading'>&nbsp;<\/div><div class='avia-slideshow-arrows avia-slideshow-controls' ><a href='#prev' class='prev-slide ' aria-hidden='true' data-av_icon='\ue87c' data-av_iconfont='entypo-fontello'  tabindex='-1'>Previous<\/a><a href='#next' class='next-slide ' aria-hidden='true' data-av_icon='\ue87d' data-av_iconfont='entypo-fontello'  tabindex='-1'>Next<\/a><\/div><\/div><div class=\"avia-content-slider-inner\"><div class=\"slide-entry-wrap\"><div  class='slide-entry av-2xyyer-f837e3ff4037d99a6bc95e59bd090a67 flex_column no_margin av_one_fifth real-thumbnail post-entry slide-entry-overview slide-loop-1 slide-parity-odd  first'><span class='av-partner-fake-img' style='padding-bottom:100%; background-image:url(https:\/\/vibemco.com\/tr\/wp-content\/uploads\/2024\/05\/Monafaze-Izolasyon-Trafolari-1-300x300.png);'><\/span><\/div><div  class='slide-entry av-2qn36j-ccd63d002eae8f2bff17d70c91a6913c flex_column no_margin av_one_fifth real-thumbnail post-entry slide-entry-overview slide-loop-2 slide-parity-even  '><span class='av-partner-fake-img' style='padding-bottom:100%; background-image:url(https:\/\/vibemco.com\/tr\/wp-content\/uploads\/2024\/05\/Trifaze-harmonik-filtre-300x300.png);'><\/span><\/div><div  class='slide-entry av-2lgcyj-23d7ee285440b8ef28661b9fdeb0a802 flex_column no_margin av_one_fifth real-thumbnail post-entry slide-entry-overview slide-loop-3 slide-parity-odd  '><span class='av-partner-fake-img' style='padding-bottom:100%; background-image:url(https:\/\/vibemco.com\/tr\/wp-content\/uploads\/2024\/05\/Voltage-2-300x300.png);'><\/span><\/div><div  class='slide-entry av-2d0v17-da4689ae274638629514835f56f221cb flex_column no_margin av_one_fifth real-thumbnail post-entry slide-entry-overview slide-loop-4 slide-parity-even  '><span class='av-partner-fake-img' style='padding-bottom:100%; background-image:url(https:\/\/vibemco.com\/tr\/wp-content\/uploads\/2024\/05\/Trifaze-Izolasyon-Trafosu-300x300.png);'><\/span><\/div><div  class='slide-entry av-2at9aj-d5e1e21ee8dbcef125c9945bdb7b7a36 flex_column no_margin av_one_fifth real-thumbnail post-entry slide-entry-overview slide-loop-5 slide-parity-odd  '><span class='av-partner-fake-img' style='padding-bottom:100%; background-image:url(https:\/\/vibemco.com\/tr\/wp-content\/uploads\/2024\/05\/Voltage-1-300x300.png);'><\/span><\/div><\/div><div class=\"slide-entry-wrap\"><div  class='slide-entry av-22jtqb-5dbead8b6f4a9fd374d4d5b9e41b14c9 flex_column no_margin av_one_fifth real-thumbnail post-entry slide-entry-overview slide-loop-6 slide-parity-odd  first'><span class='av-partner-fake-img' style='padding-bottom:100%; background-image:url(https:\/\/vibemco.com\/tr\/wp-content\/uploads\/2024\/05\/MOTOR-SURUCU-300x300.png);'><\/span><\/div><div  class='slide-entry av-6sv9f-5c79d3c83034db5d5aacb006e681dc4b flex_column no_margin av_one_fifth real-thumbnail post-entry slide-entry-overview slide-loop-7 slide-parity-even  '><span class='av-partner-fake-img' style='padding-bottom:100%; background-image:url(https:\/\/vibemco.com\/tr\/wp-content\/uploads\/2024\/05\/Regulator-300x300.png);'><\/span><\/div><div  class='slide-entry av-1od5gz-682c33d9ff10a060fcf821a807fb421a flex_column no_margin av_one_fifth real-thumbnail post-entry slide-entry-overview slide-loop-8 slide-parity-odd  '><span class='av-partner-fake-img' style='padding-bottom:100%; background-image:url(https:\/\/vibemco.com\/tr\/wp-content\/uploads\/2024\/05\/REDRESOR-300x300.png);'><\/span><\/div><div  class='slide-entry av-1kl3bn-b17a4c4e827905df97bac155c79f40b9 flex_column no_margin av_one_fifth real-thumbnail post-entry slide-entry-overview slide-loop-9 slide-parity-even  '><span class='av-partner-fake-img' style='padding-bottom:100%; background-image:url(https:\/\/vibemco.com\/tr\/wp-content\/uploads\/2024\/05\/Power-Supply-300x300.png);'><\/span><\/div><div  class='slide-entry av-1gexgj-1d4fe5bbe70dfa09ce2d436d143cb0a6 flex_column no_margin av_one_fifth real-thumbnail post-entry slide-entry-overview slide-loop-10 slide-parity-odd  '><span class='av-partner-fake-img' style='padding-bottom:100%; background-image:url(https:\/\/vibemco.com\/tr\/wp-content\/uploads\/2024\/05\/OTO-TRAFO-300x300.png);'><\/span><\/div><\/div><div class=\"slide-entry-wrap\"><div  class='slide-entry av-1753pn-792ffdb825644ed487fa43f7f7d2702c flex_column no_margin av_one_fifth real-thumbnail post-entry slide-entry-overview slide-loop-11 slide-parity-odd  first'><span class='av-partner-fake-img' style='padding-bottom:100%; background-image:url(https:\/\/vibemco.com\/tr\/wp-content\/uploads\/2024\/05\/MEDIKAL-TRAFO-300x300.png);'><\/span><\/div><div  class='slide-entry av-1386er-9805d235daeecfe326ddb6e0d593de3c flex_column no_margin av_one_fifth real-thumbnail post-entry slide-entry-overview slide-loop-12 slide-parity-even  '><span class='av-partner-fake-img' style='padding-bottom:100%; background-image:url(https:\/\/vibemco.com\/tr\/wp-content\/uploads\/2024\/05\/Invertor-300x300.png);'><\/span><\/div><div  class='slide-entry av-yoj7f-43cdd87f203e2d9b33b4d71bb20202fa flex_column no_margin av_one_fifth real-thumbnail post-entry slide-entry-overview slide-loop-13 slide-parity-odd  '><span class='av-partner-fake-img' style='padding-bottom:100%; background-image:url(https:\/\/vibemco.com\/tr\/wp-content\/uploads\/2024\/05\/HAT-REAKTOR-300x300.png);'><\/span><\/div><div  class='slide-entry av-syvnn-7686c433c0e093727dfc6bd85ce0b3ec flex_column no_margin av_one_fifth real-thumbnail post-entry slide-entry-overview slide-loop-14 slide-parity-even  '><span class='av-partner-fake-img' style='padding-bottom:100%; background-image:url(https:\/\/vibemco.com\/tr\/wp-content\/uploads\/2024\/05\/Frenleme-Direnci-2-300x300.png);'><\/span><\/div><div  class='slide-entry av-j6dub-5eb1efb4134de4b5a5d8dc4345e40848 flex_column no_margin av_one_fifth real-thumbnail post-entry slide-entry-overview slide-loop-15 slide-parity-odd post-entry-last '><span class='av-partner-fake-img' style='padding-bottom:100%; background-image:url(https:\/\/vibemco.com\/tr\/wp-content\/uploads\/2024\/05\/AKIM-TRAFO-300x300.png);'><\/span><\/div><\/div><\/div><\/div><\/div>\n<style type=\"text\/css\" data-created_by=\"avia_inline_auto\" id=\"style-css-av-fq9h7-71b2b9eec88355e3a438e318cdde161e\">\n#top .hr.hr-invisible.av-fq9h7-71b2b9eec88355e3a438e318cdde161e{\nheight:50px;\n}\n<\/style>\n<div  class='hr av-fq9h7-71b2b9eec88355e3a438e318cdde161e hr-invisible  avia-builder-el-12  el_after_av_one_full  el_before_av_button '><span class='hr-inner '><span class=\"hr-inner-style\"><\/span><\/span><\/div>\n<div  class='avia-button-wrap av-7hzkz-f43148d40196f6d6b8e4af5bea3b812d-wrap avia-button-center  avia-builder-el-13  el_after_av_hr  avia-builder-el-last '><a href='https:\/\/vibemco.com\/wp-content\/uploads\/2024\/05\/VIBEMCO-PRODUCT-CATALOGUE-2024-.pdf'  class='avia-button av-7hzkz-f43148d40196f6d6b8e4af5bea3b812d av-download-btn noLightbox avia-icon_select-yes-right-icon avia-size-large avia-position-center av-icon-on-hover avia-color-light' download ><span class='avia_iconbox_title' >Katalo\u011fu \u0130ndir<\/span><span class='avia_button_icon avia_button_icon_right' aria-hidden='true' data-av_icon='\ue879' data-av_iconfont='entypo-fontello'><\/span><\/a><\/div>\n<\/div><\/div><\/div><!-- close content main div --><\/div><\/div><\/div><div id='after_section_2'  class='main_color av_default_container_wrap container_wrap sidebar_right'  ><div class='container av-section-cont-open' ><div class='template-page content  av-content-small alpha units'><div class='post-entry post-entry-type-page post-entry-579'><div class='entry-content-wrapper clearfix'><\/p>\n","protected":false},"excerpt":{"rendered":"<p>Cras dapibus. Vivamus elementum semper nisi. Aenean vulputate eleifend tellus.<\/p>\n","protected":false},"author":1,"featured_media":903,"parent":879,"menu_order":1,"comment_status":"closed","ping_status":"closed","template":"","meta":{"footnotes":""},"categories":[28,33,3],"class_list":["post-579","page","type-page","status-publish","has-post-thumbnail","hentry","category-enerji","category-izolasyon-transformatorleri","category-urunler"],"aioseo_notices":[],"_links":{"self":[{"href":"https:\/\/vibemco.com\/tr\/wp-json\/wp\/v2\/pages\/579","targetHints":{"allow":["GET"]}}],"collection":[{"href":"https:\/\/vibemco.com\/tr\/wp-json\/wp\/v2\/pages"}],"about":[{"href":"https:\/\/vibemco.com\/tr\/wp-json\/wp\/v2\/types\/page"}],"author":[{"embeddable":true,"href":"https:\/\/vibemco.com\/tr\/wp-json\/wp\/v2\/users\/1"}],"replies":[{"embeddable":true,"href":"https:\/\/vibemco.com\/tr\/wp-json\/wp\/v2\/comments?post=579"}],"version-history":[{"count":12,"href":"https:\/\/vibemco.com\/tr\/wp-json\/wp\/v2\/pages\/579\/revisions"}],"predecessor-version":[{"id":1349,"href":"https:\/\/vibemco.com\/tr\/wp-json\/wp\/v2\/pages\/579\/revisions\/1349"}],"up":[{"embeddable":true,"href":"https:\/\/vibemco.com\/tr\/wp-json\/wp\/v2\/pages\/879"}],"wp:featuredmedia":[{"embeddable":true,"href":"https:\/\/vibemco.com\/tr\/wp-json\/wp\/v2\/media\/903"}],"wp:attachment":[{"href":"https:\/\/vibemco.com\/tr\/wp-json\/wp\/v2\/media?parent=579"}],"wp:term":[{"taxonomy":"category","embeddable":true,"href":"https:\/\/vibemco.com\/tr\/wp-json\/wp\/v2\/categories?post=579"}],"curies":[{"name":"wp","href":"https:\/\/api.w.org\/{rel}","templated":true}]}}