{"id":580,"date":"2016-05-12T13:00:28","date_gmt":"2016-05-12T13:00:28","guid":{"rendered":"http:\/\/test.kriesi.at\/enfold-gym\/?post_type=portfolio&#038;p=580"},"modified":"2024-05-30T21:28:38","modified_gmt":"2024-05-30T18:28:38","slug":"monofaze-izolasyon-trafosu","status":"publish","type":"page","link":"https:\/\/vibemco.com\/tr\/urunler\/enerji\/izolasyon-transformatorleri\/monofaze-izolasyon-trafosu\/","title":{"rendered":"Monofaze \u0130zolasyon Transformat\u00f6r\u00fc"},"content":{"rendered":"<div id='av_section_1'  class='avia-section av-kx2sc-869649d9a9ae1e0b74a4d2d66bafa448 main_color avia-section-default avia-no-border-styling  avia-builder-el-0  el_before_av_section  avia-builder-el-first  avia-bg-style-scroll container_wrap sidebar_right'  ><div class='container av-section-cont-open' ><main  role=\"main\" itemprop=\"mainContentOfPage\"  class='template-page content  av-content-small alpha units'><div class='post-entry post-entry-type-page post-entry-580'><div class='entry-content-wrapper clearfix'>\n\n<style type=\"text\/css\" data-created_by=\"avia_inline_auto\" id=\"style-css-av-lvoav7g5-0c851261ae167cb215e9c3a704868fa0\">\n#top .av-special-heading.av-lvoav7g5-0c851261ae167cb215e9c3a704868fa0{\npadding-bottom:10px;\nfont-size:72px;\n}\nbody .av-special-heading.av-lvoav7g5-0c851261ae167cb215e9c3a704868fa0 .av-special-heading-tag .heading-char{\nfont-size:25px;\n}\n#top #wrap_all .av-special-heading.av-lvoav7g5-0c851261ae167cb215e9c3a704868fa0 .av-special-heading-tag{\nfont-size:72px;\n}\n.av-special-heading.av-lvoav7g5-0c851261ae167cb215e9c3a704868fa0 .av-subheading{\nfont-size:15px;\n}\n\n@media only screen and (min-width: 480px) and (max-width: 767px){ \n#top #wrap_all .av-special-heading.av-lvoav7g5-0c851261ae167cb215e9c3a704868fa0 .av-special-heading-tag{\nfont-size:0.8em;\n}\n}\n\n@media only screen and (max-width: 479px){ \n#top #wrap_all .av-special-heading.av-lvoav7g5-0c851261ae167cb215e9c3a704868fa0 .av-special-heading-tag{\nfont-size:0.8em;\n}\n}\n<\/style>\n<div  class='av-special-heading av-lvoav7g5-0c851261ae167cb215e9c3a704868fa0 av-special-heading-h1 blockquote modern-quote  avia-builder-el-1  el_before_av_one_half  avia-builder-el-first  av-thin-font av-inherit-size'><h1 class='av-special-heading-tag'  itemprop=\"headline\"  >Monofaze \u0130zolasyon Trafosu<strong>.<\/strong><\/h1><div class=\"special-heading-border\"><div class=\"special-heading-inner-border\"><\/div><\/div><\/div>\n<div  class='flex_column av-1reus-d335e272163ed30772a4399c52599181 av_one_half  avia-builder-el-2  el_after_av_heading  el_before_av_one_half  first flex_column_div av-animated-generic left-to-right  '     ><section  class='av_textblock_section av-lvoay2ad-e3c8203dd52850ba01e3ab8675aba86d '   itemscope=\"itemscope\" itemtype=\"https:\/\/schema.org\/CreativeWork\" ><div class='avia_textblock'  itemprop=\"text\" ><blockquote>\n<p>\u0130zolasyon trafolar\u0131 iki devre veya sistem aras\u0131nda tam elektrik yal\u0131t\u0131m\u0131 sa\u011flar. Bu, voltajda herhangi bir dalgalanma olmadan temiz, tutarl\u0131 g\u00fc\u00e7 sa\u011flayarak en y\u00fcksek d\u00fczeyde g\u00fcvenlik ve g\u00fcvenilirli\u011fin sa\u011flanmas\u0131na yard\u0131mc\u0131 olur. Ayr\u0131ca izolasyon trafolar\u0131, elektriksel g\u00fcr\u00fclt\u00fc veya dalgalanmalar\u0131n neden oldu\u011fu potansiyel hasara kar\u015f\u0131 korumaya, g\u00fcr\u00fclt\u00fc bozulmas\u0131n\u0131 azaltmaya, harmonik bozulmay\u0131 d\u00fczeltmeye ve topraklama ar\u0131zas\u0131n\u0131 \u00f6nlemeye de yard\u0131mc\u0131 olabilir.<br \/>\n<em>EN-60742, CE&#8217;ye uygun \u00fcretim<\/em><\/p>\n<\/blockquote>\n<\/div><\/section><br \/>\n\n<style type=\"text\/css\" data-created_by=\"avia_inline_auto\" id=\"style-css-av-lvwwolt9-c410c2cc5f43b22406a2c5dae6fd786c\">\n#top .hr.hr-invisible.av-lvwwolt9-c410c2cc5f43b22406a2c5dae6fd786c{\nheight:25px;\n}\n<\/style>\n<div  class='hr av-lvwwolt9-c410c2cc5f43b22406a2c5dae6fd786c hr-invisible  avia-builder-el-4  el_after_av_textblock  el_before_av_textblock '><span class='hr-inner '><span class=\"hr-inner-style\"><\/span><\/span><\/div><br \/>\n<section  class='av_textblock_section av-lvobb7vi-773910a528aea1269a734ef8905e85c5 '   itemscope=\"itemscope\" itemtype=\"https:\/\/schema.org\/CreativeWork\" ><div class='avia_textblock'  itemprop=\"text\" ><p><strong>Genel \u00d6zellikler :<\/strong><\/p>\n<ul>\n<li>B \/ F izolasyon s\u0131n\u0131f\u0131<\/li>\n<li>\u0130zolasyon seviyesi 1 kV<\/li>\n<li>Kalite g\u00fcvence sistemi ISO9001<\/li>\n<li>Input 230V + \/-5%\u00a0 ve\/ veya \u00a0400V + \/- 5%<\/li>\n<li>\u00c7\u0131k\u0131\u015f voltaj\u0131; istenilen de\u011ferde 500V ye kadar<\/li>\n<li>Frekans 50 Hz \/ 60 Hz<\/li>\n<\/ul>\n<p><strong>UYGULAMALAR<\/strong><\/p>\n<ul>\n<li>Ayd\u0131nlatma<\/li>\n<li>Otomasyon<\/li>\n<li>Demir \u00e7elik<\/li>\n<li>Makine<\/li>\n<li>Robotik<\/li>\n<li>Denizcilik<\/li>\n<li>Asans\u00f6r<\/li>\n<\/ul>\n<\/div><\/section><\/p><\/div><div  class='flex_column av-bv4zo-17e16b6cc571f186ef10704bc990d390 av_one_half  avia-builder-el-6  el_after_av_one_half  avia-builder-el-last  flex_column_div av-animated-generic right-to-left  '     ><style type=\"text\/css\" data-created_by=\"avia_inline_auto\" id=\"style-css-av-a382c-5e774b303cceda1940ecd8dde12ac94e\">\n.avia-image-container.av-a382c-5e774b303cceda1940ecd8dde12ac94e img.avia_image{\nbox-shadow:none;\n}\n.avia-image-container.av-a382c-5e774b303cceda1940ecd8dde12ac94e .av-image-caption-overlay-center{\ncolor:#ffffff;\n}\n<\/style>\n<div  class='avia-image-container av-a382c-5e774b303cceda1940ecd8dde12ac94e av-styling- avia-align-center  avia-builder-el-7  avia-builder-el-no-sibling '   itemprop=\"image\" itemscope=\"itemscope\" itemtype=\"https:\/\/schema.org\/ImageObject\" ><div class=\"avia-image-container-inner\"><div class=\"avia-image-overlay-wrap\"><img decoding=\"async\" fetchpriority=\"high\" class='wp-image-950 avia-img-lazy-loading-not-950 avia_image ' src=\"https:\/\/vibemco.com\/tr\/wp-content\/uploads\/2024\/05\/Monafaze-Izolasyon-Trafolari-1.png\" alt='' title='Monafaze Izolasyon Trafolari'  height=\"1000\" width=\"1000\"  itemprop=\"thumbnailUrl\" srcset=\"https:\/\/vibemco.com\/tr\/wp-content\/uploads\/2024\/05\/Monafaze-Izolasyon-Trafolari-1.png 1000w, https:\/\/vibemco.com\/tr\/wp-content\/uploads\/2024\/05\/Monafaze-Izolasyon-Trafolari-1-300x300.png 300w, https:\/\/vibemco.com\/tr\/wp-content\/uploads\/2024\/05\/Monafaze-Izolasyon-Trafolari-1-80x80.png 80w, https:\/\/vibemco.com\/tr\/wp-content\/uploads\/2024\/05\/Monafaze-Izolasyon-Trafolari-1-768x768.png 768w, https:\/\/vibemco.com\/tr\/wp-content\/uploads\/2024\/05\/Monafaze-Izolasyon-Trafolari-1-36x36.png 36w, https:\/\/vibemco.com\/tr\/wp-content\/uploads\/2024\/05\/Monafaze-Izolasyon-Trafolari-1-180x180.png 180w, https:\/\/vibemco.com\/tr\/wp-content\/uploads\/2024\/05\/Monafaze-Izolasyon-Trafolari-1-705x705.png 705w\" sizes=\"(max-width: 1000px) 100vw, 1000px\" \/><\/div><\/div><\/div><\/div><\/div><\/div><\/main><!-- close content main element --><\/div><\/div>\n<style type=\"text\/css\" data-created_by=\"avia_inline_auto\" id=\"style-css-av-3ft25g-40e0c0107583dd750b48716fc4750d0e\">\n.avia-section.av-3ft25g-40e0c0107583dd750b48716fc4750d0e{\nbackground-color:#ffffff;\nbackground-image:url(https:\/\/vibemco.com\/tr\/wp-content\/uploads\/2024\/05\/bg.png);\nbackground-repeat:no-repeat;\nbackground-position:50% 50%;\nbackground-attachment:fixed;\n}\n.avia-section.av-3ft25g-40e0c0107583dd750b48716fc4750d0e .av-section-color-overlay{\nopacity:0.7;\nbackground-color:#0a0a0a;\n}\n<\/style>\n<div id='av_section_2'  class='avia-section av-3ft25g-40e0c0107583dd750b48716fc4750d0e alternate_color avia-section-huge avia-no-border-styling  avia-builder-el-8  el_after_av_section  avia-builder-el-last  avia-full-stretch avia-bg-style-fixed av-section-color-overlay-active container_wrap sidebar_right'  data-section-bg-repeat='stretch'><div class=\"av-section-color-overlay-wrap\"><div class=\"av-section-color-overlay\"><\/div><div class='container av-section-cont-open' ><div class='template-page content  av-content-small alpha units'><div class='post-entry post-entry-type-page post-entry-580'><div class='entry-content-wrapper clearfix'>\n\n<style type=\"text\/css\" data-created_by=\"avia_inline_auto\" id=\"style-css-av-lw0dg428-3f42286411141e7ed370005e9a457788\">\n#top .av-special-heading.av-lw0dg428-3f42286411141e7ed370005e9a457788{\npadding-bottom:20px;\nfont-size:50px;\n}\nbody .av-special-heading.av-lw0dg428-3f42286411141e7ed370005e9a457788 .av-special-heading-tag .heading-char{\nfont-size:25px;\n}\n#top #wrap_all .av-special-heading.av-lw0dg428-3f42286411141e7ed370005e9a457788 .av-special-heading-tag{\nfont-size:50px;\n}\n.av-special-heading.av-lw0dg428-3f42286411141e7ed370005e9a457788 .av-subheading{\nfont-size:15px;\n}\n\n@media only screen and (min-width: 480px) and (max-width: 767px){ \n#top #wrap_all .av-special-heading.av-lw0dg428-3f42286411141e7ed370005e9a457788 .av-special-heading-tag{\nfont-size:0.8em;\n}\n}\n\n@media only screen and (max-width: 479px){ \n#top #wrap_all .av-special-heading.av-lw0dg428-3f42286411141e7ed370005e9a457788 .av-special-heading-tag{\nfont-size:0.8em;\n}\n}\n<\/style>\n<div  class='av-special-heading av-lw0dg428-3f42286411141e7ed370005e9a457788 av-special-heading-h1 blockquote modern-quote modern-centered  avia-builder-el-9  el_before_av_one_full  avia-builder-el-first  av-thin-font av-inherit-size'><h1 class='av-special-heading-tag'  itemprop=\"headline\"  >\u00dcr\u00fcn Katalo\u011fumuzu \u0130nceley\u0130n<strong>.<\/strong><\/h1><div class=\"special-heading-border\"><div class=\"special-heading-inner-border\"><\/div><\/div><\/div>\n\n<style type=\"text\/css\" data-created_by=\"avia_inline_auto\" id=\"style-css-av-37yxik-fb73b54337e154dee45d92808c9bb60a\">\n.flex_column.av-37yxik-fb73b54337e154dee45d92808c9bb60a{\nborder-radius:0px 0px 0px 0px;\npadding:0px 0px 0px 0px;\n}\n<\/style>\n<div  class='flex_column av-37yxik-fb73b54337e154dee45d92808c9bb60a av_one_full  avia-builder-el-10  el_after_av_heading  el_before_av_hr  first flex_column_div av-zero-column-padding  '     ><div  class='avia-logo-element-container av-b8zx8-095caf463d7701c0c55d9697b77604fd av-border-deactivate avia-logo-slider avia-content-slider avia-smallarrow-slider avia-content-slider-active noHover avia-content-slider-odd  avia-builder-el-11  avia-builder-el-no-sibling  av-slideshow-ui av-control-default av-nav-arrows-visible av-nav-dots-visible av-no-slider-navigation av-slideshow-autoplay av-loop-endless av-loop-manual-endless avia-content-slider1' data-slideshow-options=\"{&quot;animation&quot;:&quot;slide&quot;,&quot;autoplay&quot;:true,&quot;loop_autoplay&quot;:&quot;endless&quot;,&quot;interval&quot;:2,&quot;loop_manual&quot;:&quot;manual-endless&quot;,&quot;autoplay_stopper&quot;:false,&quot;noNavigation&quot;:false,&quot;bg_slider&quot;:false,&quot;keep_padding&quot;:&quot;&quot;,&quot;hoverpause&quot;:false,&quot;show_slide_delay&quot;:0}\"><div class='avia-smallarrow-slider-heading  no-logo-slider-heading '><div class='new-special-heading'>&nbsp;<\/div><div class='avia-slideshow-arrows avia-slideshow-controls' ><a href='#prev' class='prev-slide ' aria-hidden='true' data-av_icon='\ue87c' data-av_iconfont='entypo-fontello'  tabindex='-1'>Previous<\/a><a href='#next' class='next-slide ' aria-hidden='true' data-av_icon='\ue87d' data-av_iconfont='entypo-fontello'  tabindex='-1'>Next<\/a><\/div><\/div><div class=\"avia-content-slider-inner\"><div class=\"slide-entry-wrap\"><div  class='slide-entry av-2v6y3o-1761365f18e4692c876032c545acad5a flex_column no_margin av_one_fifth real-thumbnail post-entry slide-entry-overview slide-loop-1 slide-parity-odd  first'><span class='av-partner-fake-img' style='padding-bottom:100%; background-image:url(https:\/\/vibemco.com\/tr\/wp-content\/uploads\/2024\/05\/Monafaze-Izolasyon-Trafolari-1-300x300.png);'><\/span><\/div><div  class='slide-entry av-2rdhss-3e68dca8c4f7719689c09f29e9b9652d flex_column no_margin av_one_fifth real-thumbnail post-entry slide-entry-overview slide-loop-2 slide-parity-even  '><span class='av-partner-fake-img' style='padding-bottom:100%; background-image:url(https:\/\/vibemco.com\/tr\/wp-content\/uploads\/2024\/05\/Trifaze-harmonik-filtre-300x300.png);'><\/span><\/div><div  class='slide-entry av-2kg4y4-9ddbcc6c55360a594d3e8e4ebce90d8d flex_column no_margin av_one_fifth real-thumbnail post-entry slide-entry-overview slide-loop-3 slide-parity-odd  '><span class='av-partner-fake-img' style='padding-bottom:100%; background-image:url(https:\/\/vibemco.com\/tr\/wp-content\/uploads\/2024\/05\/Voltage-2-300x300.png);'><\/span><\/div><div  class='slide-entry av-2e7lm4-3ba5022680b193dc3a94ce708c900670 flex_column no_margin av_one_fifth real-thumbnail post-entry slide-entry-overview slide-loop-4 slide-parity-even  '><span class='av-partner-fake-img' style='padding-bottom:100%; background-image:url(https:\/\/vibemco.com\/tr\/wp-content\/uploads\/2024\/05\/Trifaze-Izolasyon-Trafosu-300x300.png);'><\/span><\/div><div  class='slide-entry av-7ynw4-2c9e90a4c109c646687b5f99c7633d16 flex_column no_margin av_one_fifth real-thumbnail post-entry slide-entry-overview slide-loop-5 slide-parity-odd  '><span class='av-partner-fake-img' style='padding-bottom:100%; background-image:url(https:\/\/vibemco.com\/tr\/wp-content\/uploads\/2024\/05\/Voltage-1-300x300.png);'><\/span><\/div><\/div><div class=\"slide-entry-wrap\"><div  class='slide-entry av-226rto-b01cf5062c882e2b461d888cdea7f027 flex_column no_margin av_one_fifth real-thumbnail post-entry slide-entry-overview slide-loop-6 slide-parity-odd  first'><span class='av-partner-fake-img' style='padding-bottom:100%; background-image:url(https:\/\/vibemco.com\/tr\/wp-content\/uploads\/2024\/05\/MOTOR-SURUCU-300x300.png);'><\/span><\/div><div  class='slide-entry av-6sdik-fd97bd08a28918b7b56e9f1d25861feb flex_column no_margin av_one_fifth real-thumbnail post-entry slide-entry-overview slide-loop-7 slide-parity-even  '><span class='av-partner-fake-img' style='padding-bottom:100%; background-image:url(https:\/\/vibemco.com\/tr\/wp-content\/uploads\/2024\/05\/Regulator-300x300.png);'><\/span><\/div><div  class='slide-entry av-63yno-18f8dc6cfb4d4095f23f746664993445 flex_column no_margin av_one_fifth real-thumbnail post-entry slide-entry-overview slide-loop-8 slide-parity-odd  '><span class='av-partner-fake-img' style='padding-bottom:100%; background-image:url(https:\/\/vibemco.com\/tr\/wp-content\/uploads\/2024\/05\/REDRESOR-300x300.png);'><\/span><\/div><div  class='slide-entry av-1leckc-6da39c636647914915d8574581e47fe2 flex_column no_margin av_one_fifth real-thumbnail post-entry slide-entry-overview slide-loop-9 slide-parity-even  '><span class='av-partner-fake-img' style='padding-bottom:100%; background-image:url(https:\/\/vibemco.com\/tr\/wp-content\/uploads\/2024\/05\/Power-Supply-300x300.png);'><\/span><\/div><div  class='slide-entry av-1gauus-0badd3ab4d71002e23bec97b23fb049e flex_column no_margin av_one_fifth real-thumbnail post-entry slide-entry-overview slide-loop-10 slide-parity-odd  '><span class='av-partner-fake-img' style='padding-bottom:100%; background-image:url(https:\/\/vibemco.com\/tr\/wp-content\/uploads\/2024\/05\/OTO-TRAFO-300x300.png);'><\/span><\/div><\/div><div class=\"slide-entry-wrap\"><div  class='slide-entry av-1a0fmc-50873bb2c1faaf6eeb85407e7162a813 flex_column no_margin av_one_fifth real-thumbnail post-entry slide-entry-overview slide-loop-11 slide-parity-odd  first'><span class='av-partner-fake-img' style='padding-bottom:100%; background-image:url(https:\/\/vibemco.com\/tr\/wp-content\/uploads\/2024\/05\/MEDIKAL-TRAFO-300x300.png);'><\/span><\/div><div  class='slide-entry av-3nf5o-ca705b050354c116c8a1e6ec5ea96b52 flex_column no_margin av_one_fifth real-thumbnail post-entry slide-entry-overview slide-loop-12 slide-parity-even  '><span class='av-partner-fake-img' style='padding-bottom:100%; background-image:url(https:\/\/vibemco.com\/tr\/wp-content\/uploads\/2024\/05\/Invertor-300x300.png);'><\/span><\/div><div  class='slide-entry av-vtswk-032d5a94f6f51e2d03b2e6d44987c637 flex_column no_margin av_one_fifth real-thumbnail post-entry slide-entry-overview slide-loop-13 slide-parity-odd  '><span class='av-partner-fake-img' style='padding-bottom:100%; background-image:url(https:\/\/vibemco.com\/tr\/wp-content\/uploads\/2024\/05\/HAT-REAKTOR-300x300.png);'><\/span><\/div><div  class='slide-entry av-thydw-1c7417932e463254484b454c399e836c flex_column no_margin av_one_fifth real-thumbnail post-entry slide-entry-overview slide-loop-14 slide-parity-even  '><span class='av-partner-fake-img' style='padding-bottom:100%; background-image:url(https:\/\/vibemco.com\/tr\/wp-content\/uploads\/2024\/05\/Frenleme-Direnci-2-300x300.png);'><\/span><\/div><div  class='slide-entry av-jz0pg-33fda9b1fffeba330503038f2848a2d8 flex_column no_margin av_one_fifth real-thumbnail post-entry slide-entry-overview slide-loop-15 slide-parity-odd post-entry-last '><span class='av-partner-fake-img' style='padding-bottom:100%; background-image:url(https:\/\/vibemco.com\/tr\/wp-content\/uploads\/2024\/05\/AKIM-TRAFO-300x300.png);'><\/span><\/div><\/div><\/div><\/div><\/div>\n<style type=\"text\/css\" data-created_by=\"avia_inline_auto\" id=\"style-css-av-ehjws-d75272d2c3ff3c9db3cc6ff0a836b413\">\n#top .hr.hr-invisible.av-ehjws-d75272d2c3ff3c9db3cc6ff0a836b413{\nheight:50px;\n}\n<\/style>\n<div  class='hr av-ehjws-d75272d2c3ff3c9db3cc6ff0a836b413 hr-invisible  avia-builder-el-12  el_after_av_one_full  el_before_av_button '><span class='hr-inner '><span class=\"hr-inner-style\"><\/span><\/span><\/div>\n<div  class='avia-button-wrap av-9b1ek-c2eaa1123d10908d49d9cf5c41bd743b-wrap avia-button-center  avia-builder-el-13  el_after_av_hr  avia-builder-el-last '><a href='https:\/\/vibemco.com\/wp-content\/uploads\/2024\/05\/VIBEMCO-PRODUCT-CATALOGUE-2024-.pdf'  class='avia-button av-9b1ek-c2eaa1123d10908d49d9cf5c41bd743b av-download-btn noLightbox avia-icon_select-yes-right-icon avia-size-large avia-position-center av-icon-on-hover avia-color-light' download ><span class='avia_iconbox_title' >Katalo\u011fu \u0130ndir<\/span><span class='avia_button_icon avia_button_icon_right' aria-hidden='true' data-av_icon='\ue879' data-av_iconfont='entypo-fontello'><\/span><\/a><\/div>\n<\/div><\/div><\/div><!-- close content main div --><\/div><\/div><\/div><div id='after_section_2'  class='main_color av_default_container_wrap container_wrap sidebar_right'  ><div class='container av-section-cont-open' ><div class='template-page content  av-content-small alpha units'><div class='post-entry post-entry-type-page post-entry-580'><div class='entry-content-wrapper clearfix'><\/p>\n","protected":false},"excerpt":{"rendered":"<p>Aenean leo ligula, porttitor eu, consequat vitae, eleifend ac, enim. Aliquam loapi. <\/p>\n","protected":false},"author":1,"featured_media":950,"parent":879,"menu_order":2,"comment_status":"closed","ping_status":"closed","template":"","meta":{"footnotes":""},"categories":[28,33,3],"class_list":["post-580","page","type-page","status-publish","has-post-thumbnail","hentry","category-enerji","category-izolasyon-transformatorleri","category-urunler"],"aioseo_notices":[],"_links":{"self":[{"href":"https:\/\/vibemco.com\/tr\/wp-json\/wp\/v2\/pages\/580","targetHints":{"allow":["GET"]}}],"collection":[{"href":"https:\/\/vibemco.com\/tr\/wp-json\/wp\/v2\/pages"}],"about":[{"href":"https:\/\/vibemco.com\/tr\/wp-json\/wp\/v2\/types\/page"}],"author":[{"embeddable":true,"href":"https:\/\/vibemco.com\/tr\/wp-json\/wp\/v2\/users\/1"}],"replies":[{"embeddable":true,"href":"https:\/\/vibemco.com\/tr\/wp-json\/wp\/v2\/comments?post=580"}],"version-history":[{"count":15,"href":"https:\/\/vibemco.com\/tr\/wp-json\/wp\/v2\/pages\/580\/revisions"}],"predecessor-version":[{"id":1344,"href":"https:\/\/vibemco.com\/tr\/wp-json\/wp\/v2\/pages\/580\/revisions\/1344"}],"up":[{"embeddable":true,"href":"https:\/\/vibemco.com\/tr\/wp-json\/wp\/v2\/pages\/879"}],"wp:featuredmedia":[{"embeddable":true,"href":"https:\/\/vibemco.com\/tr\/wp-json\/wp\/v2\/media\/950"}],"wp:attachment":[{"href":"https:\/\/vibemco.com\/tr\/wp-json\/wp\/v2\/media?parent=580"}],"wp:term":[{"taxonomy":"category","embeddable":true,"href":"https:\/\/vibemco.com\/tr\/wp-json\/wp\/v2\/categories?post=580"}],"curies":[{"name":"wp","href":"https:\/\/api.w.org\/{rel}","templated":true}]}}